{"id":6896,"date":"2019-04-20T18:10:39","date_gmt":"2019-04-20T16:10:39","guid":{"rendered":"https:\/\/dadade.eu\/?post_type=product&#038;p=6896"},"modified":"2023-02-19T18:35:07","modified_gmt":"2023-02-19T17:35:07","slug":"rollmassband-flamingo-der-klemmschutz-h620","status":"publish","type":"product","link":"https:\/\/dadade.eu\/?product=rollmassband-flamingo-der-klemmschutz-h620","title":{"rendered":"Rollma\u00dfband Flamingo  (H620)"},"content":{"rendered":"<p><img fetchpriority=\"high\" decoding=\"async\" class=\"alignnone size-medium wp-image-6904\" src=\"https:\/\/dadade.eu\/wp-content\/uploads\/2023\/01\/xMassband-Flamingo-Kopie11-300x225.jpg\" alt=\"\" width=\"300\" height=\"225\" srcset=\"https:\/\/dadade.eu\/wp-content\/uploads\/2023\/01\/xMassband-Flamingo-Kopie11-300x225.jpg 300w, https:\/\/dadade.eu\/wp-content\/uploads\/2023\/01\/xMassband-Flamingo-Kopie11-600x450.jpg 600w, https:\/\/dadade.eu\/wp-content\/uploads\/2023\/01\/xMassband-Flamingo-Kopie11-64x48.jpg 64w, https:\/\/dadade.eu\/wp-content\/uploads\/2023\/01\/xMassband-Flamingo-Kopie11-1024x768.jpg 1024w, https:\/\/dadade.eu\/wp-content\/uploads\/2023\/01\/xMassband-Flamingo-Kopie11-768x576.jpg 768w, https:\/\/dadade.eu\/wp-content\/uploads\/2023\/01\/xMassband-Flamingo-Kopie11.jpg 1400w\" sizes=\"(max-width: 300px) 100vw, 300px\" \/><\/p>\n<p>Die Anleitung ist f\u00fcr Anf\u00e4nger geeignet.<\/p>\n<p>Die Anleitung ist ausf\u00fchrlich mit vielen Bildern hinterlegt<\/p>\n<p>und wird auf 14 Seiten Schritt-f\u00fcr-Schritt beschrieben!<\/p>\n<p>mehr Bilder von Haus und Deko<\/p>\n<p><a href=\"https:\/\/dadade.eu\/?p=6620\">KLICKE HIER<\/a><\/p>\n<p>&nbsp;<\/p>\n<p>&nbsp;<\/p>\n<p>&nbsp;<\/p>\n","protected":false},"excerpt":{"rendered":"<div id=\"cc-m-13954443088\" class=\"j-module n j-text \">\n<p>Sie kaufen hier die H\u00e4kelanleitung f\u00fcr diese Stylische Ma\u00dfband,<\/p>\n<p>ein absolutes Muss f\u00fcr alle Bastel-Freunde, ob f\u00fcr Muttertag, einen Geburtstag,<\/p>\n<p>oder einfach als Mitbringsel.<\/p>\n<p>Einen Meter braucht jeder, immer und \u00fcberall.<\/p>\n<p>Dieses Geschenk, das nicht nur Handarbeits-Herzen h\u00f6her schlagen l\u00e4sst,<\/p>\n<p>ist schnell geh\u00e4kelt und eignet sich hervorragend f\u00fcr Wollreste.<\/p>\n<p>Mit ca 20gr Baumwolle 100gr\/560m, und mit der Nadelst\u00e4rke 2 geh\u00e4kelt, wird der Flamingo im Sitzen ungef\u00e4hr; 12 cm breit und 14 cm hoch<\/p>\n<p>Beim Kauf ab 3 Praktischen Helfer, im Warenkorb einfach den Gutschein-Code <span style=\"color: #ff0000;\"><strong>Praktische Helfer <\/strong><span style=\"color: #000000;\">eingeben und schon bekommt ihr 20% Mengenrabatt auf die Praktischen Helfer.<\/span><\/span><\/p>\n<\/div>\n","protected":false},"featured_media":6897,"template":"","meta":[],"product_brand":[],"product_cat":[56,48,387,385],"product_tag":[90,242,329,334,87,335,94,93,333,181,328,280,332,331,195,327,326,105,330,95,96],"class_list":{"0":"post-6896","1":"product","2":"type-product","3":"status-publish","4":"has-post-thumbnail","6":"product_cat-2einfach","7":"product_cat-haus-deko","8":"product_cat-muttertag","9":"product_cat-praktische-helfer","10":"product_tag-amigurumi","11":"product_tag-dekoration-haekeln","12":"product_tag-flamingo","13":"product_tag-geburtstag","14":"product_tag-geschenk","15":"product_tag-geschenkidee-haekeln","16":"product_tag-haekelanleitung","17":"product_tag-haekeln","18":"product_tag-handarbeitszubehoer","19":"product_tag-lustig","20":"product_tag-massband","21":"product_tag-muttertag","22":"product_tag-naehen","23":"product_tag-naehzubehoer","24":"product_tag-praesent","25":"product_tag-rollmassband","26":"product_tag-schneidermassband","27":"product_tag-vogel","28":"product_tag-witziges-geschenk","29":"product_tag-wolle","30":"product_tag-wollreste","32":"first","33":"instock","34":"downloadable","35":"shipping-taxable","36":"purchasable","37":"product-type-simple"},"_links":{"self":[{"href":"https:\/\/dadade.eu\/index.php?rest_route=\/wp\/v2\/product\/6896","targetHints":{"allow":["GET"]}}],"collection":[{"href":"https:\/\/dadade.eu\/index.php?rest_route=\/wp\/v2\/product"}],"about":[{"href":"https:\/\/dadade.eu\/index.php?rest_route=\/wp\/v2\/types\/product"}],"wp:featuredmedia":[{"embeddable":true,"href":"https:\/\/dadade.eu\/index.php?rest_route=\/wp\/v2\/media\/6897"}],"wp:attachment":[{"href":"https:\/\/dadade.eu\/index.php?rest_route=%2Fwp%2Fv2%2Fmedia&parent=6896"}],"wp:term":[{"taxonomy":"product_brand","embeddable":true,"href":"https:\/\/dadade.eu\/index.php?rest_route=%2Fwp%2Fv2%2Fproduct_brand&post=6896"},{"taxonomy":"product_cat","embeddable":true,"href":"https:\/\/dadade.eu\/index.php?rest_route=%2Fwp%2Fv2%2Fproduct_cat&post=6896"},{"taxonomy":"product_tag","embeddable":true,"href":"https:\/\/dadade.eu\/index.php?rest_route=%2Fwp%2Fv2%2Fproduct_tag&post=6896"}],"curies":[{"name":"wp","href":"https:\/\/api.w.org\/{rel}","templated":true}]}}