{"id":6884,"date":"2020-06-20T17:48:10","date_gmt":"2020-06-20T15:48:10","guid":{"rendered":"https:\/\/dadade.eu\/?post_type=product&#038;p=6884"},"modified":"2025-05-14T13:17:29","modified_gmt":"2025-05-14T11:17:29","slug":"tuerstopper-giraffe-der-klemmschutz-h603","status":"publish","type":"product","link":"https:\/\/dadade.eu\/?product=tuerstopper-giraffe-der-klemmschutz-h603","title":{"rendered":"T\u00fcrstopper Giraffe, der Klemmschutz (H603)"},"content":{"rendered":"<p>Die Anleitung ist f\u00fcr Anf\u00e4nger geeignet.<\/p>\n<p>Die Anleitung ist\u00a0 ausf\u00fchrlich mit vielen Bildern hinterlegt und wird auf ca 15 Seiten Schritt-f\u00fcr-Schritt beschrieben!<\/p>\n<p>Die T\u00fcrstopper-Tiere kann man auch in meine Kr\u00e4nze h\u00e4ngen<\/p>\n<p>mehr Bilder von Haus und Deko<\/p>\n<p><strong><a href=\"https:\/\/dadade.eu\/?p=6620\">KLICKE HIER<\/a><\/strong><\/p>\n<p>&nbsp;<\/p>\n<p>&nbsp;<\/p>\n<p>&nbsp;<\/p>\n","protected":false},"excerpt":{"rendered":"<div id=\"cc-m-13954443088\" class=\"j-module n j-text \">\n<p>Hier kauft man nur die H\u00e4kelanleitung f\u00fcr diesen tierischen T\u00fcrstopper.<\/p>\n<p>Die Giraffe h\u00e4ngt als Fingerklemmschutz \u00fcber der T\u00fcr, und passt auf dass die T\u00fcr nicht mit einem lauten Knall zuf\u00e4llt.<\/p>\n<p>Die Giraffe sieht nicht nur s\u00fc\u00df aus, h\u00e4ngt sie an der T\u00fcr bedeutet das eine Sorge weniger, denn es sch\u00fctzt die Kleinen vor Verletzungen.<\/p>\n<p>Er ist ein Unikat, ein absolutes Muss f\u00fcr alle Handarbeits-Freunde,<\/p>\n<p>Ein besonderes Geschenk, ob f\u00fcr Muttertag, einen Geburtstag, oder einfach als Mitbringsel.<\/p>\n<p>Diese praktischen, tierischen Freunde sind \u00fcberall herzlich Willkommen,<\/p>\n<p>Dieser T\u00fcrstopper ist mit der Nadelst\u00e4rke 3 geh\u00e4kelt, aber auch mit weicher Chenille-Wolle ist er der absolute Hit.<\/p>\n<p>Beim Kauf ab 3 Praktischen Helfer, im Warenkorb einfach den Gutschein-Code\u00a0<strong><span style=\"color: #ff0000;\">Praktische Helfer<\/span>\u00a0<\/strong>eingeben und schon bekommt ihr 20% Mengenrabatt auf die Praktischen Helfer.<\/p>\n<\/div>\n","protected":false},"featured_media":6889,"template":"","meta":[],"product_brand":[],"product_cat":[55,48,385],"product_tag":[90,242,322,87,205,207,94,93,194,92,201,321,181,195,320,95,96],"class_list":{"0":"post-6884","1":"product","2":"type-product","3":"status-publish","4":"has-post-thumbnail","6":"product_cat-1sehr-einfach","7":"product_cat-haus-deko","8":"product_cat-praktische-helfer","9":"product_tag-amigurumi","10":"product_tag-dekoration-haekeln","11":"product_tag-fingerklemmschutz","12":"product_tag-geschenk","13":"product_tag-giraffe","14":"product_tag-giraffe-haekeln","15":"product_tag-haekelanleitung","16":"product_tag-haekeln","17":"product_tag-kind","18":"product_tag-kinder","19":"product_tag-kinderwagenanhaenger","20":"product_tag-klemmschutz","21":"product_tag-lustig","22":"product_tag-praesent","23":"product_tag-tuerstopper","24":"product_tag-wolle","25":"product_tag-wollreste","27":"first","28":"instock","29":"downloadable","30":"shipping-taxable","31":"purchasable","32":"product-type-simple"},"_links":{"self":[{"href":"https:\/\/dadade.eu\/index.php?rest_route=\/wp\/v2\/product\/6884","targetHints":{"allow":["GET"]}}],"collection":[{"href":"https:\/\/dadade.eu\/index.php?rest_route=\/wp\/v2\/product"}],"about":[{"href":"https:\/\/dadade.eu\/index.php?rest_route=\/wp\/v2\/types\/product"}],"wp:featuredmedia":[{"embeddable":true,"href":"https:\/\/dadade.eu\/index.php?rest_route=\/wp\/v2\/media\/6889"}],"wp:attachment":[{"href":"https:\/\/dadade.eu\/index.php?rest_route=%2Fwp%2Fv2%2Fmedia&parent=6884"}],"wp:term":[{"taxonomy":"product_brand","embeddable":true,"href":"https:\/\/dadade.eu\/index.php?rest_route=%2Fwp%2Fv2%2Fproduct_brand&post=6884"},{"taxonomy":"product_cat","embeddable":true,"href":"https:\/\/dadade.eu\/index.php?rest_route=%2Fwp%2Fv2%2Fproduct_cat&post=6884"},{"taxonomy":"product_tag","embeddable":true,"href":"https:\/\/dadade.eu\/index.php?rest_route=%2Fwp%2Fv2%2Fproduct_tag&post=6884"}],"curies":[{"name":"wp","href":"https:\/\/api.w.org\/{rel}","templated":true}]}}