{"id":6808,"date":"2020-12-19T21:24:59","date_gmt":"2020-12-19T20:24:59","guid":{"rendered":"https:\/\/dadade.eu\/?post_type=product&#038;p=6808"},"modified":"2023-12-22T00:01:54","modified_gmt":"2023-12-21T23:01:54","slug":"kranz-kleeblatt-h003","status":"publish","type":"product","link":"https:\/\/dadade.eu\/?product=kranz-kleeblatt-h003","title":{"rendered":"Kranz &#8211; Kleeblatt mit Gl\u00fccksbringer (H003)"},"content":{"rendered":"<p><img decoding=\"async\" class=\"alignnone wp-image-9086\" src=\"https:\/\/dadade.eu\/wp-content\/uploads\/2023\/02\/xkissen-kleeblatt-6Gneu-300x225.jpg\" alt=\"\" width=\"255\" height=\"191\" srcset=\"https:\/\/dadade.eu\/wp-content\/uploads\/2023\/02\/xkissen-kleeblatt-6Gneu-300x225.jpg 300w, https:\/\/dadade.eu\/wp-content\/uploads\/2023\/02\/xkissen-kleeblatt-6Gneu-600x450.jpg 600w, https:\/\/dadade.eu\/wp-content\/uploads\/2023\/02\/xkissen-kleeblatt-6Gneu-64x48.jpg 64w, https:\/\/dadade.eu\/wp-content\/uploads\/2023\/02\/xkissen-kleeblatt-6Gneu-1024x768.jpg 1024w, https:\/\/dadade.eu\/wp-content\/uploads\/2023\/02\/xkissen-kleeblatt-6Gneu-768x576.jpg 768w, https:\/\/dadade.eu\/wp-content\/uploads\/2023\/02\/xkissen-kleeblatt-6Gneu.jpg 1400w\" sizes=\"(max-width: 255px) 100vw, 255px\" \/>zus\u00e4tzlich zu dem Kranz Kleeblatt gibt es auch noch ein<a href=\"https:\/\/dadade.eu\/?product=kissen-kleeblatt-kuschel-dich-ins-glueck-h154\" target=\"_blank\" rel=\"noopener\"><strong> Kissen<\/strong><\/a><\/p>\n<p>&nbsp;<\/p>\n<p>die verr\u00fcckte Idee ist, die Kr\u00e4nze mit den verschiedenen Tieren zu kombinieren.<\/p>\n<p>diese Tiere gibt es alle einzeln in meinem Shop, dort findest du auch noch viele tolle Deko-Ideen<\/p>\n<p>&nbsp;<\/p>\n<p>Die Anleitung f\u00fcr den Kleeblatt-Kranz ist ausf\u00fchrlich mit vielen Bildern hinterlegt und wird auf 9 Seiten Schritt-f\u00fcr-Schritt beschrieben!<\/p>\n<p>Die Anleitung f\u00fcr die Gl\u00fccksbringer wird auf 6 Seiten Schritt-f\u00fcr-Schritt beschrieben!<\/p>\n<p>Sie ist dadurch auch schon f\u00fcr Anf\u00e4nger geeignet.<\/p>\n<p>&nbsp;<\/p>\n<p>viele Bilder und Ideen von flei\u00dfigen Helfer und H\u00e4nden findet ihr hier<\/p>\n<p><strong><a href=\"https:\/\/dadade.eu\/?p=6679\">KLICKE HIER<\/a><\/strong><\/p>\n<p>&nbsp;<\/p>\n<p>&nbsp;<\/p>\n<p>&nbsp;<\/p>\n","protected":false},"excerpt":{"rendered":"<div id=\"cc-m-13954443088\" class=\"j-module n j-text \">\n<p>Hier kauft man nur die H\u00e4kelanleitung f\u00fcr diesen tollen Kleeblatt-Kranz, und die kleinen Gl\u00fccksbringer Pilz, Hufeisen und Marienk\u00e4fer<\/p>\n<p>Der Kranz bietet viele M\u00f6glichkeiten,<\/p>\n<ol>\n<li>als T\u00fcrkranz, nicht nur an Silvester hei\u00dft er jeden Gast herzlich willkommen.<\/li>\n<li>er ist auch als Tischdeko f\u00fcr Silvester der Mittelpunkt.<\/li>\n<li>z.B. mit Namen f\u00fcr die Kinderzimmer-T\u00fcr<\/li>\n<li>der Kranz mit einem meiner vielen Kranztiere,<\/li>\n<\/ol>\n<p>Die Tiere dienen nur zu Dekorationszwecken, die Anleitungen f\u00fcr die verschiedenen Tiere kann man auch bei mir erwerben.<\/p>\n<p><strong><a href=\"https:\/\/dadade.eu\/?p=8021\">mehr Bilder findet ihr hier<\/a><\/strong>\u00a0mit noch vielen tolle Deko-Ideen<\/p>\n<p>Lass deiner Fantasie freien Lauf, und dekorier den Kranz nach Lust und Laune.<\/p>\n<p>Ich freue mich immer auf Bilder f\u00fcr meine Seite<\/p>\n<p>&nbsp;<\/p>\n<p>Mit der Nadelst\u00e4rke 4 werden die Gl\u00fccksbringer zwischen 2 &#8211; 7cm hoch<\/p>\n<p>Mit Wolle der Nadelst\u00e4rke 4 hat der Kranz, ungef\u00e4hr einen Durchmesser von 40cm<\/p>\n<\/div>\n","protected":false},"featured_media":8028,"template":"","meta":[],"product_brand":[],"product_cat":[56,740,48,382,386,384],"product_tag":[90,242,260,87,94,93,288,289,257,256,243,244,181,195,135,287,286,285,258,259,95,96],"class_list":{"0":"post-6808","1":"product","2":"type-product","3":"status-publish","4":"has-post-thumbnail","6":"product_cat-2einfach","7":"product_cat-blumen","8":"product_cat-haus-deko","9":"product_cat-kraenze","10":"product_cat-silvester","11":"product_cat-winter-weihnachten","12":"product_tag-amigurumi","13":"product_tag-dekoration-haekeln","14":"product_tag-fruehling","15":"product_tag-geschenk","16":"product_tag-haekelanleitung","17":"product_tag-haekeln","18":"product_tag-kleebaltt","19":"product_tag-kleeblatt-haekeln","20":"product_tag-kranz","21":"product_tag-kranz-haekeln","22":"product_tag-kuschelwolle","23":"product_tag-kuschelwolle-haekeln","24":"product_tag-lustig","25":"product_tag-praesent","26":"product_tag-silvester","27":"product_tag-silvesterdekoration","28":"product_tag-silvesterkranz","29":"product_tag-silvesterkranz-haeklen","30":"product_tag-tuerkranz-haekeln","31":"product_tag-tuerkranz-ostern","32":"product_tag-wolle","33":"product_tag-wollreste","35":"first","36":"instock","37":"downloadable","38":"shipping-taxable","39":"purchasable","40":"product-type-simple"},"_links":{"self":[{"href":"https:\/\/dadade.eu\/index.php?rest_route=\/wp\/v2\/product\/6808","targetHints":{"allow":["GET"]}}],"collection":[{"href":"https:\/\/dadade.eu\/index.php?rest_route=\/wp\/v2\/product"}],"about":[{"href":"https:\/\/dadade.eu\/index.php?rest_route=\/wp\/v2\/types\/product"}],"wp:featuredmedia":[{"embeddable":true,"href":"https:\/\/dadade.eu\/index.php?rest_route=\/wp\/v2\/media\/8028"}],"wp:attachment":[{"href":"https:\/\/dadade.eu\/index.php?rest_route=%2Fwp%2Fv2%2Fmedia&parent=6808"}],"wp:term":[{"taxonomy":"product_brand","embeddable":true,"href":"https:\/\/dadade.eu\/index.php?rest_route=%2Fwp%2Fv2%2Fproduct_brand&post=6808"},{"taxonomy":"product_cat","embeddable":true,"href":"https:\/\/dadade.eu\/index.php?rest_route=%2Fwp%2Fv2%2Fproduct_cat&post=6808"},{"taxonomy":"product_tag","embeddable":true,"href":"https:\/\/dadade.eu\/index.php?rest_route=%2Fwp%2Fv2%2Fproduct_tag&post=6808"}],"curies":[{"name":"wp","href":"https:\/\/api.w.org\/{rel}","templated":true}]}}