{"id":6744,"date":"2021-04-19T18:52:44","date_gmt":"2021-04-19T16:52:44","guid":{"rendered":"https:\/\/dadade.eu\/?post_type=product&#038;p=6744"},"modified":"2023-07-21T15:55:52","modified_gmt":"2023-07-21T13:55:52","slug":"kranz-kleines-herz-h008","status":"publish","type":"product","link":"https:\/\/dadade.eu\/?product=kranz-kleines-herz-h008","title":{"rendered":"Kranz &#8211; kleines Herz mit Wichtel (H008)"},"content":{"rendered":"<p><img fetchpriority=\"high\" decoding=\"async\" class=\"alignnone size-medium wp-image-6788\" src=\"https:\/\/dadade.eu\/wp-content\/uploads\/2023\/01\/x2-Kraenze-Herz-12-Himalaya-300x225.jpg\" alt=\"\" width=\"300\" height=\"225\" srcset=\"https:\/\/dadade.eu\/wp-content\/uploads\/2023\/01\/x2-Kraenze-Herz-12-Himalaya-300x225.jpg 300w, https:\/\/dadade.eu\/wp-content\/uploads\/2023\/01\/x2-Kraenze-Herz-12-Himalaya-600x450.jpg 600w, https:\/\/dadade.eu\/wp-content\/uploads\/2023\/01\/x2-Kraenze-Herz-12-Himalaya-64x48.jpg 64w, https:\/\/dadade.eu\/wp-content\/uploads\/2023\/01\/x2-Kraenze-Herz-12-Himalaya-1024x768.jpg 1024w, https:\/\/dadade.eu\/wp-content\/uploads\/2023\/01\/x2-Kraenze-Herz-12-Himalaya-768x576.jpg 768w, https:\/\/dadade.eu\/wp-content\/uploads\/2023\/01\/x2-Kraenze-Herz-12-Himalaya.jpg 1400w\" sizes=\"(max-width: 300px) 100vw, 300px\" \/><\/p>\n<p>hier siehst du eine verr\u00fcckte Idee, das Herz gibt es in 2 verschiedenen Modellen, hier gibt es <strong><a href=\"https:\/\/dadade.eu\/?product=kranz-grosses-herz-h009\">das gro\u00dfe Herz <\/a><\/strong><a href=\"https:\/\/dadade.eu\/?product=kranz-grosses-herz-h009\">(H009)\u00a0<\/a><\/p>\n<p>&nbsp;<\/p>\n<p><img decoding=\"async\" class=\"alignnone wp-image-11901\" src=\"https:\/\/dadade.eu\/wp-content\/uploads\/2021\/04\/x2-Wichtel-4-300x225.jpg\" alt=\"\" width=\"288\" height=\"216\" srcset=\"https:\/\/dadade.eu\/wp-content\/uploads\/2021\/04\/x2-Wichtel-4-300x225.jpg 300w, https:\/\/dadade.eu\/wp-content\/uploads\/2021\/04\/x2-Wichtel-4-600x450.jpg 600w, https:\/\/dadade.eu\/wp-content\/uploads\/2021\/04\/x2-Wichtel-4-64x48.jpg 64w, https:\/\/dadade.eu\/wp-content\/uploads\/2021\/04\/x2-Wichtel-4-1024x768.jpg 1024w, https:\/\/dadade.eu\/wp-content\/uploads\/2021\/04\/x2-Wichtel-4-768x576.jpg 768w, https:\/\/dadade.eu\/wp-content\/uploads\/2021\/04\/x2-Wichtel-4.jpg 1400w\" sizes=\"(max-width: 288px) 100vw, 288px\" \/><strong><a href=\"https:\/\/dadade.eu\/?p=17122\">den s\u00fc\u00dfen Deko-Wichtel bekommt man zu dem Herz dazu-hier gibt es noch mehr Bilder<\/a><\/strong><\/p>\n<p>&nbsp;<\/p>\n<p>diese Tiere gibt es alle einzeln in meinem Shop, dort findest du auch noch viele tolle Deko-Ideen<\/p>\n<p>&nbsp;<\/p>\n<p>Die Anleitung ist jedoch ausf\u00fchrlich mit vielen Bildern hinterlegt<\/p>\n<p>und wird auf 10 Seiten (Herz), sowie auf\u00a0 9 Seiten (Wichtel) Schritt-f\u00fcr-Schritt beschrieben!<\/p>\n<p>Sie ist dadurch auch schon f\u00fcr Anf\u00e4nger geeignet.<\/p>\n<p>&nbsp;<\/p>\n<p>viele Bilder und Ideen von flei\u00dfigen Helfer und H\u00e4nden findet ihr hier<\/p>\n<p><strong><a href=\"https:\/\/dadade.eu\/?p=6679\">KLICKE HIER<\/a><\/strong><\/p>\n<p>&nbsp;<\/p>\n<p>&nbsp;<\/p>\n<p>&nbsp;<\/p>\n","protected":false},"excerpt":{"rendered":"<div id=\"cc-m-13954443088\" class=\"j-module n j-text \">\n<p>Hier kauft man nur die H\u00e4kelanleitung f\u00fcr diesen herzigen Kranz, sowie dem s\u00fc\u00dfen Deko-Wichtel.<\/p>\n<p>er bietet viele Deko-M\u00f6glichkeiten, mit Blumen, Deko oder auch mit einem kleinen Gutschein verschenken<\/p>\n<ol>\n<li>z.B. f\u00fcr Muttertag, mit einem kleinen Glas-R\u00f6hrchen kann man sogar mit einer echten Blume dekorieren.<\/li>\n<li>oder mit einem meiner Schwammtiere, zuerst als Deko in den Kranz, dann ab ins Bad- als lustiger Schwamm<\/li>\n<li>f\u00fcr eine Hochzeit, als Geschenk, oder als Dekoration, z.B. mit Namen und Taube<\/li>\n<li>am 14.Februar ist Valentin, ein Geschenk f\u00fcr alle die uns am Herzen liegen<\/li>\n<\/ol>\n<p>&nbsp;<\/p>\n<p>Die Tiere, Blumen, usw. dienen nur zu Dekorationszwecken, die Anleitungen f\u00fcr die verschiedenen Tiere kann man auch bei mir erwerben.<\/p>\n<p><strong><a href=\"https:\/\/dadade.eu\/?p=8021\">mehr Bilder findet ihr hier<\/a><\/strong>\u00a0mit noch vielen tolle Deko-Ideen<\/p>\n<p>Lass deiner Fantasie freien Lauf, und dekorier den Kranz nach Lust und Laune.<\/p>\n<p>Ich freue mich immer auf Bilder f\u00fcr meine Seite<\/p>\n<p>&nbsp;<\/p>\n<p>Mit Wolle der Nadelst\u00e4rke 4 wird das Herz, ungef\u00e4hr; 38 x 30cm<\/p>\n<p>der Wichtel wird mit der Nadelst\u00e4rke 3, ungef\u00e4hr\u00a017cm hoch im Sitzen, mit der M\u00fctze<\/p>\n<\/div>\n","protected":false},"featured_media":6745,"template":"","meta":[],"product_brand":[],"product_cat":[56,49,382,387,389],"product_tag":[90,242,260,87,94,93,277,279,278,281,257,256,243,244,181,280,195,258,274,276,275,165,509,95,96],"class_list":{"0":"post-6744","1":"product","2":"type-product","3":"status-publish","4":"has-post-thumbnail","6":"product_cat-2einfach","7":"product_cat-dekoration-mit-herz","8":"product_cat-kraenze","9":"product_cat-muttertag","10":"product_cat-valentinstag","11":"product_tag-amigurumi","12":"product_tag-dekoration-haekeln","13":"product_tag-fruehling","14":"product_tag-geschenk","15":"product_tag-haekelanleitung","16":"product_tag-haekeln","17":"product_tag-haekeln-fuer-valentin","18":"product_tag-herz","19":"product_tag-herz-haekeln","20":"product_tag-hochzeit","21":"product_tag-kranz","22":"product_tag-kranz-haekeln","23":"product_tag-kuschelwolle","24":"product_tag-kuschelwolle-haekeln","25":"product_tag-lustig","26":"product_tag-muttertag","27":"product_tag-praesent","28":"product_tag-tuerkranz-haekeln","29":"product_tag-tuerkranz-muttertag","30":"product_tag-valentin","31":"product_tag-valentinstag","32":"product_tag-wichtel","33":"product_tag-wichtel-haekel","34":"product_tag-wolle","35":"product_tag-wollreste","37":"first","38":"instock","39":"downloadable","40":"shipping-taxable","41":"purchasable","42":"product-type-simple"},"_links":{"self":[{"href":"https:\/\/dadade.eu\/index.php?rest_route=\/wp\/v2\/product\/6744","targetHints":{"allow":["GET"]}}],"collection":[{"href":"https:\/\/dadade.eu\/index.php?rest_route=\/wp\/v2\/product"}],"about":[{"href":"https:\/\/dadade.eu\/index.php?rest_route=\/wp\/v2\/types\/product"}],"wp:featuredmedia":[{"embeddable":true,"href":"https:\/\/dadade.eu\/index.php?rest_route=\/wp\/v2\/media\/6745"}],"wp:attachment":[{"href":"https:\/\/dadade.eu\/index.php?rest_route=%2Fwp%2Fv2%2Fmedia&parent=6744"}],"wp:term":[{"taxonomy":"product_brand","embeddable":true,"href":"https:\/\/dadade.eu\/index.php?rest_route=%2Fwp%2Fv2%2Fproduct_brand&post=6744"},{"taxonomy":"product_cat","embeddable":true,"href":"https:\/\/dadade.eu\/index.php?rest_route=%2Fwp%2Fv2%2Fproduct_cat&post=6744"},{"taxonomy":"product_tag","embeddable":true,"href":"https:\/\/dadade.eu\/index.php?rest_route=%2Fwp%2Fv2%2Fproduct_tag&post=6744"}],"curies":[{"name":"wp","href":"https:\/\/api.w.org\/{rel}","templated":true}]}}