{"id":6635,"date":"2020-06-19T16:19:14","date_gmt":"2020-06-19T14:19:14","guid":{"rendered":"https:\/\/dadade.eu\/?post_type=product&#038;p=6635"},"modified":"2023-02-21T23:15:31","modified_gmt":"2023-02-21T22:15:31","slug":"kissen-ente-gagag-das-kuschelkissen-h152","status":"publish","type":"product","link":"https:\/\/dadade.eu\/?product=kissen-ente-gagag-das-kuschelkissen-h152","title":{"rendered":"T\u00fcrstopper Hund, der Klemmschutz (H601)"},"content":{"rendered":"<p><img fetchpriority=\"high\" decoding=\"async\" class=\"alignnone size-medium wp-image-6895\" src=\"https:\/\/dadade.eu\/wp-content\/uploads\/2020\/06\/2022.11.15-Gerlinde-Schoisl-x314573719_2226282180886621_8146744747990666014_n-187x300.jpg\" alt=\"\" width=\"187\" height=\"300\" srcset=\"https:\/\/dadade.eu\/wp-content\/uploads\/2020\/06\/2022.11.15-Gerlinde-Schoisl-x314573719_2226282180886621_8146744747990666014_n-187x300.jpg 187w, https:\/\/dadade.eu\/wp-content\/uploads\/2020\/06\/2022.11.15-Gerlinde-Schoisl-x314573719_2226282180886621_8146744747990666014_n-600x965.jpg 600w, https:\/\/dadade.eu\/wp-content\/uploads\/2020\/06\/2022.11.15-Gerlinde-Schoisl-x314573719_2226282180886621_8146744747990666014_n-64x103.jpg 64w, https:\/\/dadade.eu\/wp-content\/uploads\/2020\/06\/2022.11.15-Gerlinde-Schoisl-x314573719_2226282180886621_8146744747990666014_n-637x1024.jpg 637w, https:\/\/dadade.eu\/wp-content\/uploads\/2020\/06\/2022.11.15-Gerlinde-Schoisl-x314573719_2226282180886621_8146744747990666014_n-768x1235.jpg 768w, https:\/\/dadade.eu\/wp-content\/uploads\/2020\/06\/2022.11.15-Gerlinde-Schoisl-x314573719_2226282180886621_8146744747990666014_n-955x1536.jpg 955w, https:\/\/dadade.eu\/wp-content\/uploads\/2020\/06\/2022.11.15-Gerlinde-Schoisl-x314573719_2226282180886621_8146744747990666014_n.jpg 998w\" sizes=\"(max-width: 187px) 100vw, 187px\" \/>Die T\u00fcrstopper-Tiere kann man auch in meine Kr\u00e4nze h\u00e4ngen<\/p>\n<p>Mit dem Kauf erh\u00e4lt man eine leicht verst\u00e4ndliche H\u00e4kelanleitung im praktischen PDF-Format.<\/p>\n<p>Die Anleitung ist jedoch ausf\u00fchrlich mit vielen Bildern hinterlegt<\/p>\n<p>und wird auf ca 14 Seiten Schritt-f\u00fcr-Schritt beschrieben!<\/p>\n<p>Die Anleitung ist auch schon f\u00fcr Anf\u00e4nger geeignet.<\/p>\n<p>&nbsp;<\/p>\n<p>mehr Bilder von Haus und Deko<\/p>\n<p><strong><a href=\"https:\/\/dadade.eu\/?p=6620\">KLICKE HIER<\/a><\/strong><\/p>\n<p>&nbsp;<\/p>\n<p>&nbsp;<\/p>\n<p>&nbsp;<\/p>\n","protected":false},"excerpt":{"rendered":"<div id=\"cc-m-13954443088\" class=\"j-module n j-text \">\n<p>Hier kauft man nur die H\u00e4kelanleitung f\u00fcr diesen tierischen T\u00fcrstopper.<\/p>\n<p>Der Hund h\u00e4ngt als Fingerklemmschutz einfach so rum, sieht s\u00fc\u00df aus und erf\u00fcllt l\u00e4ssig seine Aufgabe.<\/p>\n<p>Ist er an der T\u00fcr bedeutet eine Sorge weniger, denn es sch\u00fctzt die Kleinen vor Verletzungen.<\/p>\n<p>Er ist ein Unikat, ein absolutes Muss f\u00fcr alle Handarbeits-Freunde,<\/p>\n<p>Ein besonderes Geschenk, ob f\u00fcr Muttertag, einen Geburtstag, oder einfach als Mitbringsel.<\/p>\n<p>Diese praktischen, tierischen Freunde sind \u00fcberall herzlich Willkommen,<\/p>\n<p>Dieser T\u00fcrstopper ist mit der Nadelst\u00e4rke 3 geh\u00e4kelt, aber auch mit weicher Chenille-Wolle ist er der absolute Hit,<\/p>\n<p>Beim Kauf ab 3 Praktischen Helfer, im Warenkorb einfach den Gutschein-Code\u00a0<strong><span style=\"color: #ff0000;\">Praktische Helfer<\/span>\u00a0<\/strong>eingeben und schon bekommt ihr 20% Mengenrabatt auf die Praktischen Helfer.<\/p>\n<\/div>\n","protected":false},"featured_media":6869,"template":"","meta":[],"product_brand":[],"product_cat":[55,48,385],"product_tag":[90,242,322,87,94,93,319,323,194,92,321,181,195,320,95,96],"class_list":{"0":"post-6635","1":"product","2":"type-product","3":"status-publish","4":"has-post-thumbnail","6":"product_cat-1sehr-einfach","7":"product_cat-haus-deko","8":"product_cat-praktische-helfer","9":"product_tag-amigurumi","10":"product_tag-dekoration-haekeln","11":"product_tag-fingerklemmschutz","12":"product_tag-geschenk","13":"product_tag-haekelanleitung","14":"product_tag-haekeln","15":"product_tag-hund","16":"product_tag-hund-haekeln","17":"product_tag-kind","18":"product_tag-kinder","19":"product_tag-klemmschutz","20":"product_tag-lustig","21":"product_tag-praesent","22":"product_tag-tuerstopper","23":"product_tag-wolle","24":"product_tag-wollreste","26":"first","27":"instock","28":"downloadable","29":"shipping-taxable","30":"purchasable","31":"product-type-simple"},"_links":{"self":[{"href":"https:\/\/dadade.eu\/index.php?rest_route=\/wp\/v2\/product\/6635","targetHints":{"allow":["GET"]}}],"collection":[{"href":"https:\/\/dadade.eu\/index.php?rest_route=\/wp\/v2\/product"}],"about":[{"href":"https:\/\/dadade.eu\/index.php?rest_route=\/wp\/v2\/types\/product"}],"wp:featuredmedia":[{"embeddable":true,"href":"https:\/\/dadade.eu\/index.php?rest_route=\/wp\/v2\/media\/6869"}],"wp:attachment":[{"href":"https:\/\/dadade.eu\/index.php?rest_route=%2Fwp%2Fv2%2Fmedia&parent=6635"}],"wp:term":[{"taxonomy":"product_brand","embeddable":true,"href":"https:\/\/dadade.eu\/index.php?rest_route=%2Fwp%2Fv2%2Fproduct_brand&post=6635"},{"taxonomy":"product_cat","embeddable":true,"href":"https:\/\/dadade.eu\/index.php?rest_route=%2Fwp%2Fv2%2Fproduct_cat&post=6635"},{"taxonomy":"product_tag","embeddable":true,"href":"https:\/\/dadade.eu\/index.php?rest_route=%2Fwp%2Fv2%2Fproduct_tag&post=6635"}],"curies":[{"name":"wp","href":"https:\/\/api.w.org\/{rel}","templated":true}]}}