{"id":6495,"date":"2020-01-18T18:54:50","date_gmt":"2020-01-18T17:54:50","guid":{"rendered":"https:\/\/dadade.eu\/?post_type=product&#038;p=6495"},"modified":"2023-06-09T15:04:18","modified_gmt":"2023-06-09T13:04:18","slug":"baby-kinderwagenkette-kasper-b511","status":"publish","type":"product","link":"https:\/\/dadade.eu\/?product=baby-kinderwagenkette-kasper-b511","title":{"rendered":"BABY-Kinderwagenkette Kasper oder Clown, (B511)"},"content":{"rendered":"<p>Die Anleitung ist f\u00fcr Anf\u00e4nger geeignet.<\/p>\n<p><strong>Mobile;<\/strong> Mit Babywolle der Nadelst\u00e4rke 3 wird der Kasper ungef\u00e4hr; 12cm hoch<\/p>\n<p><img fetchpriority=\"high\" decoding=\"async\" class=\"alignnone size-medium wp-image-6508\" src=\"https:\/\/dadade.eu\/wp-content\/uploads\/2023\/01\/xKinderwagenkette-Clown-Kasper-16-300x225.jpg\" alt=\"\" width=\"300\" height=\"225\" srcset=\"https:\/\/dadade.eu\/wp-content\/uploads\/2023\/01\/xKinderwagenkette-Clown-Kasper-16-300x225.jpg 300w, https:\/\/dadade.eu\/wp-content\/uploads\/2023\/01\/xKinderwagenkette-Clown-Kasper-16-600x450.jpg 600w, https:\/\/dadade.eu\/wp-content\/uploads\/2023\/01\/xKinderwagenkette-Clown-Kasper-16-64x48.jpg 64w, https:\/\/dadade.eu\/wp-content\/uploads\/2023\/01\/xKinderwagenkette-Clown-Kasper-16-1024x768.jpg 1024w, https:\/\/dadade.eu\/wp-content\/uploads\/2023\/01\/xKinderwagenkette-Clown-Kasper-16-768x576.jpg 768w, https:\/\/dadade.eu\/wp-content\/uploads\/2023\/01\/xKinderwagenkette-Clown-Kasper-16.jpg 1400w\" sizes=\"(max-width: 300px) 100vw, 300px\" \/><strong>Kuschelpuppe<\/strong>: Himalaya Dolphin Baby mit der Nadelst\u00e4rke 4 geh\u00e4kelt ungef\u00e4hr; 20cm hoch<\/p>\n<p><strong>Schl\u00fcsselanh\u00e4nger;<\/strong> Baumwolle 100gr\/530m; mit der Nadelst\u00e4rke 2; ungef\u00e4hr;\u00a0 7cm hoch<\/p>\n<p>Die Anleitung ist jedoch ausf\u00fchrlich mit vielen Bildern hinterlegt<\/p>\n<p>und wird auf ca 14 Seiten Schritt-f\u00fcr-Schritt beschrieben!<\/p>\n<p>mehr Bilder \u00fcber Baby-Spielzeug findet ihr hier<\/p>\n<p><a href=\"https:\/\/dadade.eu\/?p=6461\">KLICKE HIER<\/a><\/p>\n<p>&nbsp;<\/p>\n<p>&nbsp;<\/p>\n<p>&nbsp;<\/p>\n","protected":false},"excerpt":{"rendered":"<div id=\"cc-m-13954443088\" class=\"j-module n j-text \">\n<p>Du m\u00f6chtest f\u00fcr ein Baby ein Unikat, oder ein ganz individuelles Geschenk?<\/p>\n<p>Hier kauft man die H\u00e4kelanleitung f\u00fcr den Kasper, sowie die Kugeln.<\/p>\n<p>Zus\u00e4tzlich eine detaillierte Anleitung zum Selbermachen eine Kinderwagenkette.<\/p>\n<p>Kasper und Kugeln kann man in vielen bunten Farben h\u00e4keln und somit Wollreste verarbeiten-<\/p>\n<p>Mit den einzelnen Teilen l\u00e4sst sich au\u00dfer der Kinderwagenkette, auch Schnullerketten, oder<\/p>\n<p>Mobiles gestalten,<\/p>\n<p>Oder h\u00e4kle den Kasper mit weicher Wolle als Kuschelpuppe,<\/p>\n<p>Ein besonderes Geschenk, nicht nur f\u00fcr den kleinen Erdenb\u00fcrger.<\/p>\n<p>Durch die bunten Farben und die Gl\u00f6ckchen animiert der Kasper zum Spielen, Kuscheln und Greifen.<\/p>\n<p>Mit Baumwolle der Nadelst\u00e4rke 2, gibt der Kasper oder Clown ein s\u00fc\u00dfer Schl\u00fcsselanh\u00e4nger nicht nur f\u00fcr die Narrenzeit.<\/p>\n<\/div>\n","protected":false},"featured_media":6508,"template":"","meta":[],"product_brand":[],"product_cat":[56,42,43,50,380],"product_tag":[89,229,232,87,198,197,94,93,228,231,194,92,204,201,200,180,181,202,227,230,195,199,196,203,95,96],"class_list":{"0":"post-6495","1":"product","2":"type-product","3":"status-publish","4":"has-post-thumbnail","6":"product_cat-2einfach","7":"product_cat-baby","8":"product_cat-baby-ketten-mobile","9":"product_cat-fasching-die-5-jahreszeit","10":"product_cat-kuschel-puppe","11":"product_tag-baby","12":"product_tag-clown","13":"product_tag-clown-haekeln","14":"product_tag-geschenk","15":"product_tag-greifling","16":"product_tag-greifspielzeug","17":"product_tag-haekelanleitung","18":"product_tag-haekeln","19":"product_tag-kasper","20":"product_tag-kasper-haekeln","21":"product_tag-kind","22":"product_tag-kinder","23":"product_tag-kinderwagen-spielzeug","24":"product_tag-kinderwagenanhaenger","25":"product_tag-kinderwagenkette","26":"product_tag-kuscheltier","27":"product_tag-lustig","28":"product_tag-mobile-haekeln","29":"product_tag-mobile-kette","30":"product_tag-narr","31":"product_tag-praesent","32":"product_tag-schnullerkette","33":"product_tag-spielzeug","34":"product_tag-wagenkette-haekeln","35":"product_tag-wolle","36":"product_tag-wollreste","38":"first","39":"instock","40":"downloadable","41":"shipping-taxable","42":"purchasable","43":"product-type-simple"},"_links":{"self":[{"href":"https:\/\/dadade.eu\/index.php?rest_route=\/wp\/v2\/product\/6495","targetHints":{"allow":["GET"]}}],"collection":[{"href":"https:\/\/dadade.eu\/index.php?rest_route=\/wp\/v2\/product"}],"about":[{"href":"https:\/\/dadade.eu\/index.php?rest_route=\/wp\/v2\/types\/product"}],"wp:featuredmedia":[{"embeddable":true,"href":"https:\/\/dadade.eu\/index.php?rest_route=\/wp\/v2\/media\/6508"}],"wp:attachment":[{"href":"https:\/\/dadade.eu\/index.php?rest_route=%2Fwp%2Fv2%2Fmedia&parent=6495"}],"wp:term":[{"taxonomy":"product_brand","embeddable":true,"href":"https:\/\/dadade.eu\/index.php?rest_route=%2Fwp%2Fv2%2Fproduct_brand&post=6495"},{"taxonomy":"product_cat","embeddable":true,"href":"https:\/\/dadade.eu\/index.php?rest_route=%2Fwp%2Fv2%2Fproduct_cat&post=6495"},{"taxonomy":"product_tag","embeddable":true,"href":"https:\/\/dadade.eu\/index.php?rest_route=%2Fwp%2Fv2%2Fproduct_tag&post=6495"}],"curies":[{"name":"wp","href":"https:\/\/api.w.org\/{rel}","templated":true}]}}