{"id":6443,"date":"2020-02-18T15:11:43","date_gmt":"2020-02-18T14:11:43","guid":{"rendered":"https:\/\/dadade.eu\/?post_type=product&#038;p=6443"},"modified":"2023-06-09T15:11:19","modified_gmt":"2023-06-09T13:11:19","slug":"baby-kette-oder-mobile-dschungel-b552","status":"publish","type":"product","link":"https:\/\/dadade.eu\/?product=baby-kette-oder-mobile-dschungel-b552","title":{"rendered":"BABY-Kette, Mobile Dschungel oder Kuscheltier Affe und Giraffe, (B552)"},"content":{"rendered":"<p><img fetchpriority=\"high\" decoding=\"async\" class=\"alignnone size-medium wp-image-6458\" src=\"https:\/\/dadade.eu\/wp-content\/uploads\/2023\/01\/xKuscheltiere-Giraffe-Affe-5-300x225.jpg\" alt=\"\" width=\"300\" height=\"225\" srcset=\"https:\/\/dadade.eu\/wp-content\/uploads\/2023\/01\/xKuscheltiere-Giraffe-Affe-5-300x225.jpg 300w, https:\/\/dadade.eu\/wp-content\/uploads\/2023\/01\/xKuscheltiere-Giraffe-Affe-5-600x450.jpg 600w, https:\/\/dadade.eu\/wp-content\/uploads\/2023\/01\/xKuscheltiere-Giraffe-Affe-5-64x48.jpg 64w, https:\/\/dadade.eu\/wp-content\/uploads\/2023\/01\/xKuscheltiere-Giraffe-Affe-5-1024x768.jpg 1024w, https:\/\/dadade.eu\/wp-content\/uploads\/2023\/01\/xKuscheltiere-Giraffe-Affe-5-768x576.jpg 768w, https:\/\/dadade.eu\/wp-content\/uploads\/2023\/01\/xKuscheltiere-Giraffe-Affe-5.jpg 1400w\" sizes=\"(max-width: 300px) 100vw, 300px\" \/>Die Giraffe,\u00a0 sowie der Affe kann man zum Spielen und Kuscheln, mit dicker Wolle h\u00e4keln, z.B. mit der Himalaya Dolphin Baby.<\/p>\n<p>Die Giraffe ist mit ihren Greifringen und Gl\u00f6ckchen, das Spielerlebnis f\u00fcr die Kleinen.<\/p>\n<p>Der Affe ist kuschelig weich, und hat f\u00fcr die Kleinen die optimale Gr\u00f6\u00dfe<\/p>\n<p>F\u00fcr die Kugeln und Bl\u00e4tter kann man Wollreste verarbeiten.<\/p>\n<p>Mit den einzelnen Teilen l\u00e4sst sich auch ein Mobiles gestalten,<\/p>\n<p>Ein besonderes Geschenk, nicht nur f\u00fcr den kleinen Erdenb\u00fcrger.<\/p>\n<p>&nbsp;<\/p>\n<p>Oder h\u00e4kelt z.B. den Affen mit Baumwolle der Nadelst\u00e4rke 2,<\/p>\n<p>dann hat man einen s\u00fc\u00dfen Schl\u00fcsselanh\u00e4nger.<\/p>\n<p>Die Anleitung f\u00fcr das Mobile ( mit Kuscheltier) ist ausf\u00fchrlich mit vielen Bildern hinterlegt<\/p>\n<p>und wird auf \u00fcber 30 Seiten Schritt-f\u00fcr-Schritt beschrieben!<\/p>\n<p>Die Anleitungen f\u00fcr\u00a0 Affe oder Giraffe beinhaltet nur das jeweilige Kuscheltier, nicht das Mobile, bzw. Baby-Kette.<\/p>\n<p>mehr Bilder \u00fcber Baby-Spielzeug findet ihr hier<\/p>\n<p><a href=\"https:\/\/dadade.eu\/?p=6461\">KLICKE HIER<\/a><\/p>\n<p>&nbsp;<\/p>\n<p>&nbsp;<\/p>\n<p>&nbsp;<\/p>\n","protected":false},"excerpt":{"rendered":"<div id=\"cc-m-13954443088\" class=\"j-module n j-text \">\n<p>Man sucht etwas ganz Besonderes? Hier kauft man nur die H\u00e4kelanleitung mit viele M\u00f6glichkeiten,<\/p>\n<p>Die Anleitung beinhaltet<\/p>\n<ol>\n<li>Giraffe,<\/li>\n<li>Affe,<\/li>\n<li>Bl\u00e4tter<\/li>\n<li>sowie die Kugeln, alles zusammen z,B. als Mobile oder einzeln auch als Kuscheltier.<\/li>\n<\/ol>\n<p>Zus\u00e4tzlich eine detaillierte Anleitung zum Selbermachen eine Baby-Kette, oder als Mobile usw.<\/p>\n<p>Das Besondere an dieser Kette ist, dass der Affe frei am Hals der Giraffe beweglich ist, somit animiert es das Kind zum Greifen und Spielen.<\/p>\n<p>Die Anleitung ist f\u00fcr Anf\u00e4nger geeignet.<\/p>\n<p>Mit Babywolle der Nadelst\u00e4rke 3 wird der Affe ungef\u00e4hr; 6cm breit und 10cm hoch; die Giraffe ca; 15cm lang und 22cm hoch<\/p>\n<p>Als Kuscheltier mit der Himalaya Dolphin Baby, Nadelst\u00e4rke 4 geh\u00e4kelt<\/p>\n<p>wird der Affe ungef\u00e4hr; 11cm breit und 22cm hoch; die Giraffe ca; 16cm lang und 28cm hoch<\/p>\n<p>Nur der Affe?? oder die Giraffe? auch diese Anleitungen findet man hier.<\/p>\n<\/div>\n","protected":false},"featured_media":6451,"template":"","meta":[],"product_brand":[],"product_cat":[56,42,43],"product_tag":[190,191,90,89,206,87,205,207,198,197,94,93,194,92,204,201,200,180,181,202,195,199,196,203,95,96],"class_list":{"0":"post-6443","1":"product","2":"type-product","3":"status-publish","4":"has-post-thumbnail","6":"product_cat-2einfach","7":"product_cat-baby","8":"product_cat-baby-ketten-mobile","9":"product_tag-affe","10":"product_tag-affe-haekeln","11":"product_tag-amigurumi","12":"product_tag-baby","13":"product_tag-blaetter","14":"product_tag-geschenk","15":"product_tag-giraffe","16":"product_tag-giraffe-haekeln","17":"product_tag-greifling","18":"product_tag-greifspielzeug","19":"product_tag-haekelanleitung","20":"product_tag-haekeln","21":"product_tag-kind","22":"product_tag-kinder","23":"product_tag-kinderwagen-spielzeug","24":"product_tag-kinderwagenanhaenger","25":"product_tag-kinderwagenkette","26":"product_tag-kuscheltier","27":"product_tag-lustig","28":"product_tag-mobile-haekeln","29":"product_tag-praesent","30":"product_tag-schnullerkette","31":"product_tag-spielzeug","32":"product_tag-wagenkette-haekeln","33":"product_tag-wolle","34":"product_tag-wollreste","36":"first","37":"instock","38":"shipping-taxable","39":"purchasable","40":"product-type-variable"},"_links":{"self":[{"href":"https:\/\/dadade.eu\/index.php?rest_route=\/wp\/v2\/product\/6443","targetHints":{"allow":["GET"]}}],"collection":[{"href":"https:\/\/dadade.eu\/index.php?rest_route=\/wp\/v2\/product"}],"about":[{"href":"https:\/\/dadade.eu\/index.php?rest_route=\/wp\/v2\/types\/product"}],"wp:featuredmedia":[{"embeddable":true,"href":"https:\/\/dadade.eu\/index.php?rest_route=\/wp\/v2\/media\/6451"}],"wp:attachment":[{"href":"https:\/\/dadade.eu\/index.php?rest_route=%2Fwp%2Fv2%2Fmedia&parent=6443"}],"wp:term":[{"taxonomy":"product_brand","embeddable":true,"href":"https:\/\/dadade.eu\/index.php?rest_route=%2Fwp%2Fv2%2Fproduct_brand&post=6443"},{"taxonomy":"product_cat","embeddable":true,"href":"https:\/\/dadade.eu\/index.php?rest_route=%2Fwp%2Fv2%2Fproduct_cat&post=6443"},{"taxonomy":"product_tag","embeddable":true,"href":"https:\/\/dadade.eu\/index.php?rest_route=%2Fwp%2Fv2%2Fproduct_tag&post=6443"}],"curies":[{"name":"wp","href":"https:\/\/api.w.org\/{rel}","templated":true}]}}