{"id":6404,"date":"2021-12-10T20:02:47","date_gmt":"2021-12-10T19:02:47","guid":{"rendered":"https:\/\/dadade.eu\/?post_type=product&#038;p=6404"},"modified":"2025-02-24T14:37:34","modified_gmt":"2025-02-24T13:37:34","slug":"kamel-theo-trampeltier-a164","status":"publish","type":"product","link":"https:\/\/dadade.eu\/?product=kamel-theo-trampeltier-a164","title":{"rendered":"Kamel Theo Trampeltier (A164)"},"content":{"rendered":"<p>Die Anleitung ist ausf\u00fchrlich mit vielen Bildern hinterlegt<\/p>\n<p>und wird auf 23 Seiten Schritt-f\u00fcr-Schritt beschrieben!<\/p>\n<p>die Anleitung ist jedoch eher etwas f\u00fcr schon ge\u00fcbte Anf\u00e4nger, da die Wolle und das Zusammenbauen schon etwas \u00dcbung bedarf.<\/p>\n<p>&nbsp;<\/p>\n<p>&nbsp;<\/p>\n<p>MEHR VARIANTEN UND IDEEN von flei\u00dfigen Helfer und H\u00e4nden?<\/p>\n<p><a href=\"https:\/\/dadade.eu\/?p=6427\"><b>Klicke hier<\/b><\/a><\/p>\n<p>&nbsp;<\/p>\n<p>&nbsp;<\/p>\n<p>&nbsp;<\/p>\n","protected":false},"excerpt":{"rendered":"<div id=\"cc-m-13954443088\">\n<p>Hier kauft man die H\u00e4kelanleitung f\u00fcr dieses originell, kuschelweiche Kamel,<\/p>\n<p>Das\u00a0Kamel\u00a0ist witzig und durch seine kuschelige Chenillewolle\u00a0hat es ein wolliges Fell.<\/p>\n<p>Das Trampeltier hat 2 H\u00f6cker und ist auch schon im Liegen beeindruckende\u00a024cm hoch und das mit Nadelst\u00e4rke 3<\/p>\n<p>Mit Chenille-Wolle der Nadelst\u00e4rke 3 geh\u00e4kelt, wird das Kamel ungef\u00e4hr;<\/p>\n<p>24cm hoch und 34cm lang<\/p>\n<p>Mit dem Kauf erh\u00e4lt man eine leicht verst\u00e4ndliche H\u00e4kelanleitung im praktischen PDF-Format.<\/p>\n<p>Die Anleitung ist auch schon f\u00fcr Anf\u00e4nger geeignet.<\/p>\n<\/div>\n<div id=\"cc-m-13954443188\" class=\"j-module n j-text \">\n<p>&nbsp;<\/p>\n<p>&nbsp;<\/p>\n<p>&nbsp;<\/p>\n<\/div>\n","protected":false},"featured_media":6413,"template":"","meta":[],"product_brand":[],"product_cat":[57,35,39,69,504,384],"product_tag":[90,242,87,94,93,396,393,92,245,394,180,88,243,244,173,392,395,95,96],"class_list":{"0":"post-6404","1":"product","2":"type-product","3":"status-publish","4":"has-post-thumbnail","6":"product_cat-3mittel","7":"product_cat-amigurumi","8":"product_cat-amigurumis-zum-kuscheln","9":"product_cat-mittel","10":"product_cat-winter-weihnachten-krippe","11":"product_cat-winter-weihnachten","12":"product_tag-amigurumi","13":"product_tag-dekoration-haekeln","14":"product_tag-geschenk","15":"product_tag-haekelanleitung","16":"product_tag-haekeln","17":"product_tag-kamel","18":"product_tag-kamel-haekeln","19":"product_tag-kinder","20":"product_tag-kuschelige-haekeltiere","21":"product_tag-kuschelkamel","22":"product_tag-kuscheltier","23":"product_tag-kuscheltier-haekeln","24":"product_tag-kuschelwolle","25":"product_tag-kuschelwolle-haekeln","26":"product_tag-mittelalter","27":"product_tag-plueschtier-haekeln","28":"product_tag-trampeltier","29":"product_tag-wolle","30":"product_tag-wollreste","32":"first","33":"instock","34":"downloadable","35":"shipping-taxable","36":"purchasable","37":"product-type-simple"},"_links":{"self":[{"href":"https:\/\/dadade.eu\/index.php?rest_route=\/wp\/v2\/product\/6404","targetHints":{"allow":["GET"]}}],"collection":[{"href":"https:\/\/dadade.eu\/index.php?rest_route=\/wp\/v2\/product"}],"about":[{"href":"https:\/\/dadade.eu\/index.php?rest_route=\/wp\/v2\/types\/product"}],"wp:featuredmedia":[{"embeddable":true,"href":"https:\/\/dadade.eu\/index.php?rest_route=\/wp\/v2\/media\/6413"}],"wp:attachment":[{"href":"https:\/\/dadade.eu\/index.php?rest_route=%2Fwp%2Fv2%2Fmedia&parent=6404"}],"wp:term":[{"taxonomy":"product_brand","embeddable":true,"href":"https:\/\/dadade.eu\/index.php?rest_route=%2Fwp%2Fv2%2Fproduct_brand&post=6404"},{"taxonomy":"product_cat","embeddable":true,"href":"https:\/\/dadade.eu\/index.php?rest_route=%2Fwp%2Fv2%2Fproduct_cat&post=6404"},{"taxonomy":"product_tag","embeddable":true,"href":"https:\/\/dadade.eu\/index.php?rest_route=%2Fwp%2Fv2%2Fproduct_tag&post=6404"}],"curies":[{"name":"wp","href":"https:\/\/api.w.org\/{rel}","templated":true}]}}