{"id":6388,"date":"2020-08-17T16:44:37","date_gmt":"2020-08-17T14:44:37","guid":{"rendered":"https:\/\/dadade.eu\/?post_type=product&#038;p=6388"},"modified":"2023-02-13T21:10:42","modified_gmt":"2023-02-13T20:10:42","slug":"die-toothies-die-kinder-der-eckzahn-a832","status":"publish","type":"product","link":"https:\/\/dadade.eu\/?product=die-toothies-die-kinder-der-eckzahn-a832","title":{"rendered":"Toothies, die Kinder &#8211; Eckzahn (A832)"},"content":{"rendered":"<p>Die Anleitung ist ausf\u00fchrlich mit vielen Bildern hinterlegt<\/p>\n<p>und wird auf 16 Seiten (Kinder) Schritt-f\u00fcr-Schritt beschrieben!<\/p>\n<p>die Anleitung beinhaltet auch die Kleidung der Z\u00e4hne.<\/p>\n<p>Sie\u00a0 ist schon f\u00fcr Anf\u00e4nger geeignet<\/p>\n<p>&nbsp;<\/p>\n<p><a href=\"https:\/\/dadade.eu\/?p=6382\"><strong>VIELE TOLLE BILDER<\/strong>\u00a0von flei\u00dfigen Helfer und H\u00e4nden<\/a><\/p>\n<p>mehr Bilder \u00fcber die Zahn-Familie<\/p>\n<p><strong><a href=\"https:\/\/dadade.eu\/?product=die-toothies-a830\">KLICKE HIER<\/a><\/strong><\/p>\n<p>&nbsp;<\/p>\n<p>&nbsp;<\/p>\n<p>&nbsp;<\/p>\n","protected":false},"excerpt":{"rendered":"<div id=\"cc-m-13954443088\" class=\"j-module n j-text \">\n<p>Hier kauft man nur die H\u00e4kelanleitung f\u00fcr die beiden Eckz\u00e4hne.<\/p>\n<p>Zoe, mit R\u00f6ckchen und Blume,<\/p>\n<p>Zoran, mit Hose und M\u00fctze<\/p>\n<p>Diese beiden kuschelige Kameraden, nehmen dem Kind die Angst vor dem Zahnarzt<\/p>\n<p>Oder sie sind ein passendes Geschenk f\u00fcr jeden Zahnarzt<\/p>\n<p>&nbsp;<\/p>\n<p>Mit dem Kauf erh\u00e4ltst du eine leicht verst\u00e4ndliche H\u00e4kelanleitung im praktischen PDF-Format.<\/p>\n<p>Die Anleitung ist auch schon f\u00fcr Anf\u00e4nger geeignet.<\/p>\n<p>&nbsp;<\/p>\n<p>die Toothies &#8211; Kinder werden mit der Nadelst\u00e4rke 3 ungef\u00e4hr 18cm hoch<\/p>\n<\/div>\n","protected":false},"featured_media":6349,"template":"","meta":[],"product_brand":[],"product_cat":[56,37,35,69],"product_tag":[90,89,188,182,87,94,93,179,92,180,181,186,183,95,96,184,187],"class_list":{"0":"post-6388","1":"product","2":"type-product","3":"status-publish","4":"has-post-thumbnail","6":"product_cat-2einfach","7":"product_cat-a830-die-toothies","8":"product_cat-amigurumi","9":"product_cat-mittel","10":"product_tag-amigurumi","11":"product_tag-baby","12":"product_tag-eckzahn","13":"product_tag-fein","14":"product_tag-geschenk","15":"product_tag-haekelanleitung","16":"product_tag-haekeln","17":"product_tag-hut","18":"product_tag-kinder","19":"product_tag-kuscheltier","20":"product_tag-lustig","21":"product_tag-milchzahn","22":"product_tag-witzig","23":"product_tag-wolle","24":"product_tag-wollreste","25":"product_tag-zahn","26":"product_tag-zahn-haekeln","28":"first","29":"instock","30":"downloadable","31":"shipping-taxable","32":"purchasable","33":"product-type-simple"},"_links":{"self":[{"href":"https:\/\/dadade.eu\/index.php?rest_route=\/wp\/v2\/product\/6388","targetHints":{"allow":["GET"]}}],"collection":[{"href":"https:\/\/dadade.eu\/index.php?rest_route=\/wp\/v2\/product"}],"about":[{"href":"https:\/\/dadade.eu\/index.php?rest_route=\/wp\/v2\/types\/product"}],"wp:featuredmedia":[{"embeddable":true,"href":"https:\/\/dadade.eu\/index.php?rest_route=\/wp\/v2\/media\/6349"}],"wp:attachment":[{"href":"https:\/\/dadade.eu\/index.php?rest_route=%2Fwp%2Fv2%2Fmedia&parent=6388"}],"wp:term":[{"taxonomy":"product_brand","embeddable":true,"href":"https:\/\/dadade.eu\/index.php?rest_route=%2Fwp%2Fv2%2Fproduct_brand&post=6388"},{"taxonomy":"product_cat","embeddable":true,"href":"https:\/\/dadade.eu\/index.php?rest_route=%2Fwp%2Fv2%2Fproduct_cat&post=6388"},{"taxonomy":"product_tag","embeddable":true,"href":"https:\/\/dadade.eu\/index.php?rest_route=%2Fwp%2Fv2%2Fproduct_tag&post=6388"}],"curies":[{"name":"wp","href":"https:\/\/api.w.org\/{rel}","templated":true}]}}