{"id":6310,"date":"2023-06-17T15:37:44","date_gmt":"2023-06-17T13:37:44","guid":{"rendered":"https:\/\/dadade.eu\/?post_type=product&#038;p=6310"},"modified":"2024-01-15T16:21:40","modified_gmt":"2024-01-15T15:21:40","slug":"die-toothies-a830","status":"publish","type":"product","link":"https:\/\/dadade.eu\/?product=die-toothies-a830","title":{"rendered":"6 oder 9 Toothies, die Zahn-Familie &#038; Fee (A836)"},"content":{"rendered":"<p>Diese Z\u00e4hne nehmen den Kindern die Angst vor dem Zahnarzt<\/p>\n<p>Die Anleitung ist ausf\u00fchrlich mit vielen Bildern hinterlegt<\/p>\n<p>und wird auf 15 Seiten (Babys), 16 Seiten (Kinder), 19 Seiten (Eltern),\u00a024 Seiten (Gro\u00df-Eltern), 14 Seiten (Zahnfee)<\/p>\n<p>Schritt-f\u00fcr-Schritt beschrieben!<\/p>\n<p>die Anleitung beinhaltet auch die Kleidung der Z\u00e4hne.<\/p>\n<p>Sie\u00a0 ist schon f\u00fcr Anf\u00e4nger geeignet<\/p>\n<p>&nbsp;<\/p>\n<p><strong>die Z\u00e4hne gibt es nat\u00fcrlich auch alle\u00a0 einzeln<\/strong><\/p>\n<p><strong><a href=\"https:\/\/dadade.eu\/?product_cat=a830-die-toothies\">NOCH MEHR TOLLE BILDER FINDET IHR HIER<\/a><\/strong><\/p>\n<p>&nbsp;<\/p>\n<p><a href=\"https:\/\/dadade.eu\/?p=6382\"><strong>VIELE TOLLE BILDER<\/strong>\u00a0von flei\u00dfigen Helfer und H\u00e4nden<\/a><\/p>\n<p>&nbsp;<\/p>\n","protected":false},"excerpt":{"rendered":"<div id=\"cc-m-13954443088\" class=\"j-module n j-text \">\n<p>Hier kauft man nur die H\u00e4kelanleitung f\u00fcr die ganze Zahnfamilie mit Zahnfee, die H\u00e4kelanleitung beinhaltet die verschiedene Z\u00e4hne,<\/p>\n<p><strong>6tlg<\/strong><\/p>\n<p>Backenz\u00e4hne; die <strong><a href=\"https:\/\/dadade.eu\/?product=die-toothies-die-die-eltern-a831\">Eltern Zahra\u00a0&amp; Zanko Tooth,<\/a><\/strong><\/p>\n<p>Eckz\u00e4hne; die <strong><a href=\"https:\/\/dadade.eu\/?product=die-toothies-die-kinder-der-eckzahn-a832\">Kinder Zoe &amp; Zoran,<\/a><\/strong><\/p>\n<p>Milchz\u00e4hne; die <strong><a href=\"https:\/\/dadade.eu\/?product=die-toothies-die-babys-milchzahn-a833\">Babys Zula &amp; Zoro<\/a><\/strong>,<\/p>\n<p><strong>9tlg<\/strong><\/p>\n<p>Backenz\u00e4hne; die <strong><a href=\"https:\/\/dadade.eu\/?product=die-toothies-die-die-eltern-a831\">Eltern Zahra\u00a0&amp; Zanko Tooth,<\/a><\/strong><\/p>\n<p>Eckz\u00e4hne; die <strong><a href=\"https:\/\/dadade.eu\/?product=die-toothies-die-kinder-der-eckzahn-a832\">Kinder Zoe &amp; Zoran,<\/a><\/strong><\/p>\n<p>Milchz\u00e4hne; die <strong><a href=\"https:\/\/dadade.eu\/?product=die-toothies-die-babys-milchzahn-a833\">Babys Zula &amp; Zoro<\/a><\/strong>,<\/p>\n<p><strong>zus\u00e4tzlich<\/strong><\/p>\n<p>leicht vergilbt, die <strong><a href=\"https:\/\/dadade.eu\/?product=die-toothies-die-grosseltern-backenzahn-a834\">Gro\u00dfeltern Zelisa &amp; Zelos<\/a><\/strong>,<\/p>\n<p>und die <strong><a href=\"https:\/\/dadade.eu\/?product=die-toothies-die-zahnfee-a835\">Zahnfee Fanny mit Versteck<\/a><\/strong>,<\/p>\n<p>Mit dem Kauf erh\u00e4ltst du eine leicht verst\u00e4ndliche H\u00e4kelanleitung im praktischen PDF-Format.<\/p>\n<p>Mit Nadelst\u00e4rke 4 geh\u00e4kelt, sind die Z\u00e4hne zwischen; 14 und 20cm\u00a0 hoch<\/p>\n<p>die Z\u00e4hne gibt es nat\u00fcrlich auch alle einzeln<strong><a href=\"https:\/\/dadade.eu\/?product_cat=a830-die-toothies\">, Amigurumi- die Toothies<\/a><\/strong><\/p>\n<\/div>\n","protected":false},"featured_media":6311,"template":"","meta":[],"product_brand":[],"product_cat":[56,37,16,35,48,69],"product_tag":[90,89,185,182,87,94,93,179,92,180,181,186,183,95,96,184,187],"class_list":{"0":"post-6310","1":"product","2":"type-product","3":"status-publish","4":"has-post-thumbnail","6":"product_cat-2einfach","7":"product_cat-a830-die-toothies","8":"product_cat-alle","9":"product_cat-amigurumi","10":"product_cat-haus-deko","11":"product_cat-mittel","12":"product_tag-amigurumi","13":"product_tag-baby","14":"product_tag-backenzahn","15":"product_tag-fein","16":"product_tag-geschenk","17":"product_tag-haekelanleitung","18":"product_tag-haekeln","19":"product_tag-hut","20":"product_tag-kinder","21":"product_tag-kuscheltier","22":"product_tag-lustig","23":"product_tag-milchzahn","24":"product_tag-witzig","25":"product_tag-wolle","26":"product_tag-wollreste","27":"product_tag-zahn","28":"product_tag-zahn-haekeln","30":"first","31":"instock","32":"shipping-taxable","33":"purchasable","34":"product-type-variable"},"_links":{"self":[{"href":"https:\/\/dadade.eu\/index.php?rest_route=\/wp\/v2\/product\/6310","targetHints":{"allow":["GET"]}}],"collection":[{"href":"https:\/\/dadade.eu\/index.php?rest_route=\/wp\/v2\/product"}],"about":[{"href":"https:\/\/dadade.eu\/index.php?rest_route=\/wp\/v2\/types\/product"}],"wp:featuredmedia":[{"embeddable":true,"href":"https:\/\/dadade.eu\/index.php?rest_route=\/wp\/v2\/media\/6311"}],"wp:attachment":[{"href":"https:\/\/dadade.eu\/index.php?rest_route=%2Fwp%2Fv2%2Fmedia&parent=6310"}],"wp:term":[{"taxonomy":"product_brand","embeddable":true,"href":"https:\/\/dadade.eu\/index.php?rest_route=%2Fwp%2Fv2%2Fproduct_brand&post=6310"},{"taxonomy":"product_cat","embeddable":true,"href":"https:\/\/dadade.eu\/index.php?rest_route=%2Fwp%2Fv2%2Fproduct_cat&post=6310"},{"taxonomy":"product_tag","embeddable":true,"href":"https:\/\/dadade.eu\/index.php?rest_route=%2Fwp%2Fv2%2Fproduct_tag&post=6310"}],"curies":[{"name":"wp","href":"https:\/\/api.w.org\/{rel}","templated":true}]}}