{"id":6274,"date":"2022-03-03T15:02:52","date_gmt":"2022-03-03T14:02:52","guid":{"rendered":"https:\/\/dadade.eu\/?post_type=product&#038;p=6274"},"modified":"2025-04-24T17:45:15","modified_gmt":"2025-04-24T15:45:15","slug":"stecken-pferd","status":"publish","type":"product","link":"https:\/\/dadade.eu\/?product=stecken-pferd","title":{"rendered":"Stecken-Pferd (A165)"},"content":{"rendered":"<p><img fetchpriority=\"high\" decoding=\"async\" class=\"alignnone size-medium wp-image-6180\" src=\"https:\/\/dadade.eu\/wp-content\/uploads\/2022\/03\/xRitter-mit-Pferd-5-300x225.jpg\" alt=\"\" width=\"300\" height=\"225\" srcset=\"https:\/\/dadade.eu\/wp-content\/uploads\/2022\/03\/xRitter-mit-Pferd-5-300x225.jpg 300w, https:\/\/dadade.eu\/wp-content\/uploads\/2022\/03\/xRitter-mit-Pferd-5-600x450.jpg 600w, https:\/\/dadade.eu\/wp-content\/uploads\/2022\/03\/xRitter-mit-Pferd-5-64x48.jpg 64w, https:\/\/dadade.eu\/wp-content\/uploads\/2022\/03\/xRitter-mit-Pferd-5-1024x768.jpg 1024w, https:\/\/dadade.eu\/wp-content\/uploads\/2022\/03\/xRitter-mit-Pferd-5-768x576.jpg 768w, https:\/\/dadade.eu\/wp-content\/uploads\/2022\/03\/xRitter-mit-Pferd-5.jpg 1400w\" sizes=\"(max-width: 300px) 100vw, 300px\" \/>zus\u00e4tzlich<\/p>\n<p>zu dem Steckenpferd gibt es auch noch den <strong><a href=\"https:\/\/dadade.eu\/?product=a501-gluecks-ritter-felix\">A501-Gl\u00fccks-Ritter Felix Lucky<\/a><\/strong><\/p>\n<p>Beiden zusammen im Sparpaket findet ihr hier <strong><a href=\"https:\/\/dadade.eu\/?product=a501p-gluecks-ritter-felix-mit-pferd\">Ritter Felix mit Pferd<\/a><\/strong><\/p>\n<p>Die Anleitung ist ausf\u00fchrlich mit vielen Bildern hinterlegt<\/p>\n<p>und wird auf\u00a0 18 Seiten Schritt-f\u00fcr-Schritt beschrieben!<\/p>\n<p>die Anleitung ist schon f\u00fcr\u00a0 Anf\u00e4nger geeignet<\/p>\n<p>&nbsp;<\/p>\n<p>MEHR VARIANTEN UND IDEEN FINDET IHR &#8211; Bilder von flei\u00dfigen Helfer und H\u00e4nden<\/p>\n<p><strong><a href=\"https:\/\/dadade.eu\/?p=6244\">VIELE TOLLE BILDER<\/a><\/strong><\/p>\n<p>&nbsp;<\/p>\n<p>&nbsp;<\/p>\n<p>&nbsp;<\/p>\n","protected":false},"excerpt":{"rendered":"<div id=\"cc-m-13954443088\">\n<p>Hier kauft man die H\u00e4kelanleitung f\u00fcr dieses sch\u00f6ne Stecken-Pferd,<\/p>\n<p>Das Steckenpferd ist mal ein etwas anderes Amigurumi,<\/p>\n<p>aber bei den Kindern sehr beliebt und f\u00f6rdert\u00a0 Kreativit\u00e4t und Fantasie<\/p>\n<p>es macht wahnsinnig Spa\u00df,<\/p>\n<p>Dieses liebevoll geh\u00e4kelte Pferd hat einen weichen, kuscheligen Kopf.<\/p>\n<p>Mit Nadelst\u00e4rke 4 geh\u00e4kelt, wird der Pferde-Kopf ungef\u00e4hr; 17cm hoch, mit Ohren<\/p>\n<p>Mit Acrylwolle der Nadelst\u00e4rke 2 hat es die s\u00fc\u00dfe Gr\u00f6\u00dfe von 10cm<\/p>\n<\/div>\n<div id=\"cc-m-13954443188\" class=\"j-module n j-text \">\n<p>Mit dem Kauf erh\u00e4lt man eine leicht verst\u00e4ndliche H\u00e4kelanleitung im praktischen PDF-Format.<\/p>\n<p>Die Anleitung ist auch schon f\u00fcr Anf\u00e4nger geeignet.<\/p>\n<p>&nbsp;<\/p>\n<p>&nbsp;<\/p>\n<\/div>\n","protected":false},"featured_media":6280,"template":"","meta":[],"product_brand":[],"product_cat":[55,35,39,69],"product_tag":[90,87,94,93,92,88,173,167,91,169,170,168,95,96],"class_list":{"0":"post-6274","1":"product","2":"type-product","3":"status-publish","4":"has-post-thumbnail","6":"product_cat-1sehr-einfach","7":"product_cat-amigurumi","8":"product_cat-amigurumis-zum-kuscheln","9":"product_cat-mittel","10":"product_tag-amigurumi","11":"product_tag-geschenk","12":"product_tag-haekelanleitung","13":"product_tag-haekeln","14":"product_tag-kinder","15":"product_tag-kuscheltier-haekeln","16":"product_tag-mittelalter","17":"product_tag-pferd-haekeln","18":"product_tag-plueschtier","19":"product_tag-stecken-pferd","20":"product_tag-stecken-pferd-haekeln","21":"product_tag-steckenpferd","22":"product_tag-wolle","23":"product_tag-wollreste","25":"first","26":"instock","27":"downloadable","28":"purchasable","29":"product-type-simple"},"_links":{"self":[{"href":"https:\/\/dadade.eu\/index.php?rest_route=\/wp\/v2\/product\/6274","targetHints":{"allow":["GET"]}}],"collection":[{"href":"https:\/\/dadade.eu\/index.php?rest_route=\/wp\/v2\/product"}],"about":[{"href":"https:\/\/dadade.eu\/index.php?rest_route=\/wp\/v2\/types\/product"}],"wp:featuredmedia":[{"embeddable":true,"href":"https:\/\/dadade.eu\/index.php?rest_route=\/wp\/v2\/media\/6280"}],"wp:attachment":[{"href":"https:\/\/dadade.eu\/index.php?rest_route=%2Fwp%2Fv2%2Fmedia&parent=6274"}],"wp:term":[{"taxonomy":"product_brand","embeddable":true,"href":"https:\/\/dadade.eu\/index.php?rest_route=%2Fwp%2Fv2%2Fproduct_brand&post=6274"},{"taxonomy":"product_cat","embeddable":true,"href":"https:\/\/dadade.eu\/index.php?rest_route=%2Fwp%2Fv2%2Fproduct_cat&post=6274"},{"taxonomy":"product_tag","embeddable":true,"href":"https:\/\/dadade.eu\/index.php?rest_route=%2Fwp%2Fv2%2Fproduct_tag&post=6274"}],"curies":[{"name":"wp","href":"https:\/\/api.w.org\/{rel}","templated":true}]}}