{"id":6253,"date":"2022-06-01T11:43:30","date_gmt":"2022-06-01T09:43:30","guid":{"rendered":"https:\/\/dadade.eu\/?post_type=product&#038;p=6253"},"modified":"2023-06-28T18:49:57","modified_gmt":"2023-06-28T16:49:57","slug":"gluecks-sternchen-stella-von-den-gluecksknirpsen","status":"publish","type":"product","link":"https:\/\/dadade.eu\/?product=gluecks-sternchen-stella-von-den-gluecksknirpsen","title":{"rendered":"Sternchen Stella von den Gl\u00fccksknirpsen (A508)"},"content":{"rendered":"<p>Die Anleitung ist ausf\u00fchrlich mit vielen Bildern hinterlegt<\/p>\n<p>und\u00a0\u00a0ist schon f\u00fcr ge\u00fcbte Anf\u00e4nger geeignet<\/p>\n<p>&nbsp;<\/p>\n<p>viele Bilder und Ideen von flei\u00dfigen Helfer und H\u00e4nden findet ihr hier<\/p>\n<p><strong><a href=\"https:\/\/dadade.eu\/?p=6244\">VIELE TOLLE BILDER<\/a><\/strong><\/p>\n<p>&nbsp;<\/p>\n<p>&nbsp;<\/p>\n","protected":false},"excerpt":{"rendered":"<div id=\"cc-m-13954443088\" class=\"j-module n j-text \">\n<p>Hier kauft man die H\u00e4kelanleitung f\u00fcr dieses s\u00fc\u00dfe Sternchen,<\/p>\n<p>Das Gl\u00fccks-Sternchen geh\u00f6rt ebenfalls zu meinen Gl\u00fccks-Knirpsen.<\/p>\n<p>Das P\u00fcppchen Stella ist einfach \u00a0zum Kuscheln s\u00fc\u00df, oder als einfach als Deko.<\/p>\n<p>Mit dem Kauf erh\u00e4lt man eine leicht verst\u00e4ndliche H\u00e4kelanleitung im praktischen PDF-Format.<\/p>\n<p>Die Anleitung ist auch schon f\u00fcr Anf\u00e4nger geeignet.<\/p>\n<p>&nbsp;<\/p>\n<p>Mit Nadelst\u00e4rke 4 geh\u00e4kelt, wird Stella ungef\u00e4hr; im Stehen ungef\u00e4hr; 47cm hoch und im Sitzen ca 34cm<\/p>\n<p>Mit Nadelst\u00e4rke 2 geh\u00e4kelt, wird Stella ungef\u00e4hr; im Stehen ungef\u00e4hr; 22cm hoch und im Sitzen ca 14cm<\/p>\n<\/div>\n","protected":false},"featured_media":6213,"template":"","meta":[],"product_brand":[],"product_cat":[56,36,35,380,69,504],"product_tag":[90,89,87,94,93,92,139,160,156,159,140,161,157,162,158,95],"class_list":{"0":"post-6253","1":"product","2":"type-product","3":"status-publish","4":"has-post-thumbnail","6":"product_cat-2einfach","7":"product_cat-a5-die-lustigen-knirpse","8":"product_cat-amigurumi","9":"product_cat-kuschel-puppe","10":"product_cat-mittel","11":"product_cat-winter-weihnachten-krippe","12":"product_tag-amigurumi","13":"product_tag-baby","14":"product_tag-geschenk","15":"product_tag-haekelanleitung","16":"product_tag-haekeln","17":"product_tag-kinder","18":"product_tag-kuschelpuppe","19":"product_tag-pueppchen","20":"product_tag-pueppchen-haekeln","21":"product_tag-puppe","22":"product_tag-puppe-haekeln","23":"product_tag-stern","24":"product_tag-stern-haekeln","25":"product_tag-sternchen","26":"product_tag-sternchen-haekeln","27":"product_tag-wolle","29":"first","30":"instock","31":"downloadable","32":"purchasable","33":"product-type-simple"},"_links":{"self":[{"href":"https:\/\/dadade.eu\/index.php?rest_route=\/wp\/v2\/product\/6253","targetHints":{"allow":["GET"]}}],"collection":[{"href":"https:\/\/dadade.eu\/index.php?rest_route=\/wp\/v2\/product"}],"about":[{"href":"https:\/\/dadade.eu\/index.php?rest_route=\/wp\/v2\/types\/product"}],"wp:featuredmedia":[{"embeddable":true,"href":"https:\/\/dadade.eu\/index.php?rest_route=\/wp\/v2\/media\/6213"}],"wp:attachment":[{"href":"https:\/\/dadade.eu\/index.php?rest_route=%2Fwp%2Fv2%2Fmedia&parent=6253"}],"wp:term":[{"taxonomy":"product_brand","embeddable":true,"href":"https:\/\/dadade.eu\/index.php?rest_route=%2Fwp%2Fv2%2Fproduct_brand&post=6253"},{"taxonomy":"product_cat","embeddable":true,"href":"https:\/\/dadade.eu\/index.php?rest_route=%2Fwp%2Fv2%2Fproduct_cat&post=6253"},{"taxonomy":"product_tag","embeddable":true,"href":"https:\/\/dadade.eu\/index.php?rest_route=%2Fwp%2Fv2%2Fproduct_tag&post=6253"}],"curies":[{"name":"wp","href":"https:\/\/api.w.org\/{rel}","templated":true}]}}