{"id":6185,"date":"2022-12-26T11:15:12","date_gmt":"2022-12-26T10:15:12","guid":{"rendered":"https:\/\/dadade.eu\/?post_type=product&#038;p=6185"},"modified":"2025-07-19T15:28:48","modified_gmt":"2025-07-19T13:28:48","slug":"gluecks-schornsteinfeger-schorschi-von-den-gluecksknirpsen","status":"publish","type":"product","link":"https:\/\/dadade.eu\/?product=gluecks-schornsteinfeger-schorschi-von-den-gluecksknirpsen","title":{"rendered":"Schornsteinfeger Schorschi von den Gl\u00fccksknirpsen (A507)"},"content":{"rendered":"<p>Der Gl\u00fccks-Pilz wurde mit Kleeblatt und Pilz versch\u00f6nert.<\/p>\n<p>Die Anleitung ist ausf\u00fchrlich mit vielen Bildern hinterlegt<\/p>\n<p>und\u00a0\u00a0ist schon f\u00fcr ge\u00fcbte Anf\u00e4nger geeignet<\/p>\n<p>&nbsp;<\/p>\n<p>viele Bilder und Ideen von flei\u00dfigen Helfer und H\u00e4nden findet ihr hier<\/p>\n<p><strong><a href=\"https:\/\/dadade.eu\/?p=6244\">VIELE TOLLE BILDER<\/a><\/strong><\/p>\n<p>&nbsp;<\/p>\n<p>&nbsp;<\/p>\n<p>&nbsp;<\/p>\n","protected":false},"excerpt":{"rendered":"<div id=\"cc-m-13954443088\" class=\"j-module n j-text \">\n<p>Hier kauft man die H\u00e4kelanleitung f\u00fcr diesen tollen Schornsteinfeger,<\/p>\n<p>Schorschi, bringt nicht nur an Silvester Gl\u00fcck.<\/p>\n<p>Er geh\u00f6rt ebenfalls zu meinen Gl\u00fccks-Knirpsen.<\/p>\n<p>Ein Gl\u00fccksbringer\u00a0 zum Kuscheln, oder einfach als Deko.<\/p>\n<p>Mit dem Kauf erh\u00e4lt man eine leicht verst\u00e4ndliche H\u00e4kelanleitung im praktischen PDF-Format.<\/p>\n<p>Die Anleitung ist auch schon f\u00fcr Anf\u00e4nger geeignet.<\/p>\n<p>Leiter und der Kaminbesen sind in der Anleitung enthalten.<\/p>\n<p>&nbsp;<\/p>\n<p>Mit Nadelst\u00e4rke 4 geh\u00e4kelt, wird Schorschi ungef\u00e4hr;<\/p>\n<p>35cm hoch im sitzen, im stehen 35cm hoch<\/p>\n<\/div>\n<div id=\"cc-m-13954443188\" class=\"j-module n j-text \">\n<p>&nbsp;<\/p>\n<\/div>\n","protected":false},"featured_media":6186,"template":"","meta":[],"product_brand":[],"product_cat":[56,36,35,380,69,386,504],"product_tag":[90,89,87,94,93,137,138,92,139,140,136,134,135,95,96],"class_list":{"0":"post-6185","1":"product","2":"type-product","3":"status-publish","4":"has-post-thumbnail","6":"product_cat-2einfach","7":"product_cat-a5-die-lustigen-knirpse","8":"product_cat-amigurumi","9":"product_cat-kuschel-puppe","10":"product_cat-mittel","11":"product_cat-silvester","12":"product_cat-winter-weihnachten-krippe","13":"product_tag-amigurumi","14":"product_tag-baby","15":"product_tag-geschenk","16":"product_tag-haekelanleitung","17":"product_tag-haekeln","18":"product_tag-kaminkehrer","19":"product_tag-kaminkehrer-haekeln","20":"product_tag-kinder","21":"product_tag-kuschelpuppe","22":"product_tag-puppe-haekeln","23":"product_tag-schornsteinfeger","24":"product_tag-schornsteinfeger-haekeln","25":"product_tag-silvester","26":"product_tag-wolle","27":"product_tag-wollreste","29":"first","30":"instock","31":"downloadable","32":"purchasable","33":"product-type-simple"},"_links":{"self":[{"href":"https:\/\/dadade.eu\/index.php?rest_route=\/wp\/v2\/product\/6185","targetHints":{"allow":["GET"]}}],"collection":[{"href":"https:\/\/dadade.eu\/index.php?rest_route=\/wp\/v2\/product"}],"about":[{"href":"https:\/\/dadade.eu\/index.php?rest_route=\/wp\/v2\/types\/product"}],"wp:featuredmedia":[{"embeddable":true,"href":"https:\/\/dadade.eu\/index.php?rest_route=\/wp\/v2\/media\/6186"}],"wp:attachment":[{"href":"https:\/\/dadade.eu\/index.php?rest_route=%2Fwp%2Fv2%2Fmedia&parent=6185"}],"wp:term":[{"taxonomy":"product_brand","embeddable":true,"href":"https:\/\/dadade.eu\/index.php?rest_route=%2Fwp%2Fv2%2Fproduct_brand&post=6185"},{"taxonomy":"product_cat","embeddable":true,"href":"https:\/\/dadade.eu\/index.php?rest_route=%2Fwp%2Fv2%2Fproduct_cat&post=6185"},{"taxonomy":"product_tag","embeddable":true,"href":"https:\/\/dadade.eu\/index.php?rest_route=%2Fwp%2Fv2%2Fproduct_tag&post=6185"}],"curies":[{"name":"wp","href":"https:\/\/api.w.org\/{rel}","templated":true}]}}