{"id":6184,"date":"2022-02-01T11:02:01","date_gmt":"2022-02-01T10:02:01","guid":{"rendered":"https:\/\/dadade.eu\/?post_type=product&#038;p=6184"},"modified":"2025-02-24T14:23:24","modified_gmt":"2025-02-24T13:23:24","slug":"gluecks-hase-yoshi-von-den-gluecksknirpsen","status":"publish","type":"product","link":"https:\/\/dadade.eu\/?product=gluecks-hase-yoshi-von-den-gluecksknirpsen","title":{"rendered":"Hase Yoshi von den Gl\u00fccksknirpsen (A505)"},"content":{"rendered":"<p><img fetchpriority=\"high\" decoding=\"async\" class=\"alignnone size-medium wp-image-9642\" src=\"https:\/\/dadade.eu\/wp-content\/uploads\/2022\/03\/x4-Hasen-Kopieb-300x225.jpg\" alt=\"\" width=\"300\" height=\"225\" srcset=\"https:\/\/dadade.eu\/wp-content\/uploads\/2022\/03\/x4-Hasen-Kopieb-300x225.jpg 300w, https:\/\/dadade.eu\/wp-content\/uploads\/2022\/03\/x4-Hasen-Kopieb-600x450.jpg 600w, https:\/\/dadade.eu\/wp-content\/uploads\/2022\/03\/x4-Hasen-Kopieb-64x48.jpg 64w, https:\/\/dadade.eu\/wp-content\/uploads\/2022\/03\/x4-Hasen-Kopieb-1024x768.jpg 1024w, https:\/\/dadade.eu\/wp-content\/uploads\/2022\/03\/x4-Hasen-Kopieb-768x576.jpg 768w, https:\/\/dadade.eu\/wp-content\/uploads\/2022\/03\/x4-Hasen-Kopieb.jpg 1400w\" sizes=\"(max-width: 300px) 100vw, 300px\" \/>Gl\u00fccks-Hase Yoshi ist eines meiner s\u00fc\u00dfen Osterh\u00e4schen in verschiedenen Gr\u00f6\u00dfen<\/p>\n<p>Der Gl\u00fccks-Hase wurde mit Kleeblatt und Pilz versch\u00f6nert.<\/p>\n<p>Die Anleitung ist ausf\u00fchrlich mit vielen Bildern hinterlegt und schon f\u00fcr Anf\u00e4nger geeignet<\/p>\n<p><img decoding=\"async\" class=\"alignnone wp-image-13523\" src=\"https:\/\/dadade.eu\/wp-content\/uploads\/2022\/03\/xGluecks-Hase-Yoshi-11c-300x225.jpg\" alt=\"\" width=\"241\" height=\"181\" srcset=\"https:\/\/dadade.eu\/wp-content\/uploads\/2022\/03\/xGluecks-Hase-Yoshi-11c-300x225.jpg 300w, https:\/\/dadade.eu\/wp-content\/uploads\/2022\/03\/xGluecks-Hase-Yoshi-11c-600x450.jpg 600w, https:\/\/dadade.eu\/wp-content\/uploads\/2022\/03\/xGluecks-Hase-Yoshi-11c-64x48.jpg 64w, https:\/\/dadade.eu\/wp-content\/uploads\/2022\/03\/xGluecks-Hase-Yoshi-11c-1024x768.jpg 1024w, https:\/\/dadade.eu\/wp-content\/uploads\/2022\/03\/xGluecks-Hase-Yoshi-11c-768x576.jpg 768w, https:\/\/dadade.eu\/wp-content\/uploads\/2022\/03\/xGluecks-Hase-Yoshi-11c.jpg 1400w\" sizes=\"(max-width: 241px) 100vw, 241px\" \/>Yoshi gibt es auch in Maxi, mit der Himalaya Big geh\u00e4kelt wird er ungef\u00e4hr 42cm im\u00a0Sitzen<\/p>\n<p>viele Bilder und Ideen von flei\u00dfigen Helfer und H\u00e4nden findet ihr hier<\/p>\n<p><strong><a href=\"https:\/\/dadade.eu\/?p=6244\">VIELE TOLLE BILDER<\/a><\/strong><\/p>\n<p>&nbsp;<\/p>\n<p>&nbsp;<\/p>\n<p>&nbsp;<\/p>\n","protected":false},"excerpt":{"rendered":"<div id=\"cc-m-13954443088\" class=\"j-module n j-text \">\n<p>Hier kauft man die H\u00e4kelanleitung f\u00fcr diesen s\u00fc\u00dfen, langohrigen Hasen<\/p>\n<p>Der\u00a0Hase hat nur Unsinn im Kopf, er ist neugierig und mopst auch schonmal gerne die Eier aus dem Osternest.<\/p>\n<p>Er geh\u00f6rt zu meiner Serie Gl\u00fccks-Knirpse, die als Maskottchen f\u00fcr eine Krabbelgruppe entwickelt wurden.<\/p>\n<p>Alle Gl\u00fccks-Knirpse eignen sich super f\u00fcr Wollreste zu verarbeiten.<\/p>\n<p>Mit dem Kauf erh\u00e4lt man eine leicht verst\u00e4ndliche H\u00e4kelanleitung im praktischen PDF-Format.<\/p>\n<p>Die Anleitung ist auch schon f\u00fcr Anf\u00e4nger geeignet.<\/p>\n<p>Mit Nadelst\u00e4rke 4 geh\u00e4kelt, wird Yoshi im Stehen ungef\u00e4hr; 32cm hoch im stehen, im sitzen 26cm<\/p>\n<\/div>\n<div id=\"cc-m-13954443188\" class=\"j-module n j-text \">\n<p>&nbsp;<\/p>\n<\/div>\n","protected":false},"featured_media":6148,"template":"","meta":[],"product_brand":[],"product_cat":[55,36,35,501,69],"product_tag":[90,89,87,112,111,94,93,113,110,92,88,114,91,95,96],"class_list":{"0":"post-6184","1":"product","2":"type-product","3":"status-publish","4":"has-post-thumbnail","6":"product_cat-1sehr-einfach","7":"product_cat-a5-die-lustigen-knirpse","8":"product_cat-amigurumi","9":"product_cat-ostern-amigurumi","10":"product_cat-mittel","11":"product_tag-amigurumi","12":"product_tag-baby","13":"product_tag-geschenk","14":"product_tag-gluecks-hase","15":"product_tag-glueckshase","16":"product_tag-haekelanleitung","17":"product_tag-haekeln","18":"product_tag-hase","19":"product_tag-hase-haekeln","20":"product_tag-kinder","21":"product_tag-kuscheltier-haekeln","22":"product_tag-ostern","23":"product_tag-plueschtier","24":"product_tag-wolle","25":"product_tag-wollreste","27":"first","28":"instock","29":"downloadable","30":"purchasable","31":"product-type-simple"},"_links":{"self":[{"href":"https:\/\/dadade.eu\/index.php?rest_route=\/wp\/v2\/product\/6184","targetHints":{"allow":["GET"]}}],"collection":[{"href":"https:\/\/dadade.eu\/index.php?rest_route=\/wp\/v2\/product"}],"about":[{"href":"https:\/\/dadade.eu\/index.php?rest_route=\/wp\/v2\/types\/product"}],"wp:featuredmedia":[{"embeddable":true,"href":"https:\/\/dadade.eu\/index.php?rest_route=\/wp\/v2\/media\/6148"}],"wp:attachment":[{"href":"https:\/\/dadade.eu\/index.php?rest_route=%2Fwp%2Fv2%2Fmedia&parent=6184"}],"wp:term":[{"taxonomy":"product_brand","embeddable":true,"href":"https:\/\/dadade.eu\/index.php?rest_route=%2Fwp%2Fv2%2Fproduct_brand&post=6184"},{"taxonomy":"product_cat","embeddable":true,"href":"https:\/\/dadade.eu\/index.php?rest_route=%2Fwp%2Fv2%2Fproduct_cat&post=6184"},{"taxonomy":"product_tag","embeddable":true,"href":"https:\/\/dadade.eu\/index.php?rest_route=%2Fwp%2Fv2%2Fproduct_tag&post=6184"}],"curies":[{"name":"wp","href":"https:\/\/api.w.org\/{rel}","templated":true}]}}