{"id":6089,"date":"2022-12-25T18:11:02","date_gmt":"2022-12-25T17:11:02","guid":{"rendered":"https:\/\/dadade.eu\/?post_type=product&#038;p=6089"},"modified":"2025-12-14T11:54:19","modified_gmt":"2025-12-14T10:54:19","slug":"gluecks-pilz-phylicia-von-den-gluecksknirpsen","status":"publish","type":"product","link":"https:\/\/dadade.eu\/?product=gluecks-pilz-phylicia-von-den-gluecksknirpsen","title":{"rendered":"Pilz Phylicia von den Gl\u00fccksknirpsen (A506)"},"content":{"rendered":"<p>Der Gl\u00fccks-Pilz wurde mit Kleeblatt und Pilz versch\u00f6nert.<\/p>\n<p>Die Anleitung ist ausf\u00fchrlich mit vielen Bildern hinterlegt<\/p>\n<p>und wird auf 15 Seiten Schritt-f\u00fcr-Schritt beschrieben!<\/p>\n<p>die Anleitung ist schon f\u00fcr ge\u00fcbte Anf\u00e4nger geeignet<\/p>\n<p>&nbsp;<\/p>\n<p>viele Bilder und Ideen von flei\u00dfigen Helfer und H\u00e4nden findet ihr hier<\/p>\n<p><strong><a href=\"https:\/\/dadade.eu\/?p=6244\">VIELE TOLLE BILDER<\/a><\/strong><\/p>\n<p>mehr Bilder von flei\u00dfigen Helfer von Pilzen findet ihr hier<\/p>\n<p><strong><a href=\"https:\/\/dadade.eu\/?p=13970\">KLICKE HIER<\/a><\/strong><\/p>\n<p>&nbsp;<\/p>\n<p>&nbsp;<\/p>\n","protected":false},"excerpt":{"rendered":"<div id=\"cc-m-13954443088\" class=\"j-module n j-text \">\n<p>Hier kauft man die H\u00e4kelanleitung f\u00fcr diesen super Pilz,<\/p>\n<p>Der Gl\u00fccks-Pilz geh\u00f6rt ebenfalls zu meinen Gl\u00fccks-Knirpsen.<\/p>\n<p>Phylicia ist zum Kuscheln bereit, oder als einfach als Deko.<\/p>\n<p>Der Pilz hat ganz sch\u00f6n Probleme mit seinem Hut, er sitzt immer schief, oder man zieht ihn auch ganz aus.<\/p>\n<p>Mit dem Kauf erh\u00e4lt man eine leicht verst\u00e4ndliche H\u00e4kelanleitung im praktischen PDF-Format.<\/p>\n<p>Die Anleitung ist auch schon f\u00fcr Anf\u00e4nger geeignet.<\/p>\n<p>&nbsp;<\/p>\n<p>Mit Nadelst\u00e4rke 4 geh\u00e4kelt, wird der Pilz im Stehen ungef\u00e4hr; 30cm hoch<\/p>\n<\/div>\n<div id=\"cc-m-13954443188\" class=\"j-module n j-text \">\n<p>Mit Nadelst\u00e4rke 2 geh\u00e4kelt, wird der Pilz im Stehen ungef\u00e4hr; 14cm hoch<\/p>\n<\/div>\n","protected":false},"featured_media":6127,"template":"","meta":[],"product_brand":[],"product_cat":[55,36,35,505,52,69,1630],"product_tag":[90,87,124,123,94,93,126,92,88,125,122,95,96],"class_list":{"0":"post-6089","1":"product","2":"type-product","3":"status-publish","4":"has-post-thumbnail","6":"product_cat-1sehr-einfach","7":"product_cat-a5-die-lustigen-knirpse","8":"product_cat-amigurumi","9":"product_cat-herbst","10":"product_cat-herbst-halloween","11":"product_cat-mittel","12":"product_cat-silvester-amigurumi","13":"product_tag-amigurumi","14":"product_tag-geschenk","15":"product_tag-gluecks-pilz","16":"product_tag-glueckspilz","17":"product_tag-haekelanleitung","18":"product_tag-haekeln","19":"product_tag-herbst","20":"product_tag-kinder","21":"product_tag-kuscheltier-haekeln","22":"product_tag-pilz","23":"product_tag-pilz-haekeln","24":"product_tag-wolle","25":"product_tag-wollreste","27":"first","28":"instock","29":"downloadable","30":"shipping-taxable","31":"purchasable","32":"product-type-simple"},"_links":{"self":[{"href":"https:\/\/dadade.eu\/index.php?rest_route=\/wp\/v2\/product\/6089","targetHints":{"allow":["GET"]}}],"collection":[{"href":"https:\/\/dadade.eu\/index.php?rest_route=\/wp\/v2\/product"}],"about":[{"href":"https:\/\/dadade.eu\/index.php?rest_route=\/wp\/v2\/types\/product"}],"wp:featuredmedia":[{"embeddable":true,"href":"https:\/\/dadade.eu\/index.php?rest_route=\/wp\/v2\/media\/6127"}],"wp:attachment":[{"href":"https:\/\/dadade.eu\/index.php?rest_route=%2Fwp%2Fv2%2Fmedia&parent=6089"}],"wp:term":[{"taxonomy":"product_brand","embeddable":true,"href":"https:\/\/dadade.eu\/index.php?rest_route=%2Fwp%2Fv2%2Fproduct_brand&post=6089"},{"taxonomy":"product_cat","embeddable":true,"href":"https:\/\/dadade.eu\/index.php?rest_route=%2Fwp%2Fv2%2Fproduct_cat&post=6089"},{"taxonomy":"product_tag","embeddable":true,"href":"https:\/\/dadade.eu\/index.php?rest_route=%2Fwp%2Fv2%2Fproduct_tag&post=6089"}],"curies":[{"name":"wp","href":"https:\/\/api.w.org\/{rel}","templated":true}]}}