{"id":6019,"date":"2022-03-03T17:12:55","date_gmt":"2022-03-03T16:12:55","guid":{"rendered":"https:\/\/dadade.eu\/?post_type=product&#038;p=6019"},"modified":"2023-02-07T20:25:46","modified_gmt":"2023-02-07T19:25:46","slug":"gluecks-vogel-bea-von-den-gluecksknirpsen","status":"publish","type":"product","link":"https:\/\/dadade.eu\/?product=gluecks-vogel-bea-von-den-gluecksknirpsen","title":{"rendered":"Vogel Bea von den Gl\u00fccksknirpsen (A503)"},"content":{"rendered":"<p>Der Gl\u00fccks-Vogel\u00a0wurde mit Kleeblatt und Pilz versch\u00f6nert.<\/p>\n<p>Der Gl\u00fccks-Vogel sowie der Gl\u00fccks-K\u00e4fer eignen sich super f\u00fcr Wollreste zu verarbeiten.<\/p>\n<p>Die Anleitung ist ausf\u00fchrlich mit vielen Bildern hinterlegt<\/p>\n<p>und wird auf 15 Seiten Schritt-f\u00fcr-Schritt beschrieben!<\/p>\n<p>die Anleitung ist schon f\u00fcr ge\u00fcbte Anf\u00e4nger geeignet<\/p>\n<p>&nbsp;<\/p>\n<p>viele Bilder und Ideen von flei\u00dfigen Helfer und H\u00e4nden findet ihr hier<\/p>\n<p><strong><a href=\"https:\/\/dadade.eu\/?p=6244\">VIELE TOLLE BILDER<\/a><\/strong><\/p>\n<p>&nbsp;<\/p>\n<p>&nbsp;<\/p>\n<p>&nbsp;<\/p>\n","protected":false},"excerpt":{"rendered":"<div id=\"cc-m-13954443088\" class=\"j-module n j-text \">\n<p>Hier kauft man die H\u00e4kelanleitung f\u00fcr diesen putzigen Vogel,<\/p>\n<p>Der Gl\u00fccks-Vogel geh\u00f6rt zu meinen Gl\u00fccks-Knirpsen.<\/p>\n<p>Bea ist zum Kuscheln bereit, er hat die B\u00e4ckchen voll und ist richtig wuschig durch die vielen\u00a0strubblige Federn.<\/p>\n<p>Mit dem Kauf erh\u00e4lt man eine leicht verst\u00e4ndliche H\u00e4kelanleitung im praktischen PDF-Format.<\/p>\n<p>Die Anleitung ist auch schon f\u00fcr Anf\u00e4nger geeignet.<\/p>\n<p>Mit Nadelst\u00e4rke 4 geh\u00e4kelt, wird Bea ungef\u00e4hr;<\/p>\n<p>im Sitzen 26 cm hoch<\/p>\n<\/div>\n<div id=\"cc-m-13954443188\" class=\"j-module n j-text \">\n<p>&nbsp;<\/p>\n<\/div>\n","protected":false},"featured_media":6160,"template":"","meta":[],"product_brand":[],"product_cat":[56,36,35,501,69],"product_tag":[90,89,87,104,103,94,93,92,88,91,105,102,95,96],"class_list":{"0":"post-6019","1":"product","2":"type-product","3":"status-publish","4":"has-post-thumbnail","6":"product_cat-2einfach","7":"product_cat-a5-die-lustigen-knirpse","8":"product_cat-amigurumi","9":"product_cat-ostern-amigurumi","10":"product_cat-mittel","11":"product_tag-amigurumi","12":"product_tag-baby","13":"product_tag-geschenk","14":"product_tag-gluecks-vogel","15":"product_tag-gluecksvogel","16":"product_tag-haekelanleitung","17":"product_tag-haekeln","18":"product_tag-kinder","19":"product_tag-kuscheltier-haekeln","20":"product_tag-plueschtier","21":"product_tag-vogel","22":"product_tag-vogel-haekeln","23":"product_tag-wolle","24":"product_tag-wollreste","26":"first","27":"instock","28":"downloadable","29":"purchasable","30":"product-type-simple"},"_links":{"self":[{"href":"https:\/\/dadade.eu\/index.php?rest_route=\/wp\/v2\/product\/6019","targetHints":{"allow":["GET"]}}],"collection":[{"href":"https:\/\/dadade.eu\/index.php?rest_route=\/wp\/v2\/product"}],"about":[{"href":"https:\/\/dadade.eu\/index.php?rest_route=\/wp\/v2\/types\/product"}],"wp:featuredmedia":[{"embeddable":true,"href":"https:\/\/dadade.eu\/index.php?rest_route=\/wp\/v2\/media\/6160"}],"wp:attachment":[{"href":"https:\/\/dadade.eu\/index.php?rest_route=%2Fwp%2Fv2%2Fmedia&parent=6019"}],"wp:term":[{"taxonomy":"product_brand","embeddable":true,"href":"https:\/\/dadade.eu\/index.php?rest_route=%2Fwp%2Fv2%2Fproduct_brand&post=6019"},{"taxonomy":"product_cat","embeddable":true,"href":"https:\/\/dadade.eu\/index.php?rest_route=%2Fwp%2Fv2%2Fproduct_cat&post=6019"},{"taxonomy":"product_tag","embeddable":true,"href":"https:\/\/dadade.eu\/index.php?rest_route=%2Fwp%2Fv2%2Fproduct_tag&post=6019"}],"curies":[{"name":"wp","href":"https:\/\/api.w.org\/{rel}","templated":true}]}}