{"id":5957,"date":"2022-03-01T22:29:25","date_gmt":"2022-03-01T21:29:25","guid":{"rendered":"https:\/\/dadade.eu\/?post_type=product&#038;p=5957"},"modified":"2025-04-24T17:45:08","modified_gmt":"2025-04-24T15:45:08","slug":"a501p-gluecks-ritter-felix-mit-pferd","status":"publish","type":"product","link":"https:\/\/dadade.eu\/?product=a501p-gluecks-ritter-felix-mit-pferd","title":{"rendered":"Gl\u00fccks &#8211; Ritter Felix Lucky mit Pferd (A501P)"},"content":{"rendered":"<p style=\"padding-left: 40px;\"><img decoding=\"async\" class=\"alignleft wp-image-5929\" src=\"https:\/\/dadade.eu\/wp-content\/uploads\/2023\/01\/xRitter-mit-Schwert-5Glueck-300x225.jpg\" alt=\"\" width=\"228\" height=\"171\" srcset=\"https:\/\/dadade.eu\/wp-content\/uploads\/2023\/01\/xRitter-mit-Schwert-5Glueck-300x225.jpg 300w, https:\/\/dadade.eu\/wp-content\/uploads\/2023\/01\/xRitter-mit-Schwert-5Glueck-600x450.jpg 600w, https:\/\/dadade.eu\/wp-content\/uploads\/2023\/01\/xRitter-mit-Schwert-5Glueck-64x48.jpg 64w, https:\/\/dadade.eu\/wp-content\/uploads\/2023\/01\/xRitter-mit-Schwert-5Glueck-1024x768.jpg 1024w, https:\/\/dadade.eu\/wp-content\/uploads\/2023\/01\/xRitter-mit-Schwert-5Glueck-768x576.jpg 768w, https:\/\/dadade.eu\/wp-content\/uploads\/2023\/01\/xRitter-mit-Schwert-5Glueck.jpg 1400w\" sizes=\"(max-width: 228px) 100vw, 228px\" \/> <img decoding=\"async\" class=\"alignleft wp-image-6302\" src=\"https:\/\/dadade.eu\/wp-content\/uploads\/2023\/01\/Stecken-Pferd-weiss-Ritter-23-300x225.jpg\" alt=\"\" width=\"227\" height=\"170\" srcset=\"https:\/\/dadade.eu\/wp-content\/uploads\/2023\/01\/Stecken-Pferd-weiss-Ritter-23-300x225.jpg 300w, https:\/\/dadade.eu\/wp-content\/uploads\/2023\/01\/Stecken-Pferd-weiss-Ritter-23-600x450.jpg 600w, https:\/\/dadade.eu\/wp-content\/uploads\/2023\/01\/Stecken-Pferd-weiss-Ritter-23-64x48.jpg 64w, https:\/\/dadade.eu\/wp-content\/uploads\/2023\/01\/Stecken-Pferd-weiss-Ritter-23-1024x768.jpg 1024w, https:\/\/dadade.eu\/wp-content\/uploads\/2023\/01\/Stecken-Pferd-weiss-Ritter-23-768x576.jpg 768w, https:\/\/dadade.eu\/wp-content\/uploads\/2023\/01\/Stecken-Pferd-weiss-Ritter-23.jpg 1400w\" sizes=\"(max-width: 227px) 100vw, 227px\" \/><\/p>\n<p>&nbsp;<\/p>\n<p>Nat\u00fcrlich gibt es den\u00a0 <strong><a href=\"https:\/\/dadade.eu\/?product=a501-gluecks-ritter-felix\">A501-Gl\u00fccks-Ritter Felix Lucky <\/a><\/strong>(A501),<\/p>\n<p>sowie das <strong><a href=\"https:\/\/dadade.eu\/?product=stecken-pferd\">Stecken-Pferd<\/a><\/strong> (A165)\u00a0 auch einzeln<\/p>\n<p>Die Anleitung ist ausf\u00fchrlich mit vielen Bildern hinterlegt<\/p>\n<p>und wird auf 24 Seiten (Ritter) und 18 Seiten(Pferd) Schritt-f\u00fcr-Schritt beschrieben!<\/p>\n<p>die Anleitung ist schon f\u00fcr ge\u00fcbte Anf\u00e4nger geeignet<\/p>\n<p>es liegt auch eine Extra-Seite f\u00fcr eine Hand ohne Finger dabei<\/p>\n<p>viele Bilder und Ideen von flei\u00dfigen Helfer und H\u00e4nden findet ihr hier<\/p>\n<p><strong><a href=\"https:\/\/dadade.eu\/?p=6244\">VIELE TOLLE BILDER<\/a><\/strong><\/p>\n<p>&nbsp;<\/p>\n<p>&nbsp;<\/p>\n<p>&nbsp;<\/p>\n","protected":false},"excerpt":{"rendered":"<div id=\"cc-m-13954443088\">\n<p>Hier kauft man die H\u00e4kelanleitung von Ritter Felix Lucky mit Pferd.<\/p>\n<p>Der\u00a0Ritter\u00a0ist\u00a0ein tolles Geschenk, nicht nur f\u00fcr kleine Jungs.<\/p>\n<p>Er geh\u00f6rt zu meiner Serie Gl\u00fccks-Knirpse, und was w\u00e4re ein Ritter ohne Pferd<\/p>\n<p>zu dieser Anleitung geh\u00f6rt au\u00dfer der Ritter mit Schwert und Schild<\/p>\n<p>auch doch ein Pferd,<\/p>\n<h3><\/h3>\n<\/div>\n<div id=\"cc-m-13954443188\" class=\"j-module n j-text \">\n<p>Mit Nadelst\u00e4rke\u00a04 geh\u00e4kelt, wird der\u00a0Ritter\u00a0ungef\u00e4hr;<\/p>\n<p>im Stehen ungef\u00e4hr; 35cm hoch, im Sitzen ungef\u00e4hr; 30cm hoch<\/p>\n<p>Mit Nadelst\u00e4rke 4 geh\u00e4kelt, wird der Pferde-Kopf ungef\u00e4hr; 17cm hoch, mit Ohren.<\/p>\n<p>&nbsp;<\/p>\n<p>Mit dem Kauf erh\u00e4lt man eine leicht verst\u00e4ndliche H\u00e4kelanleitung im praktischen PDF-Format.<\/p>\n<p>Die Anleitung ist auch schon f\u00fcr Anf\u00e4nger geeignet.<\/p>\n<p>&nbsp;<\/p>\n<\/div>\n","protected":false},"featured_media":6174,"template":"","meta":[],"product_brand":[],"product_cat":[56,36,35,380,69],"product_tag":[90,87,94,93,92,139,88,173,167,91,140,171,172,169,170,168,95,96],"class_list":{"0":"post-5957","1":"product","2":"type-product","3":"status-publish","4":"has-post-thumbnail","6":"product_cat-2einfach","7":"product_cat-a5-die-lustigen-knirpse","8":"product_cat-amigurumi","9":"product_cat-kuschel-puppe","10":"product_cat-mittel","11":"product_tag-amigurumi","12":"product_tag-geschenk","13":"product_tag-haekelanleitung","14":"product_tag-haekeln","15":"product_tag-kinder","16":"product_tag-kuschelpuppe","17":"product_tag-kuscheltier-haekeln","18":"product_tag-mittelalter","19":"product_tag-pferd-haekeln","20":"product_tag-plueschtier","21":"product_tag-puppe-haekeln","22":"product_tag-ritter","23":"product_tag-ritter-haekeln","24":"product_tag-stecken-pferd","25":"product_tag-stecken-pferd-haekeln","26":"product_tag-steckenpferd","27":"product_tag-wolle","28":"product_tag-wollreste","30":"first","31":"instock","32":"downloadable","33":"purchasable","34":"product-type-simple"},"_links":{"self":[{"href":"https:\/\/dadade.eu\/index.php?rest_route=\/wp\/v2\/product\/5957","targetHints":{"allow":["GET"]}}],"collection":[{"href":"https:\/\/dadade.eu\/index.php?rest_route=\/wp\/v2\/product"}],"about":[{"href":"https:\/\/dadade.eu\/index.php?rest_route=\/wp\/v2\/types\/product"}],"wp:featuredmedia":[{"embeddable":true,"href":"https:\/\/dadade.eu\/index.php?rest_route=\/wp\/v2\/media\/6174"}],"wp:attachment":[{"href":"https:\/\/dadade.eu\/index.php?rest_route=%2Fwp%2Fv2%2Fmedia&parent=5957"}],"wp:term":[{"taxonomy":"product_brand","embeddable":true,"href":"https:\/\/dadade.eu\/index.php?rest_route=%2Fwp%2Fv2%2Fproduct_brand&post=5957"},{"taxonomy":"product_cat","embeddable":true,"href":"https:\/\/dadade.eu\/index.php?rest_route=%2Fwp%2Fv2%2Fproduct_cat&post=5957"},{"taxonomy":"product_tag","embeddable":true,"href":"https:\/\/dadade.eu\/index.php?rest_route=%2Fwp%2Fv2%2Fproduct_tag&post=5957"}],"curies":[{"name":"wp","href":"https:\/\/api.w.org\/{rel}","templated":true}]}}