{"id":5921,"date":"2022-03-01T20:31:36","date_gmt":"2022-03-01T19:31:36","guid":{"rendered":"https:\/\/dadade.eu\/?post_type=product&#038;p=5921"},"modified":"2025-03-29T09:57:24","modified_gmt":"2025-03-29T08:57:24","slug":"a501-gluecks-ritter-felix","status":"publish","type":"product","link":"https:\/\/dadade.eu\/?product=a501-gluecks-ritter-felix","title":{"rendered":"Ritter Felix Lucky von den Gl\u00fccksknirpsen (A501)"},"content":{"rendered":"<p><img fetchpriority=\"high\" decoding=\"async\" class=\"alignleft wp-image-6175 size-medium\" src=\"https:\/\/dadade.eu\/wp-content\/uploads\/2022\/03\/xRitter-mit-2Pferden-2-300x225.jpg\" alt=\"\" width=\"300\" height=\"225\" srcset=\"https:\/\/dadade.eu\/wp-content\/uploads\/2022\/03\/xRitter-mit-2Pferden-2-300x225.jpg 300w, https:\/\/dadade.eu\/wp-content\/uploads\/2022\/03\/xRitter-mit-2Pferden-2-600x450.jpg 600w, https:\/\/dadade.eu\/wp-content\/uploads\/2022\/03\/xRitter-mit-2Pferden-2-64x48.jpg 64w, https:\/\/dadade.eu\/wp-content\/uploads\/2022\/03\/xRitter-mit-2Pferden-2-1024x768.jpg 1024w, https:\/\/dadade.eu\/wp-content\/uploads\/2022\/03\/xRitter-mit-2Pferden-2-768x576.jpg 768w, https:\/\/dadade.eu\/wp-content\/uploads\/2022\/03\/xRitter-mit-2Pferden-2.jpg 1400w\" sizes=\"(max-width: 300px) 100vw, 300px\" \/><\/p>\n<p>&nbsp;<\/p>\n<p>&nbsp;<\/p>\n<p>den Gl\u00fccksritter Felix Lucky gibt es auch\u00a0<strong><a href=\"https:\/\/dadade.eu\/?product=a501p-gluecks-ritter-felix-mit-pferd\">mit einem Steckenpferd<\/a> <\/strong>(A165)<\/p>\n<p>&nbsp;<\/p>\n<p>Die Anleitung ist ausf\u00fchrlich mit vielen Bildern hinterlegt und wird auf\u00a024 Seiten Schritt-f\u00fcr-Schritt beschrieben!<\/p>\n<p>die Anleitung ist schon f\u00fcr ge\u00fcbte Anf\u00e4nger geeignet<\/p>\n<p>es liegt auch eine Extra-Seite f\u00fcr eine Hand ohne Finger dabei<\/p>\n<p>&nbsp;<\/p>\n<p>viele Bilder und Ideen von flei\u00dfigen Helfer und H\u00e4nden findet ihr hier<\/p>\n<p><strong><a href=\"https:\/\/dadade.eu\/?p=6244\">VIELE TOLLE BILDER<\/a><\/strong><\/p>\n<p>&nbsp;<\/p>\n<p>&nbsp;<\/p>\n<p>&nbsp;<\/p>\n","protected":false},"excerpt":{"rendered":"<div id=\"cc-m-13954443088\" class=\"j-module n j-text \">\n<p>Der Ritter ist ein tolles Geschenk, nicht nur f\u00fcr kleine Jungs.<\/p>\n<p>Er geh\u00f6rt zu meiner Serie Gl\u00fccks-Knirpse,<\/p>\n<p>die als Maskottchen f\u00fcr eine Krabbelgruppe entwickelt wurden.<\/p>\n<p>Der Gl\u00fccks-Ritter wurde mit Kleeblatt, Marienk\u00e4fer und Pilz versch\u00f6nert, zu dem Ritter geh\u00f6rt das Schwert und ein Schild<\/p>\n<p>&nbsp;<\/p>\n<p>Mit Nadelst\u00e4rke 4 geh\u00e4kelt, wird der Ritter ungef\u00e4hr;<\/p>\n<p>im Stehen ungef\u00e4hr; 35cm hoch<\/p>\n<p>im Sitzen ungef\u00e4hr; 30cm hoch<\/p>\n<\/div>\n<div id=\"cc-m-13954443188\" class=\"j-module n j-text \">\n<p>&nbsp;<\/p>\n<\/div>\n","protected":false},"featured_media":5927,"template":"","meta":[],"product_brand":[],"product_cat":[56,36,35,380,69],"product_tag":[90,87,94,93,92,139,174,173,140,171,172,95,96],"class_list":{"0":"post-5921","1":"product","2":"type-product","3":"status-publish","4":"has-post-thumbnail","6":"product_cat-2einfach","7":"product_cat-a5-die-lustigen-knirpse","8":"product_cat-amigurumi","9":"product_cat-kuschel-puppe","10":"product_cat-mittel","11":"product_tag-amigurumi","12":"product_tag-geschenk","13":"product_tag-haekelanleitung","14":"product_tag-haekeln","15":"product_tag-kinder","16":"product_tag-kuschelpuppe","17":"product_tag-kuschelpuppe-haekeln","18":"product_tag-mittelalter","19":"product_tag-puppe-haekeln","20":"product_tag-ritter","21":"product_tag-ritter-haekeln","22":"product_tag-wolle","23":"product_tag-wollreste","25":"first","26":"instock","27":"downloadable","28":"purchasable","29":"product-type-simple"},"_links":{"self":[{"href":"https:\/\/dadade.eu\/index.php?rest_route=\/wp\/v2\/product\/5921","targetHints":{"allow":["GET"]}}],"collection":[{"href":"https:\/\/dadade.eu\/index.php?rest_route=\/wp\/v2\/product"}],"about":[{"href":"https:\/\/dadade.eu\/index.php?rest_route=\/wp\/v2\/types\/product"}],"wp:featuredmedia":[{"embeddable":true,"href":"https:\/\/dadade.eu\/index.php?rest_route=\/wp\/v2\/media\/5927"}],"wp:attachment":[{"href":"https:\/\/dadade.eu\/index.php?rest_route=%2Fwp%2Fv2%2Fmedia&parent=5921"}],"wp:term":[{"taxonomy":"product_brand","embeddable":true,"href":"https:\/\/dadade.eu\/index.php?rest_route=%2Fwp%2Fv2%2Fproduct_brand&post=5921"},{"taxonomy":"product_cat","embeddable":true,"href":"https:\/\/dadade.eu\/index.php?rest_route=%2Fwp%2Fv2%2Fproduct_cat&post=5921"},{"taxonomy":"product_tag","embeddable":true,"href":"https:\/\/dadade.eu\/index.php?rest_route=%2Fwp%2Fv2%2Fproduct_tag&post=5921"}],"curies":[{"name":"wp","href":"https:\/\/api.w.org\/{rel}","templated":true}]}}