{"id":25303,"date":"2025-07-26T18:29:01","date_gmt":"2025-07-26T16:29:01","guid":{"rendered":"https:\/\/dadade.eu\/?post_type=product&#038;p=25303"},"modified":"2025-09-01T00:09:14","modified_gmt":"2025-08-31T22:09:14","slug":"drachen-baby-dralasel-die-handpuppe-b354-3","status":"publish","type":"product","link":"https:\/\/dadade.eu\/?product=drachen-baby-dralasel-die-handpuppe-b354-3","title":{"rendered":"die drei von der Baby-Bande (B330)"},"content":{"rendered":"<p>mit der angegebenen Wolle und Nadelst\u00e4rke 2,5<\/p>\n<p>ist Baby Marie ca 21cm gro\u00df, mit Windel und Schnuller,<\/p>\n<p><img fetchpriority=\"high\" decoding=\"async\" class=\"alignnone size-medium wp-image-25308\" src=\"https:\/\/dadade.eu\/wp-content\/uploads\/2025\/07\/x1.Baby-Marie-1b-300x225.jpg\" alt=\"\" width=\"300\" height=\"225\" srcset=\"https:\/\/dadade.eu\/wp-content\/uploads\/2025\/07\/x1.Baby-Marie-1b-300x225.jpg 300w, https:\/\/dadade.eu\/wp-content\/uploads\/2025\/07\/x1.Baby-Marie-1b-1024x768.jpg 1024w, https:\/\/dadade.eu\/wp-content\/uploads\/2025\/07\/x1.Baby-Marie-1b-768x576.jpg 768w, https:\/\/dadade.eu\/wp-content\/uploads\/2025\/07\/x1.Baby-Marie-1b-600x450.jpg 600w, https:\/\/dadade.eu\/wp-content\/uploads\/2025\/07\/x1.Baby-Marie-1b-64x48.jpg 64w, https:\/\/dadade.eu\/wp-content\/uploads\/2025\/07\/x1.Baby-Marie-1b.jpg 1400w\" sizes=\"(max-width: 300px) 100vw, 300px\" \/><\/p>\n<p>Baby Leonie ca 17cm gro\u00df, mit Pumphose und M\u00fctze,<\/p>\n<p><img decoding=\"async\" class=\"alignnone size-medium wp-image-25309\" src=\"https:\/\/dadade.eu\/wp-content\/uploads\/2025\/07\/x2.Baby-Leonie-2b-300x225.jpg\" alt=\"\" width=\"300\" height=\"225\" srcset=\"https:\/\/dadade.eu\/wp-content\/uploads\/2025\/07\/x2.Baby-Leonie-2b-300x225.jpg 300w, https:\/\/dadade.eu\/wp-content\/uploads\/2025\/07\/x2.Baby-Leonie-2b-1024x768.jpg 1024w, https:\/\/dadade.eu\/wp-content\/uploads\/2025\/07\/x2.Baby-Leonie-2b-768x576.jpg 768w, https:\/\/dadade.eu\/wp-content\/uploads\/2025\/07\/x2.Baby-Leonie-2b-600x450.jpg 600w, https:\/\/dadade.eu\/wp-content\/uploads\/2025\/07\/x2.Baby-Leonie-2b-64x48.jpg 64w, https:\/\/dadade.eu\/wp-content\/uploads\/2025\/07\/x2.Baby-Leonie-2b.jpg 1400w\" sizes=\"(max-width: 300px) 100vw, 300px\" \/><\/p>\n<p>und das kleinste Baby Felix ca 15cm gro\u00df, mit Anzug,<\/p>\n<p><img decoding=\"async\" class=\"alignnone size-medium wp-image-25310\" src=\"https:\/\/dadade.eu\/wp-content\/uploads\/2025\/07\/x3.Baby-Felix-1b-300x225.jpg\" alt=\"\" width=\"300\" height=\"225\" srcset=\"https:\/\/dadade.eu\/wp-content\/uploads\/2025\/07\/x3.Baby-Felix-1b-300x225.jpg 300w, https:\/\/dadade.eu\/wp-content\/uploads\/2025\/07\/x3.Baby-Felix-1b-1024x768.jpg 1024w, https:\/\/dadade.eu\/wp-content\/uploads\/2025\/07\/x3.Baby-Felix-1b-768x576.jpg 768w, https:\/\/dadade.eu\/wp-content\/uploads\/2025\/07\/x3.Baby-Felix-1b-600x450.jpg 600w, https:\/\/dadade.eu\/wp-content\/uploads\/2025\/07\/x3.Baby-Felix-1b-64x48.jpg 64w, https:\/\/dadade.eu\/wp-content\/uploads\/2025\/07\/x3.Baby-Felix-1b.jpg 1400w\" sizes=\"(max-width: 300px) 100vw, 300px\" \/><\/p>\n<p>&nbsp;<\/p>\n<p>&nbsp;<\/p>\n<p>Die Anleitung ist ausf\u00fchrlich mit vielen Bildern hinterlegt<\/p>\n<p>und wird auf 11 &#8211; 13 Seiten Schritt-f\u00fcr-Schritt beschrieben!<\/p>\n<p>Sie ist auch schon f\u00fcr Anf\u00e4nger geeignet.<\/p>\n<p>&nbsp;<\/p>\n<p>&nbsp;<\/p>\n<p>MEHR VARIANTEN UND IDEEN von flei\u00dfigen Helfer und H\u00e4nden?<\/p>\n<p><a href=\"https:\/\/dadade.eu\/?p=13064\"><b>Klicke hier<\/b><\/a><\/p>\n<p>&nbsp;<\/p>\n<p>&nbsp;<\/p>\n<p>&nbsp;<\/p>\n","protected":false},"excerpt":{"rendered":"<div id=\"cc-m-13954443088\">\n<p>Hier kauft man die H\u00e4kelanleitung f\u00fcr diese drei s\u00fc\u00dfen Babys,<\/p>\n<p>jedes der drei Babys hat eine andere Gr\u00f6\u00dfe und ein anderes Outfit,<\/p>\n<p>ob einzeln oder alle drei Babys zusammen, hier hat man die Wahl<\/p>\n<p>die Babys kann man auch mit einer Rassel f\u00fcllen<\/p>\n<p>&nbsp;<\/p>\n<p>&nbsp;<\/p>\n<p>Mit dem Kauf erh\u00e4lt man eine leicht verst\u00e4ndliche H\u00e4kelanleitung im praktischen PDF-Format.<\/p>\n<p>Die Anleitung ist eine Herausforderung und ich w\u00fcrde sie nicht f\u00fcr Anf\u00e4nger empfehlen<\/p>\n<\/div>\n<div id=\"cc-m-13954443188\" class=\"j-module n j-text \">\n<p>&nbsp;<\/p>\n<p>mit der Nadelst\u00e4rke 2,5 geh\u00e4kelt ist BabyMarie ca 21cm, BabyLeonie ca 17cm und Baby Felix 15cm<\/p>\n<\/div>\n","protected":false},"featured_media":25307,"template":"","meta":[],"product_brand":[],"product_cat":[56,42,44,66,69,1211],"product_tag":[90,89,242,87,94,93,92,245,180,88,243,244,91,392,95,96],"class_list":{"0":"post-25303","1":"product","2":"type-product","3":"status-publish","4":"has-post-thumbnail","6":"product_cat-2einfach","7":"product_cat-baby","8":"product_cat-baby-spielsachen","9":"product_cat-mini","10":"product_cat-mittel","11":"product_cat-neue-produkte","12":"product_tag-amigurumi","13":"product_tag-baby","14":"product_tag-dekoration-haekeln","15":"product_tag-geschenk","16":"product_tag-haekelanleitung","17":"product_tag-haekeln","18":"product_tag-kinder","19":"product_tag-kuschelige-haekeltiere","20":"product_tag-kuscheltier","21":"product_tag-kuscheltier-haekeln","22":"product_tag-kuschelwolle","23":"product_tag-kuschelwolle-haekeln","24":"product_tag-plueschtier","25":"product_tag-plueschtier-haekeln","26":"product_tag-wolle","27":"product_tag-wollreste","29":"first","30":"instock","31":"shipping-taxable","32":"purchasable","33":"product-type-variable"},"_links":{"self":[{"href":"https:\/\/dadade.eu\/index.php?rest_route=\/wp\/v2\/product\/25303","targetHints":{"allow":["GET"]}}],"collection":[{"href":"https:\/\/dadade.eu\/index.php?rest_route=\/wp\/v2\/product"}],"about":[{"href":"https:\/\/dadade.eu\/index.php?rest_route=\/wp\/v2\/types\/product"}],"wp:featuredmedia":[{"embeddable":true,"href":"https:\/\/dadade.eu\/index.php?rest_route=\/wp\/v2\/media\/25307"}],"wp:attachment":[{"href":"https:\/\/dadade.eu\/index.php?rest_route=%2Fwp%2Fv2%2Fmedia&parent=25303"}],"wp:term":[{"taxonomy":"product_brand","embeddable":true,"href":"https:\/\/dadade.eu\/index.php?rest_route=%2Fwp%2Fv2%2Fproduct_brand&post=25303"},{"taxonomy":"product_cat","embeddable":true,"href":"https:\/\/dadade.eu\/index.php?rest_route=%2Fwp%2Fv2%2Fproduct_cat&post=25303"},{"taxonomy":"product_tag","embeddable":true,"href":"https:\/\/dadade.eu\/index.php?rest_route=%2Fwp%2Fv2%2Fproduct_tag&post=25303"}],"curies":[{"name":"wp","href":"https:\/\/api.w.org\/{rel}","templated":true}]}}