{"id":25228,"date":"2025-08-11T14:51:11","date_gmt":"2025-08-11T12:51:11","guid":{"rendered":"https:\/\/dadade.eu\/?post_type=product&#038;p=25228"},"modified":"2025-09-11T00:00:39","modified_gmt":"2025-09-10T22:00:39","slug":"drachen-baby-dralasel-die-handpuppe-b354","status":"publish","type":"product","link":"https:\/\/dadade.eu\/?product=drachen-baby-dralasel-die-handpuppe-b354","title":{"rendered":"Storch Plapper-Gerdi, die Hand-Maul-Puppe (B355)"},"content":{"rendered":"<p>zu dem Storch Plapper-Gerdi gibt es auch noch zwei Baby\u00b4s,<\/p>\n<p><img fetchpriority=\"high\" decoding=\"async\" class=\"alignnone size-medium wp-image-25239\" src=\"https:\/\/dadade.eu\/wp-content\/uploads\/2025\/06\/xMarie-Leonie-1-300x225.jpg\" alt=\"\" width=\"300\" height=\"225\" srcset=\"https:\/\/dadade.eu\/wp-content\/uploads\/2025\/06\/xMarie-Leonie-1-300x225.jpg 300w, https:\/\/dadade.eu\/wp-content\/uploads\/2025\/06\/xMarie-Leonie-1-1024x768.jpg 1024w, https:\/\/dadade.eu\/wp-content\/uploads\/2025\/06\/xMarie-Leonie-1-768x576.jpg 768w, https:\/\/dadade.eu\/wp-content\/uploads\/2025\/06\/xMarie-Leonie-1-600x450.jpg 600w, https:\/\/dadade.eu\/wp-content\/uploads\/2025\/06\/xMarie-Leonie-1-64x48.jpg 64w, https:\/\/dadade.eu\/wp-content\/uploads\/2025\/06\/xMarie-Leonie-1.jpg 1400w\" sizes=\"(max-width: 300px) 100vw, 300px\" \/>beide Babys sind mit der gleichen Wolle aber in verschiedenen Gr\u00f6\u00dfen geh\u00e4kelt<\/p>\n<p>Plapper-Gerdi mit BabyMarie<\/p>\n<p><a href=\"https:\/\/youtu.be\/T1mZakiHvvA\" target=\"_blank\" rel=\"noopener\"><img decoding=\"async\" class=\"alignnone size-medium wp-image-25237\" src=\"https:\/\/dadade.eu\/wp-content\/uploads\/2025\/06\/xMaulpuppe-Storch-mit-Baby-12b-300x225.jpg\" alt=\"\" width=\"300\" height=\"225\" srcset=\"https:\/\/dadade.eu\/wp-content\/uploads\/2025\/06\/xMaulpuppe-Storch-mit-Baby-12b-300x225.jpg 300w, https:\/\/dadade.eu\/wp-content\/uploads\/2025\/06\/xMaulpuppe-Storch-mit-Baby-12b-1024x768.jpg 1024w, https:\/\/dadade.eu\/wp-content\/uploads\/2025\/06\/xMaulpuppe-Storch-mit-Baby-12b-768x576.jpg 768w, https:\/\/dadade.eu\/wp-content\/uploads\/2025\/06\/xMaulpuppe-Storch-mit-Baby-12b-600x450.jpg 600w, https:\/\/dadade.eu\/wp-content\/uploads\/2025\/06\/xMaulpuppe-Storch-mit-Baby-12b-64x48.jpg 64w, https:\/\/dadade.eu\/wp-content\/uploads\/2025\/06\/xMaulpuppe-Storch-mit-Baby-12b.jpg 1400w\" sizes=\"(max-width: 300px) 100vw, 300px\" \/><\/a><\/p>\n<p>Plapper-Gerdi mit BabyLeonie<\/p>\n<p><img decoding=\"async\" class=\"alignnone size-medium wp-image-25238\" src=\"https:\/\/dadade.eu\/wp-content\/uploads\/2025\/06\/xMaulpuppe-Storch-mit-Baby\u00b4s-21-300x225.jpg\" alt=\"\" width=\"300\" height=\"225\" srcset=\"https:\/\/dadade.eu\/wp-content\/uploads\/2025\/06\/xMaulpuppe-Storch-mit-Baby\u00b4s-21-300x225.jpg 300w, https:\/\/dadade.eu\/wp-content\/uploads\/2025\/06\/xMaulpuppe-Storch-mit-Baby\u00b4s-21-1024x768.jpg 1024w, https:\/\/dadade.eu\/wp-content\/uploads\/2025\/06\/xMaulpuppe-Storch-mit-Baby\u00b4s-21-768x576.jpg 768w, https:\/\/dadade.eu\/wp-content\/uploads\/2025\/06\/xMaulpuppe-Storch-mit-Baby\u00b4s-21-600x450.jpg 600w, https:\/\/dadade.eu\/wp-content\/uploads\/2025\/06\/xMaulpuppe-Storch-mit-Baby\u00b4s-21-64x48.jpg 64w, https:\/\/dadade.eu\/wp-content\/uploads\/2025\/06\/xMaulpuppe-Storch-mit-Baby\u00b4s-21.jpg 1400w\" sizes=\"(max-width: 300px) 100vw, 300px\" \/><\/p>\n<p><strong><a href=\"https:\/\/youtu.be\/T1mZakiHvvA\" target=\"_blank\" rel=\"noopener\">ein Vide<\/a><\/strong><strong><a href=\"https:\/\/youtu.be\/T1mZakiHvvA\" target=\"_blank\" rel=\"noopener\">o von meinen Handpuppen Dralasel findet ihr hier auf youtube<\/a><\/strong><\/p>\n<p>&nbsp;<\/p>\n<p>Die Anleitung ist ausf\u00fchrlich mit vielen Bildern hinterlegt<\/p>\n<p>und wird auf \u00fcber 30 Seiten Schritt-f\u00fcr-Schritt beschrieben!<\/p>\n<p>Sie ist auch schon f\u00fcr Anf\u00e4nger geeignet.<\/p>\n<p>&nbsp;<\/p>\n<p><strong><a href=\"https:\/\/dadade.eu\/?p=19823\">mehr Videos findet ihr hier<\/a><\/strong><\/p>\n<p>MEHR VARIANTEN UND IDEEN von flei\u00dfigen Helfer und H\u00e4nden?<\/p>\n<p><a href=\"https:\/\/dadade.eu\/?p=13064\"><b>Klicke hier<\/b><\/a><\/p>\n<p>&nbsp;<\/p>\n<p>&nbsp;<\/p>\n<p>&nbsp;<\/p>\n","protected":false},"excerpt":{"rendered":"<div id=\"cc-m-13954443088\">\n<p>Hier kauft man die H\u00e4kelanleitung f\u00fcr diesen tollen Storch Plapper-Gerdi, er ist eine Hand-Maul-Puppe oder auch Klappmaulpuppe<\/p>\n<p>eine Mundpuppe, bei der sich durch das \u00d6ffnen und Schlie\u00dfen mit der Hand der Schnabel bewegt \u2013 er klappt auf und zu. Der Daumen ist unten im Schnabel, die Finger oben.<\/p>\n<p><img loading=\"lazy\" decoding=\"async\" class=\"alignnone wp-image-25378\" src=\"https:\/\/dadade.eu\/wp-content\/uploads\/2025\/07\/xMaulpuppe-Storch-11-300x225.jpg\" alt=\"\" width=\"263\" height=\"197\" srcset=\"https:\/\/dadade.eu\/wp-content\/uploads\/2025\/07\/xMaulpuppe-Storch-11-300x225.jpg 300w, https:\/\/dadade.eu\/wp-content\/uploads\/2025\/07\/xMaulpuppe-Storch-11-1024x768.jpg 1024w, https:\/\/dadade.eu\/wp-content\/uploads\/2025\/07\/xMaulpuppe-Storch-11-768x576.jpg 768w, https:\/\/dadade.eu\/wp-content\/uploads\/2025\/07\/xMaulpuppe-Storch-11-600x450.jpg 600w, https:\/\/dadade.eu\/wp-content\/uploads\/2025\/07\/xMaulpuppe-Storch-11-64x48.jpg 64w, https:\/\/dadade.eu\/wp-content\/uploads\/2025\/07\/xMaulpuppe-Storch-11.jpg 1400w\" sizes=\"(max-width: 263px) 100vw, 263px\" \/>Zu dem Storch geh\u00f6rt nat\u00fcrlich auch noch die Flieger-M\u00fctze<\/p>\n<p>Der Storch ist ein tolles Baby-Geschenk zur Geburt,\u00a0 mit dem auch die gro\u00dfen Geschwister viel Spa\u00df haben.<\/p>\n<p>F\u00fcr Klein und Gro\u00df ein riesiges Vergn\u00fcgen.<\/p>\n<p>Zu der Anleitung geh\u00f6ren die beiden Baby\u00b4s dazu, sie sind mit der gleichern Wolle, aber in 2 verschiedenen Gr\u00f6\u00dfen entworfen worden<\/p>\n<p>Mit dem Kauf erh\u00e4lt man eine leicht verst\u00e4ndliche H\u00e4kelanleitung im praktischen PDF-Format.<\/p>\n<p>Die Anleitung ist eine Herausforderung und ich w\u00fcrde sie nicht f\u00fcr Anf\u00e4nger empfehlen<\/p>\n<\/div>\n<div id=\"cc-m-13954443188\" class=\"j-module n j-text \">\n<p>Mit der Nadelst\u00e4rke 4 wird der Storch ungef\u00e4hr; im sitzen 32cm; und insgesamt 53cm hoch<\/p>\n<p>mit der Nadelst\u00e4rke 2,5 geh\u00e4kelt ist BabyMarie ca 21cm hoch und BabyLeonie ca 17cm hoch<\/p>\n<\/div>\n","protected":false},"featured_media":25236,"template":"","meta":[],"product_brand":[],"product_cat":[58,42,44,69,1211],"product_tag":[90,89,242,87,94,93,1789,565,562,1786,92,1788,1787,245,180,88,243,244,1790,91,392,727,95,96],"class_list":{"0":"post-25228","1":"product","2":"type-product","3":"status-publish","4":"has-post-thumbnail","6":"product_cat-4schwer","7":"product_cat-baby","8":"product_cat-baby-spielsachen","9":"product_cat-mittel","10":"product_cat-neue-produkte","11":"product_tag-amigurumi","12":"product_tag-baby","13":"product_tag-dekoration-haekeln","14":"product_tag-geschenk","15":"product_tag-haekelanleitung","16":"product_tag-haekeln","17":"product_tag-hand-maul-puppe-storch-handmaul-puppe-storch","18":"product_tag-handpuppe","19":"product_tag-handpuppe-haekeln","20":"product_tag-hanpuppe-storch","21":"product_tag-kinder","22":"product_tag-klappmaul-puppe","23":"product_tag-klappmaulpuppe-storch","24":"product_tag-kuschelige-haekeltiere","25":"product_tag-kuscheltier","26":"product_tag-kuscheltier-haekeln","27":"product_tag-kuschelwolle","28":"product_tag-kuschelwolle-haekeln","29":"product_tag-mundpuppe","30":"product_tag-plueschtier","31":"product_tag-plueschtier-haekeln","32":"product_tag-storch-haekeln","33":"product_tag-wolle","34":"product_tag-wollreste","36":"first","37":"instock","38":"downloadable","39":"shipping-taxable","40":"purchasable","41":"product-type-simple"},"_links":{"self":[{"href":"https:\/\/dadade.eu\/index.php?rest_route=\/wp\/v2\/product\/25228","targetHints":{"allow":["GET"]}}],"collection":[{"href":"https:\/\/dadade.eu\/index.php?rest_route=\/wp\/v2\/product"}],"about":[{"href":"https:\/\/dadade.eu\/index.php?rest_route=\/wp\/v2\/types\/product"}],"wp:featuredmedia":[{"embeddable":true,"href":"https:\/\/dadade.eu\/index.php?rest_route=\/wp\/v2\/media\/25236"}],"wp:attachment":[{"href":"https:\/\/dadade.eu\/index.php?rest_route=%2Fwp%2Fv2%2Fmedia&parent=25228"}],"wp:term":[{"taxonomy":"product_brand","embeddable":true,"href":"https:\/\/dadade.eu\/index.php?rest_route=%2Fwp%2Fv2%2Fproduct_brand&post=25228"},{"taxonomy":"product_cat","embeddable":true,"href":"https:\/\/dadade.eu\/index.php?rest_route=%2Fwp%2Fv2%2Fproduct_cat&post=25228"},{"taxonomy":"product_tag","embeddable":true,"href":"https:\/\/dadade.eu\/index.php?rest_route=%2Fwp%2Fv2%2Fproduct_tag&post=25228"}],"curies":[{"name":"wp","href":"https:\/\/api.w.org\/{rel}","templated":true}]}}