{"id":24952,"date":"2025-03-19T11:25:50","date_gmt":"2025-03-19T10:25:50","guid":{"rendered":"https:\/\/dadade.eu\/?post_type=product&#038;p=24952"},"modified":"2025-05-25T15:57:00","modified_gmt":"2025-05-25T13:57:00","slug":"karlchen-die-coole-schildkroete-mit-hase-fips-h352","status":"publish","type":"product","link":"https:\/\/dadade.eu\/?product=karlchen-die-coole-schildkroete-mit-hase-fips-h352","title":{"rendered":"Karlchen, die coole Schildkr\u00f6te mit Hase Fips (H-L352)"},"content":{"rendered":"<p><img fetchpriority=\"high\" decoding=\"async\" class=\"alignnone size-medium wp-image-24954\" src=\"https:\/\/dadade.eu\/wp-content\/uploads\/2025\/03\/xH352-Nest-Schildkroete-mit-Hase5-300x225.jpg\" alt=\"\" width=\"300\" height=\"225\" srcset=\"https:\/\/dadade.eu\/wp-content\/uploads\/2025\/03\/xH352-Nest-Schildkroete-mit-Hase5-300x225.jpg 300w, https:\/\/dadade.eu\/wp-content\/uploads\/2025\/03\/xH352-Nest-Schildkroete-mit-Hase5-1024x768.jpg 1024w, https:\/\/dadade.eu\/wp-content\/uploads\/2025\/03\/xH352-Nest-Schildkroete-mit-Hase5-768x576.jpg 768w, https:\/\/dadade.eu\/wp-content\/uploads\/2025\/03\/xH352-Nest-Schildkroete-mit-Hase5-600x450.jpg 600w, https:\/\/dadade.eu\/wp-content\/uploads\/2025\/03\/xH352-Nest-Schildkroete-mit-Hase5-64x48.jpg 64w, https:\/\/dadade.eu\/wp-content\/uploads\/2025\/03\/xH352-Nest-Schildkroete-mit-Hase5.jpg 1400w\" sizes=\"(max-width: 300px) 100vw, 300px\" \/>H352 Karlchen, mit kleinen Schildkr\u00f6ten und Hase Fips wundert sich \u00fcber das Osternest<\/p>\n<p><img decoding=\"async\" class=\"alignnone size-medium wp-image-24955\" src=\"https:\/\/dadade.eu\/wp-content\/uploads\/2025\/03\/xH352-Hase-Fips-2-300x225.jpg\" alt=\"\" width=\"300\" height=\"225\" srcset=\"https:\/\/dadade.eu\/wp-content\/uploads\/2025\/03\/xH352-Hase-Fips-2-300x225.jpg 300w, https:\/\/dadade.eu\/wp-content\/uploads\/2025\/03\/xH352-Hase-Fips-2-1024x768.jpg 1024w, https:\/\/dadade.eu\/wp-content\/uploads\/2025\/03\/xH352-Hase-Fips-2-768x576.jpg 768w, https:\/\/dadade.eu\/wp-content\/uploads\/2025\/03\/xH352-Hase-Fips-2-600x450.jpg 600w, https:\/\/dadade.eu\/wp-content\/uploads\/2025\/03\/xH352-Hase-Fips-2-64x48.jpg 64w, https:\/\/dadade.eu\/wp-content\/uploads\/2025\/03\/xH352-Hase-Fips-2.jpg 1400w\" sizes=\"(max-width: 300px) 100vw, 300px\" \/>H352 Fips und die kleinen Schildkr\u00f6ten<\/p>\n<p><img decoding=\"async\" class=\"alignnone size-medium wp-image-24960\" src=\"https:\/\/dadade.eu\/wp-content\/uploads\/2025\/03\/xH352-Lampe-Schildkroete1-300x225.jpg\" alt=\"\" width=\"300\" height=\"225\" srcset=\"https:\/\/dadade.eu\/wp-content\/uploads\/2025\/03\/xH352-Lampe-Schildkroete1-300x225.jpg 300w, https:\/\/dadade.eu\/wp-content\/uploads\/2025\/03\/xH352-Lampe-Schildkroete1-1024x768.jpg 1024w, https:\/\/dadade.eu\/wp-content\/uploads\/2025\/03\/xH352-Lampe-Schildkroete1-768x576.jpg 768w, https:\/\/dadade.eu\/wp-content\/uploads\/2025\/03\/xH352-Lampe-Schildkroete1-600x450.jpg 600w, https:\/\/dadade.eu\/wp-content\/uploads\/2025\/03\/xH352-Lampe-Schildkroete1-64x48.jpg 64w, https:\/\/dadade.eu\/wp-content\/uploads\/2025\/03\/xH352-Lampe-Schildkroete1.jpg 1400w\" sizes=\"(max-width: 300px) 100vw, 300px\" \/>L352 Karlchen gibt es auch als Lampe, ohne Hase und Minischildkr\u00f6ten<\/p>\n<p><img loading=\"lazy\" decoding=\"async\" class=\"alignnone size-medium wp-image-24958\" src=\"https:\/\/dadade.eu\/wp-content\/uploads\/2025\/03\/xH352-Baby-Schildkroete11b-300x225.jpg\" alt=\"\" width=\"300\" height=\"225\" srcset=\"https:\/\/dadade.eu\/wp-content\/uploads\/2025\/03\/xH352-Baby-Schildkroete11b-300x225.jpg 300w, https:\/\/dadade.eu\/wp-content\/uploads\/2025\/03\/xH352-Baby-Schildkroete11b-1024x768.jpg 1024w, https:\/\/dadade.eu\/wp-content\/uploads\/2025\/03\/xH352-Baby-Schildkroete11b-768x576.jpg 768w, https:\/\/dadade.eu\/wp-content\/uploads\/2025\/03\/xH352-Baby-Schildkroete11b-600x450.jpg 600w, https:\/\/dadade.eu\/wp-content\/uploads\/2025\/03\/xH352-Baby-Schildkroete11b-64x48.jpg 64w, https:\/\/dadade.eu\/wp-content\/uploads\/2025\/03\/xH352-Baby-Schildkroete11b.jpg 1400w\" sizes=\"(max-width: 300px) 100vw, 300px\" \/>die kleinen Schildkr\u00f6ten passen in viele verschiedene Eier<\/p>\n<p>&nbsp;<\/p>\n<p>Die Anleitung ist ausf\u00fchrlich mit vielen Bildern hinterlegt und\u00a0 f\u00fcr ge\u00fcbte Anf\u00e4nger geeignet<\/p>\n<p>&nbsp;<\/p>\n<p>viele Bilder und Ideen von flei\u00dfigen Helfer und H\u00e4nden <strong>von Amigurumis<\/strong> findet ihr hier<\/p>\n<p><a href=\"https:\/\/dadade.eu\/?p=6303\" target=\"_blank\" rel=\"noopener\"><b>A160 Amigurumi<\/b><\/a><\/p>\n<p>F\u00fcr das Schneckenhaus gibt es ein paar Varianten, bei dieser Anleitung d\u00fcrft ihr kreativ sein, seht hier die verschiedenen Varianten und Ideen<\/p>\n<p><strong><a href=\"https:\/\/dadade.eu\/?p=15640\" target=\"_blank\" rel=\"noopener\">Fr\u00fchling &amp; Ostern<\/a><\/strong><\/p>\n<p>&nbsp;<\/p>\n<p>&nbsp;<\/p>\n","protected":false},"excerpt":{"rendered":"<div id=\"cc-m-13954443088\" class=\"j-module n j-text \">\n<p>Hier kauft man die H\u00e4kelanleitung f\u00fcr dieses s\u00fc\u00dfe, Oster-Set.<\/p>\n<ol>\n<li>Karlchen, die coole Schildkr\u00f6te als Oster-Nest (H352)<\/li>\n<li>Hase Fips mit Hut (H352)<\/li>\n<li>die kleinen Babyschildkr\u00f6ten (H352)<\/li>\n<li>die Schildkr\u00f6te als Lampe (L352)<\/li>\n<\/ol>\n<p>Schildkr\u00f6te Karlchen ist mal eine etwas andere Lampe, die umh\u00e4kelte Kugel ist in zwei Gr\u00f6\u00dfen mit dabei<\/p>\n<p>Karlchen ist erstaunt was Hase Fips da gemacht hat, im Nest liegen kleine Schildkr\u00f6ten und warten auf Ostern<\/p>\n<p>die kleinen Schildkr\u00f6ten passen in viele verschiedene Eier, auch in ein \u00dc-Ei<\/p>\n<p>Seid kreativ, mit dieser Anleitung habt ihr viele M\u00f6glichkeiten, und ich freue mich immer \u00fcber neue Anregungen.<\/p>\n<p>&nbsp;<\/p>\n<p>Chenillewolle- 100gr\/160m, mit Nadelst\u00e4rke 3,5 \u00a0wird die Schildkr\u00f6te 27cm x 32cm<\/p>\n<p>Baumwolle 50gr\/125m, Nadelst\u00e4rke 3,5 wird die Schildkr\u00f6te\u00a0 20cm x 27cm<\/p>\n<p>Mit der Nadelst\u00e4rke 2,5 wird der s\u00fc\u00dfe Hase ungef\u00e4hr; 18cm hoch im Stehen<\/p>\n<p>und die Mini-Schildkr\u00f6ten ungef\u00e4hr; 5cm x 7cm<\/p>\n<\/div>\n<div id=\"cc-m-13954443188\" class=\"j-module n j-text \">\n<p>&nbsp;<\/p>\n<\/div>\n","protected":false},"featured_media":24966,"template":"","meta":[],"product_brand":[],"product_cat":[56,35,501,51,790,66,69,1211],"product_tag":[90,1777,87,94,93,113,110,1683,1686,1684,1685,92,88,1778,114,1774,91,706,628,1775,1776,95,96],"class_list":{"0":"post-24952","1":"product","2":"type-product","3":"status-publish","4":"has-post-thumbnail","6":"product_cat-2einfach","7":"product_cat-amigurumi","8":"product_cat-ostern-amigurumi","9":"product_cat-fruehling-ostern","10":"product_cat-deko-ideen-mit-licht","11":"product_cat-mini","12":"product_cat-mittel","13":"product_cat-neue-produkte","14":"product_tag-amigurumi","15":"product_tag-baby-schildkroeten","16":"product_tag-geschenk","17":"product_tag-haekelanleitung","18":"product_tag-haekeln","19":"product_tag-hase","20":"product_tag-hase-haekeln","21":"product_tag-hasen-baby","22":"product_tag-hasen-kind","23":"product_tag-hasenbaby","24":"product_tag-hasenkind","25":"product_tag-kinder","26":"product_tag-kuscheltier-haekeln","27":"product_tag-minischildkroeten","28":"product_tag-ostern","29":"product_tag-osterschnecke","30":"product_tag-plueschtier","31":"product_tag-schildkroete","32":"product_tag-schildkroete-haekeln","33":"product_tag-schildkroete-lampe","34":"product_tag-schildkroetenlampe","35":"product_tag-wolle","36":"product_tag-wollreste","38":"first","39":"instock","40":"purchasable","41":"product-type-variable"},"_links":{"self":[{"href":"https:\/\/dadade.eu\/index.php?rest_route=\/wp\/v2\/product\/24952","targetHints":{"allow":["GET"]}}],"collection":[{"href":"https:\/\/dadade.eu\/index.php?rest_route=\/wp\/v2\/product"}],"about":[{"href":"https:\/\/dadade.eu\/index.php?rest_route=\/wp\/v2\/types\/product"}],"wp:featuredmedia":[{"embeddable":true,"href":"https:\/\/dadade.eu\/index.php?rest_route=\/wp\/v2\/media\/24966"}],"wp:attachment":[{"href":"https:\/\/dadade.eu\/index.php?rest_route=%2Fwp%2Fv2%2Fmedia&parent=24952"}],"wp:term":[{"taxonomy":"product_brand","embeddable":true,"href":"https:\/\/dadade.eu\/index.php?rest_route=%2Fwp%2Fv2%2Fproduct_brand&post=24952"},{"taxonomy":"product_cat","embeddable":true,"href":"https:\/\/dadade.eu\/index.php?rest_route=%2Fwp%2Fv2%2Fproduct_cat&post=24952"},{"taxonomy":"product_tag","embeddable":true,"href":"https:\/\/dadade.eu\/index.php?rest_route=%2Fwp%2Fv2%2Fproduct_tag&post=24952"}],"curies":[{"name":"wp","href":"https:\/\/api.w.org\/{rel}","templated":true}]}}