{"id":24777,"date":"2025-02-25T17:03:41","date_gmt":"2025-02-25T16:03:41","guid":{"rendered":"https:\/\/dadade.eu\/?post_type=product&#038;p=24777"},"modified":"2025-05-25T15:49:14","modified_gmt":"2025-05-25T13:49:14","slug":"schleimspuren-schnecki-loisa-mit-hase-hopsy-h351","status":"publish","type":"product","link":"https:\/\/dadade.eu\/?product=schleimspuren-schnecki-loisa-mit-hase-hopsy-h351","title":{"rendered":"Schleimspuren-Schnecki Loisa als Lampe oder mit Hase Hopsy (H-L351)"},"content":{"rendered":"<p><img fetchpriority=\"high\" decoding=\"async\" class=\"alignnone size-medium wp-image-24778\" src=\"https:\/\/dadade.eu\/wp-content\/uploads\/2025\/02\/xH351-Oster-Schnecke-Loisa-1b-300x225.jpg\" alt=\"\" width=\"300\" height=\"225\" srcset=\"https:\/\/dadade.eu\/wp-content\/uploads\/2025\/02\/xH351-Oster-Schnecke-Loisa-1b-300x225.jpg 300w, https:\/\/dadade.eu\/wp-content\/uploads\/2025\/02\/xH351-Oster-Schnecke-Loisa-1b-1024x768.jpg 1024w, https:\/\/dadade.eu\/wp-content\/uploads\/2025\/02\/xH351-Oster-Schnecke-Loisa-1b-768x576.jpg 768w, https:\/\/dadade.eu\/wp-content\/uploads\/2025\/02\/xH351-Oster-Schnecke-Loisa-1b-600x450.jpg 600w, https:\/\/dadade.eu\/wp-content\/uploads\/2025\/02\/xH351-Oster-Schnecke-Loisa-1b-64x48.jpg 64w, https:\/\/dadade.eu\/wp-content\/uploads\/2025\/02\/xH351-Oster-Schnecke-Loisa-1b.jpg 1400w\" sizes=\"(max-width: 300px) 100vw, 300px\" \/>H351 Loisa mit Nest &amp; mit kleinen Schneckchen und Hase Hopsy<\/p>\n<p><img decoding=\"async\" class=\"alignnone size-medium wp-image-24783\" src=\"https:\/\/dadade.eu\/wp-content\/uploads\/2025\/02\/xH351-Oster-Schnecke-Loisa-20-300x225.jpg\" alt=\"\" width=\"300\" height=\"225\" srcset=\"https:\/\/dadade.eu\/wp-content\/uploads\/2025\/02\/xH351-Oster-Schnecke-Loisa-20-300x225.jpg 300w, https:\/\/dadade.eu\/wp-content\/uploads\/2025\/02\/xH351-Oster-Schnecke-Loisa-20-1024x768.jpg 1024w, https:\/\/dadade.eu\/wp-content\/uploads\/2025\/02\/xH351-Oster-Schnecke-Loisa-20-768x576.jpg 768w, https:\/\/dadade.eu\/wp-content\/uploads\/2025\/02\/xH351-Oster-Schnecke-Loisa-20-600x450.jpg 600w, https:\/\/dadade.eu\/wp-content\/uploads\/2025\/02\/xH351-Oster-Schnecke-Loisa-20-64x48.jpg 64w, https:\/\/dadade.eu\/wp-content\/uploads\/2025\/02\/xH351-Oster-Schnecke-Loisa-20.jpg 1400w\" sizes=\"(max-width: 300px) 100vw, 300px\" \/>H351 Schnecke Loisa mit halben Haus f\u00fcr das Osternest<\/p>\n<p><img decoding=\"async\" class=\"alignnone size-medium wp-image-24790\" src=\"https:\/\/dadade.eu\/wp-content\/uploads\/2025\/02\/xH351-Schneckchen-Hase-32-300x225.jpg\" alt=\"\" width=\"300\" height=\"225\" srcset=\"https:\/\/dadade.eu\/wp-content\/uploads\/2025\/02\/xH351-Schneckchen-Hase-32-300x225.jpg 300w, https:\/\/dadade.eu\/wp-content\/uploads\/2025\/02\/xH351-Schneckchen-Hase-32-1024x768.jpg 1024w, https:\/\/dadade.eu\/wp-content\/uploads\/2025\/02\/xH351-Schneckchen-Hase-32-768x576.jpg 768w, https:\/\/dadade.eu\/wp-content\/uploads\/2025\/02\/xH351-Schneckchen-Hase-32-600x450.jpg 600w, https:\/\/dadade.eu\/wp-content\/uploads\/2025\/02\/xH351-Schneckchen-Hase-32-64x48.jpg 64w, https:\/\/dadade.eu\/wp-content\/uploads\/2025\/02\/xH351-Schneckchen-Hase-32.jpg 1400w\" sizes=\"(max-width: 300px) 100vw, 300px\" \/>H351 Hopsy und die kleinen Schneckchen<\/p>\n<p><img loading=\"lazy\" decoding=\"async\" class=\"alignnone size-medium wp-image-24793\" src=\"https:\/\/dadade.eu\/wp-content\/uploads\/2025\/02\/xH351-Schnecke-Lampe-2-300x225.jpg\" alt=\"\" width=\"300\" height=\"225\" srcset=\"https:\/\/dadade.eu\/wp-content\/uploads\/2025\/02\/xH351-Schnecke-Lampe-2-300x225.jpg 300w, https:\/\/dadade.eu\/wp-content\/uploads\/2025\/02\/xH351-Schnecke-Lampe-2-1024x768.jpg 1024w, https:\/\/dadade.eu\/wp-content\/uploads\/2025\/02\/xH351-Schnecke-Lampe-2-768x576.jpg 768w, https:\/\/dadade.eu\/wp-content\/uploads\/2025\/02\/xH351-Schnecke-Lampe-2-600x450.jpg 600w, https:\/\/dadade.eu\/wp-content\/uploads\/2025\/02\/xH351-Schnecke-Lampe-2-64x48.jpg 64w, https:\/\/dadade.eu\/wp-content\/uploads\/2025\/02\/xH351-Schnecke-Lampe-2.jpg 1400w\" sizes=\"(max-width: 300px) 100vw, 300px\" \/>L351 Loisa gibt es auch nur als Lampe in 2 Gr\u00f6\u00dfen, (ohne Hase und Schneckchen)<\/p>\n<p><img loading=\"lazy\" decoding=\"async\" class=\"alignnone size-medium wp-image-24798\" src=\"https:\/\/dadade.eu\/wp-content\/uploads\/2025\/02\/xH351-Schnecke-Lampe-30-300x225.jpg\" alt=\"\" width=\"300\" height=\"225\" srcset=\"https:\/\/dadade.eu\/wp-content\/uploads\/2025\/02\/xH351-Schnecke-Lampe-30-300x225.jpg 300w, https:\/\/dadade.eu\/wp-content\/uploads\/2025\/02\/xH351-Schnecke-Lampe-30-1024x768.jpg 1024w, https:\/\/dadade.eu\/wp-content\/uploads\/2025\/02\/xH351-Schnecke-Lampe-30-768x576.jpg 768w, https:\/\/dadade.eu\/wp-content\/uploads\/2025\/02\/xH351-Schnecke-Lampe-30-600x450.jpg 600w, https:\/\/dadade.eu\/wp-content\/uploads\/2025\/02\/xH351-Schnecke-Lampe-30-64x48.jpg 64w, https:\/\/dadade.eu\/wp-content\/uploads\/2025\/02\/xH351-Schnecke-Lampe-30.jpg 1400w\" sizes=\"(max-width: 300px) 100vw, 300px\" \/>H-L351 Loisa als Lampe, zus\u00e4tzlich f\u00fcr Ostern mit Nest, Hase und Schneckchen<\/p>\n<p>Die Anleitung ist ausf\u00fchrlich mit vielen Bildern hinterlegt und\u00a0 f\u00fcr ge\u00fcbte Anf\u00e4nger geeignet<\/p>\n<p>&nbsp;<\/p>\n<p>viele Bilder und Ideen von flei\u00dfigen Helfer und H\u00e4nden <strong>von Amigurumis<\/strong> findet ihr hier<\/p>\n<p><a href=\"https:\/\/dadade.eu\/?p=6303\" target=\"_blank\" rel=\"noopener\"><b>A160 Amigurumi<\/b><\/a><\/p>\n<p>F\u00fcr das Schneckenhaus gibt es ein paar Varianten, bei dieser Anleitung d\u00fcrft ihr kreativ sein, seht hier die verschiedenen Varianten und Ideen<\/p>\n<p><strong><a href=\"https:\/\/dadade.eu\/?p=15640\" target=\"_blank\" rel=\"noopener\">Fr\u00fchling &amp; Ostern<\/a><\/strong><\/p>\n<p>&nbsp;<\/p>\n<p>&nbsp;<\/p>\n","protected":false},"excerpt":{"rendered":"<div id=\"cc-m-13954443088\" class=\"j-module n j-text \">\n<p>Hier kauft man die H\u00e4kelanleitung f\u00fcr diese tolle Lampe und f\u00fcr das s\u00fc\u00dfe Oster-Set.<\/p>\n<ol>\n<li>Osterschnecke Loisa mit Nest (H351)<\/li>\n<li>Hase Hopsy mit R\u00f6ckchen (H351)<\/li>\n<li>die kleinen Babyschneckchen (H351)<\/li>\n<li>die Schnecken-Lampe (L351)<\/li>\n<\/ol>\n<p>Schnecke Loisa ist mal eine etwas andere Lampe, die umh\u00e4kelte Kugel ist in zwei Gr\u00f6\u00dfen mit dabei<\/p>\n<p>Osterschnecke Loisa freut sich mit den Schneckenkindern auf Ostern<\/p>\n<p>Hase Hopsy hat die kleinen Schneckenkinder mit Ostereiern \u00fcberrascht.<\/p>\n<p>Seid kreativ, mit dieser Anleitung habt ihr viele M\u00f6glichkeiten, und ich freue mich immer \u00fcber neue Anregungen.<\/p>\n<p>Kennt ihr schon <a href=\"https:\/\/dadade.eu\/?p=24809\" target=\"_blank\" rel=\"noopener\"><strong>die ganze Geschichte<\/strong> <strong>mit Schnecki Loisa und dem Osterfest?<\/strong><\/a><\/p>\n<p>Mit\u00a0 der Nadelst\u00e4rke 3,5 wird die Schnecke ungef\u00e4hr; 30cm hoch und 33cm lang<\/p>\n<p>Mit der Nadelst\u00e4rke 2,5 wird das Hasen-M\u00e4dchen ungef\u00e4hr; 21cm hoch im Stehen (mit Ohren)<\/p>\n<p>und das Schneckchen ungef\u00e4hr; 6cm hoch<\/p>\n<\/div>\n<div id=\"cc-m-13954443188\" class=\"j-module n j-text \">\n<p>&nbsp;<\/p>\n<\/div>\n","protected":false},"featured_media":24808,"template":"","meta":[],"product_brand":[],"product_cat":[56,35,501,51,790,66,69,1211],"product_tag":[90,1769,87,94,93,113,110,1683,1686,1684,1685,92,88,1771,114,1774,91,716,720,1773,1770,1772,95,96],"class_list":{"0":"post-24777","1":"product","2":"type-product","3":"status-publish","4":"has-post-thumbnail","6":"product_cat-2einfach","7":"product_cat-amigurumi","8":"product_cat-ostern-amigurumi","9":"product_cat-fruehling-ostern","10":"product_cat-deko-ideen-mit-licht","11":"product_cat-mini","12":"product_cat-mittel","13":"product_cat-neue-produkte","14":"product_tag-amigurumi","15":"product_tag-baby-schnecke","16":"product_tag-geschenk","17":"product_tag-haekelanleitung","18":"product_tag-haekeln","19":"product_tag-hase","20":"product_tag-hase-haekeln","21":"product_tag-hasen-baby","22":"product_tag-hasen-kind","23":"product_tag-hasenbaby","24":"product_tag-hasenkind","25":"product_tag-kinder","26":"product_tag-kuscheltier-haekeln","27":"product_tag-lampe-schnecke","28":"product_tag-ostern","29":"product_tag-osterschnecke","30":"product_tag-plueschtier","31":"product_tag-schnecke","32":"product_tag-schnecke-haekeln","33":"product_tag-schnecke-mit-hase","34":"product_tag-schnecken-lampe","35":"product_tag-schneckenlampe","36":"product_tag-wolle","37":"product_tag-wollreste","39":"first","40":"instock","41":"purchasable","42":"product-type-variable"},"_links":{"self":[{"href":"https:\/\/dadade.eu\/index.php?rest_route=\/wp\/v2\/product\/24777","targetHints":{"allow":["GET"]}}],"collection":[{"href":"https:\/\/dadade.eu\/index.php?rest_route=\/wp\/v2\/product"}],"about":[{"href":"https:\/\/dadade.eu\/index.php?rest_route=\/wp\/v2\/types\/product"}],"wp:featuredmedia":[{"embeddable":true,"href":"https:\/\/dadade.eu\/index.php?rest_route=\/wp\/v2\/media\/24808"}],"wp:attachment":[{"href":"https:\/\/dadade.eu\/index.php?rest_route=%2Fwp%2Fv2%2Fmedia&parent=24777"}],"wp:term":[{"taxonomy":"product_brand","embeddable":true,"href":"https:\/\/dadade.eu\/index.php?rest_route=%2Fwp%2Fv2%2Fproduct_brand&post=24777"},{"taxonomy":"product_cat","embeddable":true,"href":"https:\/\/dadade.eu\/index.php?rest_route=%2Fwp%2Fv2%2Fproduct_cat&post=24777"},{"taxonomy":"product_tag","embeddable":true,"href":"https:\/\/dadade.eu\/index.php?rest_route=%2Fwp%2Fv2%2Fproduct_tag&post=24777"}],"curies":[{"name":"wp","href":"https:\/\/api.w.org\/{rel}","templated":true}]}}