{"id":24335,"date":"2016-12-14T12:29:50","date_gmt":"2016-12-14T11:29:50","guid":{"rendered":"https:\/\/dadade.eu\/?post_type=product&#038;p=24335"},"modified":"2025-02-24T14:36:01","modified_gmt":"2025-02-24T13:36:01","slug":"schluesselanhaenger-schwein-a965","status":"publish","type":"product","link":"https:\/\/dadade.eu\/?product=schluesselanhaenger-schwein-a965","title":{"rendered":"Schl\u00fcsselanh\u00e4nger Schwein (A965)"},"content":{"rendered":"<p>das Schweinchen ist ein schnell geh\u00e4keltes Mitbringsel nicht nur an Silvester<\/p>\n<p>&nbsp;<\/p>\n<p>Die Anleitung\u00a0 ist ausf\u00fchrlich mit vielen Bildern hinterlegt<\/p>\n<p>und wird auf 8 Seiten Schritt-f\u00fcr-Schritt beschrieben!<\/p>\n<p>Sie ist dadurch auch schon f\u00fcr Anf\u00e4nger geeignet.<\/p>\n<p>&nbsp;<\/p>\n<p>viele Bilder und Ideen von flei\u00dfigen Helfer und H\u00e4nden findet ihr hier<\/p>\n<p><strong><a href=\"https:\/\/dadade.eu\/?p=13760\">KLICKE HIER<\/a><\/strong><\/p>\n<p>&nbsp;<\/p>\n<p>&nbsp;<\/p>\n<p>&nbsp;<\/p>\n","protected":false},"excerpt":{"rendered":"<div id=\"cc-m-13954443088\" class=\"j-module n j-text \">\n<p>Hier kauft man nur die H\u00e4kelanleitung f\u00fcr das Schwein<\/p>\n<p>Das Schwein\u00a0 ist schnell geh\u00e4kelt und eignet sich als Anh\u00e4nger oder auch als Tischdekoration.<\/p>\n<p>Mit den Perlen an Arme und Beine ist es einfach und schnell gearbeitet, auch mit Wollresten<\/p>\n<div id=\"cc-m-13670582188\">\n<p>Mit Wolle der Nadelst\u00e4rke 2 wird das \u00a0Schwein ungef\u00e4hr; 12cm hoch<\/p>\n<\/div>\n<p>&nbsp;<\/p>\n<\/div>\n","protected":false},"featured_media":24336,"template":"","meta":[],"product_brand":[],"product_cat":[56,40,62,48,1695,386],"product_tag":[90,1756,242,87,1757,94,93,194,92,181,195,422,95,96],"class_list":{"0":"post-24335","1":"product","2":"type-product","3":"status-publish","4":"has-post-thumbnail","6":"product_cat-2einfach","7":"product_cat-anhaenger-fuer-schluessel","8":"product_cat-gratis","9":"product_cat-haus-deko","10":"product_cat-kleine-mitbringsel","11":"product_cat-silvester","12":"product_tag-amigurumi","13":"product_tag-anhaenger-schwein","14":"product_tag-dekoration-haekeln","15":"product_tag-geschenk","16":"product_tag-gluecksbringer-schwein","17":"product_tag-haekelanleitung","18":"product_tag-haekeln","19":"product_tag-kind","20":"product_tag-kinder","21":"product_tag-lustig","22":"product_tag-praesent","23":"product_tag-schwein","24":"product_tag-wolle","25":"product_tag-wollreste","27":"first","28":"instock","29":"downloadable","30":"shipping-taxable","31":"purchasable","32":"product-type-simple"},"_links":{"self":[{"href":"https:\/\/dadade.eu\/index.php?rest_route=\/wp\/v2\/product\/24335","targetHints":{"allow":["GET"]}}],"collection":[{"href":"https:\/\/dadade.eu\/index.php?rest_route=\/wp\/v2\/product"}],"about":[{"href":"https:\/\/dadade.eu\/index.php?rest_route=\/wp\/v2\/types\/product"}],"wp:featuredmedia":[{"embeddable":true,"href":"https:\/\/dadade.eu\/index.php?rest_route=\/wp\/v2\/media\/24336"}],"wp:attachment":[{"href":"https:\/\/dadade.eu\/index.php?rest_route=%2Fwp%2Fv2%2Fmedia&parent=24335"}],"wp:term":[{"taxonomy":"product_brand","embeddable":true,"href":"https:\/\/dadade.eu\/index.php?rest_route=%2Fwp%2Fv2%2Fproduct_brand&post=24335"},{"taxonomy":"product_cat","embeddable":true,"href":"https:\/\/dadade.eu\/index.php?rest_route=%2Fwp%2Fv2%2Fproduct_cat&post=24335"},{"taxonomy":"product_tag","embeddable":true,"href":"https:\/\/dadade.eu\/index.php?rest_route=%2Fwp%2Fv2%2Fproduct_tag&post=24335"}],"curies":[{"name":"wp","href":"https:\/\/api.w.org\/{rel}","templated":true}]}}