{"id":24258,"date":"2024-12-06T19:58:09","date_gmt":"2024-12-06T18:58:09","guid":{"rendered":"https:\/\/dadade.eu\/?post_type=product&#038;p=24258"},"modified":"2025-01-01T00:00:07","modified_gmt":"2024-12-31T23:00:07","slug":"kissen-tannenbaum-h165","status":"publish","type":"product","link":"https:\/\/dadade.eu\/?product=kissen-tannenbaum-h165","title":{"rendered":"Deko &#8211; Kissen Tannenbaum (H165)"},"content":{"rendered":"<h4><img fetchpriority=\"high\" decoding=\"async\" class=\"alignnone size-medium wp-image-24267\" src=\"https:\/\/dadade.eu\/wp-content\/uploads\/2024\/12\/xH165-Kissen-Tannenbaum-8-300x225.jpg\" alt=\"\" width=\"300\" height=\"225\" srcset=\"https:\/\/dadade.eu\/wp-content\/uploads\/2024\/12\/xH165-Kissen-Tannenbaum-8-300x225.jpg 300w, https:\/\/dadade.eu\/wp-content\/uploads\/2024\/12\/xH165-Kissen-Tannenbaum-8-1024x768.jpg 1024w, https:\/\/dadade.eu\/wp-content\/uploads\/2024\/12\/xH165-Kissen-Tannenbaum-8-768x576.jpg 768w, https:\/\/dadade.eu\/wp-content\/uploads\/2024\/12\/xH165-Kissen-Tannenbaum-8-600x450.jpg 600w, https:\/\/dadade.eu\/wp-content\/uploads\/2024\/12\/xH165-Kissen-Tannenbaum-8-64x48.jpg 64w, https:\/\/dadade.eu\/wp-content\/uploads\/2024\/12\/xH165-Kissen-Tannenbaum-8.jpg 1400w\" sizes=\"(max-width: 300px) 100vw, 300px\" \/>ganz schlicht<\/h4>\n<h4><img decoding=\"async\" class=\"alignnone size-medium wp-image-24262\" src=\"https:\/\/dadade.eu\/wp-content\/uploads\/2024\/12\/xH165-Kissen-Tannenbaum-4-300x225.jpg\" alt=\"\" width=\"300\" height=\"225\" srcset=\"https:\/\/dadade.eu\/wp-content\/uploads\/2024\/12\/xH165-Kissen-Tannenbaum-4-300x225.jpg 300w, https:\/\/dadade.eu\/wp-content\/uploads\/2024\/12\/xH165-Kissen-Tannenbaum-4-1024x768.jpg 1024w, https:\/\/dadade.eu\/wp-content\/uploads\/2024\/12\/xH165-Kissen-Tannenbaum-4-768x576.jpg 768w, https:\/\/dadade.eu\/wp-content\/uploads\/2024\/12\/xH165-Kissen-Tannenbaum-4-600x450.jpg 600w, https:\/\/dadade.eu\/wp-content\/uploads\/2024\/12\/xH165-Kissen-Tannenbaum-4-64x48.jpg 64w, https:\/\/dadade.eu\/wp-content\/uploads\/2024\/12\/xH165-Kissen-Tannenbaum-4.jpg 1400w\" sizes=\"(max-width: 300px) 100vw, 300px\" \/>mit Gesicht<\/h4>\n<h4><img decoding=\"async\" class=\"alignnone size-medium wp-image-24268\" src=\"https:\/\/dadade.eu\/wp-content\/uploads\/2024\/12\/xH165-Kissen-Tannenbaum-2-300x225.jpg\" alt=\"\" width=\"300\" height=\"225\" srcset=\"https:\/\/dadade.eu\/wp-content\/uploads\/2024\/12\/xH165-Kissen-Tannenbaum-2-300x225.jpg 300w, https:\/\/dadade.eu\/wp-content\/uploads\/2024\/12\/xH165-Kissen-Tannenbaum-2-1024x768.jpg 1024w, https:\/\/dadade.eu\/wp-content\/uploads\/2024\/12\/xH165-Kissen-Tannenbaum-2-768x576.jpg 768w, https:\/\/dadade.eu\/wp-content\/uploads\/2024\/12\/xH165-Kissen-Tannenbaum-2-600x450.jpg 600w, https:\/\/dadade.eu\/wp-content\/uploads\/2024\/12\/xH165-Kissen-Tannenbaum-2-64x48.jpg 64w, https:\/\/dadade.eu\/wp-content\/uploads\/2024\/12\/xH165-Kissen-Tannenbaum-2.jpg 1400w\" sizes=\"(max-width: 300px) 100vw, 300px\" \/>oder mit Stiefel, Schal und M\u00fctze<\/h4>\n<p>&nbsp;<\/p>\n<p>Die Anleitung ist ausf\u00fchrlich mit vielen Bildern hinterlegt und wird auf 24 Seiten Schritt-f\u00fcr-Schritt beschrieben!<\/p>\n<p>&nbsp;<\/p>\n<p><strong><a href=\"https:\/\/dadade.eu\/?product_cat=winter-weihnachten\" target=\"_blank\" rel=\"noopener\">mehr Deko f\u00fcr Winter &amp; Weihnachten?<\/a><\/strong><\/p>\n<h4><strong>MEHR VARIANTEN UND IDEEN von flei\u00dfigen Helfer und H\u00e4nden?<\/strong><\/h4>\n<h4><a href=\"https:\/\/dadade.eu\/?p=20849\" target=\"_blank\" rel=\"noopener\">findet ihr hier <\/a><\/h4>\n<h4><a href=\"https:\/\/dadade.eu\/?p=13760\" target=\"_blank\" rel=\"noopener\">oder hier gibt es noch mehr Kissen<\/a><\/h4>\n<h4><\/h4>\n","protected":false},"excerpt":{"rendered":"<div id=\"cc-m-13954443088\">\n<div id=\"cc-m-13954443088\">\n<p>Hier kauft man die H\u00e4kelanleitung f\u00fcr dieses weihnachtliche Tannenbaum-Kissen<\/p>\n<p>1.-einfach und als schlichter Tannenbaum<\/p>\n<p>2.-oder mit Gesicht,<\/p>\n<p>3.-zus\u00e4tzlich winterlich mit Schal, M\u00fctze &amp; Stiefel<\/p>\n<p>der Tannenbaum l\u00e4sst sich in verschiedene Varianten Dekorieren. Lass deiner Fantasie freien Lauf<\/p>\n<\/div>\n<div><\/div>\n<div>das Kissen wird teilweise mit Relief-Maschen geh\u00e4kelt und ist eher f\u00fcr ge\u00fcbte Anf\u00e4nger geeignet,<\/div>\n<div><\/div>\n<div>das Kissen ist mit kuscheliger Wolle geh\u00e4kelt,<\/div>\n<div>\n<p>Das Kissen wird mit der Nadelst\u00e4rke 4,5 geh\u00e4kelt und ist ungef\u00e4hr 54cm hoch mit M\u00fctze<\/p>\n<p>&nbsp;<\/p>\n<\/div>\n<p>die Weihnachts-Kissen zusammen\u00a0 im Sparangebot findet ihr hier<\/p>\n<p><a href=\"https:\/\/dadade.eu\/?product=weihnachts-deko-kissen-parade\" target=\"_blank\" rel=\"noopener\"><strong>Weihnachts-Deko-Kissen-Parade<\/strong><\/a><\/p>\n<\/div>\n","protected":false},"featured_media":24259,"template":"","meta":[],"product_brand":[],"product_cat":[57,48,53,1211,384],"product_tag":[90,295,1058,242,1384,87,94,93,92,722,246,1751,243,244,294,195,521,1750,183,95,96],"class_list":{"0":"post-24258","1":"product","2":"type-product","3":"status-publish","4":"has-post-thumbnail","6":"product_cat-3mittel","7":"product_cat-haus-deko","8":"product_cat-kissen","9":"product_cat-neue-produkte","10":"product_cat-winter-weihnachten","11":"product_tag-amigurumi","12":"product_tag-anleitung","13":"product_tag-deko","14":"product_tag-dekoration-haekeln","15":"product_tag-feiertag","16":"product_tag-geschenk","17":"product_tag-haekelanleitung","18":"product_tag-haekeln","19":"product_tag-kinder","20":"product_tag-kissen","21":"product_tag-kissen-haekeln","22":"product_tag-kissen-tannenbaum","23":"product_tag-kuschelwolle","24":"product_tag-kuschelwolle-haekeln","25":"product_tag-mitbringsel","26":"product_tag-praesent","27":"product_tag-tanne","28":"product_tag-tannenbaum-tannenbaum-kissen","29":"product_tag-witzig","30":"product_tag-wolle","31":"product_tag-wollreste","33":"first","34":"instock","35":"downloadable","36":"shipping-taxable","37":"purchasable","38":"product-type-simple"},"_links":{"self":[{"href":"https:\/\/dadade.eu\/index.php?rest_route=\/wp\/v2\/product\/24258","targetHints":{"allow":["GET"]}}],"collection":[{"href":"https:\/\/dadade.eu\/index.php?rest_route=\/wp\/v2\/product"}],"about":[{"href":"https:\/\/dadade.eu\/index.php?rest_route=\/wp\/v2\/types\/product"}],"wp:featuredmedia":[{"embeddable":true,"href":"https:\/\/dadade.eu\/index.php?rest_route=\/wp\/v2\/media\/24259"}],"wp:attachment":[{"href":"https:\/\/dadade.eu\/index.php?rest_route=%2Fwp%2Fv2%2Fmedia&parent=24258"}],"wp:term":[{"taxonomy":"product_brand","embeddable":true,"href":"https:\/\/dadade.eu\/index.php?rest_route=%2Fwp%2Fv2%2Fproduct_brand&post=24258"},{"taxonomy":"product_cat","embeddable":true,"href":"https:\/\/dadade.eu\/index.php?rest_route=%2Fwp%2Fv2%2Fproduct_cat&post=24258"},{"taxonomy":"product_tag","embeddable":true,"href":"https:\/\/dadade.eu\/index.php?rest_route=%2Fwp%2Fv2%2Fproduct_tag&post=24258"}],"curies":[{"name":"wp","href":"https:\/\/api.w.org\/{rel}","templated":true}]}}