{"id":24114,"date":"2025-01-25T09:43:33","date_gmt":"2025-01-25T08:43:33","guid":{"rendered":"https:\/\/dadade.eu\/?post_type=product&#038;p=24114"},"modified":"2025-11-13T17:15:07","modified_gmt":"2025-11-13T16:15:07","slug":"einhorn-regenbogen-katze-mit-babys-regenbogen-tasche-a170","status":"publish","type":"product","link":"https:\/\/dadade.eu\/?product=einhorn-regenbogen-katze-mit-babys-regenbogen-tasche-a170","title":{"rendered":"Einhorn-Regenbogen-Katze mit Babys &#038; Regenbogen-Tasche  (A170)"},"content":{"rendered":"<p>&nbsp;<\/p>\n<p><img fetchpriority=\"high\" decoding=\"async\" class=\"alignnone size-medium wp-image-24125\" src=\"https:\/\/dadade.eu\/wp-content\/uploads\/2024\/11\/xEinhorn-Katze-0-300x225.jpg\" alt=\"\" width=\"300\" height=\"225\" srcset=\"https:\/\/dadade.eu\/wp-content\/uploads\/2024\/11\/xEinhorn-Katze-0-300x225.jpg 300w, https:\/\/dadade.eu\/wp-content\/uploads\/2024\/11\/xEinhorn-Katze-0-1024x768.jpg 1024w, https:\/\/dadade.eu\/wp-content\/uploads\/2024\/11\/xEinhorn-Katze-0-768x576.jpg 768w, https:\/\/dadade.eu\/wp-content\/uploads\/2024\/11\/xEinhorn-Katze-0-600x450.jpg 600w, https:\/\/dadade.eu\/wp-content\/uploads\/2024\/11\/xEinhorn-Katze-0-64x48.jpg 64w, https:\/\/dadade.eu\/wp-content\/uploads\/2024\/11\/xEinhorn-Katze-0.jpg 1400w\" sizes=\"(max-width: 300px) 100vw, 300px\" \/>die Regenbogen-Katzen-Mama mit vielen kleinen Details<\/p>\n<p><img decoding=\"async\" class=\"alignnone size-medium wp-image-24115\" src=\"https:\/\/dadade.eu\/wp-content\/uploads\/2024\/11\/xEinhorn-Kaetzchen-12-300x225.jpg\" alt=\"\" width=\"300\" height=\"225\" srcset=\"https:\/\/dadade.eu\/wp-content\/uploads\/2024\/11\/xEinhorn-Kaetzchen-12-300x225.jpg 300w, https:\/\/dadade.eu\/wp-content\/uploads\/2024\/11\/xEinhorn-Kaetzchen-12-1024x768.jpg 1024w, https:\/\/dadade.eu\/wp-content\/uploads\/2024\/11\/xEinhorn-Kaetzchen-12-768x576.jpg 768w, https:\/\/dadade.eu\/wp-content\/uploads\/2024\/11\/xEinhorn-Kaetzchen-12-600x450.jpg 600w, https:\/\/dadade.eu\/wp-content\/uploads\/2024\/11\/xEinhorn-Kaetzchen-12-64x48.jpg 64w, https:\/\/dadade.eu\/wp-content\/uploads\/2024\/11\/xEinhorn-Kaetzchen-12.jpg 1400w\" sizes=\"(max-width: 300px) 100vw, 300px\" \/>die kleinen K\u00e4tzchen haben Sommerkleidchen<\/p>\n<p><img decoding=\"async\" class=\"alignnone size-medium wp-image-24116\" src=\"https:\/\/dadade.eu\/wp-content\/uploads\/2024\/11\/xEinhorn-Kaetzchen-1-300x225.jpg\" alt=\"\" width=\"300\" height=\"225\" srcset=\"https:\/\/dadade.eu\/wp-content\/uploads\/2024\/11\/xEinhorn-Kaetzchen-1-300x225.jpg 300w, https:\/\/dadade.eu\/wp-content\/uploads\/2024\/11\/xEinhorn-Kaetzchen-1-1024x768.jpg 1024w, https:\/\/dadade.eu\/wp-content\/uploads\/2024\/11\/xEinhorn-Kaetzchen-1-768x576.jpg 768w, https:\/\/dadade.eu\/wp-content\/uploads\/2024\/11\/xEinhorn-Kaetzchen-1-600x450.jpg 600w, https:\/\/dadade.eu\/wp-content\/uploads\/2024\/11\/xEinhorn-Kaetzchen-1-64x48.jpg 64w, https:\/\/dadade.eu\/wp-content\/uploads\/2024\/11\/xEinhorn-Kaetzchen-1.jpg 1400w\" sizes=\"(max-width: 300px) 100vw, 300px\" \/>und nat\u00fcrlich auch warme Kleidchen mit Stola f\u00fcr den Winter<\/p>\n<p><img loading=\"lazy\" decoding=\"async\" class=\"alignnone size-medium wp-image-24117\" src=\"https:\/\/dadade.eu\/wp-content\/uploads\/2024\/11\/xRegenbogen-Tasche-mit-Kaetzchen5-300x225.jpg\" alt=\"\" width=\"300\" height=\"225\" srcset=\"https:\/\/dadade.eu\/wp-content\/uploads\/2024\/11\/xRegenbogen-Tasche-mit-Kaetzchen5-300x225.jpg 300w, https:\/\/dadade.eu\/wp-content\/uploads\/2024\/11\/xRegenbogen-Tasche-mit-Kaetzchen5-1024x768.jpg 1024w, https:\/\/dadade.eu\/wp-content\/uploads\/2024\/11\/xRegenbogen-Tasche-mit-Kaetzchen5-768x576.jpg 768w, https:\/\/dadade.eu\/wp-content\/uploads\/2024\/11\/xRegenbogen-Tasche-mit-Kaetzchen5-600x450.jpg 600w, https:\/\/dadade.eu\/wp-content\/uploads\/2024\/11\/xRegenbogen-Tasche-mit-Kaetzchen5-64x48.jpg 64w, https:\/\/dadade.eu\/wp-content\/uploads\/2024\/11\/xRegenbogen-Tasche-mit-Kaetzchen5.jpg 1400w\" sizes=\"(max-width: 300px) 100vw, 300px\" \/>die kleinen K\u00e4tzchen und ihrem Zubeh\u00f6r haben sich in der Regenbogentasche versteckt<\/p>\n<p>&nbsp;<\/p>\n<p>Die Anleitung ist ausf\u00fchrlich mit vielen Bildern hinterlegt und schon f\u00fcr ge\u00fcbte Anf\u00e4nger geeignet<\/p>\n<p>&nbsp;<\/p>\n<p>noch mehr Bilder\u00a0 und auch eine Video der Einhorn-Regenbogen-Katze findet ihr hier<\/p>\n<p><strong><a href=\"https:\/\/dadade.eu\/?p=24159\" target=\"_blank\" rel=\"noopener\">Einhorn-Regenbogen-Katze<\/a><\/strong><\/p>\n<p>&nbsp;<\/p>\n<p>viele Bilder und Ideen von flei\u00dfigen Helfer und H\u00e4nden <strong>von Amigurumis<\/strong> findet ihr hier<\/p>\n<p><a href=\"https:\/\/dadade.eu\/?p=6303\" target=\"_blank\" rel=\"noopener\"><b>Amigurumi <\/b><\/a><\/p>\n<p>&nbsp;<\/p>\n<p>&nbsp;<\/p>\n<p>&nbsp;<\/p>\n","protected":false},"excerpt":{"rendered":"<div id=\"cc-m-13954443088\" class=\"j-module n j-text \">\n<p>Hier kauft man die H\u00e4kelanleitung f\u00fcr<\/p>\n<p>1. diese s\u00fc\u00dfe Einhorn-Regenbogen-Katzen-Mama<\/p>\n<p>2. mit ihren drei kleinen Einhorn-Regenbogen-Katzen-Babys, mit Sommer- und Winterkleidchen<\/p>\n<p>3. mit Regenbogen-Tasche<\/p>\n<p>diese Einhorn-Regenbogen-Katze ist etwas ganz besonderses, sie hat eine Regenbogen-Tasche in der ihre drei Kinder, sowie die Kleidchen Platz haben, sodass man die Tasche mit den Kleinen auch bequem \u00fcberall hin mitnehmen kann.<\/p>\n<p>Nat\u00fcrlich kann man die Tasche auch ohne Inhalt h\u00e4klen, jede kleine Prinzessin braucht eine Regenbogen-Tasche<\/p>\n<p>&nbsp;<\/p>\n<p>Mit Wolle der Nadelst\u00e4rke 4,5 wird die Katzen-Mama ungef\u00e4hr;\u00a0 \u00a0 \u00a0 \u00a0 \u00a0 48cm hoch<\/p>\n<p>Mit Wolle der Nadelst\u00e4rke 2,5 werden die Baby ungef\u00e4hr 11cm, bzw. 8cm im sitzen<\/p>\n<\/div>\n<div id=\"cc-m-13954443188\" class=\"j-module n j-text \">\n<p>&nbsp;<\/p>\n<\/div>\n","protected":false},"featured_media":24118,"template":"","meta":[],"product_brand":[],"product_cat":[56,35,70,66,1211],"product_tag":[90,89,1746,1749,1747,87,94,93,647,648,1748,1736,1739,1737,1740,1738,1742,1741,92,88,91,1745,1743,1744,1595,95,96],"class_list":{"0":"post-24114","1":"product","2":"type-product","3":"status-publish","4":"has-post-thumbnail","6":"product_cat-2einfach","7":"product_cat-amigurumi","8":"product_cat-maxi","9":"product_cat-mini","10":"product_cat-neue-produkte","11":"product_tag-amigurumi","12":"product_tag-baby","13":"product_tag-einhorn-katze","14":"product_tag-einhorn-katze-mit-tasche","15":"product_tag-einhornkatze-haekeln","16":"product_tag-geschenk","17":"product_tag-haekelanleitung","18":"product_tag-haekeln","19":"product_tag-katze","20":"product_tag-katze-haekeln","21":"product_tag-katze-mit-tasche","22":"product_tag-katzen","23":"product_tag-katzen-babys","24":"product_tag-katzen-haekeln","25":"product_tag-katzen-kinder-haekeln","26":"product_tag-katzen-mama","27":"product_tag-katzen-mama-mit-babys","28":"product_tag-katzenbabys-haekeln","29":"product_tag-kinder","30":"product_tag-kuscheltier-haekeln","31":"product_tag-plueschtier","32":"product_tag-regenbogen-einhorn-katze","33":"product_tag-regenbogen-katze","34":"product_tag-regenbogen-tasche","35":"product_tag-tasche-haekeln","36":"product_tag-wolle","37":"product_tag-wollreste","39":"first","40":"instock","41":"purchasable","42":"product-type-variable"},"_links":{"self":[{"href":"https:\/\/dadade.eu\/index.php?rest_route=\/wp\/v2\/product\/24114","targetHints":{"allow":["GET"]}}],"collection":[{"href":"https:\/\/dadade.eu\/index.php?rest_route=\/wp\/v2\/product"}],"about":[{"href":"https:\/\/dadade.eu\/index.php?rest_route=\/wp\/v2\/types\/product"}],"wp:featuredmedia":[{"embeddable":true,"href":"https:\/\/dadade.eu\/index.php?rest_route=\/wp\/v2\/media\/24118"}],"wp:attachment":[{"href":"https:\/\/dadade.eu\/index.php?rest_route=%2Fwp%2Fv2%2Fmedia&parent=24114"}],"wp:term":[{"taxonomy":"product_brand","embeddable":true,"href":"https:\/\/dadade.eu\/index.php?rest_route=%2Fwp%2Fv2%2Fproduct_brand&post=24114"},{"taxonomy":"product_cat","embeddable":true,"href":"https:\/\/dadade.eu\/index.php?rest_route=%2Fwp%2Fv2%2Fproduct_cat&post=24114"},{"taxonomy":"product_tag","embeddable":true,"href":"https:\/\/dadade.eu\/index.php?rest_route=%2Fwp%2Fv2%2Fproduct_tag&post=24114"}],"curies":[{"name":"wp","href":"https:\/\/api.w.org\/{rel}","templated":true}]}}