{"id":24061,"date":"2024-11-19T15:26:55","date_gmt":"2024-11-19T14:26:55","guid":{"rendered":"https:\/\/dadade.eu\/?post_type=product&#038;p=24061"},"modified":"2025-01-01T00:00:07","modified_gmt":"2024-12-31T23:00:07","slug":"kissen-lebkuchenhaus-mit-adventskalender-h164","status":"publish","type":"product","link":"https:\/\/dadade.eu\/?product=kissen-lebkuchenhaus-mit-adventskalender-h164","title":{"rendered":"Kissen Lebkuchenhaus mit Adventskalender (H164)"},"content":{"rendered":"<h3><img fetchpriority=\"high\" decoding=\"async\" class=\"alignnone size-medium wp-image-24068\" src=\"https:\/\/dadade.eu\/wp-content\/uploads\/2024\/11\/xH164-Adventskalender-das-Kissen6b-300x225.jpg\" alt=\"\" width=\"300\" height=\"225\" srcset=\"https:\/\/dadade.eu\/wp-content\/uploads\/2024\/11\/xH164-Adventskalender-das-Kissen6b-300x225.jpg 300w, https:\/\/dadade.eu\/wp-content\/uploads\/2024\/11\/xH164-Adventskalender-das-Kissen6b-1024x768.jpg 1024w, https:\/\/dadade.eu\/wp-content\/uploads\/2024\/11\/xH164-Adventskalender-das-Kissen6b-768x576.jpg 768w, https:\/\/dadade.eu\/wp-content\/uploads\/2024\/11\/xH164-Adventskalender-das-Kissen6b-600x450.jpg 600w, https:\/\/dadade.eu\/wp-content\/uploads\/2024\/11\/xH164-Adventskalender-das-Kissen6b-64x48.jpg 64w, https:\/\/dadade.eu\/wp-content\/uploads\/2024\/11\/xH164-Adventskalender-das-Kissen6b.jpg 1400w\" sizes=\"(max-width: 300px) 100vw, 300px\" \/><\/h3>\n<p>nach Lust, Laune und Geschmack bef\u00fcllen<\/p>\n<h3><img decoding=\"async\" class=\"alignnone size-medium wp-image-24076\" src=\"https:\/\/dadade.eu\/wp-content\/uploads\/2024\/11\/xH164-Lebkuchenhaus-das-Kissen10-300x225.jpg\" alt=\"\" width=\"300\" height=\"225\" srcset=\"https:\/\/dadade.eu\/wp-content\/uploads\/2024\/11\/xH164-Lebkuchenhaus-das-Kissen10-300x225.jpg 300w, https:\/\/dadade.eu\/wp-content\/uploads\/2024\/11\/xH164-Lebkuchenhaus-das-Kissen10-1024x768.jpg 1024w, https:\/\/dadade.eu\/wp-content\/uploads\/2024\/11\/xH164-Lebkuchenhaus-das-Kissen10-768x576.jpg 768w, https:\/\/dadade.eu\/wp-content\/uploads\/2024\/11\/xH164-Lebkuchenhaus-das-Kissen10-600x450.jpg 600w, https:\/\/dadade.eu\/wp-content\/uploads\/2024\/11\/xH164-Lebkuchenhaus-das-Kissen10-64x48.jpg 64w, https:\/\/dadade.eu\/wp-content\/uploads\/2024\/11\/xH164-Lebkuchenhaus-das-Kissen10.jpg 1400w\" sizes=\"(max-width: 300px) 100vw, 300px\" \/><\/h3>\n<p>nur kleine Applikationen ann\u00e4hen oder kleben,<\/p>\n<p>&nbsp;<\/p>\n<p>Die Anleitung ist ausf\u00fchrlich mit vielen Bildern hinterlegt und wird auf 33 Seiten Schritt-f\u00fcr-Schritt beschrieben!<\/p>\n<p>&nbsp;<\/p>\n<p><strong><a href=\"https:\/\/dadade.eu\/?product_cat=winter-weihnachten\" target=\"_blank\" rel=\"noopener\">mehr Deko f\u00fcr Winter &amp; Weihnachten?<\/a><\/strong><\/p>\n<h4><strong>MEHR VARIANTEN UND IDEEN von flei\u00dfigen Helfer und H\u00e4nden?<\/strong><\/h4>\n<h4><a href=\"https:\/\/dadade.eu\/?p=20849\" target=\"_blank\" rel=\"noopener\">findet ihr hier <\/a><\/h4>\n<h4><a href=\"https:\/\/dadade.eu\/?p=13760\" target=\"_blank\" rel=\"noopener\">oder hier gibt es noch mehr Kissen<\/a><\/h4>\n<h4><\/h4>\n","protected":false},"excerpt":{"rendered":"<div id=\"cc-m-13954443088\">\n<div id=\"cc-m-13954443088\">\n<p>Hier kauft man die H\u00e4kelanleitung f\u00fcr dieses weihnachtliche Kissen<\/p>\n<p>1.-auf einer Seite ein Lebkuchenhaus<\/p>\n<p>2.-auf der anderen Seite ein Adventskalender zum Bef\u00fcllen.<\/p>\n<p>in die kleinen Taschen kann man allerlei Kleinigkeiten einf\u00fcllen, sei es einfach mit Schokolade, oder auch mal Tee, Geschenkgutscheine oder kleine Kosmetika,<\/p>\n<\/div>\n<div>auf der anderen Seite befindet sich ein kuscheliges Lebkuchenhaus, hier ist deiner Fantasie keine Grenzen gesetzt,einfach nur Details aufsticken oder auch mit Filz ann\u00e4hen oder kleben, die kleinen geh\u00e4kelte Applikationen sind nat\u00fcrlich auch mit dabei,<\/div>\n<div><\/div>\n<div>das Kissen ist mit kuscheliger Wolle geh\u00e4kelt,<\/div>\n<div>\n<p>Das Kissen wird mit der Nadelst\u00e4rke 4,5 geh\u00e4kelt und ist ungef\u00e4hr 40cm hoch und 32cm breit<\/p>\n<p>&nbsp;<\/p>\n<\/div>\n<p>die Weihnachts-Kissen zusammen\u00a0 im Sparangebot findet ihr hier<\/p>\n<p><a href=\"https:\/\/dadade.eu\/?product=weihnachts-deko-kissen-parade\" target=\"_blank\" rel=\"noopener\"><strong>Weihnachts-Deko-Kissen-Parade<\/strong><\/a><\/p>\n<\/div>\n","protected":false},"featured_media":24069,"template":"","meta":[],"product_brand":[],"product_cat":[57,48,53,1211,384],"product_tag":[1726,685,1732,1730,90,295,1058,242,1384,87,94,93,92,722,246,1733,243,244,1734,1735,294,195,183,95,96],"class_list":{"0":"post-24061","1":"product","2":"type-product","3":"status-publish","4":"has-post-thumbnail","6":"product_cat-3mittel","7":"product_cat-haus-deko","8":"product_cat-kissen","9":"product_cat-neue-produkte","10":"product_cat-winter-weihnachten","11":"product_tag-advebtskalender","12":"product_tag-adventskalender","13":"product_tag-adventskalender-haekeln","14":"product_tag-adventskalender-kissen","15":"product_tag-amigurumi","16":"product_tag-anleitung","17":"product_tag-deko","18":"product_tag-dekoration-haekeln","19":"product_tag-feiertag","20":"product_tag-geschenk","21":"product_tag-haekelanleitung","22":"product_tag-haekeln","23":"product_tag-kinder","24":"product_tag-kissen","25":"product_tag-kissen-haekeln","26":"product_tag-kissen-lebkuchenhaus","27":"product_tag-kuschelwolle","28":"product_tag-kuschelwolle-haekeln","29":"product_tag-lebkuchenhaus","30":"product_tag-lebkuchenhauskissen","31":"product_tag-mitbringsel","32":"product_tag-praesent","33":"product_tag-witzig","34":"product_tag-wolle","35":"product_tag-wollreste","37":"first","38":"instock","39":"downloadable","40":"shipping-taxable","41":"purchasable","42":"product-type-simple"},"_links":{"self":[{"href":"https:\/\/dadade.eu\/index.php?rest_route=\/wp\/v2\/product\/24061","targetHints":{"allow":["GET"]}}],"collection":[{"href":"https:\/\/dadade.eu\/index.php?rest_route=\/wp\/v2\/product"}],"about":[{"href":"https:\/\/dadade.eu\/index.php?rest_route=\/wp\/v2\/types\/product"}],"wp:featuredmedia":[{"embeddable":true,"href":"https:\/\/dadade.eu\/index.php?rest_route=\/wp\/v2\/media\/24069"}],"wp:attachment":[{"href":"https:\/\/dadade.eu\/index.php?rest_route=%2Fwp%2Fv2%2Fmedia&parent=24061"}],"wp:term":[{"taxonomy":"product_brand","embeddable":true,"href":"https:\/\/dadade.eu\/index.php?rest_route=%2Fwp%2Fv2%2Fproduct_brand&post=24061"},{"taxonomy":"product_cat","embeddable":true,"href":"https:\/\/dadade.eu\/index.php?rest_route=%2Fwp%2Fv2%2Fproduct_cat&post=24061"},{"taxonomy":"product_tag","embeddable":true,"href":"https:\/\/dadade.eu\/index.php?rest_route=%2Fwp%2Fv2%2Fproduct_tag&post=24061"}],"curies":[{"name":"wp","href":"https:\/\/api.w.org\/{rel}","templated":true}]}}