{"id":24034,"date":"2024-11-13T18:42:33","date_gmt":"2024-11-13T17:42:33","guid":{"rendered":"https:\/\/dadade.eu\/?post_type=product&#038;p=24034"},"modified":"2025-01-01T00:00:07","modified_gmt":"2024-12-31T23:00:07","slug":"kissen-schneemann-mit-adventskalender-h163","status":"publish","type":"product","link":"https:\/\/dadade.eu\/?product=kissen-schneemann-mit-adventskalender-h163","title":{"rendered":"Kissen Schneemann mit Adventskalender (H163)"},"content":{"rendered":"<h3><img fetchpriority=\"high\" decoding=\"async\" class=\"alignnone size-medium wp-image-24043\" src=\"https:\/\/dadade.eu\/wp-content\/uploads\/2024\/11\/xH163-Schneemann-Kissen-2-300x225.jpg\" alt=\"\" width=\"300\" height=\"225\" srcset=\"https:\/\/dadade.eu\/wp-content\/uploads\/2024\/11\/xH163-Schneemann-Kissen-2-300x225.jpg 300w, https:\/\/dadade.eu\/wp-content\/uploads\/2024\/11\/xH163-Schneemann-Kissen-2-600x450.jpg 600w, https:\/\/dadade.eu\/wp-content\/uploads\/2024\/11\/xH163-Schneemann-Kissen-2-64x48.jpg 64w, https:\/\/dadade.eu\/wp-content\/uploads\/2024\/11\/xH163-Schneemann-Kissen-2-1024x768.jpg 1024w, https:\/\/dadade.eu\/wp-content\/uploads\/2024\/11\/xH163-Schneemann-Kissen-2-768x576.jpg 768w, https:\/\/dadade.eu\/wp-content\/uploads\/2024\/11\/xH163-Schneemann-Kissen-2.jpg 1400w\" sizes=\"(max-width: 300px) 100vw, 300px\" \/> <img decoding=\"async\" class=\"alignnone size-medium wp-image-24044\" src=\"https:\/\/dadade.eu\/wp-content\/uploads\/2024\/11\/xH163-Schneemann-Kissen-6-300x225.jpg\" alt=\"\" width=\"300\" height=\"225\" srcset=\"https:\/\/dadade.eu\/wp-content\/uploads\/2024\/11\/xH163-Schneemann-Kissen-6-300x225.jpg 300w, https:\/\/dadade.eu\/wp-content\/uploads\/2024\/11\/xH163-Schneemann-Kissen-6-600x450.jpg 600w, https:\/\/dadade.eu\/wp-content\/uploads\/2024\/11\/xH163-Schneemann-Kissen-6-64x48.jpg 64w, https:\/\/dadade.eu\/wp-content\/uploads\/2024\/11\/xH163-Schneemann-Kissen-6-1024x768.jpg 1024w, https:\/\/dadade.eu\/wp-content\/uploads\/2024\/11\/xH163-Schneemann-Kissen-6-768x576.jpg 768w, https:\/\/dadade.eu\/wp-content\/uploads\/2024\/11\/xH163-Schneemann-Kissen-6.jpg 1400w\" sizes=\"(max-width: 300px) 100vw, 300px\" \/> <img decoding=\"async\" class=\"alignnone size-medium wp-image-24045\" src=\"https:\/\/dadade.eu\/wp-content\/uploads\/2024\/11\/xH163-Schneemann-Kissen-12-300x225.jpg\" alt=\"\" width=\"300\" height=\"225\" srcset=\"https:\/\/dadade.eu\/wp-content\/uploads\/2024\/11\/xH163-Schneemann-Kissen-12-300x225.jpg 300w, https:\/\/dadade.eu\/wp-content\/uploads\/2024\/11\/xH163-Schneemann-Kissen-12-600x450.jpg 600w, https:\/\/dadade.eu\/wp-content\/uploads\/2024\/11\/xH163-Schneemann-Kissen-12-64x48.jpg 64w, https:\/\/dadade.eu\/wp-content\/uploads\/2024\/11\/xH163-Schneemann-Kissen-12-1024x768.jpg 1024w, https:\/\/dadade.eu\/wp-content\/uploads\/2024\/11\/xH163-Schneemann-Kissen-12-768x576.jpg 768w, https:\/\/dadade.eu\/wp-content\/uploads\/2024\/11\/xH163-Schneemann-Kissen-12.jpg 1400w\" sizes=\"(max-width: 300px) 100vw, 300px\" \/> <img loading=\"lazy\" decoding=\"async\" class=\"alignnone size-medium wp-image-24046\" src=\"https:\/\/dadade.eu\/wp-content\/uploads\/2024\/11\/xH163-Schneemann-Kissen-18-300x225.jpg\" alt=\"\" width=\"300\" height=\"225\" srcset=\"https:\/\/dadade.eu\/wp-content\/uploads\/2024\/11\/xH163-Schneemann-Kissen-18-300x225.jpg 300w, https:\/\/dadade.eu\/wp-content\/uploads\/2024\/11\/xH163-Schneemann-Kissen-18-600x450.jpg 600w, https:\/\/dadade.eu\/wp-content\/uploads\/2024\/11\/xH163-Schneemann-Kissen-18-64x48.jpg 64w, https:\/\/dadade.eu\/wp-content\/uploads\/2024\/11\/xH163-Schneemann-Kissen-18-1024x768.jpg 1024w, https:\/\/dadade.eu\/wp-content\/uploads\/2024\/11\/xH163-Schneemann-Kissen-18-768x576.jpg 768w, https:\/\/dadade.eu\/wp-content\/uploads\/2024\/11\/xH163-Schneemann-Kissen-18.jpg 1400w\" sizes=\"(max-width: 300px) 100vw, 300px\" \/><\/h3>\n<h3>die Nase zeigt das Datum an<\/h3>\n<p>&nbsp;<\/p>\n<p>Die Anleitung ist ausf\u00fchrlich mit vielen Bildern hinterlegt und wird auf 8 Seiten Schritt-f\u00fcr-Schritt beschrieben!<\/p>\n<p>&nbsp;<\/p>\n<p><strong><a href=\"https:\/\/dadade.eu\/?product_cat=winter-weihnachten\" target=\"_blank\" rel=\"noopener\">mehr Deko f\u00fcr Winter &amp; Weihnachten?<\/a><\/strong><\/p>\n<h4><strong>MEHR VARIANTEN UND IDEEN von flei\u00dfigen Helfer und H\u00e4nden?<\/strong><\/h4>\n<h4><a href=\"https:\/\/dadade.eu\/?p=20849\" target=\"_blank\" rel=\"noopener\">findet ihr hier <\/a><\/h4>\n<h4><a href=\"https:\/\/dadade.eu\/?p=13760\" target=\"_blank\" rel=\"noopener\">oder hier gibt es noch mehr Kissen<\/a><\/h4>\n<h4><\/h4>\n","protected":false},"excerpt":{"rendered":"<div id=\"cc-m-13954443088\">\n<div id=\"cc-m-13954443088\">\n<p>Hier kauft man die H\u00e4kelanleitung f\u00fcr dieses witzige Kissen Schneemann<\/p>\n<p>das Kissen ist auch ein Adventskalender<\/p>\n<p>wer hat an der Nase gedreht????<\/p>\n<p>ist es wirklich schon so sp\u00e4t??? ups, Weihnachten steht vor der T\u00fcr<\/p>\n<p><img loading=\"lazy\" decoding=\"async\" class=\"alignnone size-medium wp-image-24047\" src=\"https:\/\/dadade.eu\/wp-content\/uploads\/2024\/11\/xH163-Schneemann-Kissen-24-300x225.jpg\" alt=\"\" width=\"300\" height=\"225\" srcset=\"https:\/\/dadade.eu\/wp-content\/uploads\/2024\/11\/xH163-Schneemann-Kissen-24-300x225.jpg 300w, https:\/\/dadade.eu\/wp-content\/uploads\/2024\/11\/xH163-Schneemann-Kissen-24-600x450.jpg 600w, https:\/\/dadade.eu\/wp-content\/uploads\/2024\/11\/xH163-Schneemann-Kissen-24-64x48.jpg 64w, https:\/\/dadade.eu\/wp-content\/uploads\/2024\/11\/xH163-Schneemann-Kissen-24-1024x768.jpg 1024w, https:\/\/dadade.eu\/wp-content\/uploads\/2024\/11\/xH163-Schneemann-Kissen-24-768x576.jpg 768w, https:\/\/dadade.eu\/wp-content\/uploads\/2024\/11\/xH163-Schneemann-Kissen-24.jpg 1400w\" sizes=\"(max-width: 300px) 100vw, 300px\" \/><\/p>\n<p>das Kissen ist mit kuscheliger Wolle geh\u00e4kelt,<\/p>\n<p>die R\u00fcckseite des Kissen\u00b4s bleibt einfach wei\u00df, oder man gibt dem Kissen auch hinten ein Gesicht, ohne Adventskalender<\/p>\n<p>&nbsp;<\/p>\n<p>Das Kissen hat mit der Nadelst\u00e4rke 4,5 geh\u00e4kelt &#8211; ungef\u00e4hr eine Durchmesser von 30cm<\/p>\n<p>&nbsp;<\/p>\n<\/div>\n<p>die Weihnachts-Kissen zusammen\u00a0 im Sparangebot findet ihr hier<\/p>\n<p><a href=\"https:\/\/dadade.eu\/?product=weihnachts-deko-kissen-parade\" target=\"_blank\" rel=\"noopener\"><strong>Weihnachts-Deko-Kissen-Parade<\/strong><\/a><\/p>\n<\/div>\n","protected":false},"featured_media":24035,"template":"","meta":[],"product_brand":[],"product_cat":[56,48,53,1211,384],"product_tag":[1726,685,1730,1731,90,295,1058,242,1384,87,94,93,92,722,246,1728,243,244,294,195,1158,1159,1727,1729,183,95,96],"class_list":{"0":"post-24034","1":"product","2":"type-product","3":"status-publish","4":"has-post-thumbnail","6":"product_cat-2einfach","7":"product_cat-haus-deko","8":"product_cat-kissen","9":"product_cat-neue-produkte","10":"product_cat-winter-weihnachten","11":"product_tag-advebtskalender","12":"product_tag-adventskalender","13":"product_tag-adventskalender-kissen","14":"product_tag-adventskalender-schneemann","15":"product_tag-amigurumi","16":"product_tag-anleitung","17":"product_tag-deko","18":"product_tag-dekoration-haekeln","19":"product_tag-feiertag","20":"product_tag-geschenk","21":"product_tag-haekelanleitung","22":"product_tag-haekeln","23":"product_tag-kinder","24":"product_tag-kissen","25":"product_tag-kissen-haekeln","26":"product_tag-kissen-schneemann","27":"product_tag-kuschelwolle","28":"product_tag-kuschelwolle-haekeln","29":"product_tag-mitbringsel","30":"product_tag-praesent","31":"product_tag-schneemann","32":"product_tag-schneemann-haekeln","33":"product_tag-schneemann-kissen","34":"product_tag-schneemannkissen","35":"product_tag-witzig","36":"product_tag-wolle","37":"product_tag-wollreste","39":"first","40":"instock","41":"downloadable","42":"shipping-taxable","43":"purchasable","44":"product-type-simple"},"_links":{"self":[{"href":"https:\/\/dadade.eu\/index.php?rest_route=\/wp\/v2\/product\/24034","targetHints":{"allow":["GET"]}}],"collection":[{"href":"https:\/\/dadade.eu\/index.php?rest_route=\/wp\/v2\/product"}],"about":[{"href":"https:\/\/dadade.eu\/index.php?rest_route=\/wp\/v2\/types\/product"}],"wp:featuredmedia":[{"embeddable":true,"href":"https:\/\/dadade.eu\/index.php?rest_route=\/wp\/v2\/media\/24035"}],"wp:attachment":[{"href":"https:\/\/dadade.eu\/index.php?rest_route=%2Fwp%2Fv2%2Fmedia&parent=24034"}],"wp:term":[{"taxonomy":"product_brand","embeddable":true,"href":"https:\/\/dadade.eu\/index.php?rest_route=%2Fwp%2Fv2%2Fproduct_brand&post=24034"},{"taxonomy":"product_cat","embeddable":true,"href":"https:\/\/dadade.eu\/index.php?rest_route=%2Fwp%2Fv2%2Fproduct_cat&post=24034"},{"taxonomy":"product_tag","embeddable":true,"href":"https:\/\/dadade.eu\/index.php?rest_route=%2Fwp%2Fv2%2Fproduct_tag&post=24034"}],"curies":[{"name":"wp","href":"https:\/\/api.w.org\/{rel}","templated":true}]}}