{"id":24029,"date":"2024-11-12T16:54:54","date_gmt":"2024-11-12T15:54:54","guid":{"rendered":"https:\/\/dadade.eu\/?post_type=product&#038;p=24029"},"modified":"2024-12-19T20:51:04","modified_gmt":"2024-12-19T19:51:04","slug":"h000-12-viele-kraenze-fuer-weihnachten","status":"publish","type":"product","link":"https:\/\/dadade.eu\/?product=h000-12-viele-kraenze-fuer-weihnachten","title":{"rendered":"H000 &#8211; viele Kr\u00e4nze f\u00fcr Weihnachten"},"content":{"rendered":"<p><strong>ganz viele Kr\u00e4nze, <\/strong><strong>mit vielen tolle Dekorations-Ideen und Tieren<\/strong><\/p>\n<p><strong>die Kr\u00e4nze findet ihr bei <a href=\"https:\/\/dadade.eu\/?product_cat=haus-deko\">Haus &amp; Deko<\/a><\/strong><\/p>\n<p>&nbsp;<\/p>\n<p><a href=\"https:\/\/dadade.eu\/?product=kleiner-tannen-kranz-h001\" target=\"_blank\" rel=\"noopener\"><strong><u>H001 kleiner Tannen-Kranz<\/u><\/strong><\/a><\/p>\n<p><a href=\"https:\/\/dadade.eu\/?product=grosser-tannen-kranz-h002\" target=\"_blank\" rel=\"noopener\"><strong><u>H002 gro\u00dfer Tannen-Kranz<\/u><\/strong><\/a><\/p>\n<p><a href=\"https:\/\/dadade.eu\/?product=kranz-kleeblatt-h003\" target=\"_blank\" rel=\"noopener\"><strong><u>H003 Kranz Kleeblatt<\/u><\/strong><\/a><\/p>\n<p><strong><u><a href=\"https:\/\/dadade.eu\/?product=kranz-kleiner-stern-h011\" target=\"_blank\" rel=\"noopener\">H011 Kranz kleiner Stern<\/a><\/u><\/strong><\/p>\n<p><strong><u><a href=\"https:\/\/dadade.eu\/?product=kranz-kleiner-stern-h011\" target=\"_blank\" rel=\"noopener\">H012 Kranz gro\u00dfer\u00a0 Stern<\/a><\/u><\/strong><\/p>\n<p><a href=\"https:\/\/dadade.eu\/?product=kranz-tannenbaum-mit-elf-h013\" target=\"_blank\" rel=\"noopener\"><strong><u>H013 Kranz Tannenbaum mit Elf<\/u><\/strong><\/a><\/p>\n<p>&nbsp;<\/p>\n<h3><strong><u>Deko f\u00fcr die Kr\u00e4nze <\/u><\/strong><\/h3>\n<p><strong><u><a href=\"https:\/\/dadade.eu\/?product=das-kleine-eichhoernchen-a136\" target=\"_blank\" rel=\"noopener\">HA136 das kleine Eichh\u00f6rnchen<\/a><\/u><\/strong><\/p>\n<p><strong><u><a href=\"https:\/\/dadade.eu\/?product=weihnachtstruppe-engelchen-weihnachtswichtel-h510\" target=\"_blank\" rel=\"noopener\">H510 Weihnachtstruppe, Engelchen &amp; Weihnachtswichtel<\/a><\/u><\/strong><\/p>\n<p><strong><u><a href=\"https:\/\/dadade.eu\/?product=tuer-kranz-deko-tiere-schaf-kranz-h050\" target=\"_blank\" rel=\"noopener\">H050 Deko-Schaf &amp; Kranz kleiner Stern<\/a><\/u><\/strong><\/p>\n<h1 class=\"product_title entry-title\"><\/h1>\n<p><a href=\"https:\/\/dadade.eu\/?product=kranz-mit-weihnachts-elefant-h093\" target=\"_blank\" rel=\"noopener\"><strong><u>H093 T\u00fcr-Kranz mit Weihnachts-Elefant<\/u><\/strong><\/a><\/p>\n<p><a href=\"https:\/\/dadade.eu\/?product=advents-kranz-mit-maus-baer-rentier-pinguin-h094\" target=\"_blank\" rel=\"noopener\"><strong><u>H094 Advents-Kranz mit Maus, B\u00e4r, Rentier &amp; Pinguin<\/u><\/strong><\/a><\/p>\n<p><a href=\"https:\/\/dadade.eu\/?product=tuer-kranz-mit-erdmaennchen-h095\" target=\"_blank\" rel=\"noopener\"><strong><u>H095 Kranz mit Erdm\u00e4nnchen<\/u><\/strong><\/a><\/p>\n<p>&nbsp;<\/p>\n<p>mehr Bilder von den Kr\u00e4nzen, von flei\u00dfigen Helfer und H\u00e4nde findet ihr hier<\/p>\n<p><strong><a href=\"https:\/\/dadade.eu\/?p=6679\">KLICKE HIER<\/a><\/strong><\/p>\n<p>oder auf meiner Webseite<\/p>\n<p><strong><a href=\"https:\/\/www.dadade.de\/f0-kr%C3%A4nze-zum-kombinieren\/\">KLICKE HIER<\/a><\/strong><\/p>\n<p>&nbsp;<\/p>\n<p>&nbsp;<\/p>\n","protected":false},"excerpt":{"rendered":"<div id=\"cc-m-13954443088\" class=\"j-module n j-text \">\n<p>hier gibt es viele verschiedene Kr\u00e4nze, sie sind alle geh\u00e4kelt,ob f\u00fcr die Weihnachtszeit,<\/p>\n<p>oder neu dekoriert f\u00fcr das ganze Jahr<\/p>\n<p>es gibt verschiedene Kranz-Deko-Tiere, diese Tiere sind alle f\u00fcr die Kr\u00e4nze entworfen worden. Tiere und Kr\u00e4nze kann man kombinieren, wie man will.<\/p>\n<p>Lass deiner Fantasie freien Lauf, und dekorier das Herz nach Lust und Laune.<\/p>\n<p><strong>Warum die Kr\u00e4nze h\u00e4keln??<\/strong><\/p>\n<p>man kann sie immer wieder leicht umdekorieren<\/p>\n<p>diese Kr\u00e4nze kann man waschen<\/p>\n<p>die Kr\u00e4nze haben mal eine ungew\u00f6hnliche Form<\/p>\n<p>diese geh\u00e4kelten Kr\u00e4nze bietet viele Deko-M\u00f6glichkeiten,<\/p>\n<p>Die Tiere dienen nur zu Dekorationszwecken, die Anleitungen f\u00fcr die verschiedenen Tiere kann man auch bei mir erwerben.<\/p>\n<p><strong><a href=\"https:\/\/dadade.eu\/?p=8021\">mehr Bilder findet ihr hier<\/a><\/strong>\u00a0mit noch vielen tolle Deko-Ideen<\/p>\n<p>&nbsp;<\/p>\n<p>&nbsp;<\/p>\n<\/div>\n","protected":false},"featured_media":24030,"template":"","meta":[],"product_brand":[],"product_cat":[16,382],"product_tag":[90,242,260,87,94,93,277,126,279,278,281,257,256,243,244,181,280,195,296,258,274,276,275,302,95,96],"class_list":{"0":"post-24029","1":"product","2":"type-product","3":"status-publish","4":"has-post-thumbnail","6":"product_cat-alle","7":"product_cat-kraenze","8":"product_tag-amigurumi","9":"product_tag-dekoration-haekeln","10":"product_tag-fruehling","11":"product_tag-geschenk","12":"product_tag-haekelanleitung","13":"product_tag-haekeln","14":"product_tag-haekeln-fuer-valentin","15":"product_tag-herbst","16":"product_tag-herz","17":"product_tag-herz-haekeln","18":"product_tag-hochzeit","19":"product_tag-kranz","20":"product_tag-kranz-haekeln","21":"product_tag-kuschelwolle","22":"product_tag-kuschelwolle-haekeln","23":"product_tag-lustig","24":"product_tag-muttertag","25":"product_tag-praesent","26":"product_tag-sommer","27":"product_tag-tuerkranz-haekeln","28":"product_tag-tuerkranz-muttertag","29":"product_tag-valentin","30":"product_tag-valentinstag","31":"product_tag-winter","32":"product_tag-wolle","33":"product_tag-wollreste","35":"first","36":"instock","37":"shipping-taxable","38":"product-type-simple"},"_links":{"self":[{"href":"https:\/\/dadade.eu\/index.php?rest_route=\/wp\/v2\/product\/24029","targetHints":{"allow":["GET"]}}],"collection":[{"href":"https:\/\/dadade.eu\/index.php?rest_route=\/wp\/v2\/product"}],"about":[{"href":"https:\/\/dadade.eu\/index.php?rest_route=\/wp\/v2\/types\/product"}],"wp:featuredmedia":[{"embeddable":true,"href":"https:\/\/dadade.eu\/index.php?rest_route=\/wp\/v2\/media\/24030"}],"wp:attachment":[{"href":"https:\/\/dadade.eu\/index.php?rest_route=%2Fwp%2Fv2%2Fmedia&parent=24029"}],"wp:term":[{"taxonomy":"product_brand","embeddable":true,"href":"https:\/\/dadade.eu\/index.php?rest_route=%2Fwp%2Fv2%2Fproduct_brand&post=24029"},{"taxonomy":"product_cat","embeddable":true,"href":"https:\/\/dadade.eu\/index.php?rest_route=%2Fwp%2Fv2%2Fproduct_cat&post=24029"},{"taxonomy":"product_tag","embeddable":true,"href":"https:\/\/dadade.eu\/index.php?rest_route=%2Fwp%2Fv2%2Fproduct_tag&post=24029"}],"curies":[{"name":"wp","href":"https:\/\/api.w.org\/{rel}","templated":true}]}}