{"id":23768,"date":"2024-10-05T17:01:59","date_gmt":"2024-10-05T15:01:59","guid":{"rendered":"https:\/\/dadade.eu\/?post_type=product&#038;p=23768"},"modified":"2024-11-22T16:08:21","modified_gmt":"2024-11-22T15:08:21","slug":"jahres-wichtel-h070","status":"publish","type":"product","link":"https:\/\/dadade.eu\/?product=jahres-wichtel-h070","title":{"rendered":"Jahres-Wichtel (H070)"},"content":{"rendered":"<p><img fetchpriority=\"high\" decoding=\"async\" class=\"alignnone size-medium wp-image-11902\" src=\"https:\/\/dadade.eu\/wp-content\/uploads\/2021\/04\/x2-Wichtel-1-300x225.jpg\" alt=\"\" width=\"300\" height=\"225\" srcset=\"https:\/\/dadade.eu\/wp-content\/uploads\/2021\/04\/x2-Wichtel-1-300x225.jpg 300w, https:\/\/dadade.eu\/wp-content\/uploads\/2021\/04\/x2-Wichtel-1-600x450.jpg 600w, https:\/\/dadade.eu\/wp-content\/uploads\/2021\/04\/x2-Wichtel-1-64x48.jpg 64w, https:\/\/dadade.eu\/wp-content\/uploads\/2021\/04\/x2-Wichtel-1-1024x768.jpg 1024w, https:\/\/dadade.eu\/wp-content\/uploads\/2021\/04\/x2-Wichtel-1-768x576.jpg 768w, https:\/\/dadade.eu\/wp-content\/uploads\/2021\/04\/x2-Wichtel-1.jpg 1400w\" sizes=\"(max-width: 300px) 100vw, 300px\" \/><strong><a href=\"https:\/\/dadade.eu\/?p=17122\">den s\u00fc\u00dfen Deko-Wichtel bekommt man auch zu verschiedenen Kr\u00e4nzen dazu-hier gibt es noch mehr Bilder<\/a><\/strong><\/p>\n<p><img decoding=\"async\" class=\"alignnone size-medium wp-image-17158\" src=\"https:\/\/dadade.eu\/wp-content\/uploads\/2023\/07\/x08-herz1-mit-Wichtel-rot1-300x225.jpg\" alt=\"\" width=\"300\" height=\"225\" srcset=\"https:\/\/dadade.eu\/wp-content\/uploads\/2023\/07\/x08-herz1-mit-Wichtel-rot1-300x225.jpg 300w, https:\/\/dadade.eu\/wp-content\/uploads\/2023\/07\/x08-herz1-mit-Wichtel-rot1-600x450.jpg 600w, https:\/\/dadade.eu\/wp-content\/uploads\/2023\/07\/x08-herz1-mit-Wichtel-rot1-64x48.jpg 64w, https:\/\/dadade.eu\/wp-content\/uploads\/2023\/07\/x08-herz1-mit-Wichtel-rot1-1024x768.jpg 1024w, https:\/\/dadade.eu\/wp-content\/uploads\/2023\/07\/x08-herz1-mit-Wichtel-rot1-768x576.jpg 768w, https:\/\/dadade.eu\/wp-content\/uploads\/2023\/07\/x08-herz1-mit-Wichtel-rot1.jpg 1400w\" sizes=\"(max-width: 300px) 100vw, 300px\" \/>hier gibt es <strong><a href=\"https:\/\/dadade.eu\/?product=kranz-kleines-herz-h008\" target=\"_blank\" rel=\"noopener\">das kleine Herz <\/a><\/strong><a href=\"https:\/\/dadade.eu\/?product=kranz-grosses-herz-h009\">(H008)\u00a0<\/a><\/p>\n<p><img decoding=\"async\" class=\"alignnone size-medium wp-image-17165\" src=\"https:\/\/dadade.eu\/wp-content\/uploads\/2023\/07\/x09-herz2-mit-Wichtel-grau5-300x225.jpg\" alt=\"\" width=\"300\" height=\"225\" srcset=\"https:\/\/dadade.eu\/wp-content\/uploads\/2023\/07\/x09-herz2-mit-Wichtel-grau5-300x225.jpg 300w, https:\/\/dadade.eu\/wp-content\/uploads\/2023\/07\/x09-herz2-mit-Wichtel-grau5-600x450.jpg 600w, https:\/\/dadade.eu\/wp-content\/uploads\/2023\/07\/x09-herz2-mit-Wichtel-grau5-64x48.jpg 64w, https:\/\/dadade.eu\/wp-content\/uploads\/2023\/07\/x09-herz2-mit-Wichtel-grau5-1024x768.jpg 1024w, https:\/\/dadade.eu\/wp-content\/uploads\/2023\/07\/x09-herz2-mit-Wichtel-grau5-768x576.jpg 768w, https:\/\/dadade.eu\/wp-content\/uploads\/2023\/07\/x09-herz2-mit-Wichtel-grau5.jpg 1400w\" sizes=\"(max-width: 300px) 100vw, 300px\" \/>hier gibt es <strong><a href=\"https:\/\/dadade.eu\/?product=kranz-grosses-herz-h009\" target=\"_blank\" rel=\"noopener\">das gro\u00dfe Herz <\/a><\/strong><a href=\"https:\/\/dadade.eu\/?product=kranz-grosses-herz-h009\">(H009)\u00a0<\/a><\/p>\n<p><img loading=\"lazy\" decoding=\"async\" class=\"alignnone size-medium wp-image-8906\" src=\"https:\/\/dadade.eu\/wp-content\/uploads\/2023\/02\/xKranz-Erdloch-Wichtel-4b-300x225.jpg\" alt=\"\" width=\"300\" height=\"225\" srcset=\"https:\/\/dadade.eu\/wp-content\/uploads\/2023\/02\/xKranz-Erdloch-Wichtel-4b-300x225.jpg 300w, https:\/\/dadade.eu\/wp-content\/uploads\/2023\/02\/xKranz-Erdloch-Wichtel-4b-600x450.jpg 600w, https:\/\/dadade.eu\/wp-content\/uploads\/2023\/02\/xKranz-Erdloch-Wichtel-4b-64x48.jpg 64w, https:\/\/dadade.eu\/wp-content\/uploads\/2023\/02\/xKranz-Erdloch-Wichtel-4b-1024x768.jpg 1024w, https:\/\/dadade.eu\/wp-content\/uploads\/2023\/02\/xKranz-Erdloch-Wichtel-4b-768x576.jpg 768w, https:\/\/dadade.eu\/wp-content\/uploads\/2023\/02\/xKranz-Erdloch-Wichtel-4b.jpg 1400w\" sizes=\"(max-width: 300px) 100vw, 300px\" \/>oder im Kranz\u00a0 <strong><a href=\"https:\/\/dadade.eu\/?product=kranz-grosses-herz-h009\" target=\"_blank\" rel=\"noopener\">Erdloch <\/a><\/strong><a href=\"https:\/\/dadade.eu\/?product=kranz-erdloch-h010\">(H010)\u00a0<\/a><\/p>\n<p>Die Anleitung ist jedoch ausf\u00fchrlich mit vielen Bildern hinterlegt<\/p>\n<p>und wird auf\u00a0 9 Seiten (Wichtel) Seiten Schritt-f\u00fcr-Schritt beschrieben!<\/p>\n<p>Sie ist dadurch auch schon f\u00fcr Anf\u00e4nger geeignet.<\/p>\n<p>&nbsp;<\/p>\n<p>viele Bilder und Ideen von Kr\u00e4nzen &#8211; von flei\u00dfigen Helfer und H\u00e4nden findet ihr hier<\/p>\n<p><strong><a href=\"https:\/\/dadade.eu\/?p=6679\" target=\"_blank\" rel=\"noopener\">KLICKE HIER<\/a><\/strong><\/p>\n<p>&nbsp;<\/p>\n<p>&nbsp;<\/p>\n<p>&nbsp;<\/p>\n","protected":false},"excerpt":{"rendered":"<div id=\"cc-m-13954443088\" class=\"j-module n j-text \">\n<p>Hier kauft man nur die H\u00e4kelanleitung f\u00fcr diesen s\u00fc\u00dfen Wichtel,<\/p>\n<p>der Wichtel bietet viele Deko-M\u00f6glichkeiten,<\/p>\n<ol>\n<li>z.B. f\u00fcr Muttertag, mit einem Herz.<\/li>\n<li>oder als Dekoration im Fr\u00fchling<\/li>\n<li>er hat Platz in jedem T\u00fcr-Kranz<\/li>\n<li>im Herbst als Herbstwichtel<\/li>\n<li>und als Weihnachtswichtel kann er auch noch punkten<\/li>\n<\/ol>\n<p><strong><a href=\"https:\/\/dadade.eu\/?p=17122\" target=\"_blank\" rel=\"noopener\">mehr Bilder findet ihr hier<\/a><\/strong>\u00a0mit noch vielen tolle Deko-Ideen<\/p>\n<p>Lass deiner Fantasie freien Lauf, und dekoriere mit dem Wichtel nach Lust und Laune.<\/p>\n<p>Ich freue mich immer auf Bilder f\u00fcr meine Seite<\/p>\n<p>&nbsp;<\/p>\n<p>der Wichtel wird mit der Nadelst\u00e4rke 3; ca 17cm hoch &#8211; im Sitzen und mit der M\u00fctze<\/p>\n<p>mit der Himalaya Dolphin Baby und der Nadelst\u00e4rke 4,\u00a0 ca 24cm hoch<\/p>\n<p>&nbsp;<\/p>\n<\/div>\n","protected":false},"featured_media":17177,"template":"","meta":[],"product_brand":[],"product_cat":[56,52,382,387,389,384],"product_tag":[90,242,260,87,94,93,277,1717,279,278,281,257,256,243,244,181,280,195,258,274,276,275,683,1317,165,164,95,96],"class_list":{"0":"post-23768","1":"product","2":"type-product","3":"status-publish","4":"has-post-thumbnail","6":"product_cat-2einfach","7":"product_cat-herbst-halloween","8":"product_cat-kraenze","9":"product_cat-muttertag","10":"product_cat-valentinstag","11":"product_cat-winter-weihnachten","12":"product_tag-amigurumi","13":"product_tag-dekoration-haekeln","14":"product_tag-fruehling","15":"product_tag-geschenk","16":"product_tag-haekelanleitung","17":"product_tag-haekeln","18":"product_tag-haekeln-fuer-valentin","19":"product_tag-herbstwichtel","20":"product_tag-herz","21":"product_tag-herz-haekeln","22":"product_tag-hochzeit","23":"product_tag-kranz","24":"product_tag-kranz-haekeln","25":"product_tag-kuschelwolle","26":"product_tag-kuschelwolle-haekeln","27":"product_tag-lustig","28":"product_tag-muttertag","29":"product_tag-praesent","30":"product_tag-tuerkranz-haekeln","31":"product_tag-tuerkranz-muttertag","32":"product_tag-valentin","33":"product_tag-valentinstag","34":"product_tag-weihnachten","35":"product_tag-weihnachtswichtel","36":"product_tag-wichtel","37":"product_tag-wichtel-haekeln","38":"product_tag-wolle","39":"product_tag-wollreste","41":"first","42":"instock","43":"downloadable","44":"shipping-taxable","45":"purchasable","46":"product-type-simple"},"_links":{"self":[{"href":"https:\/\/dadade.eu\/index.php?rest_route=\/wp\/v2\/product\/23768","targetHints":{"allow":["GET"]}}],"collection":[{"href":"https:\/\/dadade.eu\/index.php?rest_route=\/wp\/v2\/product"}],"about":[{"href":"https:\/\/dadade.eu\/index.php?rest_route=\/wp\/v2\/types\/product"}],"wp:featuredmedia":[{"embeddable":true,"href":"https:\/\/dadade.eu\/index.php?rest_route=\/wp\/v2\/media\/17177"}],"wp:attachment":[{"href":"https:\/\/dadade.eu\/index.php?rest_route=%2Fwp%2Fv2%2Fmedia&parent=23768"}],"wp:term":[{"taxonomy":"product_brand","embeddable":true,"href":"https:\/\/dadade.eu\/index.php?rest_route=%2Fwp%2Fv2%2Fproduct_brand&post=23768"},{"taxonomy":"product_cat","embeddable":true,"href":"https:\/\/dadade.eu\/index.php?rest_route=%2Fwp%2Fv2%2Fproduct_cat&post=23768"},{"taxonomy":"product_tag","embeddable":true,"href":"https:\/\/dadade.eu\/index.php?rest_route=%2Fwp%2Fv2%2Fproduct_tag&post=23768"}],"curies":[{"name":"wp","href":"https:\/\/api.w.org\/{rel}","templated":true}]}}