{"id":23324,"date":"2024-07-31T10:51:55","date_gmt":"2024-07-31T08:51:55","guid":{"rendered":"https:\/\/dadade.eu\/?post_type=product&#038;p=23324"},"modified":"2024-08-03T20:54:29","modified_gmt":"2024-08-03T18:54:29","slug":"igeldame-iva-b414","status":"publish","type":"product","link":"https:\/\/dadade.eu\/?product=igeldame-iva-b414","title":{"rendered":"Igeldame Iva (B414)"},"content":{"rendered":"<p><img fetchpriority=\"high\" decoding=\"async\" class=\"alignnone size-medium wp-image-23331\" src=\"https:\/\/dadade.eu\/wp-content\/uploads\/2024\/07\/xB414-viele-5Igel-13b-300x225.jpg\" alt=\"\" width=\"300\" height=\"225\" srcset=\"https:\/\/dadade.eu\/wp-content\/uploads\/2024\/07\/xB414-viele-5Igel-13b-300x225.jpg 300w, https:\/\/dadade.eu\/wp-content\/uploads\/2024\/07\/xB414-viele-5Igel-13b-600x450.jpg 600w, https:\/\/dadade.eu\/wp-content\/uploads\/2024\/07\/xB414-viele-5Igel-13b-64x48.jpg 64w, https:\/\/dadade.eu\/wp-content\/uploads\/2024\/07\/xB414-viele-5Igel-13b-1024x768.jpg 1024w, https:\/\/dadade.eu\/wp-content\/uploads\/2024\/07\/xB414-viele-5Igel-13b-768x576.jpg 768w, https:\/\/dadade.eu\/wp-content\/uploads\/2024\/07\/xB414-viele-5Igel-13b.jpg 1400w\" sizes=\"(max-width: 300px) 100vw, 300px\" \/>in der Anleitung f\u00fcr die Igeldame befindet sich der Igel mit und ohne Spieluhr.<\/p>\n<p><strong><a href=\"https:\/\/dadade.eu\/?product=igeldame-iva-die-spieluhr-b414\" target=\"_blank\" rel=\"noopener\">die Anleitung findet ihr hier<\/a><\/strong><\/p>\n<p><a href=\"https:\/\/youtu.be\/sLqcZ4nIwwI\" target=\"_blank\" rel=\"noopener\"><strong>Hier kann man sich das Video auf Youtube ansehen,\u00a0<\/strong><\/a><\/p>\n<p>&nbsp;<\/p>\n<p>Mit dem Kauf erh\u00e4ltst du eine verst\u00e4ndliche H\u00e4kelanleitung, im praktischen PDF-Format.<\/p>\n<p>Die Anleitung ist ausf\u00fchrlich mit vielen Bildern hinterlegt und wird auf \u00fcber 17 (Igeldame) &amp; 18 (Extra f\u00fcr Spieluhr und Muster Stacheln) Seiten Schritt-f\u00fcr-Schritt beschrieben!<\/p>\n<p>Auch das Einbauen der Spieluhr wird Schritt f\u00fcr Schritt erkl\u00e4rt!<\/p>\n<p>&nbsp;<\/p>\n<p>&nbsp;<\/p>\n<p>noch mehr Bilder von flei\u00dfigen Helfer und\u00a0 H\u00e4nden<\/p>\n<p>mehr Bilder von Spieluhren findet ihr hier<\/p>\n<p><strong><a href=\"https:\/\/dadade.eu\/?p=10708\">KLICKE HIER<\/a><\/strong><\/p>\n<p>&nbsp;<\/p>\n<p>&nbsp;<\/p>\n<p>&nbsp;<\/p>\n","protected":false},"excerpt":{"rendered":"<div id=\"cc-m-13954443088\" class=\"j-module n j-text \">\n<p>die H\u00e4kelanleitung f\u00fcr diesen putzigen Igel<strong><a href=\"https:\/\/dadade.eu\/?product=igeldame-iva-die-spieluhr-b414\"> findet man hier<\/a><\/strong><\/p>\n<p>bei Baby &amp; Kind, zusammen mit der Anleitung f\u00fcr die Spieluhr,<\/p>\n<p>mit dieser Anleitung hat man etwas ganz Besonderes mit vielen Varianten, lasst eurer Fantasie freien Lauf<\/p>\n<p>1. Igeldame Iva mit Spieluhr<\/p>\n<p>2. einfach nur als Kuscheltier<\/p>\n<p>3. oder z.B. mit einer Rasseln<\/p>\n<p>Eine Spieluhr, bei der sich keine Schnur um \u00c4rmchen oder Beinchen wickeln kann.<\/p>\n<p>Seht euch unten das Video an und achtet bitte auf den Schwanz des Igels.<\/p>\n<p>mit Chenillewolle, mit Nadel 2,5 wird der Igel ungef\u00e4hr; 18cm lang, 11cm breit und 9cm hoch<\/p>\n<p>mit Chenillewolle, mit Nadel 4 wird der Igel ungef\u00e4hr; 27cm lang, 15cm breit und 13cm hoch<\/p>\n<p>mit Chenillewolle, mit Nadel 5 wird der Igel ungef\u00e4hr; 30cm lang, 17cm breit und 13cm hoch<\/p>\n<p>&nbsp;<\/p>\n<\/div>\n","protected":false},"featured_media":23351,"template":"","meta":[],"product_brand":[],"product_cat":[58,39,505,69,1211],"product_tag":[90,89,233,87,94,93,1356,194,92,234,180,1712,181,236,195,887,1678,235,238,196,237,95],"class_list":{"0":"post-23324","1":"product","2":"type-product","3":"status-publish","4":"has-post-thumbnail","6":"product_cat-4schwer","7":"product_cat-amigurumis-zum-kuscheln","8":"product_cat-herbst","9":"product_cat-mittel","10":"product_cat-neue-produkte","11":"product_tag-amigurumi","12":"product_tag-baby","13":"product_tag-dekoration","14":"product_tag-geschenk","15":"product_tag-haekelanleitung","16":"product_tag-haekeln","17":"product_tag-igel","18":"product_tag-kind","19":"product_tag-kinder","20":"product_tag-kinderzimmer","21":"product_tag-kuscheltier","22":"product_tag-kuscheltier-igel","23":"product_tag-lustig","24":"product_tag-musik","25":"product_tag-praesent","26":"product_tag-rassel","27":"product_tag-schlaftier","28":"product_tag-spieluhr","29":"product_tag-spieluhr-haekeln","30":"product_tag-spielzeug","31":"product_tag-taufe","32":"product_tag-wolle","34":"first","35":"instock","36":"shipping-taxable","37":"product-type-simple"},"_links":{"self":[{"href":"https:\/\/dadade.eu\/index.php?rest_route=\/wp\/v2\/product\/23324","targetHints":{"allow":["GET"]}}],"collection":[{"href":"https:\/\/dadade.eu\/index.php?rest_route=\/wp\/v2\/product"}],"about":[{"href":"https:\/\/dadade.eu\/index.php?rest_route=\/wp\/v2\/types\/product"}],"wp:featuredmedia":[{"embeddable":true,"href":"https:\/\/dadade.eu\/index.php?rest_route=\/wp\/v2\/media\/23351"}],"wp:attachment":[{"href":"https:\/\/dadade.eu\/index.php?rest_route=%2Fwp%2Fv2%2Fmedia&parent=23324"}],"wp:term":[{"taxonomy":"product_brand","embeddable":true,"href":"https:\/\/dadade.eu\/index.php?rest_route=%2Fwp%2Fv2%2Fproduct_brand&post=23324"},{"taxonomy":"product_cat","embeddable":true,"href":"https:\/\/dadade.eu\/index.php?rest_route=%2Fwp%2Fv2%2Fproduct_cat&post=23324"},{"taxonomy":"product_tag","embeddable":true,"href":"https:\/\/dadade.eu\/index.php?rest_route=%2Fwp%2Fv2%2Fproduct_tag&post=23324"}],"curies":[{"name":"wp","href":"https:\/\/api.w.org\/{rel}","templated":true}]}}