{"id":23212,"date":"2024-06-12T00:18:54","date_gmt":"2024-06-11T22:18:54","guid":{"rendered":"https:\/\/dadade.eu\/?post_type=product&#038;p=23212"},"modified":"2025-04-25T10:03:08","modified_gmt":"2025-04-25T08:03:08","slug":"stifte-mit-gehaekelten-dinosaurier-der-besondere-kugelschreiber-und-schluesselanhaenger-h720","status":"publish","type":"product","link":"https:\/\/dadade.eu\/?product=stifte-mit-gehaekelten-dinosaurier-der-besondere-kugelschreiber-und-schluesselanhaenger-h720","title":{"rendered":"Stifte mit geh\u00e4kelten Dinosaurier, der besondere Kugelschreiber und Schl\u00fcsselanh\u00e4nger (H720)"},"content":{"rendered":"<p><img decoding=\"async\" class=\"alignnone wp-image-23223\" src=\"https:\/\/dadade.eu\/wp-content\/uploads\/2024\/06\/xStifte-Dinos-Schluesselanhaenger-10-300x225.jpg\" alt=\"\" width=\"256\" height=\"192\" srcset=\"https:\/\/dadade.eu\/wp-content\/uploads\/2024\/06\/xStifte-Dinos-Schluesselanhaenger-10-300x225.jpg 300w, https:\/\/dadade.eu\/wp-content\/uploads\/2024\/06\/xStifte-Dinos-Schluesselanhaenger-10-600x450.jpg 600w, https:\/\/dadade.eu\/wp-content\/uploads\/2024\/06\/xStifte-Dinos-Schluesselanhaenger-10-64x48.jpg 64w, https:\/\/dadade.eu\/wp-content\/uploads\/2024\/06\/xStifte-Dinos-Schluesselanhaenger-10-1024x768.jpg 1024w, https:\/\/dadade.eu\/wp-content\/uploads\/2024\/06\/xStifte-Dinos-Schluesselanhaenger-10-768x576.jpg 768w, https:\/\/dadade.eu\/wp-content\/uploads\/2024\/06\/xStifte-Dinos-Schluesselanhaenger-10.jpg 1400w\" sizes=\"(max-width: 256px) 100vw, 256px\" \/>auch als Schl\u00fcsselanh\u00e4nger der Hit<\/p>\n<p><img fetchpriority=\"high\" decoding=\"async\" class=\"alignnone size-medium wp-image-23144\" src=\"https:\/\/dadade.eu\/wp-content\/uploads\/2024\/06\/xStifte-Langhals-Chenille-2-300x225.jpg\" alt=\"\" width=\"300\" height=\"225\" srcset=\"https:\/\/dadade.eu\/wp-content\/uploads\/2024\/06\/xStifte-Langhals-Chenille-2-300x225.jpg 300w, https:\/\/dadade.eu\/wp-content\/uploads\/2024\/06\/xStifte-Langhals-Chenille-2-600x450.jpg 600w, https:\/\/dadade.eu\/wp-content\/uploads\/2024\/06\/xStifte-Langhals-Chenille-2-64x48.jpg 64w, https:\/\/dadade.eu\/wp-content\/uploads\/2024\/06\/xStifte-Langhals-Chenille-2-1024x768.jpg 1024w, https:\/\/dadade.eu\/wp-content\/uploads\/2024\/06\/xStifte-Langhals-Chenille-2-768x576.jpg 768w, https:\/\/dadade.eu\/wp-content\/uploads\/2024\/06\/xStifte-Langhals-Chenille-2.jpg 1400w\" sizes=\"(max-width: 300px) 100vw, 300px\" \/><strong><a href=\"https:\/\/dadade.eu\/?product=stift-mit-dino-der-langhals-der-kugelschreiber-mit-deko-h721\" target=\"_blank\" rel=\"noopener\">1 Der Langhals (H721)<\/a><\/strong><\/p>\n<p><img decoding=\"async\" class=\"alignnone size-medium wp-image-23160\" src=\"https:\/\/dadade.eu\/wp-content\/uploads\/2024\/06\/xStifte-Flugsaurier-Chenille-2-300x225.jpg\" alt=\"\" width=\"300\" height=\"225\" srcset=\"https:\/\/dadade.eu\/wp-content\/uploads\/2024\/06\/xStifte-Flugsaurier-Chenille-2-300x225.jpg 300w, https:\/\/dadade.eu\/wp-content\/uploads\/2024\/06\/xStifte-Flugsaurier-Chenille-2-600x450.jpg 600w, https:\/\/dadade.eu\/wp-content\/uploads\/2024\/06\/xStifte-Flugsaurier-Chenille-2-64x48.jpg 64w, https:\/\/dadade.eu\/wp-content\/uploads\/2024\/06\/xStifte-Flugsaurier-Chenille-2-1024x768.jpg 1024w, https:\/\/dadade.eu\/wp-content\/uploads\/2024\/06\/xStifte-Flugsaurier-Chenille-2-768x576.jpg 768w, https:\/\/dadade.eu\/wp-content\/uploads\/2024\/06\/xStifte-Flugsaurier-Chenille-2.jpg 1400w\" sizes=\"(max-width: 300px) 100vw, 300px\" \/><strong><a href=\"https:\/\/dadade.eu\/?product=stift-mit-dino-der-flugsaurier-der-kugelschreiber-mit-deko-h722\" target=\"_blank\" rel=\"noopener\">2 Der Flugsaurier (H722)<\/a><\/strong><\/p>\n<p><img loading=\"lazy\" decoding=\"async\" class=\"alignnone size-medium wp-image-23192\" src=\"https:\/\/dadade.eu\/wp-content\/uploads\/2024\/06\/xStifte-T-Rex-Chenille-2-300x225.jpg\" alt=\"\" width=\"300\" height=\"225\" srcset=\"https:\/\/dadade.eu\/wp-content\/uploads\/2024\/06\/xStifte-T-Rex-Chenille-2-300x225.jpg 300w, https:\/\/dadade.eu\/wp-content\/uploads\/2024\/06\/xStifte-T-Rex-Chenille-2-600x450.jpg 600w, https:\/\/dadade.eu\/wp-content\/uploads\/2024\/06\/xStifte-T-Rex-Chenille-2-64x48.jpg 64w, https:\/\/dadade.eu\/wp-content\/uploads\/2024\/06\/xStifte-T-Rex-Chenille-2-1024x768.jpg 1024w, https:\/\/dadade.eu\/wp-content\/uploads\/2024\/06\/xStifte-T-Rex-Chenille-2-768x576.jpg 768w, https:\/\/dadade.eu\/wp-content\/uploads\/2024\/06\/xStifte-T-Rex-Chenille-2.jpg 1400w\" sizes=\"(max-width: 300px) 100vw, 300px\" \/><strong><a href=\"https:\/\/dadade.eu\/?product=stift-mit-dino-der-t-rex-der-kugelschreiber-mit-deko-h723\" target=\"_blank\" rel=\"noopener\">3 Der T-Rex (H723)<\/a><\/strong><\/p>\n<p><img loading=\"lazy\" decoding=\"async\" class=\"alignnone size-medium wp-image-23207\" src=\"https:\/\/dadade.eu\/wp-content\/uploads\/2024\/06\/xStifte-Triceratops-Chenille-2-300x225.jpg\" alt=\"\" width=\"300\" height=\"225\" srcset=\"https:\/\/dadade.eu\/wp-content\/uploads\/2024\/06\/xStifte-Triceratops-Chenille-2-300x225.jpg 300w, https:\/\/dadade.eu\/wp-content\/uploads\/2024\/06\/xStifte-Triceratops-Chenille-2-600x450.jpg 600w, https:\/\/dadade.eu\/wp-content\/uploads\/2024\/06\/xStifte-Triceratops-Chenille-2-64x48.jpg 64w, https:\/\/dadade.eu\/wp-content\/uploads\/2024\/06\/xStifte-Triceratops-Chenille-2-1024x768.jpg 1024w, https:\/\/dadade.eu\/wp-content\/uploads\/2024\/06\/xStifte-Triceratops-Chenille-2-768x576.jpg 768w, https:\/\/dadade.eu\/wp-content\/uploads\/2024\/06\/xStifte-Triceratops-Chenille-2.jpg 1400w\" sizes=\"(max-width: 300px) 100vw, 300px\" \/><a href=\"https:\/\/dadade.eu\/?product=stift-mit-dino-triceratops-der-kugelschreiber-mit-deko-h724\" target=\"_blank\" rel=\"noopener\"><strong>4 Der Triceratops (H724)<\/strong><\/a><\/p>\n<p>&nbsp;<\/p>\n<p>Die Anleitung ist f\u00fcr Anf\u00e4nger geeignet.<\/p>\n<p>&nbsp;<\/p>\n<p>mehr Bilder von Haus und Deko<\/p>\n<p><a href=\"https:\/\/dadade.eu\/?p=6620\" target=\"_blank\" rel=\"noopener\"><strong>KLICKE HIER<\/strong><\/a><\/p>\n<p>&nbsp;<\/p>\n<p>&nbsp;<\/p>\n<p>&nbsp;<\/p>\n","protected":false},"excerpt":{"rendered":"<div id=\"cc-m-13954443088\" class=\"j-module n j-text \">\n<p>Sie kaufen hier die H\u00e4kelanleitung f\u00fcr dieses tolle H\u00e4kelprojekte, designt f\u00fcr einen DIY-Kugelschreiber,<\/p>\n<p>das Material ist in den Anleitungen aufgef\u00fchrt.<\/p>\n<p>Diese Kugelschreiber sind mit Liebe gemacht,\u00a0 ein sehr pers\u00f6nliches Geschenk, das von Herzen kommt<\/p>\n<p>Lass deiner Fantasie freien Lauf<\/p>\n<p>Dieses Geschenk ist ein absolutes Muss z.B. f\u00fcr den 1.Schultag mit einem Kuscheltier<\/p>\n<p>oder auch f\u00fcr Muttertag, einen Geburtstag, oder einfach als Mitbringsel.<\/p>\n<p>Die Kugelschreiber gibt es in vielen Varianten, Farben und Design, mit Glitzer oder auch ganz schlicht.<\/p>\n<p>Diese kleine Projekte ist schnell geh\u00e4kelt und eignet sich hervorragend f\u00fcr Wollreste.<\/p>\n<p>Auch als Schl\u00fcsselanh\u00e4nger kann das Kleine Deko-Projekt punkten.<\/p>\n<p>mit der Nadelst\u00e4rke 2,5 geh\u00e4kelt, werden die Projekte ungef\u00e4hr; 6cm hoch<\/p>\n<p>Mit d\u00fcnner Chenillewolle und der Nadelst\u00e4rke 3 geh\u00e4kelt, werden die Projekte ungef\u00e4hr; 19cm<\/p>\n<p>Mit Chenillewolle und der Nadelst\u00e4rke 4,5 geh\u00e4kelt, werden die Projekte ungef\u00e4hr; 27cm<\/p>\n<p>Beim Kauf ab 3 Anleitungen f\u00fcr die DIY-Stiften, im Warenkorb einfach den Gutschein-Code <span style=\"color: #ff0000;\"><strong>Stift <\/strong><span style=\"color: #000000;\">eingeben und schon bekommt ihr 20% Mengenrabatt auf diese Mitbringsel.<\/span><\/span><\/p>\n<\/div>\n","protected":false},"featured_media":23149,"template":"","meta":[],"product_brand":[],"product_cat":[56,40,16,35,48,66,385],"product_tag":[90,1691,242,667,1708,669,670,1704,334,87,335,94,93,333,1690,1702,181,280,195,820,731,1706,330,95,96],"class_list":{"0":"post-23212","1":"product","2":"type-product","3":"status-publish","4":"has-post-thumbnail","6":"product_cat-2einfach","7":"product_cat-anhaenger-fuer-schluessel","8":"product_cat-alle","9":"product_cat-amigurumi","10":"product_cat-haus-deko","11":"product_cat-mini","12":"product_cat-praktische-helfer","13":"product_tag-amigurumi","14":"product_tag-deko-idee","15":"product_tag-dekoration-haekeln","16":"product_tag-dino","17":"product_tag-dinos-haekeln","18":"product_tag-dinosaurier","19":"product_tag-dinosaurier-haekeln","20":"product_tag-flugsaurier","21":"product_tag-geburtstag","22":"product_tag-geschenk","23":"product_tag-geschenkidee-haekeln","24":"product_tag-haekelanleitung","25":"product_tag-haekeln","26":"product_tag-handarbeitszubehoer","27":"product_tag-kugelschreiber","28":"product_tag-langhals","29":"product_tag-lustig","30":"product_tag-muttertag","31":"product_tag-praesent","32":"product_tag-schluesselanhaenger","33":"product_tag-t-rex","34":"product_tag-triceratops","35":"product_tag-witziges-geschenk","36":"product_tag-wolle","37":"product_tag-wollreste","39":"first","40":"instock","41":"shipping-taxable","42":"product-type-simple"},"_links":{"self":[{"href":"https:\/\/dadade.eu\/index.php?rest_route=\/wp\/v2\/product\/23212","targetHints":{"allow":["GET"]}}],"collection":[{"href":"https:\/\/dadade.eu\/index.php?rest_route=\/wp\/v2\/product"}],"about":[{"href":"https:\/\/dadade.eu\/index.php?rest_route=\/wp\/v2\/types\/product"}],"wp:featuredmedia":[{"embeddable":true,"href":"https:\/\/dadade.eu\/index.php?rest_route=\/wp\/v2\/media\/23149"}],"wp:attachment":[{"href":"https:\/\/dadade.eu\/index.php?rest_route=%2Fwp%2Fv2%2Fmedia&parent=23212"}],"wp:term":[{"taxonomy":"product_brand","embeddable":true,"href":"https:\/\/dadade.eu\/index.php?rest_route=%2Fwp%2Fv2%2Fproduct_brand&post=23212"},{"taxonomy":"product_cat","embeddable":true,"href":"https:\/\/dadade.eu\/index.php?rest_route=%2Fwp%2Fv2%2Fproduct_cat&post=23212"},{"taxonomy":"product_tag","embeddable":true,"href":"https:\/\/dadade.eu\/index.php?rest_route=%2Fwp%2Fv2%2Fproduct_tag&post=23212"}],"curies":[{"name":"wp","href":"https:\/\/api.w.org\/{rel}","templated":true}]}}