{"id":23134,"date":"2024-07-20T23:42:32","date_gmt":"2024-07-20T21:42:32","guid":{"rendered":"https:\/\/dadade.eu\/?post_type=product&#038;p=23134"},"modified":"2025-04-25T10:02:25","modified_gmt":"2025-04-25T08:02:25","slug":"stift-mit-dino-der-langhals-der-kugelschreiber-mit-deko-h721","status":"publish","type":"product","link":"https:\/\/dadade.eu\/?product=stift-mit-dino-der-langhals-der-kugelschreiber-mit-deko-h721","title":{"rendered":"Stift mit Dino, der Langhals, der Kugelschreiber mit Deko (H721)"},"content":{"rendered":"<p><img fetchpriority=\"high\" decoding=\"async\" class=\"alignnone size-medium wp-image-23147\" src=\"https:\/\/dadade.eu\/wp-content\/uploads\/2024\/06\/xStifte-Langhals-Chenille-11-300x225.jpg\" alt=\"\" width=\"300\" height=\"225\" srcset=\"https:\/\/dadade.eu\/wp-content\/uploads\/2024\/06\/xStifte-Langhals-Chenille-11-300x225.jpg 300w, https:\/\/dadade.eu\/wp-content\/uploads\/2024\/06\/xStifte-Langhals-Chenille-11-600x450.jpg 600w, https:\/\/dadade.eu\/wp-content\/uploads\/2024\/06\/xStifte-Langhals-Chenille-11-64x48.jpg 64w, https:\/\/dadade.eu\/wp-content\/uploads\/2024\/06\/xStifte-Langhals-Chenille-11-1024x768.jpg 1024w, https:\/\/dadade.eu\/wp-content\/uploads\/2024\/06\/xStifte-Langhals-Chenille-11-768x576.jpg 768w, https:\/\/dadade.eu\/wp-content\/uploads\/2024\/06\/xStifte-Langhals-Chenille-11.jpg 1400w\" sizes=\"(max-width: 300px) 100vw, 300px\" \/> als Kuscheltier<\/p>\n<p><img decoding=\"async\" class=\"alignnone size-medium wp-image-23135\" src=\"https:\/\/dadade.eu\/wp-content\/uploads\/2024\/06\/xStifte-Dinos-Schluesselanhaenger-1-300x225.jpg\" alt=\"\" width=\"300\" height=\"225\" srcset=\"https:\/\/dadade.eu\/wp-content\/uploads\/2024\/06\/xStifte-Dinos-Schluesselanhaenger-1-300x225.jpg 300w, https:\/\/dadade.eu\/wp-content\/uploads\/2024\/06\/xStifte-Dinos-Schluesselanhaenger-1-600x450.jpg 600w, https:\/\/dadade.eu\/wp-content\/uploads\/2024\/06\/xStifte-Dinos-Schluesselanhaenger-1-64x48.jpg 64w, https:\/\/dadade.eu\/wp-content\/uploads\/2024\/06\/xStifte-Dinos-Schluesselanhaenger-1-1024x768.jpg 1024w, https:\/\/dadade.eu\/wp-content\/uploads\/2024\/06\/xStifte-Dinos-Schluesselanhaenger-1-768x576.jpg 768w, https:\/\/dadade.eu\/wp-content\/uploads\/2024\/06\/xStifte-Dinos-Schluesselanhaenger-1.jpg 1400w\" sizes=\"(max-width: 300px) 100vw, 300px\" \/>und auch als Schl\u00fcsselanh\u00e4nger<\/p>\n<p>Die Anleitung ist f\u00fcr Anf\u00e4nger geeignet.<\/p>\n<p>Die Anleitung ist ausf\u00fchrlich mit vielen Bildern hinterlegt<\/p>\n<p>und wird auf 12 Seiten Schritt-f\u00fcr-Schritt beschrieben!<\/p>\n<p><img decoding=\"async\" class=\"alignnone size-medium wp-image-23149\" src=\"https:\/\/dadade.eu\/wp-content\/uploads\/2024\/06\/xStifte-Dinos-11-300x225.jpg\" alt=\"\" width=\"300\" height=\"225\" srcset=\"https:\/\/dadade.eu\/wp-content\/uploads\/2024\/06\/xStifte-Dinos-11-300x225.jpg 300w, https:\/\/dadade.eu\/wp-content\/uploads\/2024\/06\/xStifte-Dinos-11-600x450.jpg 600w, https:\/\/dadade.eu\/wp-content\/uploads\/2024\/06\/xStifte-Dinos-11-64x48.jpg 64w, https:\/\/dadade.eu\/wp-content\/uploads\/2024\/06\/xStifte-Dinos-11-1024x768.jpg 1024w, https:\/\/dadade.eu\/wp-content\/uploads\/2024\/06\/xStifte-Dinos-11-768x576.jpg 768w, https:\/\/dadade.eu\/wp-content\/uploads\/2024\/06\/xStifte-Dinos-11.jpg 1400w\" sizes=\"(max-width: 300px) 100vw, 300px\" \/><a href=\"https:\/\/dadade.eu\/?product=stifte-mit-gehaekelten-dinosaurier-der-besondere-kugelschreiber-und-schluesselanhaenger-h720\" target=\"_blank\" rel=\"noopener\">d<strong>ie Dinos sind los<\/strong><\/a><\/p>\n<p>&nbsp;<\/p>\n<p>mehr Bilder von Haus und Deko<\/p>\n<p><a href=\"https:\/\/dadade.eu\/?p=6620\"><strong>KLICKE HIER<\/strong><\/a><\/p>\n<p>&nbsp;<\/p>\n<p>&nbsp;<\/p>\n<p>&nbsp;<\/p>\n","protected":false},"excerpt":{"rendered":"<div id=\"cc-m-13954443088\" class=\"j-module n j-text \">\n<p>Sie kaufen hier die H\u00e4kelanleitung f\u00fcr diesen s\u00fc\u00dfen Dino, der Langhals, designt f\u00fcr einen DIY-Kugelschreiber,<\/p>\n<p>er ist ein sehr pers\u00f6nliches Geschenk, und man kann seiner Fantasie freien Lauf lassen.<\/p>\n<p>Dieses Geschenk ist ein absolutes Muss z.B. f\u00fcr den 1.Schultag, mit kuscheliger Chenillewolle geh\u00e4kelt &#8211; wird aus dem Kleinen ein Kuscheltier f\u00fcr in die gro\u00dfe Schult\u00fcte,<\/p>\n<p>oder auch f\u00fcr Muttertag, einen Geburtstag, oder einfach als Mitbringsel.<\/p>\n<p>Die Kugelschreiber gibt es in vielen Varianten, Farben und Design, mit Glitzer oder auch ganz schlicht.<\/p>\n<p>F\u00fcr den 1.Schultag habe ich mich f\u00fcr einen 4-Farben-Stift entschieden, der Kinder sehr viel Freude macht.<\/p>\n<p>Der Dino ist schnell geh\u00e4kelt und eignet sich hervorragend f\u00fcr Wollreste.<\/p>\n<p>Auch als Schl\u00fcsselanh\u00e4nger kann das Kleine Deko-Projekt punkten.<\/p>\n<p>Mit der Nadelst\u00e4rke 2,5 geh\u00e4kelt, wird der Dino ungef\u00e4hr; 6cm<\/p>\n<p>Mit Chenillewolle und der Nadelst\u00e4rke 3 geh\u00e4kelt, wird der Dino ungef\u00e4hr; 19cm<\/p>\n<p>Mit Chenillewolle und der Nadelst\u00e4rke 8 geh\u00e4kelt, wird der Dino ungef\u00e4hr; 36cm<\/p>\n<p>Beim Kauf ab 3 Anleitungen f\u00fcr die DIY-Stiften, im Warenkorb einfach den Gutschein-Code <span style=\"color: #ff0000;\"><strong>Stift <\/strong><span style=\"color: #000000;\">eingeben und schon bekommt ihr 20% Mengenrabatt auf diese Mitbringsel.<\/span><\/span><\/p>\n<\/div>\n","protected":false},"featured_media":23145,"template":"","meta":[],"product_brand":[],"product_cat":[56,48,1695,66,1211,385],"product_tag":[90,1691,242,667,668,669,1701,334,87,335,94,93,333,1690,1702,1703,181,280,195,820,330,95,96],"class_list":{"0":"post-23134","1":"product","2":"type-product","3":"status-publish","4":"has-post-thumbnail","6":"product_cat-2einfach","7":"product_cat-haus-deko","8":"product_cat-kleine-mitbringsel","9":"product_cat-mini","10":"product_cat-neue-produkte","11":"product_cat-praktische-helfer","12":"product_tag-amigurumi","13":"product_tag-deko-idee","14":"product_tag-dekoration-haekeln","15":"product_tag-dino","16":"product_tag-dino-haekeln","17":"product_tag-dinosaurier","18":"product_tag-dinosaurier-stift","19":"product_tag-geburtstag","20":"product_tag-geschenk","21":"product_tag-geschenkidee-haekeln","22":"product_tag-haekelanleitung","23":"product_tag-haekeln","24":"product_tag-handarbeitszubehoer","25":"product_tag-kugelschreiber","26":"product_tag-langhals","27":"product_tag-langhals-haekeln","28":"product_tag-lustig","29":"product_tag-muttertag","30":"product_tag-praesent","31":"product_tag-schluesselanhaenger","32":"product_tag-witziges-geschenk","33":"product_tag-wolle","34":"product_tag-wollreste","36":"first","37":"instock","38":"downloadable","39":"shipping-taxable","40":"purchasable","41":"product-type-simple"},"_links":{"self":[{"href":"https:\/\/dadade.eu\/index.php?rest_route=\/wp\/v2\/product\/23134","targetHints":{"allow":["GET"]}}],"collection":[{"href":"https:\/\/dadade.eu\/index.php?rest_route=\/wp\/v2\/product"}],"about":[{"href":"https:\/\/dadade.eu\/index.php?rest_route=\/wp\/v2\/types\/product"}],"wp:featuredmedia":[{"embeddable":true,"href":"https:\/\/dadade.eu\/index.php?rest_route=\/wp\/v2\/media\/23145"}],"wp:attachment":[{"href":"https:\/\/dadade.eu\/index.php?rest_route=%2Fwp%2Fv2%2Fmedia&parent=23134"}],"wp:term":[{"taxonomy":"product_brand","embeddable":true,"href":"https:\/\/dadade.eu\/index.php?rest_route=%2Fwp%2Fv2%2Fproduct_brand&post=23134"},{"taxonomy":"product_cat","embeddable":true,"href":"https:\/\/dadade.eu\/index.php?rest_route=%2Fwp%2Fv2%2Fproduct_cat&post=23134"},{"taxonomy":"product_tag","embeddable":true,"href":"https:\/\/dadade.eu\/index.php?rest_route=%2Fwp%2Fv2%2Fproduct_tag&post=23134"}],"curies":[{"name":"wp","href":"https:\/\/api.w.org\/{rel}","templated":true}]}}