{"id":23007,"date":"2024-06-03T23:13:48","date_gmt":"2024-06-03T21:13:48","guid":{"rendered":"https:\/\/dadade.eu\/?post_type=product&#038;p=23007"},"modified":"2025-04-25T10:03:33","modified_gmt":"2025-04-25T08:03:33","slug":"stift-mit-faultier-der-kugelschreiber-mit-deko-h736","status":"publish","type":"product","link":"https:\/\/dadade.eu\/?product=stift-mit-faultier-der-kugelschreiber-mit-deko-h736","title":{"rendered":"Stift mit Faultier, der Kugelschreiber mit Deko (H736)"},"content":{"rendered":"<p><img fetchpriority=\"high\" decoding=\"async\" class=\"alignnone size-medium wp-image-23024\" src=\"https:\/\/dadade.eu\/wp-content\/uploads\/2024\/06\/xStifte-Kuschel-Faultier-6b-300x225.jpg\" alt=\"\" width=\"300\" height=\"225\" srcset=\"https:\/\/dadade.eu\/wp-content\/uploads\/2024\/06\/xStifte-Kuschel-Faultier-6b-300x225.jpg 300w, https:\/\/dadade.eu\/wp-content\/uploads\/2024\/06\/xStifte-Kuschel-Faultier-6b-600x450.jpg 600w, https:\/\/dadade.eu\/wp-content\/uploads\/2024\/06\/xStifte-Kuschel-Faultier-6b-64x48.jpg 64w, https:\/\/dadade.eu\/wp-content\/uploads\/2024\/06\/xStifte-Kuschel-Faultier-6b-1024x768.jpg 1024w, https:\/\/dadade.eu\/wp-content\/uploads\/2024\/06\/xStifte-Kuschel-Faultier-6b-768x576.jpg 768w, https:\/\/dadade.eu\/wp-content\/uploads\/2024\/06\/xStifte-Kuschel-Faultier-6b.jpg 1400w\" sizes=\"(max-width: 300px) 100vw, 300px\" \/> als Kuscheltier<\/p>\n<p>und auch als Schl\u00fcsselanh\u00e4nger<\/p>\n<p>Die Anleitung ist f\u00fcr Anf\u00e4nger geeignet.<\/p>\n<p>Die Anleitung ist ausf\u00fchrlich mit vielen Bildern hinterlegt<\/p>\n<p>und wird auf 11 Seiten Schritt-f\u00fcr-Schritt beschrieben!<\/p>\n<p><a href=\"https:\/\/dadade.eu\/?product=stifte-mit-gehaekelten-tieren-der-besondere-kugelschreiber-und-schluesselanhaenger-h730\" target=\"_blank\" rel=\"noopener\"><strong><img decoding=\"async\" class=\"alignnone size-medium wp-image-22933\" src=\"https:\/\/dadade.eu\/wp-content\/uploads\/2024\/06\/xStifte-Tiere-11-300x225.jpg\" alt=\"\" width=\"300\" height=\"225\" srcset=\"https:\/\/dadade.eu\/wp-content\/uploads\/2024\/06\/xStifte-Tiere-11-300x225.jpg 300w, https:\/\/dadade.eu\/wp-content\/uploads\/2024\/06\/xStifte-Tiere-11-600x450.jpg 600w, https:\/\/dadade.eu\/wp-content\/uploads\/2024\/06\/xStifte-Tiere-11-64x48.jpg 64w, https:\/\/dadade.eu\/wp-content\/uploads\/2024\/06\/xStifte-Tiere-11-1024x768.jpg 1024w, https:\/\/dadade.eu\/wp-content\/uploads\/2024\/06\/xStifte-Tiere-11-768x576.jpg 768w, https:\/\/dadade.eu\/wp-content\/uploads\/2024\/06\/xStifte-Tiere-11.jpg 1400w\" sizes=\"(max-width: 300px) 100vw, 300px\" \/>Stifte nicht nur f\u00fcr den 1.Schultag<\/strong><\/a><\/p>\n<p>mehr Bilder von Haus und Deko<\/p>\n<p><a href=\"https:\/\/dadade.eu\/?p=6620\"><strong>KLICKE HIER<\/strong><\/a><\/p>\n<p>&nbsp;<\/p>\n<p>&nbsp;<\/p>\n<p>&nbsp;<\/p>\n","protected":false},"excerpt":{"rendered":"<div id=\"cc-m-13954443088\" class=\"j-module n j-text \">\n<p>Sie kaufen hier die H\u00e4kelanleitung f\u00fcr dieses kleine, s\u00fc\u00dfe Faultier, designt f\u00fcr einen DIY-Kugelschreiber,<\/p>\n<p>er ist ein sehr pers\u00f6nliches Geschenk, und man kann seiner Fantasie freien Lauf lassen.<\/p>\n<p>Dieses Geschenk ist ein absolutes Muss z.B. f\u00fcr den 1.Schultag, mit kuscheliger Chenillewolle geh\u00e4kelt &#8211; wird aus dem Kleinen ein Kuscheltier f\u00fcr in die gro\u00dfe Schult\u00fcte,<\/p>\n<p>oder auch f\u00fcr Muttertag, einen Geburtstag, oder einfach als Mitbringsel.<\/p>\n<p>Die Kugelschreiber gibt es in vielen Varianten, Farben und Design, mit Glitzer oder auch ganz schlicht.<\/p>\n<p>Das Faultier ist schnell geh\u00e4kelt und eignet sich hervorragend f\u00fcr Wollreste.<\/p>\n<p>F\u00fcr den 1.Schultag habe ich mich f\u00fcr einen 4-Farben-Stift entschieden, der Kinder sehr viel Freude macht.<\/p>\n<p>Auch als Schl\u00fcsselanh\u00e4nger kann das Kleine Deko-Projekt punkten.<\/p>\n<p>Mit der Nadelst\u00e4rke 2,5 geh\u00e4kelt, wird das Faultier ungef\u00e4hr; 6cm<\/p>\n<p>Mit Chenillewolle und der Nadelst\u00e4rke 3 geh\u00e4kelt, wird das Faultier ungef\u00e4hr; 10cm<\/p>\n<p>Beim Kauf ab 3 Anleitungen f\u00fcr die DIY-Stiften, im Warenkorb einfach den Gutschein-Code <span style=\"color: #ff0000;\"><strong>Stift <\/strong><span style=\"color: #000000;\">eingeben und schon bekommt ihr 20% Mengenrabatt auf diese Mitbringsel.<\/span><\/span><\/p>\n<\/div>\n","protected":false},"featured_media":23018,"template":"","meta":[],"product_brand":[],"product_cat":[56,48,1695,66,1211,385],"product_tag":[90,1691,242,654,655,334,87,335,94,93,333,1690,181,280,195,820,330,95,96],"class_list":{"0":"post-23007","1":"product","2":"type-product","3":"status-publish","4":"has-post-thumbnail","6":"product_cat-2einfach","7":"product_cat-haus-deko","8":"product_cat-kleine-mitbringsel","9":"product_cat-mini","10":"product_cat-neue-produkte","11":"product_cat-praktische-helfer","12":"product_tag-amigurumi","13":"product_tag-deko-idee","14":"product_tag-dekoration-haekeln","15":"product_tag-faultier","16":"product_tag-faultier-haekeln","17":"product_tag-geburtstag","18":"product_tag-geschenk","19":"product_tag-geschenkidee-haekeln","20":"product_tag-haekelanleitung","21":"product_tag-haekeln","22":"product_tag-handarbeitszubehoer","23":"product_tag-kugelschreiber","24":"product_tag-lustig","25":"product_tag-muttertag","26":"product_tag-praesent","27":"product_tag-schluesselanhaenger","28":"product_tag-witziges-geschenk","29":"product_tag-wolle","30":"product_tag-wollreste","32":"first","33":"instock","34":"downloadable","35":"shipping-taxable","36":"purchasable","37":"product-type-simple"},"_links":{"self":[{"href":"https:\/\/dadade.eu\/index.php?rest_route=\/wp\/v2\/product\/23007","targetHints":{"allow":["GET"]}}],"collection":[{"href":"https:\/\/dadade.eu\/index.php?rest_route=\/wp\/v2\/product"}],"about":[{"href":"https:\/\/dadade.eu\/index.php?rest_route=\/wp\/v2\/types\/product"}],"wp:featuredmedia":[{"embeddable":true,"href":"https:\/\/dadade.eu\/index.php?rest_route=\/wp\/v2\/media\/23018"}],"wp:attachment":[{"href":"https:\/\/dadade.eu\/index.php?rest_route=%2Fwp%2Fv2%2Fmedia&parent=23007"}],"wp:term":[{"taxonomy":"product_brand","embeddable":true,"href":"https:\/\/dadade.eu\/index.php?rest_route=%2Fwp%2Fv2%2Fproduct_brand&post=23007"},{"taxonomy":"product_cat","embeddable":true,"href":"https:\/\/dadade.eu\/index.php?rest_route=%2Fwp%2Fv2%2Fproduct_cat&post=23007"},{"taxonomy":"product_tag","embeddable":true,"href":"https:\/\/dadade.eu\/index.php?rest_route=%2Fwp%2Fv2%2Fproduct_tag&post=23007"}],"curies":[{"name":"wp","href":"https:\/\/api.w.org\/{rel}","templated":true}]}}