{"id":22953,"date":"2024-06-03T21:37:13","date_gmt":"2024-06-03T19:37:13","guid":{"rendered":"https:\/\/dadade.eu\/?post_type=product&#038;p=22953"},"modified":"2025-04-25T10:04:54","modified_gmt":"2025-04-25T08:04:54","slug":"stift-mit-affe-der-kugelschreiber-mit-deko-h733","status":"publish","type":"product","link":"https:\/\/dadade.eu\/?product=stift-mit-affe-der-kugelschreiber-mit-deko-h733","title":{"rendered":"Stift mit Affe, der Kugelschreiber mit Deko (H733)"},"content":{"rendered":"<p><img fetchpriority=\"high\" decoding=\"async\" class=\"alignnone size-medium wp-image-22969\" src=\"https:\/\/dadade.eu\/wp-content\/uploads\/2024\/06\/xStifte-Kuschel-Affe-6b-300x225.jpg\" alt=\"\" width=\"300\" height=\"225\" srcset=\"https:\/\/dadade.eu\/wp-content\/uploads\/2024\/06\/xStifte-Kuschel-Affe-6b-300x225.jpg 300w, https:\/\/dadade.eu\/wp-content\/uploads\/2024\/06\/xStifte-Kuschel-Affe-6b-600x450.jpg 600w, https:\/\/dadade.eu\/wp-content\/uploads\/2024\/06\/xStifte-Kuschel-Affe-6b-64x48.jpg 64w, https:\/\/dadade.eu\/wp-content\/uploads\/2024\/06\/xStifte-Kuschel-Affe-6b-1024x768.jpg 1024w, https:\/\/dadade.eu\/wp-content\/uploads\/2024\/06\/xStifte-Kuschel-Affe-6b-768x576.jpg 768w, https:\/\/dadade.eu\/wp-content\/uploads\/2024\/06\/xStifte-Kuschel-Affe-6b.jpg 1400w\" sizes=\"(max-width: 300px) 100vw, 300px\" \/> als Kuscheltier<\/p>\n<p><img decoding=\"async\" class=\"alignnone size-medium wp-image-23027\" src=\"https:\/\/dadade.eu\/wp-content\/uploads\/2024\/06\/Stifte-Tiere-Schluesselanhaenger-0-300x225.jpg\" alt=\"\" width=\"300\" height=\"225\" srcset=\"https:\/\/dadade.eu\/wp-content\/uploads\/2024\/06\/Stifte-Tiere-Schluesselanhaenger-0-300x225.jpg 300w, https:\/\/dadade.eu\/wp-content\/uploads\/2024\/06\/Stifte-Tiere-Schluesselanhaenger-0-600x450.jpg 600w, https:\/\/dadade.eu\/wp-content\/uploads\/2024\/06\/Stifte-Tiere-Schluesselanhaenger-0-64x48.jpg 64w, https:\/\/dadade.eu\/wp-content\/uploads\/2024\/06\/Stifte-Tiere-Schluesselanhaenger-0-1024x768.jpg 1024w, https:\/\/dadade.eu\/wp-content\/uploads\/2024\/06\/Stifte-Tiere-Schluesselanhaenger-0-768x576.jpg 768w, https:\/\/dadade.eu\/wp-content\/uploads\/2024\/06\/Stifte-Tiere-Schluesselanhaenger-0.jpg 1400w\" sizes=\"(max-width: 300px) 100vw, 300px\" \/>oder auch als Schl\u00fcsselanh\u00e4nger<\/p>\n<p>Die Anleitung ist f\u00fcr Anf\u00e4nger geeignet.<\/p>\n<p>Die Anleitung ist ausf\u00fchrlich mit vielen Bildern hinterlegt<\/p>\n<p>und wird auf 12 Seiten Schritt-f\u00fcr-Schritt beschrieben!<\/p>\n<p><a href=\"https:\/\/dadade.eu\/?product=stifte-mit-gehaekelten-tieren-der-besondere-kugelschreiber-und-schluesselanhaenger-h730\" target=\"_blank\" rel=\"noopener\"><strong><img decoding=\"async\" class=\"alignnone size-medium wp-image-22933\" src=\"https:\/\/dadade.eu\/wp-content\/uploads\/2024\/06\/xStifte-Tiere-11-300x225.jpg\" alt=\"\" width=\"300\" height=\"225\" srcset=\"https:\/\/dadade.eu\/wp-content\/uploads\/2024\/06\/xStifte-Tiere-11-300x225.jpg 300w, https:\/\/dadade.eu\/wp-content\/uploads\/2024\/06\/xStifte-Tiere-11-600x450.jpg 600w, https:\/\/dadade.eu\/wp-content\/uploads\/2024\/06\/xStifte-Tiere-11-64x48.jpg 64w, https:\/\/dadade.eu\/wp-content\/uploads\/2024\/06\/xStifte-Tiere-11-1024x768.jpg 1024w, https:\/\/dadade.eu\/wp-content\/uploads\/2024\/06\/xStifte-Tiere-11-768x576.jpg 768w, https:\/\/dadade.eu\/wp-content\/uploads\/2024\/06\/xStifte-Tiere-11.jpg 1400w\" sizes=\"(max-width: 300px) 100vw, 300px\" \/>Stifte nicht nur f\u00fcr den 1.Schultag<\/strong><\/a><\/p>\n<p>mehr Bilder von Haus und Deko<\/p>\n<p><a href=\"https:\/\/dadade.eu\/?p=6620\"><strong>KLICKE HIER<\/strong><\/a><\/p>\n<p>&nbsp;<\/p>\n<p>&nbsp;<\/p>\n<p>&nbsp;<\/p>\n","protected":false},"excerpt":{"rendered":"<div id=\"cc-m-13954443088\" class=\"j-module n j-text \">\n<p>Sie kaufen hier die H\u00e4kelanleitung f\u00fcr diesen kleinen, s\u00fc\u00dfen Affen, designt f\u00fcr einen DIY-Kugelschreiber,<\/p>\n<p>er ist ein sehr pers\u00f6nliches Geschenk, und man kann seiner Fantasie freien Lauf lassen.<\/p>\n<p>Dieses Geschenk ist ein absolutes Muss z.B. f\u00fcr den 1.Schultag, mit kuscheliger Chenillewolle geh\u00e4kelt &#8211; wird aus dem Kleinen ein Kuscheltier f\u00fcr in die gro\u00dfe Schult\u00fcte,<\/p>\n<p>oder auch f\u00fcr Muttertag, einen Geburtstag, oder einfach als Mitbringsel.<\/p>\n<p>Die Kugelschreiber gibt es in vielen Varianten, Farben und Design, mit Glitzer oder auch ganz schlicht.<\/p>\n<p>F\u00fcr den 1.Schultag habe ich mich f\u00fcr einen 4-Farben-Stift entschieden, der Kinder sehr viel Freude macht.<\/p>\n<p>Der Affe ist schnell geh\u00e4kelt und eignet sich hervorragend f\u00fcr Wollreste.<\/p>\n<p>Auch als Schl\u00fcsselanh\u00e4nger kann das Kleine Deko-Projekt punkten.<\/p>\n<p>Mit der Nadelst\u00e4rke 2,5 geh\u00e4kelt, wird der Affe ungef\u00e4hr; 6cm<\/p>\n<p>Mit Chenillewolle und der Nadelst\u00e4rke 3 geh\u00e4kelt, wird der Affe ungef\u00e4hr; 16cm im Stehen<\/p>\n<p>Beim Kauf ab 3 Anleitungen f\u00fcr die DIY-Stiften, im Warenkorb einfach den Gutschein-Code <span style=\"color: #ff0000;\"><strong>Stift <\/strong><span style=\"color: #000000;\">eingeben und schon bekommt ihr 20% Mengenrabatt auf diese Mitbringsel.<\/span><\/span><\/p>\n<\/div>\n","protected":false},"featured_media":22963,"template":"","meta":[],"product_brand":[],"product_cat":[56,48,1695,66,1211,385],"product_tag":[324,190,191,1700,90,1691,242,334,87,335,94,93,333,1690,181,280,195,820,330,95,96],"class_list":{"0":"post-22953","1":"product","2":"type-product","3":"status-publish","4":"has-post-thumbnail","6":"product_cat-2einfach","7":"product_cat-haus-deko","8":"product_cat-kleine-mitbringsel","9":"product_cat-mini","10":"product_cat-neue-produkte","11":"product_cat-praktische-helfer","12":"product_tag-aeffchen","13":"product_tag-affe","14":"product_tag-affe-haekeln","15":"product_tag-affe-stift","16":"product_tag-amigurumi","17":"product_tag-deko-idee","18":"product_tag-dekoration-haekeln","19":"product_tag-geburtstag","20":"product_tag-geschenk","21":"product_tag-geschenkidee-haekeln","22":"product_tag-haekelanleitung","23":"product_tag-haekeln","24":"product_tag-handarbeitszubehoer","25":"product_tag-kugelschreiber","26":"product_tag-lustig","27":"product_tag-muttertag","28":"product_tag-praesent","29":"product_tag-schluesselanhaenger","30":"product_tag-witziges-geschenk","31":"product_tag-wolle","32":"product_tag-wollreste","34":"first","35":"instock","36":"downloadable","37":"shipping-taxable","38":"purchasable","39":"product-type-simple"},"_links":{"self":[{"href":"https:\/\/dadade.eu\/index.php?rest_route=\/wp\/v2\/product\/22953","targetHints":{"allow":["GET"]}}],"collection":[{"href":"https:\/\/dadade.eu\/index.php?rest_route=\/wp\/v2\/product"}],"about":[{"href":"https:\/\/dadade.eu\/index.php?rest_route=\/wp\/v2\/types\/product"}],"wp:featuredmedia":[{"embeddable":true,"href":"https:\/\/dadade.eu\/index.php?rest_route=\/wp\/v2\/media\/22963"}],"wp:attachment":[{"href":"https:\/\/dadade.eu\/index.php?rest_route=%2Fwp%2Fv2%2Fmedia&parent=22953"}],"wp:term":[{"taxonomy":"product_brand","embeddable":true,"href":"https:\/\/dadade.eu\/index.php?rest_route=%2Fwp%2Fv2%2Fproduct_brand&post=22953"},{"taxonomy":"product_cat","embeddable":true,"href":"https:\/\/dadade.eu\/index.php?rest_route=%2Fwp%2Fv2%2Fproduct_cat&post=22953"},{"taxonomy":"product_tag","embeddable":true,"href":"https:\/\/dadade.eu\/index.php?rest_route=%2Fwp%2Fv2%2Fproduct_tag&post=22953"}],"curies":[{"name":"wp","href":"https:\/\/api.w.org\/{rel}","templated":true}]}}