{"id":22630,"date":"2024-04-18T23:11:13","date_gmt":"2024-04-18T21:11:13","guid":{"rendered":"https:\/\/dadade.eu\/?post_type=product&#038;p=22630"},"modified":"2025-04-25T10:06:46","modified_gmt":"2025-04-25T08:06:46","slug":"stift-mit-herz-der-kugelschreiber-mit-deko-h663","status":"publish","type":"product","link":"https:\/\/dadade.eu\/?product=stift-mit-herz-der-kugelschreiber-mit-deko-h663","title":{"rendered":"Stift mit Herz, der Kugelschreiber mit Deko (H713)"},"content":{"rendered":"<p><img decoding=\"async\" class=\"alignnone wp-image-22644\" src=\"https:\/\/dadade.eu\/wp-content\/uploads\/2024\/04\/xStifte-Herz-10a-300x225.jpg\" alt=\"\" width=\"233\" height=\"175\" srcset=\"https:\/\/dadade.eu\/wp-content\/uploads\/2024\/04\/xStifte-Herz-10a-300x225.jpg 300w, https:\/\/dadade.eu\/wp-content\/uploads\/2024\/04\/xStifte-Herz-10a-600x450.jpg 600w, https:\/\/dadade.eu\/wp-content\/uploads\/2024\/04\/xStifte-Herz-10a-64x48.jpg 64w, https:\/\/dadade.eu\/wp-content\/uploads\/2024\/04\/xStifte-Herz-10a-1024x768.jpg 1024w, https:\/\/dadade.eu\/wp-content\/uploads\/2024\/04\/xStifte-Herz-10a-768x576.jpg 768w, https:\/\/dadade.eu\/wp-content\/uploads\/2024\/04\/xStifte-Herz-10a.jpg 1400w\" sizes=\"(max-width: 233px) 100vw, 233px\" \/>Die Geschenk-Idee f\u00fcr Muttertag<\/p>\n<p><img decoding=\"async\" class=\"alignnone wp-image-22653\" src=\"https:\/\/dadade.eu\/wp-content\/uploads\/2024\/04\/xStifte-Herz-Schluesselanhaenger-3-300x225.jpg\" alt=\"\" width=\"235\" height=\"176\" srcset=\"https:\/\/dadade.eu\/wp-content\/uploads\/2024\/04\/xStifte-Herz-Schluesselanhaenger-3-300x225.jpg 300w, https:\/\/dadade.eu\/wp-content\/uploads\/2024\/04\/xStifte-Herz-Schluesselanhaenger-3-600x450.jpg 600w, https:\/\/dadade.eu\/wp-content\/uploads\/2024\/04\/xStifte-Herz-Schluesselanhaenger-3-64x48.jpg 64w, https:\/\/dadade.eu\/wp-content\/uploads\/2024\/04\/xStifte-Herz-Schluesselanhaenger-3-1024x768.jpg 1024w, https:\/\/dadade.eu\/wp-content\/uploads\/2024\/04\/xStifte-Herz-Schluesselanhaenger-3-768x576.jpg 768w, https:\/\/dadade.eu\/wp-content\/uploads\/2024\/04\/xStifte-Herz-Schluesselanhaenger-3.jpg 1400w\" sizes=\"(max-width: 235px) 100vw, 235px\" \/>auch als Schl\u00fcsselanh\u00e4nger<\/p>\n<p>Die Anleitung ist f\u00fcr Anf\u00e4nger geeignet.<\/p>\n<p>Die Anleitung ist ausf\u00fchrlich mit vielen Bildern hinterlegt<\/p>\n<p>und wird auf 5 Seiten Schritt-f\u00fcr-Schritt beschrieben!<\/p>\n<p><img fetchpriority=\"high\" decoding=\"async\" class=\"alignnone wp-image-22778 \" src=\"https:\/\/dadade.eu\/wp-content\/uploads\/2024\/04\/xStifte-11c-300x225.jpg\" alt=\"\" width=\"279\" height=\"209\" srcset=\"https:\/\/dadade.eu\/wp-content\/uploads\/2024\/04\/xStifte-11c-300x225.jpg 300w, https:\/\/dadade.eu\/wp-content\/uploads\/2024\/04\/xStifte-11c-600x450.jpg 600w, https:\/\/dadade.eu\/wp-content\/uploads\/2024\/04\/xStifte-11c-64x48.jpg 64w, https:\/\/dadade.eu\/wp-content\/uploads\/2024\/04\/xStifte-11c-1024x768.jpg 1024w, https:\/\/dadade.eu\/wp-content\/uploads\/2024\/04\/xStifte-11c-768x576.jpg 768w, https:\/\/dadade.eu\/wp-content\/uploads\/2024\/04\/xStifte-11c.jpg 1400w\" sizes=\"(max-width: 279px) 100vw, 279px\" \/><a href=\"https:\/\/dadade.eu\/?product=stifte-mit-gehaekelter-deko-der-besondere-kugelschreiber-h660\" target=\"_blank\" rel=\"noopener\"><strong>Stifte nicht nur f\u00fcr Muttertag<\/strong><\/a><\/p>\n<p>mehr Bilder von Haus und Deko<\/p>\n<p><a href=\"https:\/\/dadade.eu\/?p=6620\" target=\"_blank\" rel=\"noopener\"><strong>KLICKE HIER<\/strong><\/a><\/p>\n<p>&nbsp;<\/p>\n<p>&nbsp;<\/p>\n<p>&nbsp;<\/p>\n","protected":false},"excerpt":{"rendered":"<div id=\"cc-m-13954443088\" class=\"j-module n j-text \">\n<p>Sie kaufen hier die H\u00e4kelanleitung f\u00fcr dieses tolle Herz, designt f\u00fcr einen DIY-Kugelschreiber,<\/p>\n<p>er ist ein sehr pers\u00f6nliches Geschenk, und man kann seiner Fantasie freien Lauf lassen.<\/p>\n<p>Dieses Geschenk ist ein absolutes Muss z.B. f\u00fcr Muttertag, einen Geburtstag, oder einfach als Mitbringsel.<\/p>\n<p>Die Kugelschreiber gibt es in vielen Varianten, Farben und Design, mit Glitzer oder auch ganz schlicht.<\/p>\n<p>Das Herz ist schnell geh\u00e4kelt und eignet sich hervorragend f\u00fcr Wollreste.<\/p>\n<p>Auch als Schl\u00fcsselanh\u00e4nger kann das Kleine Deko-Projekt punkten.<\/p>\n<p>Mit der Nadelst\u00e4rke 2,5 geh\u00e4kelt, wird das Herz ungef\u00e4hr; 3cm hoch<\/p>\n<p>Beim Kauf ab 3 Anleitungen f\u00fcr die DIY-Stiften, im Warenkorb einfach den Gutschein-Code <span style=\"color: #ff0000;\"><strong>Stift <\/strong><span style=\"color: #000000;\">eingeben und schon bekommt ihr 20% Mengenrabatt auf diese Mitbringsel.<\/span><\/span><\/p>\n<\/div>\n","protected":false},"featured_media":22647,"template":"","meta":[],"product_brand":[],"product_cat":[56,48,1695,66,387,1211,385],"product_tag":[90,366,1691,242,334,87,335,94,93,333,279,278,1690,181,280,195,820,330,95,96],"class_list":{"0":"post-22630","1":"product","2":"type-product","3":"status-publish","4":"has-post-thumbnail","6":"product_cat-2einfach","7":"product_cat-haus-deko","8":"product_cat-kleine-mitbringsel","9":"product_cat-mini","10":"product_cat-muttertag","11":"product_cat-neue-produkte","12":"product_cat-praktische-helfer","13":"product_tag-amigurumi","14":"product_tag-blumen","15":"product_tag-deko-idee","16":"product_tag-dekoration-haekeln","17":"product_tag-geburtstag","18":"product_tag-geschenk","19":"product_tag-geschenkidee-haekeln","20":"product_tag-haekelanleitung","21":"product_tag-haekeln","22":"product_tag-handarbeitszubehoer","23":"product_tag-herz","24":"product_tag-herz-haekeln","25":"product_tag-kugelschreiber","26":"product_tag-lustig","27":"product_tag-muttertag","28":"product_tag-praesent","29":"product_tag-schluesselanhaenger","30":"product_tag-witziges-geschenk","31":"product_tag-wolle","32":"product_tag-wollreste","34":"first","35":"instock","36":"downloadable","37":"shipping-taxable","38":"purchasable","39":"product-type-simple"},"_links":{"self":[{"href":"https:\/\/dadade.eu\/index.php?rest_route=\/wp\/v2\/product\/22630","targetHints":{"allow":["GET"]}}],"collection":[{"href":"https:\/\/dadade.eu\/index.php?rest_route=\/wp\/v2\/product"}],"about":[{"href":"https:\/\/dadade.eu\/index.php?rest_route=\/wp\/v2\/types\/product"}],"wp:featuredmedia":[{"embeddable":true,"href":"https:\/\/dadade.eu\/index.php?rest_route=\/wp\/v2\/media\/22647"}],"wp:attachment":[{"href":"https:\/\/dadade.eu\/index.php?rest_route=%2Fwp%2Fv2%2Fmedia&parent=22630"}],"wp:term":[{"taxonomy":"product_brand","embeddable":true,"href":"https:\/\/dadade.eu\/index.php?rest_route=%2Fwp%2Fv2%2Fproduct_brand&post=22630"},{"taxonomy":"product_cat","embeddable":true,"href":"https:\/\/dadade.eu\/index.php?rest_route=%2Fwp%2Fv2%2Fproduct_cat&post=22630"},{"taxonomy":"product_tag","embeddable":true,"href":"https:\/\/dadade.eu\/index.php?rest_route=%2Fwp%2Fv2%2Fproduct_tag&post=22630"}],"curies":[{"name":"wp","href":"https:\/\/api.w.org\/{rel}","templated":true}]}}