{"id":22426,"date":"2024-03-08T20:00:26","date_gmt":"2024-03-08T19:00:26","guid":{"rendered":"https:\/\/dadade.eu\/?post_type=product&#038;p=22426"},"modified":"2025-03-09T19:39:25","modified_gmt":"2025-03-09T18:39:25","slug":"hasen-mama-bonny-mit-baby-bucks-a169","status":"publish","type":"product","link":"https:\/\/dadade.eu\/?product=hasen-mama-bonny-mit-baby-bucks-a169","title":{"rendered":"Hasen-Mama Bonny mit Baby Bucks (A169)"},"content":{"rendered":"<p><img fetchpriority=\"high\" decoding=\"async\" class=\"alignnone size-medium wp-image-22429\" src=\"https:\/\/dadade.eu\/wp-content\/uploads\/2024\/03\/xHasen-Mama-3b-300x225.jpg\" alt=\"\" width=\"300\" height=\"225\" srcset=\"https:\/\/dadade.eu\/wp-content\/uploads\/2024\/03\/xHasen-Mama-3b-300x225.jpg 300w, https:\/\/dadade.eu\/wp-content\/uploads\/2024\/03\/xHasen-Mama-3b-600x450.jpg 600w, https:\/\/dadade.eu\/wp-content\/uploads\/2024\/03\/xHasen-Mama-3b-64x48.jpg 64w, https:\/\/dadade.eu\/wp-content\/uploads\/2024\/03\/xHasen-Mama-3b-1024x768.jpg 1024w, https:\/\/dadade.eu\/wp-content\/uploads\/2024\/03\/xHasen-Mama-3b-768x576.jpg 768w, https:\/\/dadade.eu\/wp-content\/uploads\/2024\/03\/xHasen-Mama-3b.jpg 1400w\" sizes=\"(max-width: 300px) 100vw, 300px\" \/><\/p>\n<p><img decoding=\"async\" class=\"alignnone size-medium wp-image-22439\" src=\"https:\/\/dadade.eu\/wp-content\/uploads\/2024\/03\/xHasen-Mama-klein-1b-300x225.jpg\" alt=\"\" width=\"300\" height=\"225\" srcset=\"https:\/\/dadade.eu\/wp-content\/uploads\/2024\/03\/xHasen-Mama-klein-1b-300x225.jpg 300w, https:\/\/dadade.eu\/wp-content\/uploads\/2024\/03\/xHasen-Mama-klein-1b-600x450.jpg 600w, https:\/\/dadade.eu\/wp-content\/uploads\/2024\/03\/xHasen-Mama-klein-1b-64x48.jpg 64w, https:\/\/dadade.eu\/wp-content\/uploads\/2024\/03\/xHasen-Mama-klein-1b-1024x768.jpg 1024w, https:\/\/dadade.eu\/wp-content\/uploads\/2024\/03\/xHasen-Mama-klein-1b-768x576.jpg 768w, https:\/\/dadade.eu\/wp-content\/uploads\/2024\/03\/xHasen-Mama-klein-1b.jpg 1400w\" sizes=\"(max-width: 300px) 100vw, 300px\" \/>Hasen-Mama als Dekoration<\/p>\n<p><img decoding=\"async\" class=\"alignnone size-medium wp-image-22433\" src=\"https:\/\/dadade.eu\/wp-content\/uploads\/2024\/03\/xHasen-Mama-gross-1b-300x225.jpg\" alt=\"\" width=\"300\" height=\"225\" srcset=\"https:\/\/dadade.eu\/wp-content\/uploads\/2024\/03\/xHasen-Mama-gross-1b-300x225.jpg 300w, https:\/\/dadade.eu\/wp-content\/uploads\/2024\/03\/xHasen-Mama-gross-1b-600x450.jpg 600w, https:\/\/dadade.eu\/wp-content\/uploads\/2024\/03\/xHasen-Mama-gross-1b-64x48.jpg 64w, https:\/\/dadade.eu\/wp-content\/uploads\/2024\/03\/xHasen-Mama-gross-1b-1024x768.jpg 1024w, https:\/\/dadade.eu\/wp-content\/uploads\/2024\/03\/xHasen-Mama-gross-1b-768x576.jpg 768w, https:\/\/dadade.eu\/wp-content\/uploads\/2024\/03\/xHasen-Mama-gross-1b.jpg 1400w\" sizes=\"(max-width: 300px) 100vw, 300px\" \/>Hasen-Mama mit kuscheliger Wolle<\/p>\n<p>Die Anleitung ist ausf\u00fchrlich mit vielen Bildern hinterlegt und schon f\u00fcr ge\u00fcbte Anf\u00e4nger geeignet<\/p>\n<p>viele Bilder und Ideen von flei\u00dfigen Helfer und H\u00e4nden <strong>von Amigurumis<\/strong> findet ihr hier<\/p>\n<p><a href=\"https:\/\/dadade.eu\/?p=6303\" target=\"_blank\" rel=\"noopener\"><b>A160 Amigurumi<\/b><\/a><\/p>\n<p>viele Bilder und Ideen von flei\u00dfigen Helfer und H\u00e4nden <strong>f\u00fcr Ostern<\/strong> findet ihr hier<\/p>\n<p><strong><a href=\"https:\/\/dadade.eu\/?p=15640\" target=\"_blank\" rel=\"noopener\">Fr\u00fchling &amp; Ostern<\/a><\/strong><\/p>\n<p>&nbsp;<\/p>\n<p>&nbsp;<\/p>\n","protected":false},"excerpt":{"rendered":"<div id=\"cc-m-13954443088\" class=\"j-module n j-text \">\n<p>Hier kauft man die H\u00e4kelanleitung f\u00fcr diese s\u00fc\u00dfen, langohrigen Hasen-Mama mit Baby.<\/p>\n<p>Ein Hase darf in der Osterzeit nicht fehlen, diese Hasenmama ist eine wundervolle Dekoration, mit oder ohne Sonnenhut.<\/p>\n<p>Aber auch mit kuscheliger Wolle als knuffiger Kuschelhase ist er sehr beliebt.<\/p>\n<p>Das kleine Hasen-Baby mit Bettchen ist nicht nur Dekoration, sondern regt auch den Spieltrieb der Kleinen an.<\/p>\n<p>Das Bettchen kann man individuell gestalten, ob ein Acryl-Ei oder z.B. eine K\u00e4seschachtel,\u00a0 mal geh\u00e4kelt oder mit Stoff beklebt,<\/p>\n<p>seid kreativ,<\/p>\n<p>Mit Wolle der Nadelst\u00e4rke 2,5 wird die Hasen-Mama ungef\u00e4hr;\u00a0 \u00a0 \u00a0 \u00a0 \u00a0 30cm hoch ohne Ohren<\/p>\n<p>das Baby ist ungef\u00e4hr 8cm, ohne Ohren<\/p>\n<p>Mit Chenille-Wolle der Nadelst\u00e4rke 3 wird die Hasen-Mama ungef\u00e4hr; 40cm hoch ohne Ohren<\/p>\n<p>Das Baby ist ungef\u00e4hr 12cm, ohne Ohren<\/p>\n<\/div>\n<div id=\"cc-m-13954443188\" class=\"j-module n j-text \">\n<p>&nbsp;<\/p>\n<\/div>\n","protected":false},"featured_media":22427,"template":"","meta":[],"product_brand":[],"product_cat":[57,35,501,51,70,66,1211],"product_tag":[90,89,87,112,111,94,93,113,110,1683,1686,1681,1684,1685,1682,92,88,114,91,95,96],"class_list":{"0":"post-22426","1":"product","2":"type-product","3":"status-publish","4":"has-post-thumbnail","6":"product_cat-3mittel","7":"product_cat-amigurumi","8":"product_cat-ostern-amigurumi","9":"product_cat-fruehling-ostern","10":"product_cat-maxi","11":"product_cat-mini","12":"product_cat-neue-produkte","13":"product_tag-amigurumi","14":"product_tag-baby","15":"product_tag-geschenk","16":"product_tag-gluecks-hase","17":"product_tag-glueckshase","18":"product_tag-haekelanleitung","19":"product_tag-haekeln","20":"product_tag-hase","21":"product_tag-hase-haekeln","22":"product_tag-hasen-baby","23":"product_tag-hasen-kind","24":"product_tag-hasen-mama","25":"product_tag-hasenbaby","26":"product_tag-hasenkind","27":"product_tag-hasenmama","28":"product_tag-kinder","29":"product_tag-kuscheltier-haekeln","30":"product_tag-ostern","31":"product_tag-plueschtier","32":"product_tag-wolle","33":"product_tag-wollreste","35":"first","36":"instock","37":"downloadable","38":"purchasable","39":"product-type-simple"},"_links":{"self":[{"href":"https:\/\/dadade.eu\/index.php?rest_route=\/wp\/v2\/product\/22426","targetHints":{"allow":["GET"]}}],"collection":[{"href":"https:\/\/dadade.eu\/index.php?rest_route=\/wp\/v2\/product"}],"about":[{"href":"https:\/\/dadade.eu\/index.php?rest_route=\/wp\/v2\/types\/product"}],"wp:featuredmedia":[{"embeddable":true,"href":"https:\/\/dadade.eu\/index.php?rest_route=\/wp\/v2\/media\/22427"}],"wp:attachment":[{"href":"https:\/\/dadade.eu\/index.php?rest_route=%2Fwp%2Fv2%2Fmedia&parent=22426"}],"wp:term":[{"taxonomy":"product_brand","embeddable":true,"href":"https:\/\/dadade.eu\/index.php?rest_route=%2Fwp%2Fv2%2Fproduct_brand&post=22426"},{"taxonomy":"product_cat","embeddable":true,"href":"https:\/\/dadade.eu\/index.php?rest_route=%2Fwp%2Fv2%2Fproduct_cat&post=22426"},{"taxonomy":"product_tag","embeddable":true,"href":"https:\/\/dadade.eu\/index.php?rest_route=%2Fwp%2Fv2%2Fproduct_tag&post=22426"}],"curies":[{"name":"wp","href":"https:\/\/api.w.org\/{rel}","templated":true}]}}