{"id":22240,"date":"2024-02-26T14:15:09","date_gmt":"2024-02-26T13:15:09","guid":{"rendered":"https:\/\/dadade.eu\/?post_type=product&#038;p=22240"},"modified":"2024-08-03T20:49:34","modified_gmt":"2024-08-03T18:49:34","slug":"schildkroete-annabell-die-schlafmuetze-die-spieluhr-b413","status":"publish","type":"product","link":"https:\/\/dadade.eu\/?product=schildkroete-annabell-die-schlafmuetze-die-spieluhr-b413","title":{"rendered":"Schildkr\u00f6te Annabell Schlafm\u00fctze, die Spieluhr (B413)"},"content":{"rendered":"<p><img fetchpriority=\"high\" decoding=\"async\" class=\"alignnone wp-image-22251 size-medium\" src=\"https:\/\/dadade.eu\/wp-content\/uploads\/2024\/02\/xB413-Spieluhr-Schlaf-Schildkroete-11-300x225.jpg\" alt=\"\" width=\"300\" height=\"225\" srcset=\"https:\/\/dadade.eu\/wp-content\/uploads\/2024\/02\/xB413-Spieluhr-Schlaf-Schildkroete-11-300x225.jpg 300w, https:\/\/dadade.eu\/wp-content\/uploads\/2024\/02\/xB413-Spieluhr-Schlaf-Schildkroete-11-600x450.jpg 600w, https:\/\/dadade.eu\/wp-content\/uploads\/2024\/02\/xB413-Spieluhr-Schlaf-Schildkroete-11-64x48.jpg 64w, https:\/\/dadade.eu\/wp-content\/uploads\/2024\/02\/xB413-Spieluhr-Schlaf-Schildkroete-11-1024x768.jpg 1024w, https:\/\/dadade.eu\/wp-content\/uploads\/2024\/02\/xB413-Spieluhr-Schlaf-Schildkroete-11-768x576.jpg 768w, https:\/\/dadade.eu\/wp-content\/uploads\/2024\/02\/xB413-Spieluhr-Schlaf-Schildkroete-11.jpg 1400w\" sizes=\"(max-width: 300px) 100vw, 300px\" \/>die Schildkr\u00f6te mit Schlafm\u00fctze &#8211; hier sitzt die Spieluhr.<\/p>\n<p><a href=\"https:\/\/youtu.be\/wce5yW5SHhI\" target=\"_blank\" rel=\"noopener\"><strong>Hier kann man sich das Video auf Youtube ansehen,\u00a0<\/strong><\/a><\/p>\n<p><img decoding=\"async\" class=\"alignnone size-medium wp-image-22241\" src=\"https:\/\/dadade.eu\/wp-content\/uploads\/2024\/02\/xB413-Schlaf-Schildkroete-1b-300x225.jpg\" alt=\"\" width=\"300\" height=\"225\" srcset=\"https:\/\/dadade.eu\/wp-content\/uploads\/2024\/02\/xB413-Schlaf-Schildkroete-1b-300x225.jpg 300w, https:\/\/dadade.eu\/wp-content\/uploads\/2024\/02\/xB413-Schlaf-Schildkroete-1b-600x450.jpg 600w, https:\/\/dadade.eu\/wp-content\/uploads\/2024\/02\/xB413-Schlaf-Schildkroete-1b-64x48.jpg 64w, https:\/\/dadade.eu\/wp-content\/uploads\/2024\/02\/xB413-Schlaf-Schildkroete-1b-1024x768.jpg 1024w, https:\/\/dadade.eu\/wp-content\/uploads\/2024\/02\/xB413-Schlaf-Schildkroete-1b-768x576.jpg 768w, https:\/\/dadade.eu\/wp-content\/uploads\/2024\/02\/xB413-Schlaf-Schildkroete-1b.jpg 1400w\" sizes=\"(max-width: 300px) 100vw, 300px\" \/>die Schildkr\u00f6ten sind die besten Woll-Reste-Fresser, die es gibt, hier kann man ganz unproblematisch Wollreste aller Art verarbeiten<\/p>\n<div style=\"width: 640px;\" class=\"wp-video\"><video class=\"wp-video-shortcode\" id=\"video-22240-1\" width=\"640\" height=\"480\" preload=\"metadata\" controls=\"controls\"><source type=\"video\/mp4\" src=\"https:\/\/dadade.eu\/wp-content\/uploads\/2024\/02\/Schildkroete-kurz.mp4?_=1\" \/><a href=\"https:\/\/dadade.eu\/wp-content\/uploads\/2024\/02\/Schildkroete-kurz.mp4\">https:\/\/dadade.eu\/wp-content\/uploads\/2024\/02\/Schildkroete-kurz.mp4<\/a><\/video><\/div>\n<p>&nbsp;<\/p>\n<p>Mit dem Kauf erh\u00e4ltst du eine leicht verst\u00e4ndliche H\u00e4kelanleitung im praktischen PDF-Format.<\/p>\n<p>Die Anleitung ist ausf\u00fchrlich mit vielen Bildern hinterlegt und wird auf \u00fcber 16 (Schildkr\u00f6te) &amp; 8 (Extra f\u00fcr Spieluhr) Seiten Schritt-f\u00fcr-Schritt beschrieben!<\/p>\n<p>Auch das Einbauen der Spieluhr wird Schritt f\u00fcr Schritt erkl\u00e4rt!<\/p>\n<p>&nbsp;<\/p>\n<p>noch mehr Bilder von flei\u00dfigen Helfer und\u00a0 H\u00e4nden<\/p>\n<p>mehr Bilder von Spieluhren findet ihr hier<\/p>\n<p><strong><a href=\"https:\/\/dadade.eu\/?p=10708\">KLICKE HIER<\/a><\/strong><\/p>\n<p>&nbsp;<\/p>\n<p>&nbsp;<\/p>\n<p>&nbsp;<\/p>\n","protected":false},"excerpt":{"rendered":"<div id=\"cc-m-13954443088\" class=\"j-module n j-text \">\n<p>Hier kauft man nur die H\u00e4kelanleitung f\u00fcr diese s\u00fc\u00dfe Schildkr\u00f6te mit Spieluhr, sowie Schlafm\u00fctze<\/p>\n<p>mit dieser Anleitung hat man etwas ganz Besonderes in vielen Varianten \u00a0&#8211; hier kann man gut Reste verarbeiten,<\/p>\n<p>1. mit oder ohne Spieluhr<\/p>\n<p>2. mit oder ohne Rasseln<\/p>\n<p>3. einfach nur als Kuscheltier<\/p>\n<p>Eine Spieluhr, bei der sich keine Schnur um \u00c4rmchen oder Beinchen wickeln kann. Oder einfach die Schildkr\u00f6te als Kissen.<\/p>\n<p>Seht euch unten das Video an und achtet bitte auf die M\u00fctze der Schildkr\u00f6te.<\/p>\n<p>Mit der Nadelst\u00e4rke 4 wird die Schildkr\u00f6te ungef\u00e4hr; 18 cm lang x 13 cm breit<\/p>\n<p>Mit der Nadelst\u00e4rke 3 wird die Schildkr\u00f6te ungef\u00e4hr; 15 cm lang x 11 cm breit<\/p>\n<p>&nbsp;<\/p>\n<\/div>\n","protected":false},"featured_media":22255,"template":"","meta":[],"product_brand":[],"product_cat":[56,39,42,66,1211,45],"product_tag":[90,89,886,233,87,94,93,194,92,234,722,891,1680,180,181,236,195,887,888,706,1677,1678,235,238,1679,884,196,885,237,95],"class_list":{"0":"post-22240","1":"product","2":"type-product","3":"status-publish","4":"has-post-thumbnail","6":"product_cat-2einfach","7":"product_cat-amigurumis-zum-kuscheln","8":"product_cat-baby","9":"product_cat-mini","10":"product_cat-neue-produkte","11":"product_cat-spieluhren","12":"product_tag-amigurumi","13":"product_tag-baby","14":"product_tag-baby-schildkroete","15":"product_tag-dekoration","16":"product_tag-geschenk","17":"product_tag-haekelanleitung","18":"product_tag-haekeln","19":"product_tag-kind","20":"product_tag-kinder","21":"product_tag-kinderzimmer","22":"product_tag-kissen","23":"product_tag-kissen-schildkroete","24":"product_tag-kuschel-schildkroete","25":"product_tag-kuscheltier","26":"product_tag-lustig","27":"product_tag-musik","28":"product_tag-praesent","29":"product_tag-rassel","30":"product_tag-rassel-schildkroete","31":"product_tag-schildkroete","32":"product_tag-schlafmuetze","33":"product_tag-schlaftier","34":"product_tag-spieluhr","35":"product_tag-spieluhr-haekeln","36":"product_tag-spieluhr-schildkroete","37":"product_tag-spieluhr-schilkroete","38":"product_tag-spielzeug","39":"product_tag-tasche-schildkroete","40":"product_tag-taufe","41":"product_tag-wolle","43":"first","44":"instock","45":"downloadable","46":"shipping-taxable","47":"purchasable","48":"product-type-simple"},"_links":{"self":[{"href":"https:\/\/dadade.eu\/index.php?rest_route=\/wp\/v2\/product\/22240","targetHints":{"allow":["GET"]}}],"collection":[{"href":"https:\/\/dadade.eu\/index.php?rest_route=\/wp\/v2\/product"}],"about":[{"href":"https:\/\/dadade.eu\/index.php?rest_route=\/wp\/v2\/types\/product"}],"wp:featuredmedia":[{"embeddable":true,"href":"https:\/\/dadade.eu\/index.php?rest_route=\/wp\/v2\/media\/22255"}],"wp:attachment":[{"href":"https:\/\/dadade.eu\/index.php?rest_route=%2Fwp%2Fv2%2Fmedia&parent=22240"}],"wp:term":[{"taxonomy":"product_brand","embeddable":true,"href":"https:\/\/dadade.eu\/index.php?rest_route=%2Fwp%2Fv2%2Fproduct_brand&post=22240"},{"taxonomy":"product_cat","embeddable":true,"href":"https:\/\/dadade.eu\/index.php?rest_route=%2Fwp%2Fv2%2Fproduct_cat&post=22240"},{"taxonomy":"product_tag","embeddable":true,"href":"https:\/\/dadade.eu\/index.php?rest_route=%2Fwp%2Fv2%2Fproduct_tag&post=22240"}],"curies":[{"name":"wp","href":"https:\/\/api.w.org\/{rel}","templated":true}]}}