{"id":22123,"date":"2024-02-23T16:57:50","date_gmt":"2024-02-23T15:57:50","guid":{"rendered":"https:\/\/dadade.eu\/?post_type=product&#038;p=22123"},"modified":"2025-03-29T10:55:27","modified_gmt":"2025-03-29T09:55:27","slug":"dino-oder-drachen-mit-baby-led-lampe-und-geschenkverpackung-l005","status":"publish","type":"product","link":"https:\/\/dadade.eu\/?product=dino-oder-drachen-mit-baby-led-lampe-und-geschenkverpackung-l005","title":{"rendered":"Dino oder Drachen mit Baby, LED-Lampe und Geschenkverpackung (L005)"},"content":{"rendered":"<p><img fetchpriority=\"high\" decoding=\"async\" class=\"alignnone size-medium wp-image-22143\" src=\"https:\/\/dadade.eu\/wp-content\/uploads\/2024\/02\/xBaby-Dino-2-300x225.jpg\" alt=\"\" width=\"300\" height=\"225\" srcset=\"https:\/\/dadade.eu\/wp-content\/uploads\/2024\/02\/xBaby-Dino-2-300x225.jpg 300w, https:\/\/dadade.eu\/wp-content\/uploads\/2024\/02\/xBaby-Dino-2-600x450.jpg 600w, https:\/\/dadade.eu\/wp-content\/uploads\/2024\/02\/xBaby-Dino-2-64x48.jpg 64w, https:\/\/dadade.eu\/wp-content\/uploads\/2024\/02\/xBaby-Dino-2-1024x768.jpg 1024w, https:\/\/dadade.eu\/wp-content\/uploads\/2024\/02\/xBaby-Dino-2-768x576.jpg 768w, https:\/\/dadade.eu\/wp-content\/uploads\/2024\/02\/xBaby-Dino-2.jpg 1400w\" sizes=\"(max-width: 300px) 100vw, 300px\" \/>das kleine Drachen-Baby kann man in die Kugel setzen, oder einfach zum Spielen behalten.<\/p>\n<p><img decoding=\"async\" class=\"alignnone size-medium wp-image-22149\" src=\"https:\/\/dadade.eu\/wp-content\/uploads\/2024\/02\/xKugel-Dino-Lampe-15-300x225.jpg\" alt=\"\" width=\"300\" height=\"225\" srcset=\"https:\/\/dadade.eu\/wp-content\/uploads\/2024\/02\/xKugel-Dino-Lampe-15-300x225.jpg 300w, https:\/\/dadade.eu\/wp-content\/uploads\/2024\/02\/xKugel-Dino-Lampe-15-600x450.jpg 600w, https:\/\/dadade.eu\/wp-content\/uploads\/2024\/02\/xKugel-Dino-Lampe-15-64x48.jpg 64w, https:\/\/dadade.eu\/wp-content\/uploads\/2024\/02\/xKugel-Dino-Lampe-15-1024x768.jpg 1024w, https:\/\/dadade.eu\/wp-content\/uploads\/2024\/02\/xKugel-Dino-Lampe-15-768x576.jpg 768w, https:\/\/dadade.eu\/wp-content\/uploads\/2024\/02\/xKugel-Dino-Lampe-15.jpg 1400w\" sizes=\"(max-width: 300px) 100vw, 300px\" \/> <img decoding=\"async\" class=\"alignnone size-medium wp-image-22148\" src=\"https:\/\/dadade.eu\/wp-content\/uploads\/2024\/02\/xKugel-Dino-Lampe-14-300x225.jpg\" alt=\"\" width=\"300\" height=\"225\" srcset=\"https:\/\/dadade.eu\/wp-content\/uploads\/2024\/02\/xKugel-Dino-Lampe-14-300x225.jpg 300w, https:\/\/dadade.eu\/wp-content\/uploads\/2024\/02\/xKugel-Dino-Lampe-14-600x450.jpg 600w, https:\/\/dadade.eu\/wp-content\/uploads\/2024\/02\/xKugel-Dino-Lampe-14-64x48.jpg 64w, https:\/\/dadade.eu\/wp-content\/uploads\/2024\/02\/xKugel-Dino-Lampe-14-1024x768.jpg 1024w, https:\/\/dadade.eu\/wp-content\/uploads\/2024\/02\/xKugel-Dino-Lampe-14-768x576.jpg 768w, https:\/\/dadade.eu\/wp-content\/uploads\/2024\/02\/xKugel-Dino-Lampe-14.jpg 1400w\" sizes=\"(max-width: 300px) 100vw, 300px\" \/> Ich habe den Dino mit einem Schal verschenkt &#8211; der Schal dient nur als Dekoration<\/p>\n<p><strong><em>der Schal habe ich mit Teddy-Wolle geh\u00e4kelt und eine Dino Applikation draufgen\u00e4ht<\/em><\/strong><\/p>\n<p>Die Anleitung ist ausf\u00fchrlich mit vielen Bildern hinterlegt<\/p>\n<p>und wird auf 21 (Dino-Kugel) &amp; 7 (Dino-Baby) Seiten Schritt-f\u00fcr-Schritt beschrieben!<\/p>\n<p>zus\u00e4tzlich geh\u00f6rt noch eine Anleitung f\u00fcr das Zusammenbauen der LED-Kugel dazu.<\/p>\n<p>&nbsp;<\/p>\n<p>&nbsp;<\/p>\n<p>MEHR VARIANTEN UND IDEEN von flei\u00dfigen Helfer und H\u00e4nden?<\/p>\n<p><a href=\"https:\/\/dadade.eu\/?p=11002\"><b>Klicke hier<\/b><\/a><\/p>\n<p>&nbsp;<\/p>\n<p>&nbsp;<\/p>\n<p>&nbsp;<\/p>\n","protected":false},"excerpt":{"rendered":"<div id=\"cc-m-13954443088\">\n<p>Hier kauft man die H\u00e4kelanleitung f\u00fcr diese originelle Geschenkverpackung &amp; Lampe, Drachen oder Dino<\/p>\n<div id=\"cc-m-13758358088\">\n<p>Dieser grimmige Drachen\/Dino kann zuerst als Geschenkverpackung mit ihrem Inhalt gl\u00e4nzen, ob mit einem P\u00e4ckchen, S\u00fc\u00dfem, Kugeln, oder einfach Deko!<\/p>\n<\/div>\n<\/div>\n<div id=\"cc-m-13954443188\" class=\"j-module n j-text \">\n<p>Oder einfach mit einer LED-Lichterkette und dem kleinen Baby als Lampe hell strahlen.<\/p>\n<p>Diese Geschenk-Kugel hat viele Gestaltungsm\u00f6glichkeiten, der Drachen\/Dino bringt das ganze Jahr Freude ins Kinderzimmer!<\/p>\n<p>&nbsp;<\/p>\n<p>Die Kugel Drachen\/Dino wird ungef\u00e4hr; 36cm hoch, 22cm breit, 32cm lang<\/p>\n<p>Der kleine Dino mit der Himalaya fine und mit der Nadelst\u00e4rke 3 geh\u00e4kelt; ist ca 9cm hoch<\/p>\n<p>&nbsp;<\/p>\n<p>&nbsp;<\/p>\n<\/div>\n","protected":false},"featured_media":22129,"template":"","meta":[],"product_brand":[],"product_cat":[57,793,791,790,66,1211],"product_tag":[90,1671,1670,1673,242,1666,1665,669,1668,1667,1674,1675,1669,87,1676,94,93,92,245,180,88,243,244,1672,392,731,95,96],"class_list":{"0":"post-22123","1":"product","2":"type-product","3":"status-publish","4":"has-post-thumbnail","6":"product_cat-3mittel","7":"product_cat-herbst-halloween-deko-ideen-mit-licht","8":"product_cat-kinderzimmer","9":"product_cat-deko-ideen-mit-licht","10":"product_cat-mini","11":"product_cat-neue-produkte","12":"product_tag-amigurumi","13":"product_tag-baby-dino","14":"product_tag-baby-drachen","15":"product_tag-beleuchteter-dino","16":"product_tag-dekoration-haekeln","17":"product_tag-dino-kugel","18":"product_tag-dino-lampe","19":"product_tag-dinosaurier","20":"product_tag-drachen-kugel","21":"product_tag-drachen-lampe","22":"product_tag-drachen-mit-led","23":"product_tag-drachen-dino","24":"product_tag-drachenlampr-mit-baby","25":"product_tag-geschenk","26":"product_tag-geschenkverpackung-lampe","27":"product_tag-haekelanleitung","28":"product_tag-haekeln","29":"product_tag-kinder","30":"product_tag-kuschelige-haekeltiere","31":"product_tag-kuscheltier","32":"product_tag-kuscheltier-haekeln","33":"product_tag-kuschelwolle","34":"product_tag-kuschelwolle-haekeln","35":"product_tag-lampe-mit-drachenbaby","36":"product_tag-plueschtier-haekeln","37":"product_tag-t-rex","38":"product_tag-wolle","39":"product_tag-wollreste","41":"first","42":"instock","43":"downloadable","44":"shipping-taxable","45":"purchasable","46":"product-type-simple"},"_links":{"self":[{"href":"https:\/\/dadade.eu\/index.php?rest_route=\/wp\/v2\/product\/22123","targetHints":{"allow":["GET"]}}],"collection":[{"href":"https:\/\/dadade.eu\/index.php?rest_route=\/wp\/v2\/product"}],"about":[{"href":"https:\/\/dadade.eu\/index.php?rest_route=\/wp\/v2\/types\/product"}],"wp:featuredmedia":[{"embeddable":true,"href":"https:\/\/dadade.eu\/index.php?rest_route=\/wp\/v2\/media\/22129"}],"wp:attachment":[{"href":"https:\/\/dadade.eu\/index.php?rest_route=%2Fwp%2Fv2%2Fmedia&parent=22123"}],"wp:term":[{"taxonomy":"product_brand","embeddable":true,"href":"https:\/\/dadade.eu\/index.php?rest_route=%2Fwp%2Fv2%2Fproduct_brand&post=22123"},{"taxonomy":"product_cat","embeddable":true,"href":"https:\/\/dadade.eu\/index.php?rest_route=%2Fwp%2Fv2%2Fproduct_cat&post=22123"},{"taxonomy":"product_tag","embeddable":true,"href":"https:\/\/dadade.eu\/index.php?rest_route=%2Fwp%2Fv2%2Fproduct_tag&post=22123"}],"curies":[{"name":"wp","href":"https:\/\/api.w.org\/{rel}","templated":true}]}}