{"id":21834,"date":"2024-01-31T16:38:46","date_gmt":"2024-01-31T15:38:46","guid":{"rendered":"https:\/\/dadade.eu\/?post_type=product&#038;p=21834"},"modified":"2025-02-24T14:24:14","modified_gmt":"2025-02-24T13:24:14","slug":"flaschen-verpackung-hase-h342-die-geschenk-verpackung","status":"publish","type":"product","link":"https:\/\/dadade.eu\/?product=flaschen-verpackung-hase-h342-die-geschenk-verpackung","title":{"rendered":"Flaschen-Verpackung Hase (H342), die Geschenk-Verpackung"},"content":{"rendered":"<p>der Hase l\u00e4sst sich auch gern als Wellness-Geschenk-Verpackung verschenken; z.B. f\u00fcr Muttertag<\/p>\n<p><img decoding=\"async\" class=\"alignnone wp-image-21846\" src=\"https:\/\/dadade.eu\/wp-content\/uploads\/2024\/01\/xH342-Flaschenhuelle-Hasen-10b-300x225.jpg\" alt=\"\" width=\"249\" height=\"187\" srcset=\"https:\/\/dadade.eu\/wp-content\/uploads\/2024\/01\/xH342-Flaschenhuelle-Hasen-10b-300x225.jpg 300w, https:\/\/dadade.eu\/wp-content\/uploads\/2024\/01\/xH342-Flaschenhuelle-Hasen-10b-600x450.jpg 600w, https:\/\/dadade.eu\/wp-content\/uploads\/2024\/01\/xH342-Flaschenhuelle-Hasen-10b-64x48.jpg 64w, https:\/\/dadade.eu\/wp-content\/uploads\/2024\/01\/xH342-Flaschenhuelle-Hasen-10b-1024x768.jpg 1024w, https:\/\/dadade.eu\/wp-content\/uploads\/2024\/01\/xH342-Flaschenhuelle-Hasen-10b-768x576.jpg 768w, https:\/\/dadade.eu\/wp-content\/uploads\/2024\/01\/xH342-Flaschenhuelle-Hasen-10b.jpg 1400w\" sizes=\"(max-width: 249px) 100vw, 249px\" \/>eine Duschgel, Schaumbad oder K\u00f6rperlotion in der Verpackung verstecken<\/p>\n<p>ein paar sch\u00f6ne Badeperlen als Deko und zus\u00e4tzlich kann man noch einen Gutschein anstecken<\/p>\n<p>Die Anleitung ist ausf\u00fchrlich mit vielen Bildern hinterlegt und wird auf 20 Seiten Schritt-f\u00fcr-Schritt beschrieben!<\/p>\n<p>&nbsp;<\/p>\n<p><strong><a href=\"https:\/\/dadade.eu\/?product_cat=fruehling-ostern\" target=\"_blank\" rel=\"noopener\">mehr Deko f\u00fcr Ostern<\/a><\/strong><\/p>\n<h4>mehr Flaschenh\u00fcllen findet man \u00a0<a href=\"https:\/\/dadade.eu\/?product=flaschen-huelle-tasche-verpackung\"><strong>hier<\/strong><\/a><\/h4>\n<p>MEHR VARIANTEN UND IDEEN von flei\u00dfigen Helfer und H\u00e4nden?<\/p>\n<p><a href=\"https:\/\/dadade.eu\/?p=15640\"><b>Klicke hier<\/b><\/a><\/p>\n<h4><\/h4>\n<p>&nbsp;<\/p>\n<p>&nbsp;<\/p>\n","protected":false},"excerpt":{"rendered":"<div id=\"cc-m-13954443088\">\n<p>Hier kauft man die H\u00e4kelanleitung f\u00fcr diese tolle Geschenke-Tasche,<\/p>\n<p>1. die Flaschenh\u00fclle Hase f\u00fcr deine Weinflasche, Duschgel oder z.B. \u00d6lflasche,<\/p>\n<p>2. die M\u00f6hre kann auch bef\u00fcllt werden, oder als kleine Deko-M\u00f6hre mit Augen<\/p>\n<p>Der Hase als Geschenkverpackung z.B. f\u00fcr Muttertag, als Wellness-Paket.<\/p>\n<p>&nbsp;<\/p>\n<p>Lass deiner Fantasie freien Lauf, und dekoriere die Flaschenh\u00fclle nach Lust und Laune.<\/p>\n<p>&nbsp;<\/p>\n<p>Mit Chenille-Wolle der Nadelst\u00e4rke 4 geh\u00e4kelt,<\/p>\n<p>die Flaschenh\u00fclle ist aber individuell anpassbar<\/p>\n<\/div>\n","protected":false},"featured_media":21835,"template":"","meta":[],"product_brand":[],"product_cat":[56,51,48,1211],"product_tag":[90,295,242,1384,1389,786,1660,788,1386,1661,87,298,94,93,113,243,244,294,280,114,195,1662,183,95,96],"class_list":{"0":"post-21834","1":"product","2":"type-product","3":"status-publish","4":"has-post-thumbnail","6":"product_cat-2einfach","7":"product_cat-fruehling-ostern","8":"product_cat-haus-deko","9":"product_cat-neue-produkte","10":"product_tag-amigurumi","11":"product_tag-anleitung","12":"product_tag-dekoration-haekeln","13":"product_tag-feiertag","14":"product_tag-flasche","15":"product_tag-flaschenhuelle","16":"product_tag-flaschenhuelle-hase","17":"product_tag-flaschentasche","18":"product_tag-flaschenverpackung","19":"product_tag-flaschenverpackung-hase","20":"product_tag-geschenk","21":"product_tag-geschenkverpackung","22":"product_tag-haekelanleitung","23":"product_tag-haekeln","24":"product_tag-hase","25":"product_tag-kuschelwolle","26":"product_tag-kuschelwolle-haekeln","27":"product_tag-mitbringsel","28":"product_tag-muttertag","29":"product_tag-ostern","30":"product_tag-praesent","31":"product_tag-verpackung-ostern","32":"product_tag-witzig","33":"product_tag-wolle","34":"product_tag-wollreste","36":"first","37":"instock","38":"downloadable","39":"shipping-taxable","40":"purchasable","41":"product-type-simple"},"_links":{"self":[{"href":"https:\/\/dadade.eu\/index.php?rest_route=\/wp\/v2\/product\/21834","targetHints":{"allow":["GET"]}}],"collection":[{"href":"https:\/\/dadade.eu\/index.php?rest_route=\/wp\/v2\/product"}],"about":[{"href":"https:\/\/dadade.eu\/index.php?rest_route=\/wp\/v2\/types\/product"}],"wp:featuredmedia":[{"embeddable":true,"href":"https:\/\/dadade.eu\/index.php?rest_route=\/wp\/v2\/media\/21835"}],"wp:attachment":[{"href":"https:\/\/dadade.eu\/index.php?rest_route=%2Fwp%2Fv2%2Fmedia&parent=21834"}],"wp:term":[{"taxonomy":"product_brand","embeddable":true,"href":"https:\/\/dadade.eu\/index.php?rest_route=%2Fwp%2Fv2%2Fproduct_brand&post=21834"},{"taxonomy":"product_cat","embeddable":true,"href":"https:\/\/dadade.eu\/index.php?rest_route=%2Fwp%2Fv2%2Fproduct_cat&post=21834"},{"taxonomy":"product_tag","embeddable":true,"href":"https:\/\/dadade.eu\/index.php?rest_route=%2Fwp%2Fv2%2Fproduct_tag&post=21834"}],"curies":[{"name":"wp","href":"https:\/\/api.w.org\/{rel}","templated":true}]}}