{"id":21704,"date":"2024-01-21T11:05:35","date_gmt":"2024-01-21T10:05:35","guid":{"rendered":"https:\/\/dadade.eu\/?post_type=product&#038;p=21704"},"modified":"2024-03-15T00:14:18","modified_gmt":"2024-03-14T23:14:18","slug":"flaschen-verpackung-ei-kueken-h341","status":"publish","type":"product","link":"https:\/\/dadade.eu\/?product=flaschen-verpackung-ei-kueken-h341","title":{"rendered":"Flaschen-Verpackung, Ei &#038; K\u00fcken (H341)"},"content":{"rendered":"<p><img fetchpriority=\"high\" decoding=\"async\" class=\"alignnone size-medium wp-image-21717\" src=\"https:\/\/dadade.eu\/wp-content\/uploads\/2024\/01\/xH341-Flaschenhuelle-Kueken-Muttertag-5b-300x225.jpg\" alt=\"\" width=\"300\" height=\"225\" srcset=\"https:\/\/dadade.eu\/wp-content\/uploads\/2024\/01\/xH341-Flaschenhuelle-Kueken-Muttertag-5b-300x225.jpg 300w, https:\/\/dadade.eu\/wp-content\/uploads\/2024\/01\/xH341-Flaschenhuelle-Kueken-Muttertag-5b-600x450.jpg 600w, https:\/\/dadade.eu\/wp-content\/uploads\/2024\/01\/xH341-Flaschenhuelle-Kueken-Muttertag-5b-64x48.jpg 64w, https:\/\/dadade.eu\/wp-content\/uploads\/2024\/01\/xH341-Flaschenhuelle-Kueken-Muttertag-5b-1024x768.jpg 1024w, https:\/\/dadade.eu\/wp-content\/uploads\/2024\/01\/xH341-Flaschenhuelle-Kueken-Muttertag-5b-768x576.jpg 768w, https:\/\/dadade.eu\/wp-content\/uploads\/2024\/01\/xH341-Flaschenhuelle-Kueken-Muttertag-5b.jpg 1400w\" sizes=\"(max-width: 300px) 100vw, 300px\" \/>das K\u00fcken l\u00e4sst sich auch gern als Wellness-Geschenk-Verpackung verschenken; z.B. f\u00fcr Muttertag<\/p>\n<p>eine Duschgel, Schaumbad oder K\u00f6rperlotion im Clown versteckt<\/p>\n<p>ein paar sch\u00f6ne Badeperlen als Deko und zus\u00e4tzlich kann man noch einen Gutschein anstecken<\/p>\n<p>Die Anleitung ist ausf\u00fchrlich mit vielen Bildern hinterlegt und wird auf 20 Seiten Schritt-f\u00fcr-Schritt beschrieben!<\/p>\n<p>&nbsp;<\/p>\n<p><strong><a href=\"https:\/\/dadade.eu\/?product_cat=fruehling-ostern\" target=\"_blank\" rel=\"noopener\">mehr Deko f\u00fcr Ostern<\/a><\/strong><\/p>\n<h4>mehr Flaschenh\u00fcllen findet man \u00a0<a href=\"https:\/\/dadade.eu\/?product=flaschen-huelle-tasche-verpackung\"><strong>hier<\/strong><\/a><\/h4>\n<p>MEHR VARIANTEN UND IDEEN von flei\u00dfigen Helfer und H\u00e4nden?<\/p>\n<p><a href=\"https:\/\/dadade.eu\/?p=15640\"><b>Klicke hier<\/b><\/a><\/p>\n<h4><\/h4>\n<p>&nbsp;<\/p>\n<p>&nbsp;<\/p>\n","protected":false},"excerpt":{"rendered":"<div id=\"cc-m-13954443088\">\n<p>Hier kauft man die H\u00e4kelanleitung f\u00fcr diese tolle Geschenke-Tasche,<\/p>\n<p>die Flaschenh\u00fclle K\u00fcken f\u00fcr deine Weinflasche, oder z.B. \u00d6lflasche,<\/p>\n<p>oder auch das Ei, z.B. f\u00fcr Muttertag, als Wellness-Paket.<\/p>\n<p><img decoding=\"async\" class=\"alignnone wp-image-21733\" src=\"https:\/\/dadade.eu\/wp-content\/uploads\/2024\/01\/2024.01.14-Sarah-Maria-Frascona-4-291x300.jpg\" alt=\"\" width=\"196\" height=\"202\" srcset=\"https:\/\/dadade.eu\/wp-content\/uploads\/2024\/01\/2024.01.14-Sarah-Maria-Frascona-4-291x300.jpg 291w, https:\/\/dadade.eu\/wp-content\/uploads\/2024\/01\/2024.01.14-Sarah-Maria-Frascona-4-600x619.jpg 600w, https:\/\/dadade.eu\/wp-content\/uploads\/2024\/01\/2024.01.14-Sarah-Maria-Frascona-4-64x66.jpg 64w, https:\/\/dadade.eu\/wp-content\/uploads\/2024\/01\/2024.01.14-Sarah-Maria-Frascona-4-993x1024.jpg 993w, https:\/\/dadade.eu\/wp-content\/uploads\/2024\/01\/2024.01.14-Sarah-Maria-Frascona-4-768x792.jpg 768w, https:\/\/dadade.eu\/wp-content\/uploads\/2024\/01\/2024.01.14-Sarah-Maria-Frascona-4.jpg 1457w\" sizes=\"(max-width: 196px) 100vw, 196px\" \/>Eine Chips-Dose passt auch hinein, tolle Idee Sarah Maria Frascon\u00e0, vielen Dank<\/p>\n<p>&nbsp;<\/p>\n<p>Lass deiner Fantasie freien Lauf, und dekoriere die Flaschenh\u00fclle nach Lust und Laune.<\/p>\n<p>&nbsp;<\/p>\n<p>Mit Chenille-Wolle der Nadelst\u00e4rke 4 geh\u00e4kelt,<\/p>\n<p>die Flaschenh\u00fclle ist aber individuell anpassbar<\/p>\n<\/div>\n","protected":false},"featured_media":21718,"template":"","meta":[],"product_brand":[],"product_cat":[57,49,51,48,1211],"product_tag":[90,295,242,620,1384,1389,786,1656,1657,788,1649,1658,1386,87,298,94,93,342,365,243,244,294,280,1659,114,195,105,183,95,96],"class_list":{"0":"post-21704","1":"product","2":"type-product","3":"status-publish","4":"has-post-thumbnail","6":"product_cat-3mittel","7":"product_cat-dekoration-mit-herz","8":"product_cat-fruehling-ostern","9":"product_cat-haus-deko","10":"product_cat-neue-produkte","11":"product_tag-amigurumi","12":"product_tag-anleitung","13":"product_tag-dekoration-haekeln","14":"product_tag-ei","15":"product_tag-feiertag","16":"product_tag-flasche","17":"product_tag-flaschenhuelle","18":"product_tag-flaschenhuelle-ei","19":"product_tag-flaschenhuelle-vogel","20":"product_tag-flaschentasche","21":"product_tag-flaschentasche-fasching","22":"product_tag-flaschentaschen-kueken","23":"product_tag-flaschenverpackung","24":"product_tag-geschenk","25":"product_tag-geschenkverpackung","26":"product_tag-haekelanleitung","27":"product_tag-haekeln","28":"product_tag-karneval","29":"product_tag-kueken","30":"product_tag-kuschelwolle","31":"product_tag-kuschelwolle-haekeln","32":"product_tag-mitbringsel","33":"product_tag-muttertag","34":"product_tag-oster-kueken","35":"product_tag-ostern","36":"product_tag-praesent","37":"product_tag-vogel","38":"product_tag-witzig","39":"product_tag-wolle","40":"product_tag-wollreste","42":"first","43":"instock","44":"downloadable","45":"shipping-taxable","46":"purchasable","47":"product-type-simple"},"_links":{"self":[{"href":"https:\/\/dadade.eu\/index.php?rest_route=\/wp\/v2\/product\/21704","targetHints":{"allow":["GET"]}}],"collection":[{"href":"https:\/\/dadade.eu\/index.php?rest_route=\/wp\/v2\/product"}],"about":[{"href":"https:\/\/dadade.eu\/index.php?rest_route=\/wp\/v2\/types\/product"}],"wp:featuredmedia":[{"embeddable":true,"href":"https:\/\/dadade.eu\/index.php?rest_route=\/wp\/v2\/media\/21718"}],"wp:attachment":[{"href":"https:\/\/dadade.eu\/index.php?rest_route=%2Fwp%2Fv2%2Fmedia&parent=21704"}],"wp:term":[{"taxonomy":"product_brand","embeddable":true,"href":"https:\/\/dadade.eu\/index.php?rest_route=%2Fwp%2Fv2%2Fproduct_brand&post=21704"},{"taxonomy":"product_cat","embeddable":true,"href":"https:\/\/dadade.eu\/index.php?rest_route=%2Fwp%2Fv2%2Fproduct_cat&post=21704"},{"taxonomy":"product_tag","embeddable":true,"href":"https:\/\/dadade.eu\/index.php?rest_route=%2Fwp%2Fv2%2Fproduct_tag&post=21704"}],"curies":[{"name":"wp","href":"https:\/\/api.w.org\/{rel}","templated":true}]}}