{"id":21617,"date":"2024-01-11T20:31:42","date_gmt":"2024-01-11T19:31:42","guid":{"rendered":"https:\/\/dadade.eu\/?post_type=product&#038;p=21617"},"modified":"2024-01-15T15:28:56","modified_gmt":"2024-01-15T14:28:56","slug":"ostern-tolle-deko-ideen","status":"publish","type":"product","link":"https:\/\/dadade.eu\/?product=ostern-tolle-deko-ideen","title":{"rendered":"Ostern, tolle Deko-Ideen"},"content":{"rendered":"<p><strong>viele Deko-Ideen f\u00fcr Ostern<\/strong><\/p>\n<p><strong>findet ihr bei <a href=\"https:\/\/dadade.eu\/?product_cat=fruehling-ostern\">Fr\u00fchling &amp; Ostern<\/a><\/strong><\/p>\n<p>&nbsp;<\/p>\n<p><a href=\"https:\/\/dadade.eu\/?product=geschenk-verpackung-osterkalender-g407\" target=\"_blank\" rel=\"noopener\"><strong><u>G407 Osterkalender<\/u><\/strong><\/a><\/p>\n<p><a href=\"https:\/\/dadade.eu\/?product=spuelschwamm-ente-s206\" target=\"_blank\" rel=\"noopener\"><strong><u>S205 Sp\u00fclschw\u00e4mme Ostern<\/u><\/strong><\/a><\/p>\n<p><a href=\"https:\/\/dadade.eu\/?product=bestecktasche-eierwaermer-oder-serviettenhalter-h200\" target=\"_blank\" rel=\"noopener\"><strong><u>H200 Eierw\u00e4rmer, Bestecktaschen, Serviettenhalter &#8211; Kantenhocker<\/u><\/strong><\/a><\/p>\n<p>&nbsp;<\/p>\n<p><a href=\"https:\/\/dadade.eu\/?product=hase-und-schaf-auf-der-schaukel-h340\" target=\"_blank\" rel=\"noopener\"><strong><u>H340 Hase &amp; Schaf in Schaukel<\/u><\/strong><\/a><\/p>\n<p><a href=\"https:\/\/dadade.eu\/?product=eierwaermer-schaf-h208e\" target=\"_blank\" rel=\"noopener\"><strong><u>H208 Eierw\u00e4rmer Schaf<\/u><\/strong><\/a><\/p>\n<p><a href=\"https:\/\/dadade.eu\/?product=kissen-ente-gagag-das-kuschelkissen-h152-2\" target=\"_blank\" rel=\"noopener\"><strong><u>H152 Kissen Ente<\/u><\/strong><\/a><\/p>\n<p><a href=\"https:\/\/dadade.eu\/?product=deko-eier-umhaekelt-mit-schmetterling-margerite-h339\" target=\"_blank\" rel=\"noopener\"><u><b>H339 umh\u00e4kelte Eier<\/b><\/u><\/a><\/p>\n<p><strong><u><a href=\"https:\/\/dadade.eu\/?product=koerbchen-mit-blumen-schmetterling-ei-h337\" target=\"_blank\" rel=\"noopener\">H337 K\u00f6rbchen mit Margarite &amp; Narzisse<\/a><\/u><\/strong><\/p>\n<p>&nbsp;<\/p>\n<p><a href=\"https:\/\/dadade.eu\/?product=flaschen-huelle-flaschen-verpackung-hahn-h345\" target=\"_blank\" rel=\"noopener\"><strong><u>H335 Flaschenh\u00fclle Hahn<\/u><\/strong><\/a><\/p>\n<p><u><\/u><strong><u><a href=\"https:\/\/dadade.eu\/?product=flaschen-huelle-flaschen-verpackung-hahn-h345\" target=\"_blank\" rel=\"noopener\">H336 Flaschenh\u00fclle Ha<\/a>s<\/u><\/strong>e<\/p>\n<p><a href=\"https:\/\/dadade.eu\/?product=trio-tisch-set-hase-bestecktasche-eierwaermer-serviettenhalter-geschenk-hase-h201\" target=\"_blank\" rel=\"noopener\"><strong><u>H201 Geschenkverpackung, Tisch-Set Hase<\/u><\/strong><\/a><\/p>\n<p><a href=\"https:\/\/dadade.eu\/?product=deko-hase-kranz-h053\" target=\"_blank\" rel=\"noopener\"><strong><u>H057 Ente im Kranz<\/u><\/strong><\/a><\/p>\n<p><a href=\"https:\/\/dadade.eu\/?product=deko-hase-kranz-h053\" target=\"_blank\" rel=\"noopener\"><strong><u>H053 Hase im Kranz<\/u><\/strong><\/a><\/p>\n<p>&nbsp;<\/p>\n<p><u><\/u><strong><u><a href=\"https:\/\/dadade.eu\/?product=mandelbluete-mit-kaefer-biene-schmetterling-raupe-h313-kopie\" target=\"_blank\" rel=\"noopener\">H332 Hase Otto mit Pelikan<\/a><\/u><\/strong><\/p>\n<p><a href=\"https:\/\/dadade.eu\/?product=4-ostertiere-ente-hase-huhn-schaf-h334\" target=\"_blank\" rel=\"noopener\"><strong><u>H334 Ei-Tiere<\/u><\/strong><\/a><\/p>\n<p><a href=\"https:\/\/dadade.eu\/?product=oster-ei-mit-kaefer-schmetterling-biene-h333\" target=\"_blank\" rel=\"noopener\"><strong><u>H333 Deko-Eier<\/u><\/strong><\/a><\/p>\n<p><a href=\"https:\/\/dadade.eu\/?product=kranz-deko-moni-moehrchen-h000\" target=\"_blank\" rel=\"noopener\"><strong><u>H000 Moni M\u00f6hrchen<\/u><\/strong><\/a><\/p>\n<p>&nbsp;<\/p>\n<p>mehr Bilder von den Kr\u00e4nzen, von flei\u00dfigen Helfer und H\u00e4nde findet ihr hier<\/p>\n<p><strong><a href=\"https:\/\/dadade.eu\/?p=6679\">KLICKE HIER<\/a><\/strong><\/p>\n<p>&nbsp;<\/p>\n<p>&nbsp;<\/p>\n<p>&nbsp;<\/p>\n","protected":false},"excerpt":{"rendered":"<div id=\"cc-m-13954443088\" class=\"j-module n j-text \">\n<p><strong>viele Ideen f\u00fcr den Fr\u00fchling<\/strong><\/p>\n<p><strong>die Tisch-Sets machen das Fr\u00fchst\u00fcck bunt <\/strong><\/p>\n<p><strong>Tischdekoration und Kr\u00e4nze f\u00fcr viele <\/strong><b>Gelegenheiten<\/b><\/p>\n<p>sie sind alle geh\u00e4kelt, und nicht nur f\u00fcr Muttertag eine tolle Geschenk-Idee.<\/p>\n<p>Lass deiner Fantasie freien Lauf, und dekorier das Herz nach Lust und Laune.<\/p>\n<p>viele Deko-M\u00f6glichkeiten, z.B. auch als Tischdeko<\/p>\n<p>&nbsp;<\/p>\n<p>&nbsp;<\/p>\n<p>&nbsp;<\/p>\n<\/div>\n","protected":false},"featured_media":21618,"template":"","meta":[],"product_brand":[],"product_cat":[16,51],"product_tag":[90,242,260,87,94,93,126,279,278,281,257,256,541,243,244,181,280,542,114,195,296,258,274,276,302,95,96],"class_list":{"0":"post-21617","1":"product","2":"type-product","3":"status-publish","4":"has-post-thumbnail","6":"product_cat-alle","7":"product_cat-fruehling-ostern","8":"product_tag-amigurumi","9":"product_tag-dekoration-haekeln","10":"product_tag-fruehling","11":"product_tag-geschenk","12":"product_tag-haekelanleitung","13":"product_tag-haekeln","14":"product_tag-herbst","15":"product_tag-herz","16":"product_tag-herz-haekeln","17":"product_tag-hochzeit","18":"product_tag-kranz","19":"product_tag-kranz-haekeln","20":"product_tag-kraenze-fuer-ostern","21":"product_tag-kuschelwolle","22":"product_tag-kuschelwolle-haekeln","23":"product_tag-lustig","24":"product_tag-muttertag","25":"product_tag-osterdekoration","26":"product_tag-ostern","27":"product_tag-praesent","28":"product_tag-sommer","29":"product_tag-tuerkranz-haekeln","30":"product_tag-tuerkranz-muttertag","31":"product_tag-valentin","32":"product_tag-winter","33":"product_tag-wolle","34":"product_tag-wollreste","36":"first","37":"instock","38":"shipping-taxable","39":"product-type-simple"},"_links":{"self":[{"href":"https:\/\/dadade.eu\/index.php?rest_route=\/wp\/v2\/product\/21617","targetHints":{"allow":["GET"]}}],"collection":[{"href":"https:\/\/dadade.eu\/index.php?rest_route=\/wp\/v2\/product"}],"about":[{"href":"https:\/\/dadade.eu\/index.php?rest_route=\/wp\/v2\/types\/product"}],"wp:featuredmedia":[{"embeddable":true,"href":"https:\/\/dadade.eu\/index.php?rest_route=\/wp\/v2\/media\/21618"}],"wp:attachment":[{"href":"https:\/\/dadade.eu\/index.php?rest_route=%2Fwp%2Fv2%2Fmedia&parent=21617"}],"wp:term":[{"taxonomy":"product_brand","embeddable":true,"href":"https:\/\/dadade.eu\/index.php?rest_route=%2Fwp%2Fv2%2Fproduct_brand&post=21617"},{"taxonomy":"product_cat","embeddable":true,"href":"https:\/\/dadade.eu\/index.php?rest_route=%2Fwp%2Fv2%2Fproduct_cat&post=21617"},{"taxonomy":"product_tag","embeddable":true,"href":"https:\/\/dadade.eu\/index.php?rest_route=%2Fwp%2Fv2%2Fproduct_tag&post=21617"}],"curies":[{"name":"wp","href":"https:\/\/api.w.org\/{rel}","templated":true}]}}