{"id":21601,"date":"2024-01-10T15:57:05","date_gmt":"2024-01-10T14:57:05","guid":{"rendered":"https:\/\/dadade.eu\/?post_type=product&#038;p=21601"},"modified":"2024-03-15T13:42:26","modified_gmt":"2024-03-15T12:42:26","slug":"tier-paare-fuer-alle-die-uns-am-herzen-liegen","status":"publish","type":"product","link":"https:\/\/dadade.eu\/?product=tier-paare-fuer-alle-die-uns-am-herzen-liegen","title":{"rendered":"Tier-Paare, Amigurumis f\u00fcr alle die uns am Herzen liegen"},"content":{"rendered":"<p>mehr Geschenke f\u00fcr alle die uns am Herzen liegen findet ihr hier;<\/p>\n<p><strong><a href=\"https:\/\/dadade.eu\/?product_cat=dekoration-mit-herz\" target=\"_blank\" rel=\"noopener\">Geschenke mit Herz<\/a><\/strong><\/p>\n<p>&nbsp;<\/p>\n<p><u><\/u><strong><u><a href=\"https:\/\/dadade.eu\/?product=geschenk-verpackung-engelchen-teufelchen-g401\">G401 Engelchen<\/a><a href=\"https:\/\/dadade.eu\/?product=geschenk-verpackung-engelchen-teufelchen-g401\" target=\"_blank\" rel=\"noopener\"> &amp; Teufelchen Valentins-Paket<\/a><\/u><\/strong><\/p>\n<p><a title=\"A168 Gl\u00fccks-Vogel\" href=\"https:\/\/dadade.eu\/?product=flughund-fladimir-die-handpuppe-a166\" target=\"_blank\" rel=\"noopener\"><strong><u>A166 Flughund Fladimir<\/u><\/strong><\/a><\/p>\n<p><a title=\"A168 Gl\u00fccks-Vogel\" href=\"https:\/\/dadade.eu\/?product=flughund-oder-fledermaus-unicoernchen-das-flederhoernchen-zum-spielen-a167\" target=\"_blank\" rel=\"noopener\"><strong><u>A167 Flug-Einhorn Unic\u00f6rnchen<\/u><\/strong><\/a><\/p>\n<p><a title=\"A168 Gl\u00fccks-Vogel\" href=\"https:\/\/dadade.eu\/?product=schaf-scheila-und-scharif-a130\" target=\"_blank\" rel=\"noopener\"><strong><u>A130 Schaf Scheila &amp; Scharif<\/u><\/strong><\/a><\/p>\n<p>&nbsp;<\/p>\n<p><a href=\"https:\/\/dadade.eu\/?product=die-bienen-feiern-hochzeit-a168\" target=\"_blank\" rel=\"noopener\"><u><b>A168 Biene Bibi Summ &amp; Bodo Brumm<\/b><\/u><\/a><\/p>\n<p><a href=\"https:\/\/dadade.eu\/?product=mrs-chicken-mr-nugget-die-verliebten-huehner-a144\" target=\"_blank\" rel=\"noopener\"><u><b>A144 Mrs Chicken &amp; Mr Nugget<\/b><\/u><\/a><\/p>\n<p><a title=\"A168 Gl\u00fccks-Vogel\" href=\"https:\/\/dadade.eu\/?product=ara-bella-der-suesse-papagei-a148\" target=\"_blank\" rel=\"noopener\"><strong><u>A148 ARA-Bella &amp; ARA-Gon<\/u><\/strong><\/a><\/p>\n<p><a title=\"A168 Gl\u00fccks-Vogel\" href=\"https:\/\/dadade.eu\/?product=schmetterling-friedl-und-frieda-zickzack-zum-kuscheln-a129\" target=\"_blank\" rel=\"noopener\"><strong><u>A129 Schmetterling Frieda &amp; Friedl Zickzack<\/u><\/strong><\/a><\/p>\n<p>&nbsp;<\/p>\n<p><a href=\"https:\/\/dadade.eu\/?product=flaschen-verpackung-mrs-mr-schwein-h577-8\" target=\"_blank\" rel=\"noopener\"><strong><u>H577-8 Flaschenh\u00fclle Mrs. Biggi &amp; Mr, Borsti Schwein<\/u><\/strong><\/a><\/p>\n<p><a title=\"A168 Gl\u00fccks-Vogel\" href=\"https:\/\/dadade.eu\/?product=die-blaumeise-vielseitige-dekoration-geschenkidee-h318\" target=\"_blank\" rel=\"noopener\"><strong><u>H318 die verliebte Blaumeise<\/u><\/strong><\/a><\/p>\n<p><a href=\"https:\/\/dadade.eu\/?product=ameise-aemi-aenno-zum-kuscheln-a145\" target=\"_blank\" rel=\"noopener\"><strong><u>A145 Ameise \u00c4mi &amp; \u00c4nno<\/u><\/strong><\/a><\/p>\n<p>&nbsp;<\/p>\n<p>&nbsp;<\/p>\n<p>mehr Bilder, von flei\u00dfigen Helfer und H\u00e4nde<\/p>\n<p><strong><a href=\"https:\/\/dadade.eu\/?page_id=5389\" target=\"_blank\" rel=\"noopener\">KLICKE HIER<\/a><\/strong><\/p>\n<p>&nbsp;<\/p>\n<p>&nbsp;<\/p>\n","protected":false},"excerpt":{"rendered":"<p>Hier kauft man die H\u00e4kelanleitung f\u00fcr diese tolle Geschenkideen f\u00fcr alle die uns am Herzen liegen<\/p>\n<p>ob f\u00fcr Valentintag<\/p>\n<p>Muttertag<\/p>\n<p>Vatertag<\/p>\n<p>Hochzeit<\/p>\n<p>usw.<\/p>\n<p>das Geschenk\u00a0 mit Herz verschenkt, und\u00a0 mit Liebe gemacht<\/p>\n<p>&nbsp;<\/p>\n<p>&nbsp;<\/p>\n<p>&nbsp;<\/p>\n<p>&nbsp;<\/p>\n","protected":false},"featured_media":21603,"template":"","meta":[],"product_brand":[],"product_cat":[16,35,49,1428],"product_tag":[1653,90,248,554,1284,1005,1059,87,575,574,595,94,93,1654,281,593,92,91,426,390,422,1275,1277,373,363,1655,105,95,96],"class_list":{"0":"post-21601","1":"product","2":"type-product","3":"status-publish","4":"has-post-thumbnail","6":"product_cat-alle","7":"product_cat-amigurumi","8":"product_cat-dekoration-mit-herz","9":"product_cat-vatertag-muttertag-valentin","10":"product_tag-ameise-ara","11":"product_tag-amigurumi","12":"product_tag-biene","13":"product_tag-engel","14":"product_tag-engelhen","15":"product_tag-fledermaus","16":"product_tag-flughund","17":"product_tag-geschenk","18":"product_tag-glucke","19":"product_tag-gockel","20":"product_tag-hahn","21":"product_tag-haekelanleitung","22":"product_tag-haekeln","23":"product_tag-herz-paare-valentin-muttertag","24":"product_tag-hochzeit","25":"product_tag-huhn","26":"product_tag-kinder","27":"product_tag-plueschtier","28":"product_tag-schaf","29":"product_tag-schmetterling","30":"product_tag-schwein","31":"product_tag-teufel","32":"product_tag-teufelchen","33":"product_tag-vatertag","34":"product_tag-verliebt","35":"product_tag-verliebte-paare","36":"product_tag-vogel","37":"product_tag-wolle","38":"product_tag-wollreste","40":"first","41":"instock","42":"shipping-taxable","43":"product-type-simple"},"_links":{"self":[{"href":"https:\/\/dadade.eu\/index.php?rest_route=\/wp\/v2\/product\/21601","targetHints":{"allow":["GET"]}}],"collection":[{"href":"https:\/\/dadade.eu\/index.php?rest_route=\/wp\/v2\/product"}],"about":[{"href":"https:\/\/dadade.eu\/index.php?rest_route=\/wp\/v2\/types\/product"}],"wp:featuredmedia":[{"embeddable":true,"href":"https:\/\/dadade.eu\/index.php?rest_route=\/wp\/v2\/media\/21603"}],"wp:attachment":[{"href":"https:\/\/dadade.eu\/index.php?rest_route=%2Fwp%2Fv2%2Fmedia&parent=21601"}],"wp:term":[{"taxonomy":"product_brand","embeddable":true,"href":"https:\/\/dadade.eu\/index.php?rest_route=%2Fwp%2Fv2%2Fproduct_brand&post=21601"},{"taxonomy":"product_cat","embeddable":true,"href":"https:\/\/dadade.eu\/index.php?rest_route=%2Fwp%2Fv2%2Fproduct_cat&post=21601"},{"taxonomy":"product_tag","embeddable":true,"href":"https:\/\/dadade.eu\/index.php?rest_route=%2Fwp%2Fv2%2Fproduct_tag&post=21601"}],"curies":[{"name":"wp","href":"https:\/\/api.w.org\/{rel}","templated":true}]}}