{"id":21403,"date":"2024-01-06T20:19:05","date_gmt":"2024-01-06T19:19:05","guid":{"rendered":"https:\/\/dadade.eu\/?post_type=product&#038;p=21403"},"modified":"2024-09-29T22:34:22","modified_gmt":"2024-09-29T20:34:22","slug":"flaschen-huelle-tasche-verpackung","status":"publish","type":"product","link":"https:\/\/dadade.eu\/?product=flaschen-huelle-tasche-verpackung","title":{"rendered":"Flaschen -H\u00fclle -Tasche -Verpackung"},"content":{"rendered":"<p>mehr dazu findet ihr hier;<\/p>\n<p>&nbsp;<\/p>\n<h3><a href=\"https:\/\/dadade.eu\/?product=flaschen-verpackung-flaschenhuelle-clown-h310\" target=\"_blank\" rel=\"noopener\">H310 Flaschen-Verpackung, Flaschenh\u00fclle Clown<\/a><\/h3>\n<h3><a href=\"https:\/\/dadade.eu\/?product=flaschen-huelle-flaschen-verpackung-hahn-h345\" target=\"_blank\" rel=\"noopener\">H335 Flaschen-H\u00fclle, Flaschen-Verpackung Hahn\u00a0<\/a><\/h3>\n<h3><a href=\"https:\/\/dadade.eu\/?product=flaschen-huelle-flaschen-verpackung-hahn-h345\" target=\"_blank\" rel=\"noopener\">H336 Flaschen-H\u00fclle, Flaschen-Verpackung Hase\u00a0<\/a><\/h3>\n<h3><strong><u><a title=\"A168 Gl\u00fccks-Vogel\" href=\"https:\/\/dadade.eu\/?product=flaschen-verpackung-ei-kueken-h341\" target=\"_blank\" rel=\"noopener\">H341 Flaschenh\u00fclle Ei &amp; K\u00fcken<\/a><\/u><\/strong><\/h3>\n<h3><strong><u><a title=\"A168 Gl\u00fccks-Vogel\" href=\"https:\/\/dadade.eu\/?product=flaschen-verpackung-hase-h342-die-geschenk-verpackung\" target=\"_blank\" rel=\"noopener\">H342 Flaschenh\u00fclle Hase<\/a><\/u><\/strong><\/h3>\n<h3><strong><u><a title=\"A168 Gl\u00fccks-Vogel\" href=\"https:\/\/dadade.eu\/?product=flaschen-verpackung-oder-halloween-deko-hexe-h450\" target=\"_blank\" rel=\"noopener\">H450 Flaschenh\u00fclle Hexe<\/a><\/u><\/strong><\/h3>\n<h3><strong><u><a title=\"A168 Gl\u00fccks-Vogel\" href=\"https:\/\/dadade.eu\/?product=flaschen-verpackung-oder-halloween-deko-mit-fledermaus-kuerbis-gespenst-h451\" target=\"_blank\" rel=\"noopener\">H451 Flaschenh\u00fclle Halloween-Parade mit Fledermaus, K\u00fcrbis &amp; Gespenst<\/a><\/u><\/strong><\/h3>\n<h3><strong><u><a title=\"A168 Gl\u00fccks-Vogel\" href=\"https:\/\/dadade.eu\/?product=flaschen-verpackung-und-halloween-deko-mit-katze-kuerbis-sensenmann-h452\" target=\"_blank\" rel=\"noopener\">H452 Flaschenh\u00fclle Halloween-Parade mit Katze, K\u00fcrbis &amp; Sensenmann<\/a><\/u><\/strong><\/h3>\n<h3><a href=\"https:\/\/dadade.eu\/?product=flaschen-verpackung-kamin-mit-weihnachtsmann-h503\" target=\"_blank\" rel=\"noopener\">H503 Flaschen-Verpackung Kamin mit Weihnachtsmann<\/a><\/h3>\n<h3><a href=\"https:\/\/dadade.eu\/?product=flaschen-verpackung-tannenbaum-h504\" target=\"_blank\" rel=\"noopener\">H504 Flaschen-Verpackung Tannenbaum<\/a><\/h3>\n<h3><a href=\"https:\/\/dadade.eu\/?product=flaschen-verpackung-zylinder-mit-schwein-h576\" target=\"_blank\" rel=\"noopener\">H576 Flaschen-Verpackung Zylinder mit Schwein<\/a><\/h3>\n<h3><u><\/u><strong><u><a title=\"A168 Gl\u00fccks-Vogel\" href=\"https:\/\/dadade.eu\/?product=flaschen-verpackung-mrs-mr-schwein-h577-8\" target=\"_blank\" rel=\"noopener\">H577 Flaschenh\u00fclle Mrs Biggi Schwein<\/a><\/u><\/strong><\/h3>\n<h3><strong><u><a title=\"A168 Gl\u00fccks-Vogel\" href=\"https:\/\/dadade.eu\/?product=flaschen-verpackung-mrs-mr-schwein-h577-8\" target=\"_blank\" rel=\"noopener\">H578 Flaschenh\u00fclle Mr Borsti Schwein<\/a><\/u><\/strong><\/h3>\n<h3><strong><u><a title=\"A168 Gl\u00fccks-Vogel\" href=\"https:\/\/dadade.eu\/?product=flaschen-verpackung-das-schwein-als-koch-h579\" target=\"_blank\" rel=\"noopener\">H579 Flaschenh\u00fclle Koch<\/a><\/u><\/strong><\/h3>\n<h3><\/h3>\n<p>&nbsp;<\/p>\n<p>mehr Bilder, von flei\u00dfigen Helfer und H\u00e4nde<\/p>\n<p><strong><a href=\"https:\/\/dadade.eu\/?p=21405\">KLICKE HIER<\/a><\/strong><\/p>\n<p>&nbsp;<\/p>\n<p>&nbsp;<\/p>\n<p>&nbsp;<\/p>\n","protected":false},"excerpt":{"rendered":"<p>Hier findet man tolle H\u00e4kelanleitung f\u00fcr Flaschen-Verpackungen, Flaschenh\u00fcllen<\/p>\n<p>die Verpackungen sind mehr oder weniger anpassbar und somit auch f\u00fcr \u00d6lflaschen, oder Flaschen mit Kosmetik zu gebrauchen.<\/p>\n<p>Dekoration und Geschenk-Ideen,<\/p>\n<p>Geschenkverpackung und Flaschenh\u00fclle,<\/p>\n<p>&nbsp;<\/p>\n","protected":false},"featured_media":23515,"template":"","meta":[],"product_brand":[],"product_cat":[16,50,51,41,52,384],"product_tag":[90,341,1651,786,788,87,298,1643,557,94,93,342,529,114,422,135,683,95,96],"class_list":{"0":"post-21403","1":"product","2":"type-product","3":"status-publish","4":"has-post-thumbnail","6":"product_cat-alle","7":"product_cat-fasching-die-5-jahreszeit","8":"product_cat-fruehling-ostern","9":"product_cat-geschenkverpackungen","10":"product_cat-herbst-halloween","11":"product_cat-winter-weihnachten","12":"product_tag-amigurumi","13":"product_tag-fasching","14":"product_tag-feiertage","15":"product_tag-flaschenhuelle","16":"product_tag-flaschentasche","17":"product_tag-geschenk","18":"product_tag-geschenkverpackung","19":"product_tag-gluecksbote","20":"product_tag-gluecksbringer","21":"product_tag-haekelanleitung","22":"product_tag-haekeln","23":"product_tag-karneval","24":"product_tag-kleeblatt","25":"product_tag-ostern","26":"product_tag-schwein","27":"product_tag-silvester","28":"product_tag-weihnachten","29":"product_tag-wolle","30":"product_tag-wollreste","32":"first","33":"instock","34":"shipping-taxable","35":"product-type-simple"},"_links":{"self":[{"href":"https:\/\/dadade.eu\/index.php?rest_route=\/wp\/v2\/product\/21403","targetHints":{"allow":["GET"]}}],"collection":[{"href":"https:\/\/dadade.eu\/index.php?rest_route=\/wp\/v2\/product"}],"about":[{"href":"https:\/\/dadade.eu\/index.php?rest_route=\/wp\/v2\/types\/product"}],"wp:featuredmedia":[{"embeddable":true,"href":"https:\/\/dadade.eu\/index.php?rest_route=\/wp\/v2\/media\/23515"}],"wp:attachment":[{"href":"https:\/\/dadade.eu\/index.php?rest_route=%2Fwp%2Fv2%2Fmedia&parent=21403"}],"wp:term":[{"taxonomy":"product_brand","embeddable":true,"href":"https:\/\/dadade.eu\/index.php?rest_route=%2Fwp%2Fv2%2Fproduct_brand&post=21403"},{"taxonomy":"product_cat","embeddable":true,"href":"https:\/\/dadade.eu\/index.php?rest_route=%2Fwp%2Fv2%2Fproduct_cat&post=21403"},{"taxonomy":"product_tag","embeddable":true,"href":"https:\/\/dadade.eu\/index.php?rest_route=%2Fwp%2Fv2%2Fproduct_tag&post=21403"}],"curies":[{"name":"wp","href":"https:\/\/api.w.org\/{rel}","templated":true}]}}