{"id":21377,"date":"2024-01-05T16:55:57","date_gmt":"2024-01-05T15:55:57","guid":{"rendered":"https:\/\/dadade.eu\/?post_type=product&#038;p=21377"},"modified":"2024-02-01T00:19:01","modified_gmt":"2024-01-31T23:19:01","slug":"flaschen-verpackung-flaschenhuelle-clown-h310","status":"publish","type":"product","link":"https:\/\/dadade.eu\/?product=flaschen-verpackung-flaschenhuelle-clown-h310","title":{"rendered":"Flaschen-Verpackung, Flaschenh\u00fclle Clown (H310)"},"content":{"rendered":"<p><img fetchpriority=\"high\" decoding=\"async\" class=\"alignnone size-medium wp-image-21384\" src=\"https:\/\/dadade.eu\/wp-content\/uploads\/2024\/01\/xH310-Flaschenhuelle-Clown-5b-300x225.jpg\" alt=\"\" width=\"300\" height=\"225\" srcset=\"https:\/\/dadade.eu\/wp-content\/uploads\/2024\/01\/xH310-Flaschenhuelle-Clown-5b-300x225.jpg 300w, https:\/\/dadade.eu\/wp-content\/uploads\/2024\/01\/xH310-Flaschenhuelle-Clown-5b-600x450.jpg 600w, https:\/\/dadade.eu\/wp-content\/uploads\/2024\/01\/xH310-Flaschenhuelle-Clown-5b-64x48.jpg 64w, https:\/\/dadade.eu\/wp-content\/uploads\/2024\/01\/xH310-Flaschenhuelle-Clown-5b-1024x768.jpg 1024w, https:\/\/dadade.eu\/wp-content\/uploads\/2024\/01\/xH310-Flaschenhuelle-Clown-5b-768x576.jpg 768w, https:\/\/dadade.eu\/wp-content\/uploads\/2024\/01\/xH310-Flaschenhuelle-Clown-5b.jpg 1400w\" sizes=\"(max-width: 300px) 100vw, 300px\" \/>der Clown l\u00e4sst sich auch gern als Wellness-Geschenk-Verpackung verschenken;<\/p>\n<p>eine Duschgel, Schaumbad oder K\u00f6rperlotion im Clown versteckt<\/p>\n<p>ein paar sch\u00f6ne Badeperlen als Deko<\/p>\n<p>und zus\u00e4tzlich kann man den s\u00fc\u00dfen Clown noch einen Gutschein in die Hand stecken<\/p>\n<p>&nbsp;<\/p>\n<p><strong><a href=\"https:\/\/dadade.eu\/?product=schwein-im-zylinder-dekoration-fuer-silvester-h575\" target=\"_blank\" rel=\"noopener\">mehr Deko f\u00fcr Fasching<\/a><\/strong><\/p>\n<p>Die Anleitung ist ausf\u00fchrlich mit vielen Bildern hinterlegt und wird auf 22 Seiten Schritt-f\u00fcr-Schritt beschrieben!<\/p>\n<p>&nbsp;<\/p>\n<p>MEHR VARIANTEN UND IDEEN von flei\u00dfigen Helfer und H\u00e4nden?<\/p>\n<p><a href=\"https:\/\/dadade.eu\/?p=6962\"><b>Klicke hier<\/b><\/a><\/p>\n<p>&nbsp;<\/p>\n<h4>mehr Flaschenh\u00fcllen findet man<\/h4>\n<h3><a href=\"https:\/\/dadade.eu\/?product=flaschen-huelle-tasche-verpackung\"><strong>hier<\/strong><\/a><\/h3>\n<p>&nbsp;<\/p>\n<p>&nbsp;<\/p>\n","protected":false},"excerpt":{"rendered":"<div id=\"cc-m-13954443088\">\n<p>Hier kauft man die H\u00e4kelanleitung f\u00fcr diesen tollen Clown,<\/p>\n<p>die Flaschenh\u00fclle f\u00fcr deine Weinflasche, das Geschenk f\u00fcr jede Faschings-Party.<\/p>\n<p>Der Clown ist auch eine lustige und tolle Karnevals-Dekoration, die man auch mit Wollresten sch\u00f6n bunt h\u00e4keln kann.<\/p>\n<p>&nbsp;<\/p>\n<p>Lass deiner Fantasie freien Lauf, und dekoriere die Flaschenh\u00fclle nach Lust und Laune.<\/p>\n<p>&nbsp;<\/p>\n<p>Mit Chenille-Wolle der Nadelst\u00e4rke 4 geh\u00e4kelt,<\/p>\n<p>die Flaschenh\u00fclle ist aber individuell anpassbar<\/p>\n<\/div>\n<div id=\"cc-m-13954443188\" class=\"j-module n j-text \">\n<p>&nbsp;<\/p>\n<p>&nbsp;<\/p>\n<\/div>\n","protected":false},"featured_media":21385,"template":"","meta":[],"product_brand":[],"product_cat":[57,50,48,1211],"product_tag":[90,295,229,242,341,1384,1389,786,1648,788,1649,1386,87,298,94,93,342,243,244,294,1650,195,183,95,96],"class_list":{"0":"post-21377","1":"product","2":"type-product","3":"status-publish","4":"has-post-thumbnail","6":"product_cat-3mittel","7":"product_cat-fasching-die-5-jahreszeit","8":"product_cat-haus-deko","9":"product_cat-neue-produkte","10":"product_tag-amigurumi","11":"product_tag-anleitung","12":"product_tag-clown","13":"product_tag-dekoration-haekeln","14":"product_tag-fasching","15":"product_tag-feiertag","16":"product_tag-flasche","17":"product_tag-flaschenhuelle","18":"product_tag-flaschenhuelle-clown","19":"product_tag-flaschentasche","20":"product_tag-flaschentasche-fasching","21":"product_tag-flaschenverpackung","22":"product_tag-geschenk","23":"product_tag-geschenkverpackung","24":"product_tag-haekelanleitung","25":"product_tag-haekeln","26":"product_tag-karneval","27":"product_tag-kuschelwolle","28":"product_tag-kuschelwolle-haekeln","29":"product_tag-mitbringsel","30":"product_tag-narren","31":"product_tag-praesent","32":"product_tag-witzig","33":"product_tag-wolle","34":"product_tag-wollreste","36":"first","37":"instock","38":"downloadable","39":"shipping-taxable","40":"purchasable","41":"product-type-simple"},"_links":{"self":[{"href":"https:\/\/dadade.eu\/index.php?rest_route=\/wp\/v2\/product\/21377","targetHints":{"allow":["GET"]}}],"collection":[{"href":"https:\/\/dadade.eu\/index.php?rest_route=\/wp\/v2\/product"}],"about":[{"href":"https:\/\/dadade.eu\/index.php?rest_route=\/wp\/v2\/types\/product"}],"wp:featuredmedia":[{"embeddable":true,"href":"https:\/\/dadade.eu\/index.php?rest_route=\/wp\/v2\/media\/21385"}],"wp:attachment":[{"href":"https:\/\/dadade.eu\/index.php?rest_route=%2Fwp%2Fv2%2Fmedia&parent=21377"}],"wp:term":[{"taxonomy":"product_brand","embeddable":true,"href":"https:\/\/dadade.eu\/index.php?rest_route=%2Fwp%2Fv2%2Fproduct_brand&post=21377"},{"taxonomy":"product_cat","embeddable":true,"href":"https:\/\/dadade.eu\/index.php?rest_route=%2Fwp%2Fv2%2Fproduct_cat&post=21377"},{"taxonomy":"product_tag","embeddable":true,"href":"https:\/\/dadade.eu\/index.php?rest_route=%2Fwp%2Fv2%2Fproduct_tag&post=21377"}],"curies":[{"name":"wp","href":"https:\/\/api.w.org\/{rel}","templated":true}]}}