{"id":21143,"date":"2023-12-28T11:49:30","date_gmt":"2023-12-28T10:49:30","guid":{"rendered":"https:\/\/dadade.eu\/?post_type=product&#038;p=21143"},"modified":"2024-12-25T20:02:44","modified_gmt":"2024-12-25T19:02:44","slug":"flaschen-verpackung-mrs-mr-schwein-h577-8","status":"publish","type":"product","link":"https:\/\/dadade.eu\/?product=flaschen-verpackung-mrs-mr-schwein-h577-8","title":{"rendered":"Flaschen-Verpackung Mrs. &#038; Mr. Schwein (H577-8)"},"content":{"rendered":"<p>Miss Biggi Schwein hat Probleme mit ihren Haaren<\/p>\n<p><img fetchpriority=\"high\" decoding=\"async\" class=\"alignnone size-medium wp-image-21182\" src=\"https:\/\/dadade.eu\/wp-content\/uploads\/2023\/12\/xMiss-Biggi-Schwein-Haare-1--300x225.jpg\" alt=\"\" width=\"300\" height=\"225\" srcset=\"https:\/\/dadade.eu\/wp-content\/uploads\/2023\/12\/xMiss-Biggi-Schwein-Haare-1--300x225.jpg 300w, https:\/\/dadade.eu\/wp-content\/uploads\/2023\/12\/xMiss-Biggi-Schwein-Haare-1--600x450.jpg 600w, https:\/\/dadade.eu\/wp-content\/uploads\/2023\/12\/xMiss-Biggi-Schwein-Haare-1--64x48.jpg 64w, https:\/\/dadade.eu\/wp-content\/uploads\/2023\/12\/xMiss-Biggi-Schwein-Haare-1--1024x768.jpg 1024w, https:\/\/dadade.eu\/wp-content\/uploads\/2023\/12\/xMiss-Biggi-Schwein-Haare-1--768x576.jpg 768w, https:\/\/dadade.eu\/wp-content\/uploads\/2023\/12\/xMiss-Biggi-Schwein-Haare-1-.jpg 1400w\" sizes=\"(max-width: 300px) 100vw, 300px\" \/><\/p>\n<p><img decoding=\"async\" class=\"alignnone size-medium wp-image-21168\" src=\"https:\/\/dadade.eu\/wp-content\/uploads\/2023\/12\/xFlaschenhuelle-Borsti-Schwein-1-300x225.jpg\" alt=\"\" width=\"300\" height=\"225\" srcset=\"https:\/\/dadade.eu\/wp-content\/uploads\/2023\/12\/xFlaschenhuelle-Borsti-Schwein-1-300x225.jpg 300w, https:\/\/dadade.eu\/wp-content\/uploads\/2023\/12\/xFlaschenhuelle-Borsti-Schwein-1-600x450.jpg 600w, https:\/\/dadade.eu\/wp-content\/uploads\/2023\/12\/xFlaschenhuelle-Borsti-Schwein-1-64x48.jpg 64w, https:\/\/dadade.eu\/wp-content\/uploads\/2023\/12\/xFlaschenhuelle-Borsti-Schwein-1-1024x768.jpg 1024w, https:\/\/dadade.eu\/wp-content\/uploads\/2023\/12\/xFlaschenhuelle-Borsti-Schwein-1-768x576.jpg 768w, https:\/\/dadade.eu\/wp-content\/uploads\/2023\/12\/xFlaschenhuelle-Borsti-Schwein-1.jpg 1400w\" sizes=\"(max-width: 300px) 100vw, 300px\" \/>Mr Borsti Schwein hat es da einfacher<\/p>\n<p>&nbsp;<\/p>\n<p>Die Anleitung ist ausf\u00fchrlich mit vielen Bildern hinterlegt und wird auf je 20 Seiten Schritt-f\u00fcr-Schritt beschrieben!<\/p>\n<p>&nbsp;<\/p>\n<p>MEHR VARIANTEN UND IDEEN von flei\u00dfigen Helfer und H\u00e4nden?<\/p>\n<p><a href=\"https:\/\/dadade.eu\/?p=21032\"><b>Klicke hier<\/b><\/a><\/p>\n<h4>mehr Flaschenh\u00fcllen findet man<\/h4>\n<h3><a href=\"https:\/\/dadade.eu\/?product=flaschen-huelle-tasche-verpackung\"><strong>hier<\/strong><\/a><\/h3>\n<p>&nbsp;<\/p>\n<p>&nbsp;<\/p>\n","protected":false},"excerpt":{"rendered":"<div id=\"cc-m-13954443088\">\n<p>Hier kauft man die H\u00e4kelanleitung f\u00fcr die beiden verliebten Schweine, die Beiden haben sich f\u00fcr eine Party schick gemacht.<\/p>\n<p>Die Schweine sind ein Flaschen\u00fcberzug f\u00fcr deine Sektflasche, das Geschenk f\u00fcr jede Silvester-Party, oder auch z.B. f\u00fcr eine Hochzeit<\/p>\n<p>Die Schweine sind auch eine lustige und tolle Silvester-Dekoration.<\/p>\n<p>&nbsp;<\/p>\n<p>Lass deiner Fantasie freien Lauf, und dekoriere die Flaschenh\u00fclle nach Lust und Laune.<\/p>\n<p>&nbsp;<\/p>\n<p>Mit Chenille-Wolle der Nadelst\u00e4rke 4 geh\u00e4kelt, und Glitzerwolle, f\u00fcr eine 0,7L Sektflasche, siehe Material-Beschreibung<\/p>\n<p>mit etwas \u00dcbung ist die Flaschenh\u00fclle aber individuell anpassbar<\/p>\n<\/div>\n<div id=\"cc-m-13954443188\" class=\"j-module n j-text \">\n<p>&nbsp;<\/p>\n<p>&nbsp;<\/p>\n<\/div>\n","protected":false},"featured_media":21144,"template":"","meta":[],"product_brand":[],"product_cat":[57,49,48,386,384],"product_tag":[90,295,1644,242,1384,1389,1637,1627,1386,1646,1645,87,298,1640,94,93,1647,243,244,294,195,422,1641,135,1638,1642,183,95,96,1359,1639],"class_list":{"0":"post-21143","1":"product","2":"type-product","3":"status-publish","4":"has-post-thumbnail","6":"product_cat-3mittel","7":"product_cat-dekoration-mit-herz","8":"product_cat-haus-deko","9":"product_cat-silvester","10":"product_cat-winter-weihnachten","11":"product_tag-amigurumi","12":"product_tag-anleitung","13":"product_tag-brautpaar","14":"product_tag-dekoration-haekeln","15":"product_tag-feiertag","16":"product_tag-flasche","17":"product_tag-flaschenhuelle-silvester","18":"product_tag-flaschenhuelle-weihnachten","19":"product_tag-flaschenverpackung","20":"product_tag-flaschenverpackung-hochzeit","21":"product_tag-flaschnehuelle-brautpaar","22":"product_tag-geschenk","23":"product_tag-geschenkverpackung","24":"product_tag-gluecksschwein","25":"product_tag-haekelanleitung","26":"product_tag-haekeln","27":"product_tag-hochzeit-geschenk","28":"product_tag-kuschelwolle","29":"product_tag-kuschelwolle-haekeln","30":"product_tag-mitbringsel","31":"product_tag-praesent","32":"product_tag-schwein","33":"product_tag-schwein-silvester","34":"product_tag-silvester","35":"product_tag-silvester-deko","36":"product_tag-sylvester","37":"product_tag-witzig","38":"product_tag-wolle","39":"product_tag-wollreste","40":"product_tag-zylinder","41":"product_tag-zylinder-schwein","43":"first","44":"instock","45":"shipping-taxable","46":"purchasable","47":"product-type-variable"},"_links":{"self":[{"href":"https:\/\/dadade.eu\/index.php?rest_route=\/wp\/v2\/product\/21143","targetHints":{"allow":["GET"]}}],"collection":[{"href":"https:\/\/dadade.eu\/index.php?rest_route=\/wp\/v2\/product"}],"about":[{"href":"https:\/\/dadade.eu\/index.php?rest_route=\/wp\/v2\/types\/product"}],"wp:featuredmedia":[{"embeddable":true,"href":"https:\/\/dadade.eu\/index.php?rest_route=\/wp\/v2\/media\/21144"}],"wp:attachment":[{"href":"https:\/\/dadade.eu\/index.php?rest_route=%2Fwp%2Fv2%2Fmedia&parent=21143"}],"wp:term":[{"taxonomy":"product_brand","embeddable":true,"href":"https:\/\/dadade.eu\/index.php?rest_route=%2Fwp%2Fv2%2Fproduct_brand&post=21143"},{"taxonomy":"product_cat","embeddable":true,"href":"https:\/\/dadade.eu\/index.php?rest_route=%2Fwp%2Fv2%2Fproduct_cat&post=21143"},{"taxonomy":"product_tag","embeddable":true,"href":"https:\/\/dadade.eu\/index.php?rest_route=%2Fwp%2Fv2%2Fproduct_tag&post=21143"}],"curies":[{"name":"wp","href":"https:\/\/api.w.org\/{rel}","templated":true}]}}