{"id":20959,"date":"2023-12-18T17:14:49","date_gmt":"2023-12-18T16:14:49","guid":{"rendered":"https:\/\/dadade.eu\/?post_type=product&#038;p=20959"},"modified":"2024-12-14T11:05:03","modified_gmt":"2024-12-14T10:05:03","slug":"flaschen-verpackung-zylinder-mit-schwein-h576","status":"publish","type":"product","link":"https:\/\/dadade.eu\/?product=flaschen-verpackung-zylinder-mit-schwein-h576","title":{"rendered":"Flaschen-Verpackung Zylinder mit Schwein (H576)"},"content":{"rendered":"<p><img fetchpriority=\"high\" decoding=\"async\" class=\"alignnone size-medium wp-image-20964\" src=\"https:\/\/dadade.eu\/wp-content\/uploads\/2023\/12\/xFlaschenhuelle-Schwein-Zylinder-4-300x225.jpg\" alt=\"\" width=\"300\" height=\"225\" srcset=\"https:\/\/dadade.eu\/wp-content\/uploads\/2023\/12\/xFlaschenhuelle-Schwein-Zylinder-4-300x225.jpg 300w, https:\/\/dadade.eu\/wp-content\/uploads\/2023\/12\/xFlaschenhuelle-Schwein-Zylinder-4-600x450.jpg 600w, https:\/\/dadade.eu\/wp-content\/uploads\/2023\/12\/xFlaschenhuelle-Schwein-Zylinder-4-64x48.jpg 64w, https:\/\/dadade.eu\/wp-content\/uploads\/2023\/12\/xFlaschenhuelle-Schwein-Zylinder-4-1024x768.jpg 1024w, https:\/\/dadade.eu\/wp-content\/uploads\/2023\/12\/xFlaschenhuelle-Schwein-Zylinder-4-768x576.jpg 768w, https:\/\/dadade.eu\/wp-content\/uploads\/2023\/12\/xFlaschenhuelle-Schwein-Zylinder-4.jpg 1400w\" sizes=\"(max-width: 300px) 100vw, 300px\" \/>das Schwein l\u00e4sst viel eigene Fantasie zu, man kann es dekorieren wie man will<\/p>\n<p><img decoding=\"async\" class=\"alignnone size-medium wp-image-17608\" src=\"https:\/\/dadade.eu\/wp-content\/uploads\/2023\/07\/Schwein-im-Zylinder-4-300x225.jpg\" alt=\"\" width=\"300\" height=\"225\" srcset=\"https:\/\/dadade.eu\/wp-content\/uploads\/2023\/07\/Schwein-im-Zylinder-4-300x225.jpg 300w, https:\/\/dadade.eu\/wp-content\/uploads\/2023\/07\/Schwein-im-Zylinder-4-600x450.jpg 600w, https:\/\/dadade.eu\/wp-content\/uploads\/2023\/07\/Schwein-im-Zylinder-4-64x48.jpg 64w, https:\/\/dadade.eu\/wp-content\/uploads\/2023\/07\/Schwein-im-Zylinder-4-1024x768.jpg 1024w, https:\/\/dadade.eu\/wp-content\/uploads\/2023\/07\/Schwein-im-Zylinder-4-768x576.jpg 768w, https:\/\/dadade.eu\/wp-content\/uploads\/2023\/07\/Schwein-im-Zylinder-4-1536x1152.jpg 1536w, https:\/\/dadade.eu\/wp-content\/uploads\/2023\/07\/Schwein-im-Zylinder-4-2048x1536.jpg 2048w\" sizes=\"(max-width: 300px) 100vw, 300px\" \/><strong><a href=\"https:\/\/dadade.eu\/?product=schwein-im-zylinder-dekoration-fuer-silvester-h575\" target=\"_blank\" rel=\"noopener\">mehr Deko mit Schwein<\/a><\/strong><\/p>\n<p>Die Anleitung ist ausf\u00fchrlich mit vielen Bildern hinterlegt und wird auf 19 Seiten Schritt-f\u00fcr-Schritt beschrieben!<\/p>\n<p>&nbsp;<\/p>\n<p>MEHR VARIANTEN UND IDEEN von flei\u00dfigen Helfer und H\u00e4nden?<\/p>\n<p><a href=\"https:\/\/dadade.eu\/?p=21032\"><b>Klicke hier<\/b><\/a><\/p>\n<h4>mehr Flaschenh\u00fcllen findet man<\/h4>\n<h3><a href=\"https:\/\/dadade.eu\/?product=flaschen-huelle-tasche-verpackung\"><strong>hier<\/strong><\/a><\/h3>\n<p>&nbsp;<\/p>\n<p>&nbsp;<\/p>\n","protected":false},"excerpt":{"rendered":"<div id=\"cc-m-13954443088\">\n<p>Hier kauft man die H\u00e4kelanleitung f\u00fcr dieses verr\u00fcckte Schwein, der Flaschen\u00fcberzug f\u00fcr deine Sektflasche, das Geschenk f\u00fcr jede Silvester-Party.<\/p>\n<p>Das Schwein, sowie der Zylinder sind auch eine lustige und tolle Silvester-Dekoration.<\/p>\n<p>Das Kleeblatt und die Rakete geh\u00f6ren mit zu der Anleitung dazu.<\/p>\n<p>Lass deiner Fantasie freien Lauf, und dekoriere die Flaschenh\u00fclle nach Lust und Laune.<\/p>\n<p>&nbsp;<\/p>\n<p>Mit Chenille-Wolle der Nadelst\u00e4rke 4 geh\u00e4kelt, aber individuell anpassbar<\/p>\n<\/div>\n<div id=\"cc-m-13954443188\" class=\"j-module n j-text \">\n<p>&nbsp;<\/p>\n<p>&nbsp;<\/p>\n<\/div>\n","protected":false},"featured_media":20966,"template":"","meta":[],"product_brand":[],"product_cat":[56,48,386,384],"product_tag":[684,90,295,1308,242,1384,1389,1637,1627,1386,87,298,1640,94,93,243,244,294,195,422,1641,135,1638,1642,683,183,95,96,1359,1639],"class_list":{"0":"post-20959","1":"product","2":"type-product","3":"status-publish","4":"has-post-thumbnail","6":"product_cat-2einfach","7":"product_cat-haus-deko","8":"product_cat-silvester","9":"product_cat-winter-weihnachten","10":"product_tag-advent","11":"product_tag-amigurumi","12":"product_tag-anleitung","13":"product_tag-baum","14":"product_tag-dekoration-haekeln","15":"product_tag-feiertag","16":"product_tag-flasche","17":"product_tag-flaschenhuelle-silvester","18":"product_tag-flaschenhuelle-weihnachten","19":"product_tag-flaschenverpackung","20":"product_tag-geschenk","21":"product_tag-geschenkverpackung","22":"product_tag-gluecksschwein","23":"product_tag-haekelanleitung","24":"product_tag-haekeln","25":"product_tag-kuschelwolle","26":"product_tag-kuschelwolle-haekeln","27":"product_tag-mitbringsel","28":"product_tag-praesent","29":"product_tag-schwein","30":"product_tag-schwein-silvester","31":"product_tag-silvester","32":"product_tag-silvester-deko","33":"product_tag-sylvester","34":"product_tag-weihnachten","35":"product_tag-witzig","36":"product_tag-wolle","37":"product_tag-wollreste","38":"product_tag-zylinder","39":"product_tag-zylinder-schwein","41":"first","42":"instock","43":"downloadable","44":"shipping-taxable","45":"purchasable","46":"product-type-simple"},"_links":{"self":[{"href":"https:\/\/dadade.eu\/index.php?rest_route=\/wp\/v2\/product\/20959","targetHints":{"allow":["GET"]}}],"collection":[{"href":"https:\/\/dadade.eu\/index.php?rest_route=\/wp\/v2\/product"}],"about":[{"href":"https:\/\/dadade.eu\/index.php?rest_route=\/wp\/v2\/types\/product"}],"wp:featuredmedia":[{"embeddable":true,"href":"https:\/\/dadade.eu\/index.php?rest_route=\/wp\/v2\/media\/20966"}],"wp:attachment":[{"href":"https:\/\/dadade.eu\/index.php?rest_route=%2Fwp%2Fv2%2Fmedia&parent=20959"}],"wp:term":[{"taxonomy":"product_brand","embeddable":true,"href":"https:\/\/dadade.eu\/index.php?rest_route=%2Fwp%2Fv2%2Fproduct_brand&post=20959"},{"taxonomy":"product_cat","embeddable":true,"href":"https:\/\/dadade.eu\/index.php?rest_route=%2Fwp%2Fv2%2Fproduct_cat&post=20959"},{"taxonomy":"product_tag","embeddable":true,"href":"https:\/\/dadade.eu\/index.php?rest_route=%2Fwp%2Fv2%2Fproduct_tag&post=20959"}],"curies":[{"name":"wp","href":"https:\/\/api.w.org\/{rel}","templated":true}]}}