{"id":20737,"date":"2023-12-08T13:54:34","date_gmt":"2023-12-08T12:54:34","guid":{"rendered":"https:\/\/dadade.eu\/?post_type=product&#038;p=20737"},"modified":"2025-11-28T11:30:00","modified_gmt":"2025-11-28T10:30:00","slug":"flaschen-verpackung-tannenbaum-h504","status":"publish","type":"product","link":"https:\/\/dadade.eu\/?product=flaschen-verpackung-tannenbaum-h504","title":{"rendered":"Flaschen-Verpackung Tannenbaum (H504)"},"content":{"rendered":"<p><img fetchpriority=\"high\" decoding=\"async\" class=\"alignnone size-medium wp-image-20748\" src=\"https:\/\/dadade.eu\/wp-content\/uploads\/2023\/12\/xBaum-15-300x225.jpg\" alt=\"\" width=\"300\" height=\"225\" srcset=\"https:\/\/dadade.eu\/wp-content\/uploads\/2023\/12\/xBaum-15-300x225.jpg 300w, https:\/\/dadade.eu\/wp-content\/uploads\/2023\/12\/xBaum-15-600x450.jpg 600w, https:\/\/dadade.eu\/wp-content\/uploads\/2023\/12\/xBaum-15-64x48.jpg 64w, https:\/\/dadade.eu\/wp-content\/uploads\/2023\/12\/xBaum-15-1024x768.jpg 1024w, https:\/\/dadade.eu\/wp-content\/uploads\/2023\/12\/xBaum-15-768x576.jpg 768w, https:\/\/dadade.eu\/wp-content\/uploads\/2023\/12\/xBaum-15.jpg 1400w\" sizes=\"(max-width: 300px) 100vw, 300px\" \/>der Tannenbaum l\u00e4sst viel eigene Fantasie zu, man kann ihm dekorieren wie man will<\/p>\n<p><img decoding=\"async\" class=\"alignnone size-medium wp-image-20758\" src=\"https:\/\/dadade.eu\/wp-content\/uploads\/2023\/12\/xBaum-Wichtel-1b-300x225.jpg\" alt=\"\" width=\"300\" height=\"225\" srcset=\"https:\/\/dadade.eu\/wp-content\/uploads\/2023\/12\/xBaum-Wichtel-1b-300x225.jpg 300w, https:\/\/dadade.eu\/wp-content\/uploads\/2023\/12\/xBaum-Wichtel-1b-600x450.jpg 600w, https:\/\/dadade.eu\/wp-content\/uploads\/2023\/12\/xBaum-Wichtel-1b-64x48.jpg 64w, https:\/\/dadade.eu\/wp-content\/uploads\/2023\/12\/xBaum-Wichtel-1b-1024x768.jpg 1024w, https:\/\/dadade.eu\/wp-content\/uploads\/2023\/12\/xBaum-Wichtel-1b-768x576.jpg 768w, https:\/\/dadade.eu\/wp-content\/uploads\/2023\/12\/xBaum-Wichtel-1b.jpg 1400w\" sizes=\"(max-width: 300px) 100vw, 300px\" \/>Wer hat sich da im Baum versteckt,? oder will jemand die Lichterketten klauen??<\/p>\n<p>&nbsp;<\/p>\n<p>Die Anleitung ist ausf\u00fchrlich mit vielen Bildern hinterlegt und wird auf 14 Seiten Schritt-f\u00fcr-Schritt beschrieben!<\/p>\n<p>&nbsp;<\/p>\n<p>MEHR VARIANTEN UND IDEEN von flei\u00dfigen Helfer und H\u00e4nden?<\/p>\n<p><a href=\"https:\/\/dadade.eu\/?p=20849\"><b>Klicke hier<\/b><\/a><\/p>\n<h4>mehr Flaschenh\u00fcllen findet man <a href=\"https:\/\/dadade.eu\/?product=flaschen-huelle-tasche-verpackung\"><strong>hier<\/strong><\/a><\/h4>\n<p>&nbsp;<\/p>\n<p>&nbsp;<\/p>\n","protected":false},"excerpt":{"rendered":"<div id=\"cc-m-13954443088\">\n<p>Hier kauft man die H\u00e4kelanleitung f\u00fcr diesen tollen Tannenbaum, der weihnachtliche Flaschen\u00fcberzug f\u00fcr deine Weinflasche.<\/p>\n<p>Weihnachten ist die Zeit der wundervollen Lichter, eine Deko, auch f\u00fcr diesen Tannenbaum.<\/p>\n<div>Der Tannenbaum ist das optimale Weihnachtsgeschenk, dass man auch als sch\u00f6ne Dekoration stehen lassen kann.<\/div>\n<div>Wer hat sich da im Baum versteckt,? oder will jemand die Lichterketten klauen??<\/div>\n<div>Zus\u00e4tzlich gibt es auch noch eine Anleitung f\u00fcr die Wichtelbeinen dazu.<\/div>\n<p>Lass deiner Fantasie freien Lauf, und dekoriere die Flaschenh\u00fclle nach Lust und Laune.<\/p>\n<p>&nbsp;<\/p>\n<p>Mit Chenille-Wolle der Nadelst\u00e4rke 4 geh\u00e4kelt, aber individuell anpassbar<\/p>\n<\/div>\n<div id=\"cc-m-13954443188\" class=\"j-module n j-text \">\n<p>&nbsp;<\/p>\n<p>&nbsp;<\/p>\n<\/div>\n","protected":false},"featured_media":20960,"template":"","meta":[],"product_brand":[],"product_cat":[56,48,384],"product_tag":[684,90,295,1308,1388,242,1384,1389,1627,1386,87,298,94,93,243,244,294,1282,195,1196,683,165,183,95,96],"class_list":{"0":"post-20737","1":"product","2":"type-product","3":"status-publish","4":"has-post-thumbnail","6":"product_cat-2einfach","7":"product_cat-haus-deko","8":"product_cat-winter-weihnachten","9":"product_tag-advent","10":"product_tag-amigurumi","11":"product_tag-anleitung","12":"product_tag-baum","13":"product_tag-christfest","14":"product_tag-dekoration-haekeln","15":"product_tag-feiertag","16":"product_tag-flasche","17":"product_tag-flaschenhuelle-weihnachten","18":"product_tag-flaschenverpackung","19":"product_tag-geschenk","20":"product_tag-geschenkverpackung","21":"product_tag-haekelanleitung","22":"product_tag-haekeln","23":"product_tag-kuschelwolle","24":"product_tag-kuschelwolle-haekeln","25":"product_tag-mitbringsel","26":"product_tag-nikolaus","27":"product_tag-praesent","28":"product_tag-tannenbaum","29":"product_tag-weihnachten","30":"product_tag-wichtel","31":"product_tag-witzig","32":"product_tag-wolle","33":"product_tag-wollreste","35":"first","36":"instock","37":"downloadable","38":"shipping-taxable","39":"purchasable","40":"product-type-simple"},"_links":{"self":[{"href":"https:\/\/dadade.eu\/index.php?rest_route=\/wp\/v2\/product\/20737","targetHints":{"allow":["GET"]}}],"collection":[{"href":"https:\/\/dadade.eu\/index.php?rest_route=\/wp\/v2\/product"}],"about":[{"href":"https:\/\/dadade.eu\/index.php?rest_route=\/wp\/v2\/types\/product"}],"wp:featuredmedia":[{"embeddable":true,"href":"https:\/\/dadade.eu\/index.php?rest_route=\/wp\/v2\/media\/20960"}],"wp:attachment":[{"href":"https:\/\/dadade.eu\/index.php?rest_route=%2Fwp%2Fv2%2Fmedia&parent=20737"}],"wp:term":[{"taxonomy":"product_brand","embeddable":true,"href":"https:\/\/dadade.eu\/index.php?rest_route=%2Fwp%2Fv2%2Fproduct_brand&post=20737"},{"taxonomy":"product_cat","embeddable":true,"href":"https:\/\/dadade.eu\/index.php?rest_route=%2Fwp%2Fv2%2Fproduct_cat&post=20737"},{"taxonomy":"product_tag","embeddable":true,"href":"https:\/\/dadade.eu\/index.php?rest_route=%2Fwp%2Fv2%2Fproduct_tag&post=20737"}],"curies":[{"name":"wp","href":"https:\/\/api.w.org\/{rel}","templated":true}]}}