{"id":20702,"date":"2023-12-04T19:47:13","date_gmt":"2023-12-04T18:47:13","guid":{"rendered":"https:\/\/dadade.eu\/?post_type=product&#038;p=20702"},"modified":"2024-12-04T10:56:38","modified_gmt":"2024-12-04T09:56:38","slug":"wichtelmaedchen-finchen-mit-ihrem-rentier-tiggy-h514","status":"publish","type":"product","link":"https:\/\/dadade.eu\/?product=wichtelmaedchen-finchen-mit-ihrem-rentier-tiggy-h514","title":{"rendered":"Wichtelm\u00e4dchen Finchen mit ihrem Rentier Tiggy (H514)"},"content":{"rendered":"<p><img decoding=\"async\" class=\"alignnone wp-image-20847\" src=\"https:\/\/dadade.eu\/wp-content\/uploads\/2023\/12\/Maedchen2-255x300.jpg\" alt=\"\" width=\"182\" height=\"214\" srcset=\"https:\/\/dadade.eu\/wp-content\/uploads\/2023\/12\/Maedchen2-255x300.jpg 255w, https:\/\/dadade.eu\/wp-content\/uploads\/2023\/12\/Maedchen2-scaled-600x707.jpg 600w, https:\/\/dadade.eu\/wp-content\/uploads\/2023\/12\/Maedchen2-scaled-64x75.jpg 64w, https:\/\/dadade.eu\/wp-content\/uploads\/2023\/12\/Maedchen2-870x1024.jpg 870w, https:\/\/dadade.eu\/wp-content\/uploads\/2023\/12\/Maedchen2-768x904.jpg 768w, https:\/\/dadade.eu\/wp-content\/uploads\/2023\/12\/Maedchen2-1305x1536.jpg 1305w, https:\/\/dadade.eu\/wp-content\/uploads\/2023\/12\/Maedchen2-1739x2048.jpg 1739w\" sizes=\"(max-width: 182px) 100vw, 182px\" \/>Das kleine M\u00e4dchen kann auch ohne die gro\u00dfen Ohren geh\u00e4kelt werden und schon hat man ein s\u00fc\u00dfes P\u00fcppchen.<\/p>\n<p><img decoding=\"async\" class=\"alignnone wp-image-20848\" src=\"https:\/\/dadade.eu\/wp-content\/uploads\/2023\/12\/Maedchen1-188x300.jpg\" alt=\"\" width=\"132\" height=\"211\" srcset=\"https:\/\/dadade.eu\/wp-content\/uploads\/2023\/12\/Maedchen1-188x300.jpg 188w, https:\/\/dadade.eu\/wp-content\/uploads\/2023\/12\/Maedchen1-scaled-600x959.jpg 600w, https:\/\/dadade.eu\/wp-content\/uploads\/2023\/12\/Maedchen1-scaled-64x102.jpg 64w, https:\/\/dadade.eu\/wp-content\/uploads\/2023\/12\/Maedchen1-641x1024.jpg 641w, https:\/\/dadade.eu\/wp-content\/uploads\/2023\/12\/Maedchen1-768x1227.jpg 768w, https:\/\/dadade.eu\/wp-content\/uploads\/2023\/12\/Maedchen1-961x1536.jpg 961w, https:\/\/dadade.eu\/wp-content\/uploads\/2023\/12\/Maedchen1-1281x2048.jpg 1281w, https:\/\/dadade.eu\/wp-content\/uploads\/2023\/12\/Maedchen1-scaled.jpg 1602w\" sizes=\"(max-width: 132px) 100vw, 132px\" \/>Die Anleitung ist ausf\u00fchrlich mit vielen Bildern hinterlegt und schon f\u00fcr Anf\u00e4nger geeignet<\/p>\n<p><img decoding=\"async\" class=\"alignnone wp-image-20948\" src=\"https:\/\/dadade.eu\/wp-content\/uploads\/2023\/12\/xRentier-31-300x225.jpg\" alt=\"\" width=\"196\" height=\"147\" srcset=\"https:\/\/dadade.eu\/wp-content\/uploads\/2023\/12\/xRentier-31-300x225.jpg 300w, https:\/\/dadade.eu\/wp-content\/uploads\/2023\/12\/xRentier-31-600x450.jpg 600w, https:\/\/dadade.eu\/wp-content\/uploads\/2023\/12\/xRentier-31-64x48.jpg 64w, https:\/\/dadade.eu\/wp-content\/uploads\/2023\/12\/xRentier-31-1024x768.jpg 1024w, https:\/\/dadade.eu\/wp-content\/uploads\/2023\/12\/xRentier-31-768x576.jpg 768w, https:\/\/dadade.eu\/wp-content\/uploads\/2023\/12\/xRentier-31.jpg 1400w\" sizes=\"(max-width: 196px) 100vw, 196px\" \/>das Rentier mit Chenille fine und Nadelst\u00e4rke 3 wird kuschelige 20cm hoch<\/p>\n<p><strong><a href=\"https:\/\/dadade.eu\/?page_id=5389\">VIELE TOLLE BILDER und Ideen von flei\u00dfigen Helfer und H\u00e4nden findet ihr hier\u00a0<\/a><\/strong><\/p>\n<p>viele tollen Bilder <strong><a href=\"https:\/\/dadade.eu\/?p=20849\">f\u00fcr Weihnachten<\/a><\/strong> findet ihr auch hier<\/p>\n<p>&nbsp;<\/p>\n<p>&nbsp;<\/p>\n<p>&nbsp;<\/p>\n","protected":false},"excerpt":{"rendered":"<div id=\"cc-m-13954443088\" class=\"j-module n j-text \">\n<p>Hier kauft man die H\u00e4kelanleitung f\u00fcr dieses s\u00fc\u00dfe Elfen- oder Wichtelm\u00e4dchen<\/p>\n<p>der Weihnachtsmann braucht Hilfe, schon ist die Kleine bereit ihr Bestes zu tun.<\/p>\n<p>Was w\u00e4re das kleine M\u00e4dchen ohne seine witzigen Ringelstr\u00fcmpfe, seine Felljacke, die man ausziehen kann und ihre coole Weihnachtsm\u00fctze, damit man sie direkt als Weihnachts-Helfer erkennt.<\/p>\n<p>Sie hat auch ihr geliebtes Rentier dabei, auch P\u00fcppis brauchen etwas zum Kuscheln.<\/p>\n<p>Das kleine M\u00e4dchen kann auch ohne die gro\u00dfen Ohren geh\u00e4kelt werden und schon hat man ein s\u00fc\u00dfes P\u00fcppchen.<\/p>\n<p>Es ist ganz weich und kuschelig und die langen, d\u00fcnnen Beine und Arme lassen sich auch f\u00fcr die Kleinsten gut greifen.<\/p>\n<div id=\"cc-m-13920095288\" class=\"j-module n j-text \">\n<p>&nbsp;<\/p>\n<p>Mit der Nadelst\u00e4rke 4 wird das P\u00fcppi ohne M\u00fctze im Stehen ungef\u00e4hr; 50cm hoch<\/p>\n<p>im sitzen ungef\u00e4hr; 30cm hoch<\/p>\n<p>Mit der Nadelst\u00e4rke 3 wird das Rentier im Stehen ungef\u00e4hr; 14cm hoch<\/p>\n<p>das Rentier mit Chenille fine und Nadelst\u00e4rke 3 wird kuschelige 20cm hoch<\/p>\n<\/div>\n<\/div>\n","protected":false},"featured_media":20705,"template":"","meta":[],"product_brand":[],"product_cat":[55,48,380,70,66,504,384],"product_tag":[90,89,1635,1634,1636,87,94,93,92,88,91,431,1161,683,165,1633,1631,1632,95,96],"class_list":{"0":"post-20702","1":"product","2":"type-product","3":"status-publish","4":"has-post-thumbnail","6":"product_cat-1sehr-einfach","7":"product_cat-haus-deko","8":"product_cat-kuschel-puppe","9":"product_cat-maxi","10":"product_cat-mini","11":"product_cat-winter-weihnachten-krippe","12":"product_cat-winter-weihnachten","13":"product_tag-amigurumi","14":"product_tag-baby","15":"product_tag-elfen-maedchen","16":"product_tag-elfen-puppe","17":"product_tag-elfenpueppchen","18":"product_tag-geschenk","19":"product_tag-haekelanleitung","20":"product_tag-haekeln","21":"product_tag-kinder","22":"product_tag-kuscheltier-haekeln","23":"product_tag-plueschtier","24":"product_tag-rentier","25":"product_tag-rentier-haekeln","26":"product_tag-weihnachten","27":"product_tag-wichtel","28":"product_tag-wichtel-puppe","29":"product_tag-wichtelmaedchen","30":"product_tag-wichtelpueppchen","31":"product_tag-wolle","32":"product_tag-wollreste","34":"first","35":"instock","36":"downloadable","37":"purchasable","38":"product-type-simple"},"_links":{"self":[{"href":"https:\/\/dadade.eu\/index.php?rest_route=\/wp\/v2\/product\/20702","targetHints":{"allow":["GET"]}}],"collection":[{"href":"https:\/\/dadade.eu\/index.php?rest_route=\/wp\/v2\/product"}],"about":[{"href":"https:\/\/dadade.eu\/index.php?rest_route=\/wp\/v2\/types\/product"}],"wp:featuredmedia":[{"embeddable":true,"href":"https:\/\/dadade.eu\/index.php?rest_route=\/wp\/v2\/media\/20705"}],"wp:attachment":[{"href":"https:\/\/dadade.eu\/index.php?rest_route=%2Fwp%2Fv2%2Fmedia&parent=20702"}],"wp:term":[{"taxonomy":"product_brand","embeddable":true,"href":"https:\/\/dadade.eu\/index.php?rest_route=%2Fwp%2Fv2%2Fproduct_brand&post=20702"},{"taxonomy":"product_cat","embeddable":true,"href":"https:\/\/dadade.eu\/index.php?rest_route=%2Fwp%2Fv2%2Fproduct_cat&post=20702"},{"taxonomy":"product_tag","embeddable":true,"href":"https:\/\/dadade.eu\/index.php?rest_route=%2Fwp%2Fv2%2Fproduct_tag&post=20702"}],"curies":[{"name":"wp","href":"https:\/\/api.w.org\/{rel}","templated":true}]}}