{"id":20183,"date":"2023-09-18T19:22:44","date_gmt":"2023-09-18T17:22:44","guid":{"rendered":"https:\/\/dadade.eu\/?post_type=product&#038;p=20183"},"modified":"2024-12-04T10:57:52","modified_gmt":"2024-12-04T09:57:52","slug":"otter-ottilie-mit-baby-odette-die-spieluhr-b412","status":"publish","type":"product","link":"https:\/\/dadade.eu\/?product=otter-ottilie-mit-baby-odette-die-spieluhr-b412","title":{"rendered":"Otter Ottilie mit Baby Odette, die Spieluhr (B412)"},"content":{"rendered":"<p><a href=\"https:\/\/youtu.be\/r7deJt6pU6E\" target=\"_blank\" rel=\"noopener\"><img fetchpriority=\"high\" decoding=\"async\" class=\"alignnone wp-image-20207 size-medium\" src=\"https:\/\/dadade.eu\/wp-content\/uploads\/2023\/09\/xSpieluhr-Otter-7-300x225.jpg\" alt=\"\" width=\"300\" height=\"225\" srcset=\"https:\/\/dadade.eu\/wp-content\/uploads\/2023\/09\/xSpieluhr-Otter-7-300x225.jpg 300w, https:\/\/dadade.eu\/wp-content\/uploads\/2023\/09\/xSpieluhr-Otter-7-600x450.jpg 600w, https:\/\/dadade.eu\/wp-content\/uploads\/2023\/09\/xSpieluhr-Otter-7-64x48.jpg 64w, https:\/\/dadade.eu\/wp-content\/uploads\/2023\/09\/xSpieluhr-Otter-7-1024x768.jpg 1024w, https:\/\/dadade.eu\/wp-content\/uploads\/2023\/09\/xSpieluhr-Otter-7-768x576.jpg 768w, https:\/\/dadade.eu\/wp-content\/uploads\/2023\/09\/xSpieluhr-Otter-7.jpg 1400w\" sizes=\"(max-width: 300px) 100vw, 300px\" \/><\/a><a href=\"https:\/\/youtu.be\/r7deJt6pU6E\" target=\"_blank\" rel=\"noopener\"><strong>Hier kann man sich das Video auf Youtube ansehen, klicke auf das Bild<\/strong><\/a><\/p>\n<p><img decoding=\"async\" class=\"alignnone size-medium wp-image-20195\" src=\"https:\/\/dadade.eu\/wp-content\/uploads\/2023\/09\/xOtter-3-300x225.jpg\" alt=\"\" width=\"300\" height=\"225\" srcset=\"https:\/\/dadade.eu\/wp-content\/uploads\/2023\/09\/xOtter-3-300x225.jpg 300w, https:\/\/dadade.eu\/wp-content\/uploads\/2023\/09\/xOtter-3-600x450.jpg 600w, https:\/\/dadade.eu\/wp-content\/uploads\/2023\/09\/xOtter-3-64x48.jpg 64w, https:\/\/dadade.eu\/wp-content\/uploads\/2023\/09\/xOtter-3-1024x768.jpg 1024w, https:\/\/dadade.eu\/wp-content\/uploads\/2023\/09\/xOtter-3-768x576.jpg 768w, https:\/\/dadade.eu\/wp-content\/uploads\/2023\/09\/xOtter-3.jpg 1400w\" sizes=\"(max-width: 300px) 100vw, 300px\" \/>den Otter kann man nat\u00fcrlich auch ohne Spieluhr h\u00e4keln, der Schwanz ohne Spieluhr ist auch dabei.<\/p>\n<p>Mit dem Kauf erh\u00e4ltst du eine leicht verst\u00e4ndliche H\u00e4kelanleitung im praktischen PDF-Format.<\/p>\n<p>Die Anleitung ist ausf\u00fchrlich mit vielen Bildern hinterlegt und wird auf auf 30 Seiten Schritt-f\u00fcr-Schritt beschrieben!<\/p>\n<p>Auch das Einbauen der Spieluhr wird Schritt f\u00fcr Schritt erkl\u00e4rt!<\/p>\n<div style=\"width: 320px;\" class=\"wp-video\"><video class=\"wp-video-shortcode\" id=\"video-20183-1\" width=\"320\" height=\"240\" preload=\"metadata\" controls=\"controls\"><source type=\"video\/mp4\" src=\"https:\/\/dadade.eu\/wp-content\/uploads\/2023\/09\/Sabrina-Greiner.mp4?_=1\" \/><a href=\"https:\/\/dadade.eu\/wp-content\/uploads\/2023\/09\/Sabrina-Greiner.mp4\">https:\/\/dadade.eu\/wp-content\/uploads\/2023\/09\/Sabrina-Greiner.mp4<\/a><\/video><\/div>\n<p>danke Sabrina Greiner f\u00fcr das tollen Video<\/p>\n<p><strong><a href=\"https:\/\/dadade.eu\/?p=19823\" target=\"_blank\" rel=\"noopener\">mehr Videos findet ihr hier<\/a><\/strong><\/p>\n<p>noch mehr Bilder von flei\u00dfigen Helfer und\u00a0 H\u00e4nden<\/p>\n<p>mehr Bilder von Spieluhren findet ihr hier<\/p>\n<p><strong><a href=\"https:\/\/dadade.eu\/?p=10708\" target=\"_blank\" rel=\"noopener\">KLICKE HIER<\/a><\/strong><\/p>\n<p>&nbsp;<\/p>\n<p>&nbsp;<\/p>\n<p>&nbsp;<\/p>\n","protected":false},"excerpt":{"rendered":"<div id=\"cc-m-13954443088\" class=\"j-module n j-text \">\n<p>Hier kauft man nur die H\u00e4kelanleitung f\u00fcr diese putzige Otter-Mama mit Baby<\/p>\n<p>Hier findet man eine Spieluhr, bei der sich keine Schnur um \u00c4rmchen oder Beinchen wickeln kann. Der Otter ist eine kuschelige Spieluhr, die einfach mit ins Bett genommen werden kann. Den Otter kann man auch ohne Spieluhr h\u00e4keln, wie z.B. der blauen Otter.<\/p>\n<p>Seht euch unten das Video an und achtet bitte auf den Schwanz, er zieht sich zusammen. Sabrina hat auch in das Otter-Baby noch eine Quietsch eingelegt, super Idee.<\/p>\n<p>Mit diesem Geschenk hat man etwas ganz Besonderes, sie kann auch ohne Spieluhr und sch\u00f6n bunt mit Wollresten geh\u00e4kelt werden.<\/p>\n<p>Mit der Nadelst\u00e4rke 4,5 wird die Otter-Mama ungef\u00e4hr; 33cm lang, ohne Schwanz<\/p>\n<p>Mit der Nadelst\u00e4rke 3,5 wird das Otterbaby ungef\u00e4hr; 18cm lang mit Schwanz<\/p>\n<p>Mit dem Kauf erh\u00e4lt man eine leicht verst\u00e4ndliche H\u00e4kelanleitung im praktischen PDF-Format.<\/p>\n<p>Die Anleitung ist auch schon f\u00fcr Anf\u00e4nger geeignet.<\/p>\n<\/div>\n","protected":false},"featured_media":20203,"template":"","meta":[],"product_brand":[],"product_cat":[56,42,69,45],"product_tag":[90,89,233,182,87,94,93,194,92,234,180,181,761,236,1620,1622,1621,195,235,238,1619,196,237,183,95],"class_list":{"0":"post-20183","1":"product","2":"type-product","3":"status-publish","4":"has-post-thumbnail","6":"product_cat-2einfach","7":"product_cat-baby","8":"product_cat-mittel","9":"product_cat-spieluhren","10":"product_tag-amigurumi","11":"product_tag-baby","12":"product_tag-dekoration","13":"product_tag-fein","14":"product_tag-geschenk","15":"product_tag-haekelanleitung","16":"product_tag-haekeln","17":"product_tag-kind","18":"product_tag-kinder","19":"product_tag-kinderzimmer","20":"product_tag-kuscheltier","21":"product_tag-lustig","22":"product_tag-meer","23":"product_tag-musik","24":"product_tag-otter","25":"product_tag-otter-haekeln","26":"product_tag-otter-mit-baby","27":"product_tag-praesent","28":"product_tag-spieluhr","29":"product_tag-spieluhr-haekeln","30":"product_tag-spieluhr-otter","31":"product_tag-spielzeug","32":"product_tag-taufe","33":"product_tag-witzig","34":"product_tag-wolle","36":"first","37":"instock","38":"downloadable","39":"shipping-taxable","40":"purchasable","41":"product-type-simple"},"_links":{"self":[{"href":"https:\/\/dadade.eu\/index.php?rest_route=\/wp\/v2\/product\/20183","targetHints":{"allow":["GET"]}}],"collection":[{"href":"https:\/\/dadade.eu\/index.php?rest_route=\/wp\/v2\/product"}],"about":[{"href":"https:\/\/dadade.eu\/index.php?rest_route=\/wp\/v2\/types\/product"}],"wp:featuredmedia":[{"embeddable":true,"href":"https:\/\/dadade.eu\/index.php?rest_route=\/wp\/v2\/media\/20203"}],"wp:attachment":[{"href":"https:\/\/dadade.eu\/index.php?rest_route=%2Fwp%2Fv2%2Fmedia&parent=20183"}],"wp:term":[{"taxonomy":"product_brand","embeddable":true,"href":"https:\/\/dadade.eu\/index.php?rest_route=%2Fwp%2Fv2%2Fproduct_brand&post=20183"},{"taxonomy":"product_cat","embeddable":true,"href":"https:\/\/dadade.eu\/index.php?rest_route=%2Fwp%2Fv2%2Fproduct_cat&post=20183"},{"taxonomy":"product_tag","embeddable":true,"href":"https:\/\/dadade.eu\/index.php?rest_route=%2Fwp%2Fv2%2Fproduct_tag&post=20183"}],"curies":[{"name":"wp","href":"https:\/\/api.w.org\/{rel}","templated":true}]}}