{"id":20021,"date":"2023-08-27T22:16:27","date_gmt":"2023-08-27T20:16:27","guid":{"rendered":"https:\/\/dadade.eu\/?post_type=product&#038;p=20021"},"modified":"2023-12-31T14:28:48","modified_gmt":"2023-12-31T13:28:48","slug":"baby-set-weste-maedchentraum-tasche-gr-86-110-b105","status":"publish","type":"product","link":"https:\/\/dadade.eu\/?product=baby-set-weste-maedchentraum-tasche-gr-86-110-b105","title":{"rendered":"BABY-SET, Weste M\u00e4dchentraum &#038; Tasche Gr. 86 &#038; 110 (B105)"},"content":{"rendered":"<p><img fetchpriority=\"high\" decoding=\"async\" class=\"alignnone size-medium wp-image-20024\" src=\"https:\/\/dadade.eu\/wp-content\/uploads\/2023\/08\/2-Westen-1-300x225.jpg\" alt=\"\" width=\"300\" height=\"225\" srcset=\"https:\/\/dadade.eu\/wp-content\/uploads\/2023\/08\/2-Westen-1-300x225.jpg 300w, https:\/\/dadade.eu\/wp-content\/uploads\/2023\/08\/2-Westen-1-600x450.jpg 600w, https:\/\/dadade.eu\/wp-content\/uploads\/2023\/08\/2-Westen-1-64x48.jpg 64w, https:\/\/dadade.eu\/wp-content\/uploads\/2023\/08\/2-Westen-1-1024x768.jpg 1024w, https:\/\/dadade.eu\/wp-content\/uploads\/2023\/08\/2-Westen-1-768x576.jpg 768w, https:\/\/dadade.eu\/wp-content\/uploads\/2023\/08\/2-Westen-1.jpg 1400w\" sizes=\"(max-width: 300px) 100vw, 300px\" \/>tolle Jacke in 2 Gr\u00f6\u00dfen<\/p>\n<p><img decoding=\"async\" class=\"alignnone size-medium wp-image-20026\" src=\"https:\/\/dadade.eu\/wp-content\/uploads\/2023\/08\/2-Westen-Taschen-300x225.jpg\" alt=\"\" width=\"300\" height=\"225\" srcset=\"https:\/\/dadade.eu\/wp-content\/uploads\/2023\/08\/2-Westen-Taschen-300x225.jpg 300w, https:\/\/dadade.eu\/wp-content\/uploads\/2023\/08\/2-Westen-Taschen-600x450.jpg 600w, https:\/\/dadade.eu\/wp-content\/uploads\/2023\/08\/2-Westen-Taschen-64x48.jpg 64w, https:\/\/dadade.eu\/wp-content\/uploads\/2023\/08\/2-Westen-Taschen-1024x768.jpg 1024w, https:\/\/dadade.eu\/wp-content\/uploads\/2023\/08\/2-Westen-Taschen-768x576.jpg 768w, https:\/\/dadade.eu\/wp-content\/uploads\/2023\/08\/2-Westen-Taschen.jpg 1400w\" sizes=\"(max-width: 300px) 100vw, 300px\" \/> mit der s\u00fc\u00dfen Tasche<\/p>\n<p>&nbsp;<\/p>\n<p>Die Anleitung ist ausf\u00fchrlich mit vielen Bildern hinterlegt<\/p>\n<p>und wird auf 20 Seiten Schritt-f\u00fcr-Schritt beschrieben!<\/p>\n<p>zus\u00e4tzlich gibt es eine Extra Anleitung f\u00fcr die verschiedenen Gr\u00f6\u00dfen<\/p>\n<p>&nbsp;<\/p>\n<p><a href=\"https:\/\/dadade.eu\/?page_id=5389\">mehr Bilder von flei\u00dfigen Helfer findet ihr hier<\/a><\/p>\n<p><strong><a href=\"https:\/\/dadade.eu\/?p=6461\"> KLICKE HIER<\/a><\/strong><\/p>\n<p>&nbsp;<\/p>\n<p>&nbsp;<\/p>\n<p>&nbsp;<\/p>\n","protected":false},"excerpt":{"rendered":"<div id=\"cc-m-13954443088\" class=\"j-module n j-text \">\n<p>Hier kauft man nur die H\u00e4kelanleitung f\u00fcr diese tolle Kinder-Weste mit Tasche Maus,<\/p>\n<p>ein Set f\u00fcr Kleinkinder<\/p>\n<p>Inhalt<\/p>\n<p>1. H\u00e4kelanleitung f\u00fcr das J\u00e4ckchen in 2 Gr\u00f6\u00dfen<\/p>\n<p>2.\u00a0H\u00e4kelanleitung\u00a0f\u00fcr die\u00a0Tasche\u00a0in 2 Gr\u00f6\u00dfen<\/p>\n<p>Gr\u00f6\u00dfe 86 ist mit einer ausf\u00fchrlichen Anleitung<\/p>\n<p>Zus\u00e4tzlich eine Maschen- und Reihen-Angabe f\u00fcr Gr\u00f6\u00dfe 110<\/p>\n<p>Das Muster ist ausf\u00fchrlich mit vielen Bilder hinterlegt und leicht nachzuarbeiten und braucht nur etwas \u00dcbung.<\/p>\n<p>Die Anleitung ist auch schon f\u00fcr ge\u00fcbte Anf\u00e4nger geeignet.<\/p>\n<\/div>\n","protected":false},"featured_media":20031,"template":"","meta":[],"product_brand":[],"product_cat":[57,42,46],"product_tag":[89,615,182,260,613,717,334,87,610,94,93,1083,1081,1080,194,92,1584,1078,181,434,1087,195,1086,969,1615,1082,614,183,95,96],"class_list":{"0":"post-20021","1":"product","2":"type-product","3":"status-publish","4":"has-post-thumbnail","6":"product_cat-3mittel","7":"product_cat-baby","8":"product_cat-suesse-baby-sets","9":"product_tag-baby","10":"product_tag-children","11":"product_tag-fein","12":"product_tag-fruehling","13":"product_tag-funny","14":"product_tag-geburt","15":"product_tag-geburtstag","16":"product_tag-geschenk","17":"product_tag-gift","18":"product_tag-haekelanleitung","19":"product_tag-haekeln","20":"product_tag-haekelweste","21":"product_tag-jaeckchen","22":"product_tag-jacke","23":"product_tag-kind","24":"product_tag-kinder","25":"product_tag-kinderweste","26":"product_tag-kleinkind","27":"product_tag-lustig","28":"product_tag-muetze","29":"product_tag-pdf-anleitung","30":"product_tag-praesent","31":"product_tag-selbstgemacht","32":"product_tag-tasche","33":"product_tag-tasche-maus","34":"product_tag-weste","35":"product_tag-witty","36":"product_tag-witzig","37":"product_tag-wolle","38":"product_tag-wollreste","40":"first","41":"instock","42":"downloadable","43":"shipping-taxable","44":"purchasable","45":"product-type-simple"},"_links":{"self":[{"href":"https:\/\/dadade.eu\/index.php?rest_route=\/wp\/v2\/product\/20021","targetHints":{"allow":["GET"]}}],"collection":[{"href":"https:\/\/dadade.eu\/index.php?rest_route=\/wp\/v2\/product"}],"about":[{"href":"https:\/\/dadade.eu\/index.php?rest_route=\/wp\/v2\/types\/product"}],"wp:featuredmedia":[{"embeddable":true,"href":"https:\/\/dadade.eu\/index.php?rest_route=\/wp\/v2\/media\/20031"}],"wp:attachment":[{"href":"https:\/\/dadade.eu\/index.php?rest_route=%2Fwp%2Fv2%2Fmedia&parent=20021"}],"wp:term":[{"taxonomy":"product_brand","embeddable":true,"href":"https:\/\/dadade.eu\/index.php?rest_route=%2Fwp%2Fv2%2Fproduct_brand&post=20021"},{"taxonomy":"product_cat","embeddable":true,"href":"https:\/\/dadade.eu\/index.php?rest_route=%2Fwp%2Fv2%2Fproduct_cat&post=20021"},{"taxonomy":"product_tag","embeddable":true,"href":"https:\/\/dadade.eu\/index.php?rest_route=%2Fwp%2Fv2%2Fproduct_tag&post=20021"}],"curies":[{"name":"wp","href":"https:\/\/api.w.org\/{rel}","templated":true}]}}